{"id":72462,"date":"2022-03-31T04:50:00","date_gmt":"2022-03-31T02:50:00","guid":{"rendered":"https:\/\/www.1tool.com\/elektronska-registracija\/"},"modified":"2026-04-30T16:36:55","modified_gmt":"2026-04-30T14:36:55","slug":"elektronska-registracija","status":"publish","type":"page","link":"https:\/\/www.1tool.com\/sl\/moduli\/organizacija-in-storitve\/dogodki\/funkcije-modul-dogodkov\/elektronska-registracija\/","title":{"rendered":"Elektronska registracija"},"content":{"rendered":"\t\t<div data-elementor-type=\"wp-page\" data-elementor-id=\"72462\" class=\"elementor elementor-72462 elementor-49846\" data-elementor-post-type=\"page\">\n\t\t\t\t\t\t<section class=\"elementor-section elementor-top-section elementor-element elementor-element-5b1fa0f elementor-section-boxed elementor-section-height-default elementor-section-height-default shadepro-adv-gradient-no shadepro-sticky-no\" data-id=\"5b1fa0f\" data-element_type=\"section\" data-e-type=\"section\" data-settings=\"{&quot;shadepro_sticky&quot;:&quot;no&quot;}\">\n\t\t\t\t\t\t<div class=\"elementor-container elementor-column-gap-default\">\n\t\t\t\t\t<div class=\"elementor-column elementor-col-100 elementor-top-column elementor-element elementor-element-4f89c1f\" data-id=\"4f89c1f\" data-element_type=\"column\" data-e-type=\"column\">\n\t\t\t<div class=\"elementor-widget-wrap elementor-element-populated\">\n\t\t\t\t\t\t<div class=\"elementor-element elementor-element-4dea22b shadepro-sticky-no elementor-widget elementor-widget-heading\" data-id=\"4dea22b\" data-element_type=\"widget\" data-e-type=\"widget\" data-settings=\"{&quot;shadepro_sticky&quot;:&quot;no&quot;}\" data-widget_type=\"heading.default\">\n\t\t\t\t<div class=\"elementor-widget-container\">\n\t\t\t\t\t<h1 class=\"elementor-heading-title elementor-size-default\">Elektronska registracija<\/h1>\t\t\t\t<\/div>\n\t\t\t\t<\/div>\n\t\t\t\t<div class=\"elementor-element elementor-element-c75b618 shadepro-sticky-no elementor-widget elementor-widget-text-editor\" data-id=\"c75b618\" data-element_type=\"widget\" data-e-type=\"widget\" data-settings=\"{&quot;shadepro_sticky&quot;:&quot;no&quot;}\" data-widget_type=\"text-editor.default\">\n\t\t\t\t<div class=\"elementor-widget-container\">\n\t\t\t\t\t\t\t\t\t<p>Ko obiskovalca spletnega mesta zanimajo podrobnosti sestanka, ga lahko prek spletnega mesta takoj rezervira.<\/p>\t\t\t\t\t\t\t\t<\/div>\n\t\t\t\t<\/div>\n\t\t\t\t<section class=\"elementor-section elementor-inner-section elementor-element elementor-element-8533341 elementor-section-boxed elementor-section-height-default elementor-section-height-default shadepro-adv-gradient-no shadepro-sticky-no\" data-id=\"8533341\" data-element_type=\"section\" data-e-type=\"section\" data-settings=\"{&quot;shadepro_sticky&quot;:&quot;no&quot;}\">\n\t\t\t\t\t\t<div class=\"elementor-container elementor-column-gap-default\">\n\t\t\t\t\t<div class=\"elementor-column elementor-col-100 elementor-inner-column elementor-element elementor-element-9096c3a\" data-id=\"9096c3a\" data-element_type=\"column\" data-e-type=\"column\">\n\t\t\t<div class=\"elementor-widget-wrap elementor-element-populated\">\n\t\t\t\t\t\t<div class=\"elementor-element elementor-element-b83bf35 shadepro-sticky-no elementor-widget elementor-widget-text-editor\" data-id=\"b83bf35\" data-element_type=\"widget\" data-e-type=\"widget\" data-settings=\"{&quot;shadepro_sticky&quot;:&quot;no&quot;}\" data-widget_type=\"text-editor.default\">\n\t\t\t\t<div class=\"elementor-widget-container\">\n\t\t\t\t\t\t\t\t\t<h3>Spletna prijava na te\u010daje<\/h3><p>Te\u010daji, ki jih ponujate, vklju\u010dno s pomembnimi podrobnostmi (lokacija, obdobje, stro\u0161ki itd.), so jasno prikazani na va\u0161i spletni strani, tako da imajo obiskovalci optimalen pregled nad trenutno ponudbo te\u010dajev.<\/p><p><strong>Prijava na<\/strong> te\u010daje poteka<strong> prek spleta<\/strong>, udele\u017eenci pa lahko preprosto in enostavno vnesejo vse potrebne podatke v spletni obrazec, ki se nato takoj posreduje podjetju. To pomeni, da imate vedno pregled nad tem, kateri udele\u017eenci so se prijavili na kateri te\u010daj ali so si zagotovili mesto na \u010dakalni listi.   <\/p><p>Vneseni podatki se takoj prenesejo v podatkovno zbirko 1Tool, tako da lahko preprosto upravljate kontaktne podatke udele\u017eencev te\u010daja.<\/p>\t\t\t\t\t\t\t\t<\/div>\n\t\t\t\t<\/div>\n\t\t\t\t\t<\/div>\n\t\t<\/div>\n\t\t\t\t\t<\/div>\n\t\t<\/section>\n\t\t\t\t\t<\/div>\n\t\t<\/div>\n\t\t\t\t\t<\/div>\n\t\t<\/section>\n\t\t\t\t<\/div>\n\t\t","protected":false},"excerpt":{"rendered":"<p>Elektronska registracija Ko obiskovalca spletnega mesta zanimajo podrobnosti sestanka, ga lahko prek spletnega mesta takoj rezervira. Spletna prijava na te\u010daje Te\u010daji, ki jih ponujate, vklju\u010dno s pomembnimi podrobnostmi (lokacija, obdobje, stro\u0161ki itd.), so jasno prikazani na va\u0161i spletni strani, tako da imajo obiskovalci optimalen pregled nad trenutno ponudbo te\u010dajev. Prijava na te\u010daje poteka prek spleta, [&hellip;]<\/p>\n","protected":false},"author":1,"featured_media":0,"parent":72653,"menu_order":0,"comment_status":"closed","ping_status":"closed","template":"","meta":{"inline_featured_image":false,"footnotes":""},"class_list":["post-72462","page","type-page","status-publish","hentry"],"acf":[],"yoast_head":"<!-- This site is optimized with the Yoast SEO plugin v27.5 - https:\/\/yoast.com\/product\/yoast-seo-wordpress\/ -->\n<title>Elektronska registracija - 1Tool<\/title>\n<meta name=\"robots\" content=\"index, follow, max-snippet:-1, max-image-preview:large, max-video-preview:-1\" \/>\n<link rel=\"canonical\" href=\"https:\/\/www.1tool.com\/sl\/moduli\/organizacija-in-storitve\/dogodki\/funkcije-modul-dogodkov\/elektronska-registracija\/\" \/>\n<meta property=\"og:locale\" content=\"sl_SI\" \/>\n<meta property=\"og:type\" content=\"article\" \/>\n<meta property=\"og:title\" content=\"Elektronska registracija - 1Tool\" \/>\n<meta property=\"og:description\" content=\"Elektronska registracija Ko obiskovalca spletnega mesta zanimajo podrobnosti sestanka, ga lahko prek spletnega mesta takoj rezervira. Spletna prijava na te\u010daje Te\u010daji, ki jih ponujate, vklju\u010dno s pomembnimi podrobnostmi (lokacija, obdobje, stro\u0161ki itd.), so jasno prikazani na va\u0161i spletni strani, tako da imajo obiskovalci optimalen pregled nad trenutno ponudbo te\u010dajev. Prijava na te\u010daje poteka prek spleta, [&hellip;]\" \/>\n<meta property=\"og:url\" content=\"https:\/\/www.1tool.com\/sl\/moduli\/organizacija-in-storitve\/dogodki\/funkcije-modul-dogodkov\/elektronska-registracija\/\" \/>\n<meta property=\"og:site_name\" content=\"1Tool\" \/>\n<meta property=\"article:modified_time\" content=\"2026-04-30T14:36:55+00:00\" \/>\n<meta name=\"twitter:card\" content=\"summary_large_image\" \/>\n<meta name=\"twitter:label1\" content=\"Est. reading time\" \/>\n\t<meta name=\"twitter:data1\" content=\"1 minuta\" \/>\n<script type=\"application\/ld+json\" class=\"yoast-schema-graph\">{\"@context\":\"https:\\\/\\\/schema.org\",\"@graph\":[{\"@type\":\"WebPage\",\"@id\":\"https:\\\/\\\/www.1tool.com\\\/sl\\\/moduli\\\/organizacija-in-storitve\\\/dogodki\\\/funkcije-modul-dogodkov\\\/elektronska-registracija\\\/\",\"url\":\"https:\\\/\\\/www.1tool.com\\\/sl\\\/moduli\\\/organizacija-in-storitve\\\/dogodki\\\/funkcije-modul-dogodkov\\\/elektronska-registracija\\\/\",\"name\":\"Elektronska registracija - 1Tool\",\"isPartOf\":{\"@id\":\"https:\\\/\\\/www.1tool.com\\\/sl\\\/#website\"},\"datePublished\":\"2022-03-31T02:50:00+00:00\",\"dateModified\":\"2026-04-30T14:36:55+00:00\",\"breadcrumb\":{\"@id\":\"https:\\\/\\\/www.1tool.com\\\/sl\\\/moduli\\\/organizacija-in-storitve\\\/dogodki\\\/funkcije-modul-dogodkov\\\/elektronska-registracija\\\/#breadcrumb\"},\"inLanguage\":\"sl-SI\",\"potentialAction\":[{\"@type\":\"ReadAction\",\"target\":[\"https:\\\/\\\/www.1tool.com\\\/sl\\\/moduli\\\/organizacija-in-storitve\\\/dogodki\\\/funkcije-modul-dogodkov\\\/elektronska-registracija\\\/\"]}]},{\"@type\":\"BreadcrumbList\",\"@id\":\"https:\\\/\\\/www.1tool.com\\\/sl\\\/moduli\\\/organizacija-in-storitve\\\/dogodki\\\/funkcije-modul-dogodkov\\\/elektronska-registracija\\\/#breadcrumb\",\"itemListElement\":[{\"@type\":\"ListItem\",\"position\":1,\"name\":\"Home\",\"item\":\"https:\\\/\\\/www.1tool.com\\\/sl\\\/\"},{\"@type\":\"ListItem\",\"position\":2,\"name\":\"Moduli\",\"item\":\"https:\\\/\\\/www.1tool.com\\\/sl\\\/module\\\/\"},{\"@type\":\"ListItem\",\"position\":3,\"name\":\"Organizacija in storitve\",\"item\":\"https:\\\/\\\/www.1tool.com\\\/sl\\\/moduli\\\/organizacija-in-storitve\\\/\"},{\"@type\":\"ListItem\",\"position\":4,\"name\":\"dogodki\",\"item\":\"https:\\\/\\\/www.1tool.com\\\/sl\\\/moduli\\\/organizacija-in-storitve\\\/dogodki\\\/\"},{\"@type\":\"ListItem\",\"position\":5,\"name\":\"Funkcije Modul dogodkov\",\"item\":\"https:\\\/\\\/www.1tool.com\\\/sl\\\/moduli\\\/organizacija-in-storitve\\\/dogodki\\\/funkcije-modul-dogodkov\\\/\"},{\"@type\":\"ListItem\",\"position\":6,\"name\":\"Elektronska registracija\"}]},{\"@type\":\"WebSite\",\"@id\":\"https:\\\/\\\/www.1tool.com\\\/sl\\\/#website\",\"url\":\"https:\\\/\\\/www.1tool.com\\\/sl\\\/\",\"name\":\"1Tool\",\"description\":\"CRM\",\"publisher\":{\"@id\":\"https:\\\/\\\/www.1tool.com\\\/sl\\\/#organization\"},\"potentialAction\":[{\"@type\":\"SearchAction\",\"target\":{\"@type\":\"EntryPoint\",\"urlTemplate\":\"https:\\\/\\\/www.1tool.com\\\/sl\\\/?s={search_term_string}\"},\"query-input\":{\"@type\":\"PropertyValueSpecification\",\"valueRequired\":true,\"valueName\":\"search_term_string\"}}],\"inLanguage\":\"sl-SI\"},{\"@type\":\"Organization\",\"@id\":\"https:\\\/\\\/www.1tool.com\\\/sl\\\/#organization\",\"name\":\"1Tool\",\"url\":\"https:\\\/\\\/www.1tool.com\\\/sl\\\/\",\"logo\":{\"@type\":\"ImageObject\",\"inLanguage\":\"sl-SI\",\"@id\":\"https:\\\/\\\/www.1tool.com\\\/sl\\\/#\\\/schema\\\/logo\\\/image\\\/\",\"url\":\"https:\\\/\\\/www.1tool.com\\\/wp-content\\\/uploads\\\/2022\\\/04\\\/1tool-1.png\",\"contentUrl\":\"https:\\\/\\\/www.1tool.com\\\/wp-content\\\/uploads\\\/2022\\\/04\\\/1tool-1.png\",\"width\":400,\"height\":150,\"caption\":\"1Tool\"},\"image\":{\"@id\":\"https:\\\/\\\/www.1tool.com\\\/sl\\\/#\\\/schema\\\/logo\\\/image\\\/\"}}]}<\/script>\n<!-- \/ Yoast SEO plugin. -->","yoast_head_json":{"title":"Elektronska registracija - 1Tool","robots":{"index":"index","follow":"follow","max-snippet":"max-snippet:-1","max-image-preview":"max-image-preview:large","max-video-preview":"max-video-preview:-1"},"canonical":"https:\/\/www.1tool.com\/sl\/moduli\/organizacija-in-storitve\/dogodki\/funkcije-modul-dogodkov\/elektronska-registracija\/","og_locale":"sl_SI","og_type":"article","og_title":"Elektronska registracija - 1Tool","og_description":"Elektronska registracija Ko obiskovalca spletnega mesta zanimajo podrobnosti sestanka, ga lahko prek spletnega mesta takoj rezervira. Spletna prijava na te\u010daje Te\u010daji, ki jih ponujate, vklju\u010dno s pomembnimi podrobnostmi (lokacija, obdobje, stro\u0161ki itd.), so jasno prikazani na va\u0161i spletni strani, tako da imajo obiskovalci optimalen pregled nad trenutno ponudbo te\u010dajev. Prijava na te\u010daje poteka prek spleta, [&hellip;]","og_url":"https:\/\/www.1tool.com\/sl\/moduli\/organizacija-in-storitve\/dogodki\/funkcije-modul-dogodkov\/elektronska-registracija\/","og_site_name":"1Tool","article_modified_time":"2026-04-30T14:36:55+00:00","twitter_card":"summary_large_image","twitter_misc":{"Est. reading time":"1 minuta"},"schema":{"@context":"https:\/\/schema.org","@graph":[{"@type":"WebPage","@id":"https:\/\/www.1tool.com\/sl\/moduli\/organizacija-in-storitve\/dogodki\/funkcije-modul-dogodkov\/elektronska-registracija\/","url":"https:\/\/www.1tool.com\/sl\/moduli\/organizacija-in-storitve\/dogodki\/funkcije-modul-dogodkov\/elektronska-registracija\/","name":"Elektronska registracija - 1Tool","isPartOf":{"@id":"https:\/\/www.1tool.com\/sl\/#website"},"datePublished":"2022-03-31T02:50:00+00:00","dateModified":"2026-04-30T14:36:55+00:00","breadcrumb":{"@id":"https:\/\/www.1tool.com\/sl\/moduli\/organizacija-in-storitve\/dogodki\/funkcije-modul-dogodkov\/elektronska-registracija\/#breadcrumb"},"inLanguage":"sl-SI","potentialAction":[{"@type":"ReadAction","target":["https:\/\/www.1tool.com\/sl\/moduli\/organizacija-in-storitve\/dogodki\/funkcije-modul-dogodkov\/elektronska-registracija\/"]}]},{"@type":"BreadcrumbList","@id":"https:\/\/www.1tool.com\/sl\/moduli\/organizacija-in-storitve\/dogodki\/funkcije-modul-dogodkov\/elektronska-registracija\/#breadcrumb","itemListElement":[{"@type":"ListItem","position":1,"name":"Home","item":"https:\/\/www.1tool.com\/sl\/"},{"@type":"ListItem","position":2,"name":"Moduli","item":"https:\/\/www.1tool.com\/sl\/module\/"},{"@type":"ListItem","position":3,"name":"Organizacija in storitve","item":"https:\/\/www.1tool.com\/sl\/moduli\/organizacija-in-storitve\/"},{"@type":"ListItem","position":4,"name":"dogodki","item":"https:\/\/www.1tool.com\/sl\/moduli\/organizacija-in-storitve\/dogodki\/"},{"@type":"ListItem","position":5,"name":"Funkcije Modul dogodkov","item":"https:\/\/www.1tool.com\/sl\/moduli\/organizacija-in-storitve\/dogodki\/funkcije-modul-dogodkov\/"},{"@type":"ListItem","position":6,"name":"Elektronska registracija"}]},{"@type":"WebSite","@id":"https:\/\/www.1tool.com\/sl\/#website","url":"https:\/\/www.1tool.com\/sl\/","name":"1Tool","description":"CRM","publisher":{"@id":"https:\/\/www.1tool.com\/sl\/#organization"},"potentialAction":[{"@type":"SearchAction","target":{"@type":"EntryPoint","urlTemplate":"https:\/\/www.1tool.com\/sl\/?s={search_term_string}"},"query-input":{"@type":"PropertyValueSpecification","valueRequired":true,"valueName":"search_term_string"}}],"inLanguage":"sl-SI"},{"@type":"Organization","@id":"https:\/\/www.1tool.com\/sl\/#organization","name":"1Tool","url":"https:\/\/www.1tool.com\/sl\/","logo":{"@type":"ImageObject","inLanguage":"sl-SI","@id":"https:\/\/www.1tool.com\/sl\/#\/schema\/logo\/image\/","url":"https:\/\/www.1tool.com\/wp-content\/uploads\/2022\/04\/1tool-1.png","contentUrl":"https:\/\/www.1tool.com\/wp-content\/uploads\/2022\/04\/1tool-1.png","width":400,"height":150,"caption":"1Tool"},"image":{"@id":"https:\/\/www.1tool.com\/sl\/#\/schema\/logo\/image\/"}}]}},"_links":{"self":[{"href":"https:\/\/www.1tool.com\/sl\/wp-json\/wp\/v2\/pages\/72462","targetHints":{"allow":["GET"]}}],"collection":[{"href":"https:\/\/www.1tool.com\/sl\/wp-json\/wp\/v2\/pages"}],"about":[{"href":"https:\/\/www.1tool.com\/sl\/wp-json\/wp\/v2\/types\/page"}],"author":[{"embeddable":true,"href":"https:\/\/www.1tool.com\/sl\/wp-json\/wp\/v2\/users\/1"}],"replies":[{"embeddable":true,"href":"https:\/\/www.1tool.com\/sl\/wp-json\/wp\/v2\/comments?post=72462"}],"version-history":[{"count":1,"href":"https:\/\/www.1tool.com\/sl\/wp-json\/wp\/v2\/pages\/72462\/revisions"}],"predecessor-version":[{"id":72464,"href":"https:\/\/www.1tool.com\/sl\/wp-json\/wp\/v2\/pages\/72462\/revisions\/72464"}],"up":[{"embeddable":true,"href":"https:\/\/www.1tool.com\/sl\/wp-json\/wp\/v2\/pages\/72653"}],"wp:attachment":[{"href":"https:\/\/www.1tool.com\/sl\/wp-json\/wp\/v2\/media?parent=72462"}],"curies":[{"name":"wp","href":"https:\/\/api.w.org\/{rel}","templated":true}]}}