{"id":72465,"date":"2022-03-31T04:48:06","date_gmt":"2022-03-31T02:48:06","guid":{"rendered":"https:\/\/www.1tool.com\/sistem-semaforja-cakalni-seznami\/"},"modified":"2026-04-30T16:36:55","modified_gmt":"2026-04-30T14:36:55","slug":"sistem-semaforja-cakalni-seznami","status":"publish","type":"page","link":"https:\/\/www.1tool.com\/sl\/moduli\/organizacija-in-storitve\/dogodki\/funkcije-modul-dogodkov\/sistem-semaforja-cakalni-seznami\/","title":{"rendered":"Sistem semaforja\/\u010dakalni seznami"},"content":{"rendered":"\t\t<div data-elementor-type=\"wp-page\" data-elementor-id=\"72465\" class=\"elementor elementor-72465 elementor-49838\" data-elementor-post-type=\"page\">\n\t\t\t\t\t\t<section class=\"elementor-section elementor-top-section elementor-element elementor-element-f093f66 elementor-section-boxed elementor-section-height-default elementor-section-height-default shadepro-adv-gradient-no shadepro-sticky-no\" data-id=\"f093f66\" data-element_type=\"section\" data-e-type=\"section\" data-settings=\"{&quot;shadepro_sticky&quot;:&quot;no&quot;}\">\n\t\t\t\t\t\t<div class=\"elementor-container elementor-column-gap-default\">\n\t\t\t\t\t<div class=\"elementor-column elementor-col-100 elementor-top-column elementor-element elementor-element-8187e59\" data-id=\"8187e59\" data-element_type=\"column\" data-e-type=\"column\">\n\t\t\t<div class=\"elementor-widget-wrap elementor-element-populated\">\n\t\t\t\t\t\t<div class=\"elementor-element elementor-element-cfad897 shadepro-sticky-no elementor-widget elementor-widget-heading\" data-id=\"cfad897\" data-element_type=\"widget\" data-e-type=\"widget\" data-settings=\"{&quot;shadepro_sticky&quot;:&quot;no&quot;}\" data-widget_type=\"heading.default\">\n\t\t\t\t<div class=\"elementor-widget-container\">\n\t\t\t\t\t<h1 class=\"elementor-heading-title elementor-size-default\">Sistem semaforja\/\u010dakalni seznami<\/h1>\t\t\t\t<\/div>\n\t\t\t\t<\/div>\n\t\t\t\t<div class=\"elementor-element elementor-element-68883e4 shadepro-sticky-no elementor-widget elementor-widget-text-editor\" data-id=\"68883e4\" data-element_type=\"widget\" data-e-type=\"widget\" data-settings=\"{&quot;shadepro_sticky&quot;:&quot;no&quot;}\" data-widget_type=\"text-editor.default\">\n\t\t\t\t<div class=\"elementor-widget-container\">\n\t\t\t\t\t\t\t\t\t<p>Z novim modulom za upravljanje te\u010dajev lahko strankam s pomo\u010djo sistema semaforja jasno predstavite raznolikost svojih te\u010dajev in njihovo razpolo\u017eljivost.<\/p>\t\t\t\t\t\t\t\t<\/div>\n\t\t\t\t<\/div>\n\t\t\t\t<section class=\"elementor-section elementor-inner-section elementor-element elementor-element-d5375ae elementor-section-boxed elementor-section-height-default elementor-section-height-default shadepro-adv-gradient-no shadepro-sticky-no\" data-id=\"d5375ae\" data-element_type=\"section\" data-e-type=\"section\" data-settings=\"{&quot;shadepro_sticky&quot;:&quot;no&quot;}\">\n\t\t\t\t\t\t<div class=\"elementor-container elementor-column-gap-default\">\n\t\t\t\t\t<div class=\"elementor-column elementor-col-100 elementor-inner-column elementor-element elementor-element-add44a2\" data-id=\"add44a2\" data-element_type=\"column\" data-e-type=\"column\">\n\t\t\t<div class=\"elementor-widget-wrap elementor-element-populated\">\n\t\t\t\t\t\t<div class=\"elementor-element elementor-element-482c8c6 shadepro-sticky-no elementor-widget elementor-widget-text-editor\" data-id=\"482c8c6\" data-element_type=\"widget\" data-e-type=\"widget\" data-settings=\"{&quot;shadepro_sticky&quot;:&quot;no&quot;}\" data-widget_type=\"text-editor.default\">\n\t\t\t\t<div class=\"elementor-widget-container\">\n\t\t\t\t\t\t\t\t\t<h3>Pregled razpolo\u017eljivosti<\/h3><p>Zahvaljujo\u010d sistemu semaforja va\u0161e stranke takoj vedo, ali so za \u017eeleni te\u010daj \u0161e na voljo prosta mesta ali ne. Rde\u010da barva ozna\u010duje te\u010daje, ki so \u017ee polno zasedeni, rumena barva pomeni, da je na voljo le \u0161e nekaj mest, zelena barva pa ozna\u010duje vse te\u010daje z dovolj razpolo\u017eljivimi mesti. <\/p><p>Vendar pa 1Tool ponuja tudi mo\u017enost \u010dakalnega seznama za polno zasedene te\u010daje. To zagotavlja, da bo va\u0161e podjetje vedno imelo te\u010daj s polnim \u0161tevilom udele\u017eencev, saj se vsi, ki so se vpisali na \u010dakalno listo, samodejno pridru\u017eijo te\u010daju, tudi \u010de se pred za\u010detkom te\u010daja odjavijo. <\/p>\t\t\t\t\t\t\t\t<\/div>\n\t\t\t\t<\/div>\n\t\t\t\t\t<\/div>\n\t\t<\/div>\n\t\t\t\t\t<\/div>\n\t\t<\/section>\n\t\t\t\t\t<\/div>\n\t\t<\/div>\n\t\t\t\t\t<\/div>\n\t\t<\/section>\n\t\t\t\t<\/div>\n\t\t","protected":false},"excerpt":{"rendered":"<p>Sistem semaforja\/\u010dakalni seznami Z novim modulom za upravljanje te\u010dajev lahko strankam s pomo\u010djo sistema semaforja jasno predstavite raznolikost svojih te\u010dajev in njihovo razpolo\u017eljivost. Pregled razpolo\u017eljivosti Zahvaljujo\u010d sistemu semaforja va\u0161e stranke takoj vedo, ali so za \u017eeleni te\u010daj \u0161e na voljo prosta mesta ali ne. Rde\u010da barva ozna\u010duje te\u010daje, ki so \u017ee polno zasedeni, rumena barva [&hellip;]<\/p>\n","protected":false},"author":1,"featured_media":0,"parent":72653,"menu_order":0,"comment_status":"closed","ping_status":"closed","template":"","meta":{"inline_featured_image":false,"footnotes":""},"class_list":["post-72465","page","type-page","status-publish","hentry"],"acf":[],"yoast_head":"<!-- This site is optimized with the Yoast SEO plugin v27.5 - https:\/\/yoast.com\/product\/yoast-seo-wordpress\/ -->\n<title>Sistem semaforja\/\u010dakalni seznami - 1Tool<\/title>\n<meta name=\"robots\" content=\"index, follow, max-snippet:-1, max-image-preview:large, max-video-preview:-1\" \/>\n<link rel=\"canonical\" href=\"https:\/\/www.1tool.com\/sl\/moduli\/organizacija-in-storitve\/dogodki\/funkcije-modul-dogodkov\/sistem-semaforja-cakalni-seznami\/\" \/>\n<meta property=\"og:locale\" content=\"sl_SI\" \/>\n<meta property=\"og:type\" content=\"article\" \/>\n<meta property=\"og:title\" content=\"Sistem semaforja\/\u010dakalni seznami - 1Tool\" \/>\n<meta property=\"og:description\" content=\"Sistem semaforja\/\u010dakalni seznami Z novim modulom za upravljanje te\u010dajev lahko strankam s pomo\u010djo sistema semaforja jasno predstavite raznolikost svojih te\u010dajev in njihovo razpolo\u017eljivost. Pregled razpolo\u017eljivosti Zahvaljujo\u010d sistemu semaforja va\u0161e stranke takoj vedo, ali so za \u017eeleni te\u010daj \u0161e na voljo prosta mesta ali ne. Rde\u010da barva ozna\u010duje te\u010daje, ki so \u017ee polno zasedeni, rumena barva [&hellip;]\" \/>\n<meta property=\"og:url\" content=\"https:\/\/www.1tool.com\/sl\/moduli\/organizacija-in-storitve\/dogodki\/funkcije-modul-dogodkov\/sistem-semaforja-cakalni-seznami\/\" \/>\n<meta property=\"og:site_name\" content=\"1Tool\" \/>\n<meta property=\"article:modified_time\" content=\"2026-04-30T14:36:55+00:00\" \/>\n<meta name=\"twitter:card\" content=\"summary_large_image\" \/>\n<meta name=\"twitter:label1\" content=\"Est. reading time\" \/>\n\t<meta name=\"twitter:data1\" content=\"1 minuta\" \/>\n<script type=\"application\/ld+json\" class=\"yoast-schema-graph\">{\"@context\":\"https:\\\/\\\/schema.org\",\"@graph\":[{\"@type\":\"WebPage\",\"@id\":\"https:\\\/\\\/www.1tool.com\\\/sl\\\/moduli\\\/organizacija-in-storitve\\\/dogodki\\\/funkcije-modul-dogodkov\\\/sistem-semaforja-cakalni-seznami\\\/\",\"url\":\"https:\\\/\\\/www.1tool.com\\\/sl\\\/moduli\\\/organizacija-in-storitve\\\/dogodki\\\/funkcije-modul-dogodkov\\\/sistem-semaforja-cakalni-seznami\\\/\",\"name\":\"Sistem semaforja\\\/\u010dakalni seznami - 1Tool\",\"isPartOf\":{\"@id\":\"https:\\\/\\\/www.1tool.com\\\/sl\\\/#website\"},\"datePublished\":\"2022-03-31T02:48:06+00:00\",\"dateModified\":\"2026-04-30T14:36:55+00:00\",\"breadcrumb\":{\"@id\":\"https:\\\/\\\/www.1tool.com\\\/sl\\\/moduli\\\/organizacija-in-storitve\\\/dogodki\\\/funkcije-modul-dogodkov\\\/sistem-semaforja-cakalni-seznami\\\/#breadcrumb\"},\"inLanguage\":\"sl-SI\",\"potentialAction\":[{\"@type\":\"ReadAction\",\"target\":[\"https:\\\/\\\/www.1tool.com\\\/sl\\\/moduli\\\/organizacija-in-storitve\\\/dogodki\\\/funkcije-modul-dogodkov\\\/sistem-semaforja-cakalni-seznami\\\/\"]}]},{\"@type\":\"BreadcrumbList\",\"@id\":\"https:\\\/\\\/www.1tool.com\\\/sl\\\/moduli\\\/organizacija-in-storitve\\\/dogodki\\\/funkcije-modul-dogodkov\\\/sistem-semaforja-cakalni-seznami\\\/#breadcrumb\",\"itemListElement\":[{\"@type\":\"ListItem\",\"position\":1,\"name\":\"Home\",\"item\":\"https:\\\/\\\/www.1tool.com\\\/sl\\\/\"},{\"@type\":\"ListItem\",\"position\":2,\"name\":\"Moduli\",\"item\":\"https:\\\/\\\/www.1tool.com\\\/sl\\\/module\\\/\"},{\"@type\":\"ListItem\",\"position\":3,\"name\":\"Organizacija in storitve\",\"item\":\"https:\\\/\\\/www.1tool.com\\\/sl\\\/moduli\\\/organizacija-in-storitve\\\/\"},{\"@type\":\"ListItem\",\"position\":4,\"name\":\"dogodki\",\"item\":\"https:\\\/\\\/www.1tool.com\\\/sl\\\/moduli\\\/organizacija-in-storitve\\\/dogodki\\\/\"},{\"@type\":\"ListItem\",\"position\":5,\"name\":\"Funkcije Modul dogodkov\",\"item\":\"https:\\\/\\\/www.1tool.com\\\/sl\\\/moduli\\\/organizacija-in-storitve\\\/dogodki\\\/funkcije-modul-dogodkov\\\/\"},{\"@type\":\"ListItem\",\"position\":6,\"name\":\"Sistem semaforja\\\/\u010dakalni seznami\"}]},{\"@type\":\"WebSite\",\"@id\":\"https:\\\/\\\/www.1tool.com\\\/sl\\\/#website\",\"url\":\"https:\\\/\\\/www.1tool.com\\\/sl\\\/\",\"name\":\"1Tool\",\"description\":\"CRM\",\"publisher\":{\"@id\":\"https:\\\/\\\/www.1tool.com\\\/sl\\\/#organization\"},\"potentialAction\":[{\"@type\":\"SearchAction\",\"target\":{\"@type\":\"EntryPoint\",\"urlTemplate\":\"https:\\\/\\\/www.1tool.com\\\/sl\\\/?s={search_term_string}\"},\"query-input\":{\"@type\":\"PropertyValueSpecification\",\"valueRequired\":true,\"valueName\":\"search_term_string\"}}],\"inLanguage\":\"sl-SI\"},{\"@type\":\"Organization\",\"@id\":\"https:\\\/\\\/www.1tool.com\\\/sl\\\/#organization\",\"name\":\"1Tool\",\"url\":\"https:\\\/\\\/www.1tool.com\\\/sl\\\/\",\"logo\":{\"@type\":\"ImageObject\",\"inLanguage\":\"sl-SI\",\"@id\":\"https:\\\/\\\/www.1tool.com\\\/sl\\\/#\\\/schema\\\/logo\\\/image\\\/\",\"url\":\"https:\\\/\\\/www.1tool.com\\\/wp-content\\\/uploads\\\/2022\\\/04\\\/1tool-1.png\",\"contentUrl\":\"https:\\\/\\\/www.1tool.com\\\/wp-content\\\/uploads\\\/2022\\\/04\\\/1tool-1.png\",\"width\":400,\"height\":150,\"caption\":\"1Tool\"},\"image\":{\"@id\":\"https:\\\/\\\/www.1tool.com\\\/sl\\\/#\\\/schema\\\/logo\\\/image\\\/\"}}]}<\/script>\n<!-- \/ Yoast SEO plugin. -->","yoast_head_json":{"title":"Sistem semaforja\/\u010dakalni seznami - 1Tool","robots":{"index":"index","follow":"follow","max-snippet":"max-snippet:-1","max-image-preview":"max-image-preview:large","max-video-preview":"max-video-preview:-1"},"canonical":"https:\/\/www.1tool.com\/sl\/moduli\/organizacija-in-storitve\/dogodki\/funkcije-modul-dogodkov\/sistem-semaforja-cakalni-seznami\/","og_locale":"sl_SI","og_type":"article","og_title":"Sistem semaforja\/\u010dakalni seznami - 1Tool","og_description":"Sistem semaforja\/\u010dakalni seznami Z novim modulom za upravljanje te\u010dajev lahko strankam s pomo\u010djo sistema semaforja jasno predstavite raznolikost svojih te\u010dajev in njihovo razpolo\u017eljivost. Pregled razpolo\u017eljivosti Zahvaljujo\u010d sistemu semaforja va\u0161e stranke takoj vedo, ali so za \u017eeleni te\u010daj \u0161e na voljo prosta mesta ali ne. Rde\u010da barva ozna\u010duje te\u010daje, ki so \u017ee polno zasedeni, rumena barva [&hellip;]","og_url":"https:\/\/www.1tool.com\/sl\/moduli\/organizacija-in-storitve\/dogodki\/funkcije-modul-dogodkov\/sistem-semaforja-cakalni-seznami\/","og_site_name":"1Tool","article_modified_time":"2026-04-30T14:36:55+00:00","twitter_card":"summary_large_image","twitter_misc":{"Est. reading time":"1 minuta"},"schema":{"@context":"https:\/\/schema.org","@graph":[{"@type":"WebPage","@id":"https:\/\/www.1tool.com\/sl\/moduli\/organizacija-in-storitve\/dogodki\/funkcije-modul-dogodkov\/sistem-semaforja-cakalni-seznami\/","url":"https:\/\/www.1tool.com\/sl\/moduli\/organizacija-in-storitve\/dogodki\/funkcije-modul-dogodkov\/sistem-semaforja-cakalni-seznami\/","name":"Sistem semaforja\/\u010dakalni seznami - 1Tool","isPartOf":{"@id":"https:\/\/www.1tool.com\/sl\/#website"},"datePublished":"2022-03-31T02:48:06+00:00","dateModified":"2026-04-30T14:36:55+00:00","breadcrumb":{"@id":"https:\/\/www.1tool.com\/sl\/moduli\/organizacija-in-storitve\/dogodki\/funkcije-modul-dogodkov\/sistem-semaforja-cakalni-seznami\/#breadcrumb"},"inLanguage":"sl-SI","potentialAction":[{"@type":"ReadAction","target":["https:\/\/www.1tool.com\/sl\/moduli\/organizacija-in-storitve\/dogodki\/funkcije-modul-dogodkov\/sistem-semaforja-cakalni-seznami\/"]}]},{"@type":"BreadcrumbList","@id":"https:\/\/www.1tool.com\/sl\/moduli\/organizacija-in-storitve\/dogodki\/funkcije-modul-dogodkov\/sistem-semaforja-cakalni-seznami\/#breadcrumb","itemListElement":[{"@type":"ListItem","position":1,"name":"Home","item":"https:\/\/www.1tool.com\/sl\/"},{"@type":"ListItem","position":2,"name":"Moduli","item":"https:\/\/www.1tool.com\/sl\/module\/"},{"@type":"ListItem","position":3,"name":"Organizacija in storitve","item":"https:\/\/www.1tool.com\/sl\/moduli\/organizacija-in-storitve\/"},{"@type":"ListItem","position":4,"name":"dogodki","item":"https:\/\/www.1tool.com\/sl\/moduli\/organizacija-in-storitve\/dogodki\/"},{"@type":"ListItem","position":5,"name":"Funkcije Modul dogodkov","item":"https:\/\/www.1tool.com\/sl\/moduli\/organizacija-in-storitve\/dogodki\/funkcije-modul-dogodkov\/"},{"@type":"ListItem","position":6,"name":"Sistem semaforja\/\u010dakalni seznami"}]},{"@type":"WebSite","@id":"https:\/\/www.1tool.com\/sl\/#website","url":"https:\/\/www.1tool.com\/sl\/","name":"1Tool","description":"CRM","publisher":{"@id":"https:\/\/www.1tool.com\/sl\/#organization"},"potentialAction":[{"@type":"SearchAction","target":{"@type":"EntryPoint","urlTemplate":"https:\/\/www.1tool.com\/sl\/?s={search_term_string}"},"query-input":{"@type":"PropertyValueSpecification","valueRequired":true,"valueName":"search_term_string"}}],"inLanguage":"sl-SI"},{"@type":"Organization","@id":"https:\/\/www.1tool.com\/sl\/#organization","name":"1Tool","url":"https:\/\/www.1tool.com\/sl\/","logo":{"@type":"ImageObject","inLanguage":"sl-SI","@id":"https:\/\/www.1tool.com\/sl\/#\/schema\/logo\/image\/","url":"https:\/\/www.1tool.com\/wp-content\/uploads\/2022\/04\/1tool-1.png","contentUrl":"https:\/\/www.1tool.com\/wp-content\/uploads\/2022\/04\/1tool-1.png","width":400,"height":150,"caption":"1Tool"},"image":{"@id":"https:\/\/www.1tool.com\/sl\/#\/schema\/logo\/image\/"}}]}},"_links":{"self":[{"href":"https:\/\/www.1tool.com\/sl\/wp-json\/wp\/v2\/pages\/72465","targetHints":{"allow":["GET"]}}],"collection":[{"href":"https:\/\/www.1tool.com\/sl\/wp-json\/wp\/v2\/pages"}],"about":[{"href":"https:\/\/www.1tool.com\/sl\/wp-json\/wp\/v2\/types\/page"}],"author":[{"embeddable":true,"href":"https:\/\/www.1tool.com\/sl\/wp-json\/wp\/v2\/users\/1"}],"replies":[{"embeddable":true,"href":"https:\/\/www.1tool.com\/sl\/wp-json\/wp\/v2\/comments?post=72465"}],"version-history":[{"count":1,"href":"https:\/\/www.1tool.com\/sl\/wp-json\/wp\/v2\/pages\/72465\/revisions"}],"predecessor-version":[{"id":72466,"href":"https:\/\/www.1tool.com\/sl\/wp-json\/wp\/v2\/pages\/72465\/revisions\/72466"}],"up":[{"embeddable":true,"href":"https:\/\/www.1tool.com\/sl\/wp-json\/wp\/v2\/pages\/72653"}],"wp:attachment":[{"href":"https:\/\/www.1tool.com\/sl\/wp-json\/wp\/v2\/media?parent=72465"}],"curies":[{"name":"wp","href":"https:\/\/api.w.org\/{rel}","templated":true}]}}