{"id":72468,"date":"2022-03-31T04:35:34","date_gmt":"2022-03-31T02:35:34","guid":{"rendered":"https:\/\/www.1tool.com\/osebna-programska-oprema\/"},"modified":"2026-04-30T16:37:06","modified_gmt":"2026-04-30T14:37:06","slug":"osebna-programska-oprema","status":"publish","type":"page","link":"https:\/\/www.1tool.com\/sl\/moduli\/posebni-moduli\/upravljanje-prosilcev\/funkcije-modula-za-upravljanje-prosilcev\/osebna-programska-oprema\/","title":{"rendered":"Osebna programska oprema"},"content":{"rendered":"\t\t<div data-elementor-type=\"wp-page\" data-elementor-id=\"72468\" class=\"elementor elementor-72468 elementor-49763\" data-elementor-post-type=\"page\">\n\t\t\t\t\t\t<section class=\"elementor-section elementor-top-section elementor-element elementor-element-fdf59cc elementor-section-boxed elementor-section-height-default elementor-section-height-default shadepro-adv-gradient-no shadepro-sticky-no\" data-id=\"fdf59cc\" data-element_type=\"section\" data-e-type=\"section\" data-settings=\"{&quot;shadepro_sticky&quot;:&quot;no&quot;}\">\n\t\t\t\t\t\t<div class=\"elementor-container elementor-column-gap-default\">\n\t\t\t\t\t<div class=\"elementor-column elementor-col-100 elementor-top-column elementor-element elementor-element-90b3fde\" data-id=\"90b3fde\" data-element_type=\"column\" data-e-type=\"column\">\n\t\t\t<div class=\"elementor-widget-wrap elementor-element-populated\">\n\t\t\t\t\t\t<div class=\"elementor-element elementor-element-5111547 shadepro-sticky-no elementor-widget elementor-widget-heading\" data-id=\"5111547\" data-element_type=\"widget\" data-e-type=\"widget\" data-settings=\"{&quot;shadepro_sticky&quot;:&quot;no&quot;}\" data-widget_type=\"heading.default\">\n\t\t\t\t<div class=\"elementor-widget-container\">\n\t\t\t\t\t<h1 class=\"elementor-heading-title elementor-size-default\">Osebna programska oprema<\/h1>\t\t\t\t<\/div>\n\t\t\t\t<\/div>\n\t\t\t\t<div class=\"elementor-element elementor-element-05a3ab8 shadepro-sticky-no elementor-widget elementor-widget-text-editor\" data-id=\"05a3ab8\" data-element_type=\"widget\" data-e-type=\"widget\" data-settings=\"{&quot;shadepro_sticky&quot;:&quot;no&quot;}\" data-widget_type=\"text-editor.default\">\n\t\t\t\t<div class=\"elementor-widget-container\">\n\t\t\t\t\t\t\t\t\t<p>Od objave delovnega mesta do izbire kandidatov &#8211; na\u0161a programska oprema za upravljanje kandidatov za u\u010dinkovito zaposlovanje!<\/p>\t\t\t\t\t\t\t\t<\/div>\n\t\t\t\t<\/div>\n\t\t\t\t<section class=\"elementor-section elementor-inner-section elementor-element elementor-element-a811abf elementor-section-boxed elementor-section-height-default elementor-section-height-default shadepro-adv-gradient-no shadepro-sticky-no\" data-id=\"a811abf\" data-element_type=\"section\" data-e-type=\"section\" data-settings=\"{&quot;shadepro_sticky&quot;:&quot;no&quot;}\">\n\t\t\t\t\t\t<div class=\"elementor-container elementor-column-gap-default\">\n\t\t\t\t\t<div class=\"elementor-column elementor-col-100 elementor-inner-column elementor-element elementor-element-59dedfe\" data-id=\"59dedfe\" data-element_type=\"column\" data-e-type=\"column\">\n\t\t\t<div class=\"elementor-widget-wrap elementor-element-populated\">\n\t\t\t\t\t\t<div class=\"elementor-element elementor-element-ef1d983 shadepro-sticky-no elementor-widget elementor-widget-text-editor\" data-id=\"ef1d983\" data-element_type=\"widget\" data-e-type=\"widget\" data-settings=\"{&quot;shadepro_sticky&quot;:&quot;no&quot;}\" data-widget_type=\"text-editor.default\">\n\t\t\t\t<div class=\"elementor-widget-container\">\n\t\t\t\t\t\t\t\t\t<h3>Inovativno zaposlovanje s sistemom za upravljanje kandidatov 1Tool<\/h3><p>Upravljajte celoten postopek zaposlovanja s sistemom za upravljanje kandidatov 1Tool. Vse korake, od oblikovanja oglasov za delo do izbire kandidatov, lahko opravite na enem osrednjem mestu. Odlo\u010ditve sprejemajte skupaj kot ekipa in za vsako delovno mesto zagotovo najdite pravega kandidata!  <\/p><h3>Ve\u010dje \u0161tevilo kandidatov s sistemom za upravljanje kandidatov 1Tool<\/h3><p>Ne glede na to, ali ste agencija za zaposlovanje, MSP ali velika korporacija, se programska oprema 1Tool za upravljanje kandidatov prilagodi va\u0161emu postopku zaposlovanja in vam pomaga najti prave kandidate z enim samim pritiskom na gumb.<\/p><p>Oglase za delo ustvarite neposredno v sistemu za upravljanje kandidatov &#8211; zaradi integracije s spletno stranjo se delovno mesto z enim klikom prika\u017ee na kariernem portalu, kandidati pa imajo mo\u017enost, da se prijavijo neposredno prek spleta. Podatki kandidata se samodejno prenesejo v podatkovno zbirko na\u0161e programske opreme za profesionalno upravljanje kandidatov, \u017eivljenjepisi pa se preberejo. To vam ne olaj\u0161a le vsakodnevnega poslovanja, temve\u010d tudi omogo\u010da, da je postopek prijave za kandidate kar se da preprost in enostaven!  <\/p><p>Ve\u010d o upravljanju delovnih mest<\/p><h3>obse\u017een nabor talentov in u\u010dinkovita komunikacija s kandidati<\/h3><p>Kandidati sami vzdr\u017eujejo svoje profile z lastnim dostopom do portala za delovna mesta ter lahko neposredno sami dodajajo nova znanja in izku\u0161nje. 1Tool za upravljanje kandidatov samodejno shrani vse pomembne podatke o kandidatih v osrednjo zbirko podatkov, kar vam omogo\u010da, da \u017ee na prvi pogled prepoznate najbolj\u0161e kandidate. S pomo\u010djo obse\u017ene funkcije iskanja na\u0161e programske opreme za upravljanje kandidatov lahko v svoji zbirki kandidatov s pritiskom na gumb poi\u0161\u010dete primerne kandidate z ustreznimi kvalifikacijami in izku\u0161njami ter jih neposredno povabite na razgovor.  <\/p><p>Trenutno stanje delovnih mest in kandidatov je vedno vidno in olaj\u0161a skupinsko delo. S sodelavci lahko s komentarji in dokumenti izmenjujete informacije in skupaj sprejemate odlo\u010ditve. Zahvaljujo\u010d predlogam za e-po\u0161to in profesionalnemu tr\u017eenju e-po\u0161te lahko kandidate s pritiskom na gumb obvestite o svoji odlo\u010ditvi ali jih obve\u0161\u010date o drugih obetavnih oglasih za delo.  <\/p><p>Izbira in komunikacija s prosilci<\/p><h3>Postopek upravljanja prosilcev na prvi pogled<\/h3><p>Poleg upravljanja delovnih mest in kandidatov lahko s pomo\u010djo natan\u010dnih analiz vedno spremljate stro\u0161ke, napor in uspe\u0161nost upravljanja kandidatov, kar vam omogo\u010da podrobno na\u010drtovanje in usklajevanje nalog postopka prijave. Dodatne funkcije CRM na\u0161e programske opreme zagotavljajo tudi uspe\u0161no upravljanje zaposlenih po zaklju\u010dku postopka prijave. <\/p>\t\t\t\t\t\t\t\t<\/div>\n\t\t\t\t<\/div>\n\t\t\t\t\t<\/div>\n\t\t<\/div>\n\t\t\t\t\t<\/div>\n\t\t<\/section>\n\t\t\t\t\t<\/div>\n\t\t<\/div>\n\t\t\t\t\t<\/div>\n\t\t<\/section>\n\t\t\t\t<\/div>\n\t\t","protected":false},"excerpt":{"rendered":"<p>Osebna programska oprema Od objave delovnega mesta do izbire kandidatov &#8211; na\u0161a programska oprema za upravljanje kandidatov za u\u010dinkovito zaposlovanje! Inovativno zaposlovanje s sistemom za upravljanje kandidatov 1Tool Upravljajte celoten postopek zaposlovanja s sistemom za upravljanje kandidatov 1Tool. Vse korake, od oblikovanja oglasov za delo do izbire kandidatov, lahko opravite na enem osrednjem mestu. Odlo\u010ditve [&hellip;]<\/p>\n","protected":false},"author":1,"featured_media":0,"parent":72670,"menu_order":0,"comment_status":"closed","ping_status":"closed","template":"","meta":{"inline_featured_image":false,"footnotes":""},"class_list":["post-72468","page","type-page","status-publish","hentry"],"acf":[],"yoast_head":"<!-- This site is optimized with the Yoast SEO plugin v27.5 - https:\/\/yoast.com\/product\/yoast-seo-wordpress\/ -->\n<title>Osebna programska oprema - 1Tool<\/title>\n<meta name=\"robots\" content=\"index, follow, max-snippet:-1, max-image-preview:large, max-video-preview:-1\" \/>\n<link rel=\"canonical\" href=\"https:\/\/www.1tool.com\/sl\/moduli\/posebni-moduli\/upravljanje-prosilcev\/funkcije-modula-za-upravljanje-prosilcev\/osebna-programska-oprema\/\" \/>\n<meta property=\"og:locale\" content=\"sl_SI\" \/>\n<meta property=\"og:type\" content=\"article\" \/>\n<meta property=\"og:title\" content=\"Osebna programska oprema - 1Tool\" \/>\n<meta property=\"og:description\" content=\"Osebna programska oprema Od objave delovnega mesta do izbire kandidatov &#8211; na\u0161a programska oprema za upravljanje kandidatov za u\u010dinkovito zaposlovanje! Inovativno zaposlovanje s sistemom za upravljanje kandidatov 1Tool Upravljajte celoten postopek zaposlovanja s sistemom za upravljanje kandidatov 1Tool. Vse korake, od oblikovanja oglasov za delo do izbire kandidatov, lahko opravite na enem osrednjem mestu. Odlo\u010ditve [&hellip;]\" \/>\n<meta property=\"og:url\" content=\"https:\/\/www.1tool.com\/sl\/moduli\/posebni-moduli\/upravljanje-prosilcev\/funkcije-modula-za-upravljanje-prosilcev\/osebna-programska-oprema\/\" \/>\n<meta property=\"og:site_name\" content=\"1Tool\" \/>\n<meta property=\"article:modified_time\" content=\"2026-04-30T14:37:06+00:00\" \/>\n<meta name=\"twitter:card\" content=\"summary_large_image\" \/>\n<meta name=\"twitter:label1\" content=\"Est. reading time\" \/>\n\t<meta name=\"twitter:data1\" content=\"2 minuti\" \/>\n<script type=\"application\/ld+json\" class=\"yoast-schema-graph\">{\"@context\":\"https:\\\/\\\/schema.org\",\"@graph\":[{\"@type\":\"WebPage\",\"@id\":\"https:\\\/\\\/www.1tool.com\\\/sl\\\/moduli\\\/posebni-moduli\\\/upravljanje-prosilcev\\\/funkcije-modula-za-upravljanje-prosilcev\\\/osebna-programska-oprema\\\/\",\"url\":\"https:\\\/\\\/www.1tool.com\\\/sl\\\/moduli\\\/posebni-moduli\\\/upravljanje-prosilcev\\\/funkcije-modula-za-upravljanje-prosilcev\\\/osebna-programska-oprema\\\/\",\"name\":\"Osebna programska oprema - 1Tool\",\"isPartOf\":{\"@id\":\"https:\\\/\\\/www.1tool.com\\\/sl\\\/#website\"},\"datePublished\":\"2022-03-31T02:35:34+00:00\",\"dateModified\":\"2026-04-30T14:37:06+00:00\",\"breadcrumb\":{\"@id\":\"https:\\\/\\\/www.1tool.com\\\/sl\\\/moduli\\\/posebni-moduli\\\/upravljanje-prosilcev\\\/funkcije-modula-za-upravljanje-prosilcev\\\/osebna-programska-oprema\\\/#breadcrumb\"},\"inLanguage\":\"sl-SI\",\"potentialAction\":[{\"@type\":\"ReadAction\",\"target\":[\"https:\\\/\\\/www.1tool.com\\\/sl\\\/moduli\\\/posebni-moduli\\\/upravljanje-prosilcev\\\/funkcije-modula-za-upravljanje-prosilcev\\\/osebna-programska-oprema\\\/\"]}]},{\"@type\":\"BreadcrumbList\",\"@id\":\"https:\\\/\\\/www.1tool.com\\\/sl\\\/moduli\\\/posebni-moduli\\\/upravljanje-prosilcev\\\/funkcije-modula-za-upravljanje-prosilcev\\\/osebna-programska-oprema\\\/#breadcrumb\",\"itemListElement\":[{\"@type\":\"ListItem\",\"position\":1,\"name\":\"Home\",\"item\":\"https:\\\/\\\/www.1tool.com\\\/sl\\\/\"},{\"@type\":\"ListItem\",\"position\":2,\"name\":\"Moduli\",\"item\":\"https:\\\/\\\/www.1tool.com\\\/sl\\\/module\\\/\"},{\"@type\":\"ListItem\",\"position\":3,\"name\":\"Posebni moduli\",\"item\":\"https:\\\/\\\/www.1tool.com\\\/sl\\\/moduli\\\/posebni-moduli\\\/\"},{\"@type\":\"ListItem\",\"position\":4,\"name\":\"Upravljanje prosilcev\",\"item\":\"https:\\\/\\\/www.1tool.com\\\/sl\\\/moduli\\\/posebni-moduli\\\/upravljanje-prosilcev\\\/\"},{\"@type\":\"ListItem\",\"position\":5,\"name\":\"Funkcije modula za upravljanje prosilcev\",\"item\":\"https:\\\/\\\/www.1tool.com\\\/sl\\\/moduli\\\/posebni-moduli\\\/upravljanje-prosilcev\\\/funkcije-modula-za-upravljanje-prosilcev\\\/\"},{\"@type\":\"ListItem\",\"position\":6,\"name\":\"Osebna programska oprema\"}]},{\"@type\":\"WebSite\",\"@id\":\"https:\\\/\\\/www.1tool.com\\\/sl\\\/#website\",\"url\":\"https:\\\/\\\/www.1tool.com\\\/sl\\\/\",\"name\":\"1Tool\",\"description\":\"CRM\",\"publisher\":{\"@id\":\"https:\\\/\\\/www.1tool.com\\\/sl\\\/#organization\"},\"potentialAction\":[{\"@type\":\"SearchAction\",\"target\":{\"@type\":\"EntryPoint\",\"urlTemplate\":\"https:\\\/\\\/www.1tool.com\\\/sl\\\/?s={search_term_string}\"},\"query-input\":{\"@type\":\"PropertyValueSpecification\",\"valueRequired\":true,\"valueName\":\"search_term_string\"}}],\"inLanguage\":\"sl-SI\"},{\"@type\":\"Organization\",\"@id\":\"https:\\\/\\\/www.1tool.com\\\/sl\\\/#organization\",\"name\":\"1Tool\",\"url\":\"https:\\\/\\\/www.1tool.com\\\/sl\\\/\",\"logo\":{\"@type\":\"ImageObject\",\"inLanguage\":\"sl-SI\",\"@id\":\"https:\\\/\\\/www.1tool.com\\\/sl\\\/#\\\/schema\\\/logo\\\/image\\\/\",\"url\":\"https:\\\/\\\/www.1tool.com\\\/wp-content\\\/uploads\\\/2022\\\/04\\\/1tool-1.png\",\"contentUrl\":\"https:\\\/\\\/www.1tool.com\\\/wp-content\\\/uploads\\\/2022\\\/04\\\/1tool-1.png\",\"width\":400,\"height\":150,\"caption\":\"1Tool\"},\"image\":{\"@id\":\"https:\\\/\\\/www.1tool.com\\\/sl\\\/#\\\/schema\\\/logo\\\/image\\\/\"}}]}<\/script>\n<!-- \/ Yoast SEO plugin. -->","yoast_head_json":{"title":"Osebna programska oprema - 1Tool","robots":{"index":"index","follow":"follow","max-snippet":"max-snippet:-1","max-image-preview":"max-image-preview:large","max-video-preview":"max-video-preview:-1"},"canonical":"https:\/\/www.1tool.com\/sl\/moduli\/posebni-moduli\/upravljanje-prosilcev\/funkcije-modula-za-upravljanje-prosilcev\/osebna-programska-oprema\/","og_locale":"sl_SI","og_type":"article","og_title":"Osebna programska oprema - 1Tool","og_description":"Osebna programska oprema Od objave delovnega mesta do izbire kandidatov &#8211; na\u0161a programska oprema za upravljanje kandidatov za u\u010dinkovito zaposlovanje! Inovativno zaposlovanje s sistemom za upravljanje kandidatov 1Tool Upravljajte celoten postopek zaposlovanja s sistemom za upravljanje kandidatov 1Tool. Vse korake, od oblikovanja oglasov za delo do izbire kandidatov, lahko opravite na enem osrednjem mestu. Odlo\u010ditve [&hellip;]","og_url":"https:\/\/www.1tool.com\/sl\/moduli\/posebni-moduli\/upravljanje-prosilcev\/funkcije-modula-za-upravljanje-prosilcev\/osebna-programska-oprema\/","og_site_name":"1Tool","article_modified_time":"2026-04-30T14:37:06+00:00","twitter_card":"summary_large_image","twitter_misc":{"Est. reading time":"2 minuti"},"schema":{"@context":"https:\/\/schema.org","@graph":[{"@type":"WebPage","@id":"https:\/\/www.1tool.com\/sl\/moduli\/posebni-moduli\/upravljanje-prosilcev\/funkcije-modula-za-upravljanje-prosilcev\/osebna-programska-oprema\/","url":"https:\/\/www.1tool.com\/sl\/moduli\/posebni-moduli\/upravljanje-prosilcev\/funkcije-modula-za-upravljanje-prosilcev\/osebna-programska-oprema\/","name":"Osebna programska oprema - 1Tool","isPartOf":{"@id":"https:\/\/www.1tool.com\/sl\/#website"},"datePublished":"2022-03-31T02:35:34+00:00","dateModified":"2026-04-30T14:37:06+00:00","breadcrumb":{"@id":"https:\/\/www.1tool.com\/sl\/moduli\/posebni-moduli\/upravljanje-prosilcev\/funkcije-modula-za-upravljanje-prosilcev\/osebna-programska-oprema\/#breadcrumb"},"inLanguage":"sl-SI","potentialAction":[{"@type":"ReadAction","target":["https:\/\/www.1tool.com\/sl\/moduli\/posebni-moduli\/upravljanje-prosilcev\/funkcije-modula-za-upravljanje-prosilcev\/osebna-programska-oprema\/"]}]},{"@type":"BreadcrumbList","@id":"https:\/\/www.1tool.com\/sl\/moduli\/posebni-moduli\/upravljanje-prosilcev\/funkcije-modula-za-upravljanje-prosilcev\/osebna-programska-oprema\/#breadcrumb","itemListElement":[{"@type":"ListItem","position":1,"name":"Home","item":"https:\/\/www.1tool.com\/sl\/"},{"@type":"ListItem","position":2,"name":"Moduli","item":"https:\/\/www.1tool.com\/sl\/module\/"},{"@type":"ListItem","position":3,"name":"Posebni moduli","item":"https:\/\/www.1tool.com\/sl\/moduli\/posebni-moduli\/"},{"@type":"ListItem","position":4,"name":"Upravljanje prosilcev","item":"https:\/\/www.1tool.com\/sl\/moduli\/posebni-moduli\/upravljanje-prosilcev\/"},{"@type":"ListItem","position":5,"name":"Funkcije modula za upravljanje prosilcev","item":"https:\/\/www.1tool.com\/sl\/moduli\/posebni-moduli\/upravljanje-prosilcev\/funkcije-modula-za-upravljanje-prosilcev\/"},{"@type":"ListItem","position":6,"name":"Osebna programska oprema"}]},{"@type":"WebSite","@id":"https:\/\/www.1tool.com\/sl\/#website","url":"https:\/\/www.1tool.com\/sl\/","name":"1Tool","description":"CRM","publisher":{"@id":"https:\/\/www.1tool.com\/sl\/#organization"},"potentialAction":[{"@type":"SearchAction","target":{"@type":"EntryPoint","urlTemplate":"https:\/\/www.1tool.com\/sl\/?s={search_term_string}"},"query-input":{"@type":"PropertyValueSpecification","valueRequired":true,"valueName":"search_term_string"}}],"inLanguage":"sl-SI"},{"@type":"Organization","@id":"https:\/\/www.1tool.com\/sl\/#organization","name":"1Tool","url":"https:\/\/www.1tool.com\/sl\/","logo":{"@type":"ImageObject","inLanguage":"sl-SI","@id":"https:\/\/www.1tool.com\/sl\/#\/schema\/logo\/image\/","url":"https:\/\/www.1tool.com\/wp-content\/uploads\/2022\/04\/1tool-1.png","contentUrl":"https:\/\/www.1tool.com\/wp-content\/uploads\/2022\/04\/1tool-1.png","width":400,"height":150,"caption":"1Tool"},"image":{"@id":"https:\/\/www.1tool.com\/sl\/#\/schema\/logo\/image\/"}}]}},"_links":{"self":[{"href":"https:\/\/www.1tool.com\/sl\/wp-json\/wp\/v2\/pages\/72468","targetHints":{"allow":["GET"]}}],"collection":[{"href":"https:\/\/www.1tool.com\/sl\/wp-json\/wp\/v2\/pages"}],"about":[{"href":"https:\/\/www.1tool.com\/sl\/wp-json\/wp\/v2\/types\/page"}],"author":[{"embeddable":true,"href":"https:\/\/www.1tool.com\/sl\/wp-json\/wp\/v2\/users\/1"}],"replies":[{"embeddable":true,"href":"https:\/\/www.1tool.com\/sl\/wp-json\/wp\/v2\/comments?post=72468"}],"version-history":[{"count":1,"href":"https:\/\/www.1tool.com\/sl\/wp-json\/wp\/v2\/pages\/72468\/revisions"}],"predecessor-version":[{"id":72470,"href":"https:\/\/www.1tool.com\/sl\/wp-json\/wp\/v2\/pages\/72468\/revisions\/72470"}],"up":[{"embeddable":true,"href":"https:\/\/www.1tool.com\/sl\/wp-json\/wp\/v2\/pages\/72670"}],"wp:attachment":[{"href":"https:\/\/www.1tool.com\/sl\/wp-json\/wp\/v2\/media?parent=72468"}],"curies":[{"name":"wp","href":"https:\/\/api.w.org\/{rel}","templated":true}]}}