{"id":72472,"date":"2022-03-31T04:32:28","date_gmt":"2022-03-31T02:32:28","guid":{"rendered":"https:\/\/www.1tool.com\/upravljanje-zaposlenih\/"},"modified":"2026-04-30T16:37:06","modified_gmt":"2026-04-30T14:37:06","slug":"upravljanje-zaposlenih","status":"publish","type":"page","link":"https:\/\/www.1tool.com\/sl\/moduli\/posebni-moduli\/upravljanje-prosilcev\/funkcije-modula-za-upravljanje-prosilcev\/upravljanje-zaposlenih\/","title":{"rendered":"Upravljanje zaposlenih"},"content":{"rendered":"\t\t<div data-elementor-type=\"wp-page\" data-elementor-id=\"72472\" class=\"elementor elementor-72472 elementor-49752\" data-elementor-post-type=\"page\">\n\t\t\t\t\t\t<section class=\"elementor-section elementor-top-section elementor-element elementor-element-293e640 elementor-section-boxed elementor-section-height-default elementor-section-height-default shadepro-adv-gradient-no shadepro-sticky-no\" data-id=\"293e640\" data-element_type=\"section\" data-e-type=\"section\" data-settings=\"{&quot;shadepro_sticky&quot;:&quot;no&quot;}\">\n\t\t\t\t\t\t<div class=\"elementor-container elementor-column-gap-default\">\n\t\t\t\t\t<div class=\"elementor-column elementor-col-100 elementor-top-column elementor-element elementor-element-ca0c934\" data-id=\"ca0c934\" data-element_type=\"column\" data-e-type=\"column\">\n\t\t\t<div class=\"elementor-widget-wrap elementor-element-populated\">\n\t\t\t\t\t\t<div class=\"elementor-element elementor-element-92f6fce shadepro-sticky-no elementor-widget elementor-widget-heading\" data-id=\"92f6fce\" data-element_type=\"widget\" data-e-type=\"widget\" data-settings=\"{&quot;shadepro_sticky&quot;:&quot;no&quot;}\" data-widget_type=\"heading.default\">\n\t\t\t\t<div class=\"elementor-widget-container\">\n\t\t\t\t\t<h1 class=\"elementor-heading-title elementor-size-default\">Upravljanje zaposlenih<\/h1>\t\t\t\t<\/div>\n\t\t\t\t<\/div>\n\t\t\t\t<div class=\"elementor-element elementor-element-be25e9c shadepro-sticky-no elementor-widget elementor-widget-text-editor\" data-id=\"be25e9c\" data-element_type=\"widget\" data-e-type=\"widget\" data-settings=\"{&quot;shadepro_sticky&quot;:&quot;no&quot;}\" data-widget_type=\"text-editor.default\">\n\t\t\t\t<div class=\"elementor-widget-container\">\n\t\t\t\t\t\t\t\t\t<p>1Orodje za upravljanje z zaposlenimi &#8211; re\u0161itev za profesionalno kadrovsko delo v va\u0161em podjetju<\/p>\t\t\t\t\t\t\t\t<\/div>\n\t\t\t\t<\/div>\n\t\t\t\t<section class=\"elementor-section elementor-inner-section elementor-element elementor-element-1f7d346 elementor-section-boxed elementor-section-height-default elementor-section-height-default shadepro-adv-gradient-no shadepro-sticky-no\" data-id=\"1f7d346\" data-element_type=\"section\" data-e-type=\"section\" data-settings=\"{&quot;shadepro_sticky&quot;:&quot;no&quot;}\">\n\t\t\t\t\t\t<div class=\"elementor-container elementor-column-gap-default\">\n\t\t\t\t\t<div class=\"elementor-column elementor-col-100 elementor-inner-column elementor-element elementor-element-d0c0b6e\" data-id=\"d0c0b6e\" data-element_type=\"column\" data-e-type=\"column\">\n\t\t\t<div class=\"elementor-widget-wrap elementor-element-populated\">\n\t\t\t\t\t\t<div class=\"elementor-element elementor-element-b59d24f shadepro-sticky-no elementor-widget elementor-widget-text-editor\" data-id=\"b59d24f\" data-element_type=\"widget\" data-e-type=\"widget\" data-settings=\"{&quot;shadepro_sticky&quot;:&quot;no&quot;}\" data-widget_type=\"text-editor.default\">\n\t\t\t\t<div class=\"elementor-widget-container\">\n\t\t\t\t\t\t\t\t\t<h3>Inteligentna programska oprema za upravljanje zaposlenih<\/h3><p>Na\u0161a programska oprema za upravljanje \u010dlove\u0161kih virov 1Tool vas podpira veliko dlje od obi\u010dajnega upravljanja kandidatov in zagotavlja uspe\u0161no upravljanje zaposlenih tudi po zaposlitvi kandidatov. \u0160tevilne funkcije zmanj\u0161ujejo administrativno obremenitev va\u0161ih kadrovskih procesov in vam pomagajo, da se v celoti osredoto\u010dite na kakovostno vodstveno delo. Motiviranje in ohranjanje zaposlenih &#8211; s programsko opremo 1Tool za uspe\u0161no upravljanje zaposlenih ni te\u017eav!  <\/p><h3>Ena re\u0161itev za vse kadrovske zadeve<\/h3><p>Na\u0161a profesionalna programska oprema za upravljanje zaposlenih vam zagotavlja celovito re\u0161itev za upravljanje \u010dlove\u0161kih virov, ne glede na to, ali gre za razvoj osebja, upravljanje delovnega \u010dasa ali dodeljevanje nalog. Intuitivni uporabni\u0161ki vmesnik programske opreme 1Tool HR zagotavlja ve\u010djo u\u010dinkovitost in avtomatizira upravljanje podatkov, pomembnih za kadrovsko slu\u017ebo. Kadrovsko re\u0161itev lahko prilagodite tako, da ustreza va\u0161emu vsakodnevnemu delu pri upravljanju \u010dlove\u0161kih virov, zaradi spletnega dostopa pa je na voljo na vseh kon\u010dnih napravah, ne glede na lokacijo in \u010das.  <\/p><h4>Upravljanje kadrovskih datotek s pritiskom na gumb<\/h4><p>Celovita funkcija za upravljanje stikov v re\u0161itvi 1Tool vam ne zagotavlja le podatkov o strankah ali dobaviteljih z enim samim pritiskom na gumb, temve\u010d tudi ustvarja strukturirano datoteko zaposlenih za uspe\u0161no upravljanje osebja. Na enem mestu lahko preprosto in enostavno bele\u017eite osebne podatke ter njihove naloge, delovni \u010das ali sestanke. <\/p><h4>Enostavno bele\u017eenje delovnega \u010dasa<\/h4><p>Delovni \u010das za vsakega zaposlenega dolo\u010dite v administraciji zaposlenih. Opravljene ure, bodisi za dolo\u010dene projekte, naloge ali stike, se samodejno zabele\u017eijo z enim samim klikom in shranijo v poro\u010dilo o evidentiranju delovnega \u010dasa zaposlenih. Tako imate stalen pregled nad opravljenimi dejavnostmi, delovnimi urami, nadurami, dopusti ali bolni\u0161kimi odsotnostmi.  <\/p><h4>U\u010dinkovito dodeljevanje nalog in virov<\/h4><p>Uspe\u0161no vodenje projektov je z orodjem 1Tool otro\u010dje lahka igra, saj ima sistem za upravljanje zaposlenih tudi na tem podro\u010dju nekaj pametnih funkcij: Na\u010drtujte in u\u010dinkovito usklajujte vire, ustvarjajte naloge in dodeljujte zaposlene s pritiskom na gumb.<\/p><h4>Profesionalno oblikovanje blagovne znamke delodajalca<\/h4><p>Z novicami in obvestili za zaposlene 1Tool lahko zaposlene obve\u0161\u010date o novostih, ciljih in uspehih podjetja ter se predstavljate kot privla\u010den delodajalec. S kontaktnimi skupinami in distribucijskimi seznami zagotovite, da se novice zaposlenim po\u0161iljajo na na\u010din, ki je prilagojen ciljni skupini, in jim redno posredujete pomembne informacije. <\/p><h4>Razvoj kadrov za va\u0161e strokovnjake<\/h4><p>Spodbujajte svoje talente in jim ponudite optimalne prilo\u017enosti za usposabljanje s programsko opremo 1Tool za upravljanje zaposlenih. Seminarje in te\u010daje lahko v programu 1Tool upravljate z enim samim pritiskom na gumb, udele\u017eencem pa nudite optimalno podporo. <\/p><h4>Redno preverjanje zadovoljstva zaposlenih<\/h4><p>Zadovoljni zaposleni so najpomembnej\u0161i vir podjetja. \u010ce \u017eelite zagotoviti, da vas zaposleni cenijo kot delodajalca ter da so zadovoljni s svojimi nalogami in dejavnostmi, na\u0161 sistem za upravljanje zaposlenih ponuja modul za strokovne ankete, s katerim lahko v rednih \u010dasovnih presledkih s pritiskom na gumb merite zadovoljstvo zaposlenih. <\/p>\t\t\t\t\t\t\t\t<\/div>\n\t\t\t\t<\/div>\n\t\t\t\t\t<\/div>\n\t\t<\/div>\n\t\t\t\t\t<\/div>\n\t\t<\/section>\n\t\t\t\t\t<\/div>\n\t\t<\/div>\n\t\t\t\t\t<\/div>\n\t\t<\/section>\n\t\t\t\t<\/div>\n\t\t","protected":false},"excerpt":{"rendered":"<p>Upravljanje zaposlenih 1Orodje za upravljanje z zaposlenimi &#8211; re\u0161itev za profesionalno kadrovsko delo v va\u0161em podjetju Inteligentna programska oprema za upravljanje zaposlenih Na\u0161a programska oprema za upravljanje \u010dlove\u0161kih virov 1Tool vas podpira veliko dlje od obi\u010dajnega upravljanja kandidatov in zagotavlja uspe\u0161no upravljanje zaposlenih tudi po zaposlitvi kandidatov. \u0160tevilne funkcije zmanj\u0161ujejo administrativno obremenitev va\u0161ih kadrovskih procesov [&hellip;]<\/p>\n","protected":false},"author":1,"featured_media":0,"parent":72670,"menu_order":0,"comment_status":"closed","ping_status":"closed","template":"","meta":{"inline_featured_image":false,"footnotes":""},"class_list":["post-72472","page","type-page","status-publish","hentry"],"acf":[],"yoast_head":"<!-- This site is optimized with the Yoast SEO plugin v27.5 - https:\/\/yoast.com\/product\/yoast-seo-wordpress\/ -->\n<title>Upravljanje zaposlenih - 1Tool<\/title>\n<meta name=\"robots\" content=\"index, follow, max-snippet:-1, max-image-preview:large, max-video-preview:-1\" \/>\n<link rel=\"canonical\" href=\"https:\/\/www.1tool.com\/sl\/moduli\/posebni-moduli\/upravljanje-prosilcev\/funkcije-modula-za-upravljanje-prosilcev\/upravljanje-zaposlenih\/\" \/>\n<meta property=\"og:locale\" content=\"sl_SI\" \/>\n<meta property=\"og:type\" content=\"article\" \/>\n<meta property=\"og:title\" content=\"Upravljanje zaposlenih - 1Tool\" \/>\n<meta property=\"og:description\" content=\"Upravljanje zaposlenih 1Orodje za upravljanje z zaposlenimi &#8211; re\u0161itev za profesionalno kadrovsko delo v va\u0161em podjetju Inteligentna programska oprema za upravljanje zaposlenih Na\u0161a programska oprema za upravljanje \u010dlove\u0161kih virov 1Tool vas podpira veliko dlje od obi\u010dajnega upravljanja kandidatov in zagotavlja uspe\u0161no upravljanje zaposlenih tudi po zaposlitvi kandidatov. \u0160tevilne funkcije zmanj\u0161ujejo administrativno obremenitev va\u0161ih kadrovskih procesov [&hellip;]\" \/>\n<meta property=\"og:url\" content=\"https:\/\/www.1tool.com\/sl\/moduli\/posebni-moduli\/upravljanje-prosilcev\/funkcije-modula-za-upravljanje-prosilcev\/upravljanje-zaposlenih\/\" \/>\n<meta property=\"og:site_name\" content=\"1Tool\" \/>\n<meta property=\"article:modified_time\" content=\"2026-04-30T14:37:06+00:00\" \/>\n<meta name=\"twitter:card\" content=\"summary_large_image\" \/>\n<meta name=\"twitter:label1\" content=\"Est. reading time\" \/>\n\t<meta name=\"twitter:data1\" content=\"3 minute\" \/>\n<script type=\"application\/ld+json\" class=\"yoast-schema-graph\">{\"@context\":\"https:\\\/\\\/schema.org\",\"@graph\":[{\"@type\":\"WebPage\",\"@id\":\"https:\\\/\\\/www.1tool.com\\\/sl\\\/moduli\\\/posebni-moduli\\\/upravljanje-prosilcev\\\/funkcije-modula-za-upravljanje-prosilcev\\\/upravljanje-zaposlenih\\\/\",\"url\":\"https:\\\/\\\/www.1tool.com\\\/sl\\\/moduli\\\/posebni-moduli\\\/upravljanje-prosilcev\\\/funkcije-modula-za-upravljanje-prosilcev\\\/upravljanje-zaposlenih\\\/\",\"name\":\"Upravljanje zaposlenih - 1Tool\",\"isPartOf\":{\"@id\":\"https:\\\/\\\/www.1tool.com\\\/sl\\\/#website\"},\"datePublished\":\"2022-03-31T02:32:28+00:00\",\"dateModified\":\"2026-04-30T14:37:06+00:00\",\"breadcrumb\":{\"@id\":\"https:\\\/\\\/www.1tool.com\\\/sl\\\/moduli\\\/posebni-moduli\\\/upravljanje-prosilcev\\\/funkcije-modula-za-upravljanje-prosilcev\\\/upravljanje-zaposlenih\\\/#breadcrumb\"},\"inLanguage\":\"sl-SI\",\"potentialAction\":[{\"@type\":\"ReadAction\",\"target\":[\"https:\\\/\\\/www.1tool.com\\\/sl\\\/moduli\\\/posebni-moduli\\\/upravljanje-prosilcev\\\/funkcije-modula-za-upravljanje-prosilcev\\\/upravljanje-zaposlenih\\\/\"]}]},{\"@type\":\"BreadcrumbList\",\"@id\":\"https:\\\/\\\/www.1tool.com\\\/sl\\\/moduli\\\/posebni-moduli\\\/upravljanje-prosilcev\\\/funkcije-modula-za-upravljanje-prosilcev\\\/upravljanje-zaposlenih\\\/#breadcrumb\",\"itemListElement\":[{\"@type\":\"ListItem\",\"position\":1,\"name\":\"Home\",\"item\":\"https:\\\/\\\/www.1tool.com\\\/sl\\\/\"},{\"@type\":\"ListItem\",\"position\":2,\"name\":\"Moduli\",\"item\":\"https:\\\/\\\/www.1tool.com\\\/sl\\\/module\\\/\"},{\"@type\":\"ListItem\",\"position\":3,\"name\":\"Posebni moduli\",\"item\":\"https:\\\/\\\/www.1tool.com\\\/sl\\\/moduli\\\/posebni-moduli\\\/\"},{\"@type\":\"ListItem\",\"position\":4,\"name\":\"Upravljanje prosilcev\",\"item\":\"https:\\\/\\\/www.1tool.com\\\/sl\\\/moduli\\\/posebni-moduli\\\/upravljanje-prosilcev\\\/\"},{\"@type\":\"ListItem\",\"position\":5,\"name\":\"Funkcije modula za upravljanje prosilcev\",\"item\":\"https:\\\/\\\/www.1tool.com\\\/sl\\\/moduli\\\/posebni-moduli\\\/upravljanje-prosilcev\\\/funkcije-modula-za-upravljanje-prosilcev\\\/\"},{\"@type\":\"ListItem\",\"position\":6,\"name\":\"Upravljanje zaposlenih\"}]},{\"@type\":\"WebSite\",\"@id\":\"https:\\\/\\\/www.1tool.com\\\/sl\\\/#website\",\"url\":\"https:\\\/\\\/www.1tool.com\\\/sl\\\/\",\"name\":\"1Tool\",\"description\":\"CRM\",\"publisher\":{\"@id\":\"https:\\\/\\\/www.1tool.com\\\/sl\\\/#organization\"},\"potentialAction\":[{\"@type\":\"SearchAction\",\"target\":{\"@type\":\"EntryPoint\",\"urlTemplate\":\"https:\\\/\\\/www.1tool.com\\\/sl\\\/?s={search_term_string}\"},\"query-input\":{\"@type\":\"PropertyValueSpecification\",\"valueRequired\":true,\"valueName\":\"search_term_string\"}}],\"inLanguage\":\"sl-SI\"},{\"@type\":\"Organization\",\"@id\":\"https:\\\/\\\/www.1tool.com\\\/sl\\\/#organization\",\"name\":\"1Tool\",\"url\":\"https:\\\/\\\/www.1tool.com\\\/sl\\\/\",\"logo\":{\"@type\":\"ImageObject\",\"inLanguage\":\"sl-SI\",\"@id\":\"https:\\\/\\\/www.1tool.com\\\/sl\\\/#\\\/schema\\\/logo\\\/image\\\/\",\"url\":\"https:\\\/\\\/www.1tool.com\\\/wp-content\\\/uploads\\\/2022\\\/04\\\/1tool-1.png\",\"contentUrl\":\"https:\\\/\\\/www.1tool.com\\\/wp-content\\\/uploads\\\/2022\\\/04\\\/1tool-1.png\",\"width\":400,\"height\":150,\"caption\":\"1Tool\"},\"image\":{\"@id\":\"https:\\\/\\\/www.1tool.com\\\/sl\\\/#\\\/schema\\\/logo\\\/image\\\/\"}}]}<\/script>\n<!-- \/ Yoast SEO plugin. -->","yoast_head_json":{"title":"Upravljanje zaposlenih - 1Tool","robots":{"index":"index","follow":"follow","max-snippet":"max-snippet:-1","max-image-preview":"max-image-preview:large","max-video-preview":"max-video-preview:-1"},"canonical":"https:\/\/www.1tool.com\/sl\/moduli\/posebni-moduli\/upravljanje-prosilcev\/funkcije-modula-za-upravljanje-prosilcev\/upravljanje-zaposlenih\/","og_locale":"sl_SI","og_type":"article","og_title":"Upravljanje zaposlenih - 1Tool","og_description":"Upravljanje zaposlenih 1Orodje za upravljanje z zaposlenimi &#8211; re\u0161itev za profesionalno kadrovsko delo v va\u0161em podjetju Inteligentna programska oprema za upravljanje zaposlenih Na\u0161a programska oprema za upravljanje \u010dlove\u0161kih virov 1Tool vas podpira veliko dlje od obi\u010dajnega upravljanja kandidatov in zagotavlja uspe\u0161no upravljanje zaposlenih tudi po zaposlitvi kandidatov. \u0160tevilne funkcije zmanj\u0161ujejo administrativno obremenitev va\u0161ih kadrovskih procesov [&hellip;]","og_url":"https:\/\/www.1tool.com\/sl\/moduli\/posebni-moduli\/upravljanje-prosilcev\/funkcije-modula-za-upravljanje-prosilcev\/upravljanje-zaposlenih\/","og_site_name":"1Tool","article_modified_time":"2026-04-30T14:37:06+00:00","twitter_card":"summary_large_image","twitter_misc":{"Est. reading time":"3 minute"},"schema":{"@context":"https:\/\/schema.org","@graph":[{"@type":"WebPage","@id":"https:\/\/www.1tool.com\/sl\/moduli\/posebni-moduli\/upravljanje-prosilcev\/funkcije-modula-za-upravljanje-prosilcev\/upravljanje-zaposlenih\/","url":"https:\/\/www.1tool.com\/sl\/moduli\/posebni-moduli\/upravljanje-prosilcev\/funkcije-modula-za-upravljanje-prosilcev\/upravljanje-zaposlenih\/","name":"Upravljanje zaposlenih - 1Tool","isPartOf":{"@id":"https:\/\/www.1tool.com\/sl\/#website"},"datePublished":"2022-03-31T02:32:28+00:00","dateModified":"2026-04-30T14:37:06+00:00","breadcrumb":{"@id":"https:\/\/www.1tool.com\/sl\/moduli\/posebni-moduli\/upravljanje-prosilcev\/funkcije-modula-za-upravljanje-prosilcev\/upravljanje-zaposlenih\/#breadcrumb"},"inLanguage":"sl-SI","potentialAction":[{"@type":"ReadAction","target":["https:\/\/www.1tool.com\/sl\/moduli\/posebni-moduli\/upravljanje-prosilcev\/funkcije-modula-za-upravljanje-prosilcev\/upravljanje-zaposlenih\/"]}]},{"@type":"BreadcrumbList","@id":"https:\/\/www.1tool.com\/sl\/moduli\/posebni-moduli\/upravljanje-prosilcev\/funkcije-modula-za-upravljanje-prosilcev\/upravljanje-zaposlenih\/#breadcrumb","itemListElement":[{"@type":"ListItem","position":1,"name":"Home","item":"https:\/\/www.1tool.com\/sl\/"},{"@type":"ListItem","position":2,"name":"Moduli","item":"https:\/\/www.1tool.com\/sl\/module\/"},{"@type":"ListItem","position":3,"name":"Posebni moduli","item":"https:\/\/www.1tool.com\/sl\/moduli\/posebni-moduli\/"},{"@type":"ListItem","position":4,"name":"Upravljanje prosilcev","item":"https:\/\/www.1tool.com\/sl\/moduli\/posebni-moduli\/upravljanje-prosilcev\/"},{"@type":"ListItem","position":5,"name":"Funkcije modula za upravljanje prosilcev","item":"https:\/\/www.1tool.com\/sl\/moduli\/posebni-moduli\/upravljanje-prosilcev\/funkcije-modula-za-upravljanje-prosilcev\/"},{"@type":"ListItem","position":6,"name":"Upravljanje zaposlenih"}]},{"@type":"WebSite","@id":"https:\/\/www.1tool.com\/sl\/#website","url":"https:\/\/www.1tool.com\/sl\/","name":"1Tool","description":"CRM","publisher":{"@id":"https:\/\/www.1tool.com\/sl\/#organization"},"potentialAction":[{"@type":"SearchAction","target":{"@type":"EntryPoint","urlTemplate":"https:\/\/www.1tool.com\/sl\/?s={search_term_string}"},"query-input":{"@type":"PropertyValueSpecification","valueRequired":true,"valueName":"search_term_string"}}],"inLanguage":"sl-SI"},{"@type":"Organization","@id":"https:\/\/www.1tool.com\/sl\/#organization","name":"1Tool","url":"https:\/\/www.1tool.com\/sl\/","logo":{"@type":"ImageObject","inLanguage":"sl-SI","@id":"https:\/\/www.1tool.com\/sl\/#\/schema\/logo\/image\/","url":"https:\/\/www.1tool.com\/wp-content\/uploads\/2022\/04\/1tool-1.png","contentUrl":"https:\/\/www.1tool.com\/wp-content\/uploads\/2022\/04\/1tool-1.png","width":400,"height":150,"caption":"1Tool"},"image":{"@id":"https:\/\/www.1tool.com\/sl\/#\/schema\/logo\/image\/"}}]}},"_links":{"self":[{"href":"https:\/\/www.1tool.com\/sl\/wp-json\/wp\/v2\/pages\/72472","targetHints":{"allow":["GET"]}}],"collection":[{"href":"https:\/\/www.1tool.com\/sl\/wp-json\/wp\/v2\/pages"}],"about":[{"href":"https:\/\/www.1tool.com\/sl\/wp-json\/wp\/v2\/types\/page"}],"author":[{"embeddable":true,"href":"https:\/\/www.1tool.com\/sl\/wp-json\/wp\/v2\/users\/1"}],"replies":[{"embeddable":true,"href":"https:\/\/www.1tool.com\/sl\/wp-json\/wp\/v2\/comments?post=72472"}],"version-history":[{"count":1,"href":"https:\/\/www.1tool.com\/sl\/wp-json\/wp\/v2\/pages\/72472\/revisions"}],"predecessor-version":[{"id":72475,"href":"https:\/\/www.1tool.com\/sl\/wp-json\/wp\/v2\/pages\/72472\/revisions\/72475"}],"up":[{"embeddable":true,"href":"https:\/\/www.1tool.com\/sl\/wp-json\/wp\/v2\/pages\/72670"}],"wp:attachment":[{"href":"https:\/\/www.1tool.com\/sl\/wp-json\/wp\/v2\/media?parent=72472"}],"curies":[{"name":"wp","href":"https:\/\/api.w.org\/{rel}","templated":true}]}}