{"id":72476,"date":"2022-03-31T04:30:27","date_gmt":"2022-03-31T02:30:27","guid":{"rendered":"https:\/\/www.1tool.com\/upravljanje-delovnih-mest\/"},"modified":"2026-04-30T16:37:05","modified_gmt":"2026-04-30T14:37:05","slug":"upravljanje-delovnih-mest","status":"publish","type":"page","link":"https:\/\/www.1tool.com\/sl\/moduli\/posebni-moduli\/upravljanje-prosilcev\/funkcije-modula-za-upravljanje-prosilcev\/upravljanje-delovnih-mest\/","title":{"rendered":"Upravljanje delovnih mest"},"content":{"rendered":"\t\t<div data-elementor-type=\"wp-page\" data-elementor-id=\"72476\" class=\"elementor elementor-72476 elementor-49744\" data-elementor-post-type=\"page\">\n\t\t\t\t\t\t<section class=\"elementor-section elementor-top-section elementor-element elementor-element-2c040c9 elementor-section-boxed elementor-section-height-default elementor-section-height-default shadepro-adv-gradient-no shadepro-sticky-no\" data-id=\"2c040c9\" data-element_type=\"section\" data-e-type=\"section\" data-settings=\"{&quot;shadepro_sticky&quot;:&quot;no&quot;}\">\n\t\t\t\t\t\t<div class=\"elementor-container elementor-column-gap-default\">\n\t\t\t\t\t<div class=\"elementor-column elementor-col-100 elementor-top-column elementor-element elementor-element-abc8ac7\" data-id=\"abc8ac7\" data-element_type=\"column\" data-e-type=\"column\">\n\t\t\t<div class=\"elementor-widget-wrap elementor-element-populated\">\n\t\t\t\t\t\t<div class=\"elementor-element elementor-element-1b70753 shadepro-sticky-no elementor-widget elementor-widget-heading\" data-id=\"1b70753\" data-element_type=\"widget\" data-e-type=\"widget\" data-settings=\"{&quot;shadepro_sticky&quot;:&quot;no&quot;}\" data-widget_type=\"heading.default\">\n\t\t\t\t<div class=\"elementor-widget-container\">\n\t\t\t\t\t<h1 class=\"elementor-heading-title elementor-size-default\">Upravljanje delovnih mest<\/h1>\t\t\t\t<\/div>\n\t\t\t\t<\/div>\n\t\t\t\t<div class=\"elementor-element elementor-element-6295e3a shadepro-sticky-no elementor-widget elementor-widget-text-editor\" data-id=\"6295e3a\" data-element_type=\"widget\" data-e-type=\"widget\" data-settings=\"{&quot;shadepro_sticky&quot;:&quot;no&quot;}\" data-widget_type=\"text-editor.default\">\n\t\t\t\t<div class=\"elementor-widget-container\">\n\t\t\t\t\t\t\t\t\t<p>Ne glede na to, ali ste zaposlovalec ali podjetje, v nekaj minutah ustvarite privla\u010dne oglase za delo in v eni podatkovni zbirki upravljajte celotno platformo za delovna mesta!<\/p>\t\t\t\t\t\t\t\t<\/div>\n\t\t\t\t<\/div>\n\t\t\t\t<section class=\"elementor-section elementor-inner-section elementor-element elementor-element-c317ff7 elementor-section-boxed elementor-section-height-default elementor-section-height-default shadepro-adv-gradient-no shadepro-sticky-no\" data-id=\"c317ff7\" data-element_type=\"section\" data-e-type=\"section\" data-settings=\"{&quot;shadepro_sticky&quot;:&quot;no&quot;}\">\n\t\t\t\t\t\t<div class=\"elementor-container elementor-column-gap-default\">\n\t\t\t\t\t<div class=\"elementor-column elementor-col-100 elementor-inner-column elementor-element elementor-element-955b4c6\" data-id=\"955b4c6\" data-element_type=\"column\" data-e-type=\"column\">\n\t\t\t<div class=\"elementor-widget-wrap elementor-element-populated\">\n\t\t\t\t\t\t<div class=\"elementor-element elementor-element-d353230 shadepro-sticky-no elementor-widget elementor-widget-text-editor\" data-id=\"d353230\" data-element_type=\"widget\" data-e-type=\"widget\" data-settings=\"{&quot;shadepro_sticky&quot;:&quot;no&quot;}\" data-widget_type=\"text-editor.default\">\n\t\t\t\t<div class=\"elementor-widget-container\">\n\t\t\t\t\t\t\t\t\t<h3>U\u010dinkovito upravljanje va\u0161ih delovnih mest<\/h3><p>Z orodjem 1Tool lahko upravljate notranja in zunanja delovna mesta. Aplikacijski modul omogo\u010da u\u010dinkovito in strukturirano delo ter zagotavlja pregledno dokumentacijo. <\/p><h4>Va\u0161e prednosti<\/h4><ul><li>U\u010dinkovito in sledljivo delo<\/li><li>Pregled prodaje in stro\u0161kov<\/li><li>Strukturirana razdelitev nalog<\/li><li>Urniki za va\u0161e oglase<\/li><\/ul><h3> <\/h3><h3>Ustvarjanje oglasov za delovna mesta<\/h3><p>Z orodjem 1Tool lahko v nekaj minutah ustvarite nove oglase za delo. Aktualna prosta delovna mesta se samodejno sinhronizirajo in takoj predstavijo na va\u0161i spletni strani. <\/p><p>1Tool je ve\u010djezi\u010den. To pomeni, da lahko oglase za delo ustvarite tudi v drugih jezikih. <\/p><h3>Prilagojen obrazec za prijavo<\/h3><p>Z integriranim obrazcem za prijavo se lahko kandidati prijavijo na razpisano delovno mesto neposredno na va\u0161em spletnem mestu. Poslani podatki se prek vmesnika za 1Tool takoj prenesejo v sistem in v va\u0161i zbirki podatkov o kandidatih se ustvari nov stik. <\/p><p>Obrazec in oglase za delo lahko prilagodite in prilagodite svoji korporativni zasnovi. Z izbiro lastnih polj obrazca zagotovite, da se zbirajo specifi\u010dne informacije, in zabele\u017eite le tiste podatke iz \u017eivljenjepisa, ki so dejansko pomembni za va\u0161 postopek prijave. <\/p><h3>Deljenje oglasov za delo na platformah za delovna mesta<\/h3><p>Vedno ve\u010d ljudi se pri iskanju zaposlitve obra\u010da na priljubljene oglasne deske, kot so karriere.at, Stepstone ali Monster. Prav zato ne smete zamuditi objave oglasov za delo na teh platformah. Za 1Tool to ni te\u017eava &#8211; zahvaljujo\u010d na\u0161emu lastnemu vmesniku lahko s pritiskom na gumb objavite svoje zaposlitvene ponudbe prek na\u0161e kadrovske programske opreme.  <\/p><p>Seveda 1Tool omogo\u010da tudi<strong> mo\u017enosti deljenja v dru\u017eabnih omre\u017ejih<\/strong>. Tako lahko za vsako delovno mesto dolo\u010dite, ali naj se deli tudi v dru\u017eabnih medijih, kot so Facebook, LinkedIn, Twitter itd. <\/p><p>Seveda se lahko kandidat na va\u0161em spletnem mestu prijavi za ve\u010d delovnih mest. S pomo\u010djo tako imenovanega prepoznavanja dvojnikov programska oprema za prijavitelje takoj prepozna enega in istega kandidata ter ga v zbirki podatkov ustvari samo enkrat. <\/p>\t\t\t\t\t\t\t\t<\/div>\n\t\t\t\t<\/div>\n\t\t\t\t\t<\/div>\n\t\t<\/div>\n\t\t\t\t\t<\/div>\n\t\t<\/section>\n\t\t\t\t\t<\/div>\n\t\t<\/div>\n\t\t\t\t\t<\/div>\n\t\t<\/section>\n\t\t\t\t<\/div>\n\t\t","protected":false},"excerpt":{"rendered":"<p>Upravljanje delovnih mest Ne glede na to, ali ste zaposlovalec ali podjetje, v nekaj minutah ustvarite privla\u010dne oglase za delo in v eni podatkovni zbirki upravljajte celotno platformo za delovna mesta! U\u010dinkovito upravljanje va\u0161ih delovnih mest Z orodjem 1Tool lahko upravljate notranja in zunanja delovna mesta. Aplikacijski modul omogo\u010da u\u010dinkovito in strukturirano delo ter zagotavlja [&hellip;]<\/p>\n","protected":false},"author":1,"featured_media":0,"parent":72670,"menu_order":0,"comment_status":"closed","ping_status":"closed","template":"","meta":{"inline_featured_image":false,"footnotes":""},"class_list":["post-72476","page","type-page","status-publish","hentry"],"acf":[],"yoast_head":"<!-- This site is optimized with the Yoast SEO plugin v27.5 - https:\/\/yoast.com\/product\/yoast-seo-wordpress\/ -->\n<title>Upravljanje delovnih mest - 1Tool<\/title>\n<meta name=\"robots\" content=\"index, follow, max-snippet:-1, max-image-preview:large, max-video-preview:-1\" \/>\n<link rel=\"canonical\" href=\"https:\/\/www.1tool.com\/sl\/moduli\/posebni-moduli\/upravljanje-prosilcev\/funkcije-modula-za-upravljanje-prosilcev\/upravljanje-delovnih-mest\/\" \/>\n<meta property=\"og:locale\" content=\"sl_SI\" \/>\n<meta property=\"og:type\" content=\"article\" \/>\n<meta property=\"og:title\" content=\"Upravljanje delovnih mest - 1Tool\" \/>\n<meta property=\"og:description\" content=\"Upravljanje delovnih mest Ne glede na to, ali ste zaposlovalec ali podjetje, v nekaj minutah ustvarite privla\u010dne oglase za delo in v eni podatkovni zbirki upravljajte celotno platformo za delovna mesta! U\u010dinkovito upravljanje va\u0161ih delovnih mest Z orodjem 1Tool lahko upravljate notranja in zunanja delovna mesta. Aplikacijski modul omogo\u010da u\u010dinkovito in strukturirano delo ter zagotavlja [&hellip;]\" \/>\n<meta property=\"og:url\" content=\"https:\/\/www.1tool.com\/sl\/moduli\/posebni-moduli\/upravljanje-prosilcev\/funkcije-modula-za-upravljanje-prosilcev\/upravljanje-delovnih-mest\/\" \/>\n<meta property=\"og:site_name\" content=\"1Tool\" \/>\n<meta property=\"article:modified_time\" content=\"2026-04-30T14:37:05+00:00\" \/>\n<meta name=\"twitter:card\" content=\"summary_large_image\" \/>\n<meta name=\"twitter:label1\" content=\"Est. reading time\" \/>\n\t<meta name=\"twitter:data1\" content=\"2 minuti\" \/>\n<script type=\"application\/ld+json\" class=\"yoast-schema-graph\">{\"@context\":\"https:\\\/\\\/schema.org\",\"@graph\":[{\"@type\":\"WebPage\",\"@id\":\"https:\\\/\\\/www.1tool.com\\\/sl\\\/moduli\\\/posebni-moduli\\\/upravljanje-prosilcev\\\/funkcije-modula-za-upravljanje-prosilcev\\\/upravljanje-delovnih-mest\\\/\",\"url\":\"https:\\\/\\\/www.1tool.com\\\/sl\\\/moduli\\\/posebni-moduli\\\/upravljanje-prosilcev\\\/funkcije-modula-za-upravljanje-prosilcev\\\/upravljanje-delovnih-mest\\\/\",\"name\":\"Upravljanje delovnih mest - 1Tool\",\"isPartOf\":{\"@id\":\"https:\\\/\\\/www.1tool.com\\\/sl\\\/#website\"},\"datePublished\":\"2022-03-31T02:30:27+00:00\",\"dateModified\":\"2026-04-30T14:37:05+00:00\",\"breadcrumb\":{\"@id\":\"https:\\\/\\\/www.1tool.com\\\/sl\\\/moduli\\\/posebni-moduli\\\/upravljanje-prosilcev\\\/funkcije-modula-za-upravljanje-prosilcev\\\/upravljanje-delovnih-mest\\\/#breadcrumb\"},\"inLanguage\":\"sl-SI\",\"potentialAction\":[{\"@type\":\"ReadAction\",\"target\":[\"https:\\\/\\\/www.1tool.com\\\/sl\\\/moduli\\\/posebni-moduli\\\/upravljanje-prosilcev\\\/funkcije-modula-za-upravljanje-prosilcev\\\/upravljanje-delovnih-mest\\\/\"]}]},{\"@type\":\"BreadcrumbList\",\"@id\":\"https:\\\/\\\/www.1tool.com\\\/sl\\\/moduli\\\/posebni-moduli\\\/upravljanje-prosilcev\\\/funkcije-modula-za-upravljanje-prosilcev\\\/upravljanje-delovnih-mest\\\/#breadcrumb\",\"itemListElement\":[{\"@type\":\"ListItem\",\"position\":1,\"name\":\"Home\",\"item\":\"https:\\\/\\\/www.1tool.com\\\/sl\\\/\"},{\"@type\":\"ListItem\",\"position\":2,\"name\":\"Moduli\",\"item\":\"https:\\\/\\\/www.1tool.com\\\/sl\\\/module\\\/\"},{\"@type\":\"ListItem\",\"position\":3,\"name\":\"Posebni moduli\",\"item\":\"https:\\\/\\\/www.1tool.com\\\/sl\\\/moduli\\\/posebni-moduli\\\/\"},{\"@type\":\"ListItem\",\"position\":4,\"name\":\"Upravljanje prosilcev\",\"item\":\"https:\\\/\\\/www.1tool.com\\\/sl\\\/moduli\\\/posebni-moduli\\\/upravljanje-prosilcev\\\/\"},{\"@type\":\"ListItem\",\"position\":5,\"name\":\"Funkcije modula za upravljanje prosilcev\",\"item\":\"https:\\\/\\\/www.1tool.com\\\/sl\\\/moduli\\\/posebni-moduli\\\/upravljanje-prosilcev\\\/funkcije-modula-za-upravljanje-prosilcev\\\/\"},{\"@type\":\"ListItem\",\"position\":6,\"name\":\"Upravljanje delovnih mest\"}]},{\"@type\":\"WebSite\",\"@id\":\"https:\\\/\\\/www.1tool.com\\\/sl\\\/#website\",\"url\":\"https:\\\/\\\/www.1tool.com\\\/sl\\\/\",\"name\":\"1Tool\",\"description\":\"CRM\",\"publisher\":{\"@id\":\"https:\\\/\\\/www.1tool.com\\\/sl\\\/#organization\"},\"potentialAction\":[{\"@type\":\"SearchAction\",\"target\":{\"@type\":\"EntryPoint\",\"urlTemplate\":\"https:\\\/\\\/www.1tool.com\\\/sl\\\/?s={search_term_string}\"},\"query-input\":{\"@type\":\"PropertyValueSpecification\",\"valueRequired\":true,\"valueName\":\"search_term_string\"}}],\"inLanguage\":\"sl-SI\"},{\"@type\":\"Organization\",\"@id\":\"https:\\\/\\\/www.1tool.com\\\/sl\\\/#organization\",\"name\":\"1Tool\",\"url\":\"https:\\\/\\\/www.1tool.com\\\/sl\\\/\",\"logo\":{\"@type\":\"ImageObject\",\"inLanguage\":\"sl-SI\",\"@id\":\"https:\\\/\\\/www.1tool.com\\\/sl\\\/#\\\/schema\\\/logo\\\/image\\\/\",\"url\":\"https:\\\/\\\/www.1tool.com\\\/wp-content\\\/uploads\\\/2022\\\/04\\\/1tool-1.png\",\"contentUrl\":\"https:\\\/\\\/www.1tool.com\\\/wp-content\\\/uploads\\\/2022\\\/04\\\/1tool-1.png\",\"width\":400,\"height\":150,\"caption\":\"1Tool\"},\"image\":{\"@id\":\"https:\\\/\\\/www.1tool.com\\\/sl\\\/#\\\/schema\\\/logo\\\/image\\\/\"}}]}<\/script>\n<!-- \/ Yoast SEO plugin. -->","yoast_head_json":{"title":"Upravljanje delovnih mest - 1Tool","robots":{"index":"index","follow":"follow","max-snippet":"max-snippet:-1","max-image-preview":"max-image-preview:large","max-video-preview":"max-video-preview:-1"},"canonical":"https:\/\/www.1tool.com\/sl\/moduli\/posebni-moduli\/upravljanje-prosilcev\/funkcije-modula-za-upravljanje-prosilcev\/upravljanje-delovnih-mest\/","og_locale":"sl_SI","og_type":"article","og_title":"Upravljanje delovnih mest - 1Tool","og_description":"Upravljanje delovnih mest Ne glede na to, ali ste zaposlovalec ali podjetje, v nekaj minutah ustvarite privla\u010dne oglase za delo in v eni podatkovni zbirki upravljajte celotno platformo za delovna mesta! U\u010dinkovito upravljanje va\u0161ih delovnih mest Z orodjem 1Tool lahko upravljate notranja in zunanja delovna mesta. Aplikacijski modul omogo\u010da u\u010dinkovito in strukturirano delo ter zagotavlja [&hellip;]","og_url":"https:\/\/www.1tool.com\/sl\/moduli\/posebni-moduli\/upravljanje-prosilcev\/funkcije-modula-za-upravljanje-prosilcev\/upravljanje-delovnih-mest\/","og_site_name":"1Tool","article_modified_time":"2026-04-30T14:37:05+00:00","twitter_card":"summary_large_image","twitter_misc":{"Est. reading time":"2 minuti"},"schema":{"@context":"https:\/\/schema.org","@graph":[{"@type":"WebPage","@id":"https:\/\/www.1tool.com\/sl\/moduli\/posebni-moduli\/upravljanje-prosilcev\/funkcije-modula-za-upravljanje-prosilcev\/upravljanje-delovnih-mest\/","url":"https:\/\/www.1tool.com\/sl\/moduli\/posebni-moduli\/upravljanje-prosilcev\/funkcije-modula-za-upravljanje-prosilcev\/upravljanje-delovnih-mest\/","name":"Upravljanje delovnih mest - 1Tool","isPartOf":{"@id":"https:\/\/www.1tool.com\/sl\/#website"},"datePublished":"2022-03-31T02:30:27+00:00","dateModified":"2026-04-30T14:37:05+00:00","breadcrumb":{"@id":"https:\/\/www.1tool.com\/sl\/moduli\/posebni-moduli\/upravljanje-prosilcev\/funkcije-modula-za-upravljanje-prosilcev\/upravljanje-delovnih-mest\/#breadcrumb"},"inLanguage":"sl-SI","potentialAction":[{"@type":"ReadAction","target":["https:\/\/www.1tool.com\/sl\/moduli\/posebni-moduli\/upravljanje-prosilcev\/funkcije-modula-za-upravljanje-prosilcev\/upravljanje-delovnih-mest\/"]}]},{"@type":"BreadcrumbList","@id":"https:\/\/www.1tool.com\/sl\/moduli\/posebni-moduli\/upravljanje-prosilcev\/funkcije-modula-za-upravljanje-prosilcev\/upravljanje-delovnih-mest\/#breadcrumb","itemListElement":[{"@type":"ListItem","position":1,"name":"Home","item":"https:\/\/www.1tool.com\/sl\/"},{"@type":"ListItem","position":2,"name":"Moduli","item":"https:\/\/www.1tool.com\/sl\/module\/"},{"@type":"ListItem","position":3,"name":"Posebni moduli","item":"https:\/\/www.1tool.com\/sl\/moduli\/posebni-moduli\/"},{"@type":"ListItem","position":4,"name":"Upravljanje prosilcev","item":"https:\/\/www.1tool.com\/sl\/moduli\/posebni-moduli\/upravljanje-prosilcev\/"},{"@type":"ListItem","position":5,"name":"Funkcije modula za upravljanje prosilcev","item":"https:\/\/www.1tool.com\/sl\/moduli\/posebni-moduli\/upravljanje-prosilcev\/funkcije-modula-za-upravljanje-prosilcev\/"},{"@type":"ListItem","position":6,"name":"Upravljanje delovnih mest"}]},{"@type":"WebSite","@id":"https:\/\/www.1tool.com\/sl\/#website","url":"https:\/\/www.1tool.com\/sl\/","name":"1Tool","description":"CRM","publisher":{"@id":"https:\/\/www.1tool.com\/sl\/#organization"},"potentialAction":[{"@type":"SearchAction","target":{"@type":"EntryPoint","urlTemplate":"https:\/\/www.1tool.com\/sl\/?s={search_term_string}"},"query-input":{"@type":"PropertyValueSpecification","valueRequired":true,"valueName":"search_term_string"}}],"inLanguage":"sl-SI"},{"@type":"Organization","@id":"https:\/\/www.1tool.com\/sl\/#organization","name":"1Tool","url":"https:\/\/www.1tool.com\/sl\/","logo":{"@type":"ImageObject","inLanguage":"sl-SI","@id":"https:\/\/www.1tool.com\/sl\/#\/schema\/logo\/image\/","url":"https:\/\/www.1tool.com\/wp-content\/uploads\/2022\/04\/1tool-1.png","contentUrl":"https:\/\/www.1tool.com\/wp-content\/uploads\/2022\/04\/1tool-1.png","width":400,"height":150,"caption":"1Tool"},"image":{"@id":"https:\/\/www.1tool.com\/sl\/#\/schema\/logo\/image\/"}}]}},"_links":{"self":[{"href":"https:\/\/www.1tool.com\/sl\/wp-json\/wp\/v2\/pages\/72476","targetHints":{"allow":["GET"]}}],"collection":[{"href":"https:\/\/www.1tool.com\/sl\/wp-json\/wp\/v2\/pages"}],"about":[{"href":"https:\/\/www.1tool.com\/sl\/wp-json\/wp\/v2\/types\/page"}],"author":[{"embeddable":true,"href":"https:\/\/www.1tool.com\/sl\/wp-json\/wp\/v2\/users\/1"}],"replies":[{"embeddable":true,"href":"https:\/\/www.1tool.com\/sl\/wp-json\/wp\/v2\/comments?post=72476"}],"version-history":[{"count":1,"href":"https:\/\/www.1tool.com\/sl\/wp-json\/wp\/v2\/pages\/72476\/revisions"}],"predecessor-version":[{"id":72478,"href":"https:\/\/www.1tool.com\/sl\/wp-json\/wp\/v2\/pages\/72476\/revisions\/72478"}],"up":[{"embeddable":true,"href":"https:\/\/www.1tool.com\/sl\/wp-json\/wp\/v2\/pages\/72670"}],"wp:attachment":[{"href":"https:\/\/www.1tool.com\/sl\/wp-json\/wp\/v2\/media?parent=72476"}],"curies":[{"name":"wp","href":"https:\/\/api.w.org\/{rel}","templated":true}]}}