{"id":72482,"date":"2022-03-31T04:28:31","date_gmt":"2022-03-31T02:28:31","guid":{"rendered":"https:\/\/www.1tool.com\/komunikacija-s-prosilci\/"},"modified":"2026-04-30T16:37:05","modified_gmt":"2026-04-30T14:37:05","slug":"komunikacija-s-prosilci","status":"publish","type":"page","link":"https:\/\/www.1tool.com\/sl\/moduli\/posebni-moduli\/upravljanje-prosilcev\/funkcije-modula-za-upravljanje-prosilcev\/komunikacija-s-prosilci\/","title":{"rendered":"Komunikacija s prosilci"},"content":{"rendered":"\t\t<div data-elementor-type=\"wp-page\" data-elementor-id=\"72482\" class=\"elementor elementor-72482 elementor-49736\" data-elementor-post-type=\"page\">\n\t\t\t\t\t\t<section class=\"elementor-section elementor-top-section elementor-element elementor-element-c533c9a elementor-section-boxed elementor-section-height-default elementor-section-height-default shadepro-adv-gradient-no shadepro-sticky-no\" data-id=\"c533c9a\" data-element_type=\"section\" data-e-type=\"section\" data-settings=\"{&quot;shadepro_sticky&quot;:&quot;no&quot;}\">\n\t\t\t\t\t\t<div class=\"elementor-container elementor-column-gap-default\">\n\t\t\t\t\t<div class=\"elementor-column elementor-col-100 elementor-top-column elementor-element elementor-element-145479e\" data-id=\"145479e\" data-element_type=\"column\" data-e-type=\"column\">\n\t\t\t<div class=\"elementor-widget-wrap elementor-element-populated\">\n\t\t\t\t\t\t<div class=\"elementor-element elementor-element-f61d504 shadepro-sticky-no elementor-widget elementor-widget-heading\" data-id=\"f61d504\" data-element_type=\"widget\" data-e-type=\"widget\" data-settings=\"{&quot;shadepro_sticky&quot;:&quot;no&quot;}\" data-widget_type=\"heading.default\">\n\t\t\t\t<div class=\"elementor-widget-container\">\n\t\t\t\t\t<h1 class=\"elementor-heading-title elementor-size-default\">Komunikacija s prosilci<\/h1>\t\t\t\t<\/div>\n\t\t\t\t<\/div>\n\t\t\t\t<div class=\"elementor-element elementor-element-e56c7e0 shadepro-sticky-no elementor-widget elementor-widget-text-editor\" data-id=\"e56c7e0\" data-element_type=\"widget\" data-e-type=\"widget\" data-settings=\"{&quot;shadepro_sticky&quot;:&quot;no&quot;}\" data-widget_type=\"text-editor.default\">\n\t\t\t\t<div class=\"elementor-widget-container\">\n\t\t\t\t\t\t\t\t\t<p>S programsko opremo 1Tool e-Recruiting lahko potencialne kandidate dose\u017eete na vseh ustreznih kanalih in imate koristi od stalno posodobljenih informacij o kandidatih!<\/p>\t\t\t\t\t\t\t\t<\/div>\n\t\t\t\t<\/div>\n\t\t\t\t<section class=\"elementor-section elementor-inner-section elementor-element elementor-element-3aa7365 elementor-section-boxed elementor-section-height-default elementor-section-height-default shadepro-adv-gradient-no shadepro-sticky-no\" data-id=\"3aa7365\" data-element_type=\"section\" data-e-type=\"section\" data-settings=\"{&quot;shadepro_sticky&quot;:&quot;no&quot;}\">\n\t\t\t\t\t\t<div class=\"elementor-container elementor-column-gap-default\">\n\t\t\t\t\t<div class=\"elementor-column elementor-col-100 elementor-inner-column elementor-element elementor-element-2fc3dbe\" data-id=\"2fc3dbe\" data-element_type=\"column\" data-e-type=\"column\">\n\t\t\t<div class=\"elementor-widget-wrap elementor-element-populated\">\n\t\t\t\t\t\t<div class=\"elementor-element elementor-element-8ba4b33 shadepro-sticky-no elementor-widget elementor-widget-text-editor\" data-id=\"8ba4b33\" data-element_type=\"widget\" data-e-type=\"widget\" data-settings=\"{&quot;shadepro_sticky&quot;:&quot;no&quot;}\" data-widget_type=\"text-editor.default\">\n\t\t\t\t<div class=\"elementor-widget-container\">\n\t\t\t\t\t\t\t\t\t<h3>Avtomatizirana komunikacija s prosilci<\/h3><p>Ko je odlo\u010ditev sprejeta, je treba kandidate \u010dim prej obvestiti. Da bi lahko svojo odlo\u010ditev sporo\u010dili neposredno, vam 1Tool omogo\u010da ustvarjanje razli\u010dnih predlog e-po\u0161te. S samo enim klikom lahko kandidatom po\u0161ljete samodejna sporo\u010dila, s katerimi jih obvestite o zavrnitvi, potrditvi ali povabilu v naslednji krog.  <\/p><p>Posebni zaznamki dodajo va\u0161im e-po\u0161tnim sporo\u010dilom osebno noto. Podatki, shranjeni v kadrovski programski opremi, se uporabljajo za ustvarjanje neposrednih naslovov po imenu. <\/p><h3>E-novice<\/h3><p>redno obve\u0161\u010danje kandidatov o novih prostih delovnih mestih, ki najbolj ustrezajo njihovemu profilu. S tem ne le la\u017eje najdete primerne kandidate, ampak tudi ostanete v stiku z obetavnimi kandidati in se predstavite kot pomemben partner pri zaposlovanju. <\/p><p>Uporabite pametne distribucijske sezname 1Tool! Kandidate lahko razvrstite glede na kvalifikacije in interese ter jim s pritiskom na gumb po\u0161ljete ustrezne ponudbe za delo. <\/p><h3>SMS opomnik<\/h3><p>Z orodjem 1Tool so kandidati opomnjeni na razgovor, \u0161e preden se ta opravi. To storite tako, da preprosto po\u0161ljete novico SMS. Ne samo, da se besedilna sporo\u010dila obi\u010dajno preberejo takoj po prejemu, va\u0161i kandidati bodo \u017ee prepoznali strokovnost va\u0161ega podjetja. Poleg tega lahko sestanke in naloge organizirate veliko bolj u\u010dinkovito &#8211; ker: Kandidati bodo sestanke vsaj odpovedali, \u010de boste pred razgovorom prejeli opozorilno besedilno sporo\u010dilo!   <\/p>\t\t\t\t\t\t\t\t<\/div>\n\t\t\t\t<\/div>\n\t\t\t\t\t<\/div>\n\t\t<\/div>\n\t\t\t\t\t<\/div>\n\t\t<\/section>\n\t\t\t\t\t<\/div>\n\t\t<\/div>\n\t\t\t\t\t<\/div>\n\t\t<\/section>\n\t\t\t\t<\/div>\n\t\t","protected":false},"excerpt":{"rendered":"<p>Komunikacija s prosilci S programsko opremo 1Tool e-Recruiting lahko potencialne kandidate dose\u017eete na vseh ustreznih kanalih in imate koristi od stalno posodobljenih informacij o kandidatih! Avtomatizirana komunikacija s prosilci Ko je odlo\u010ditev sprejeta, je treba kandidate \u010dim prej obvestiti. Da bi lahko svojo odlo\u010ditev sporo\u010dili neposredno, vam 1Tool omogo\u010da ustvarjanje razli\u010dnih predlog e-po\u0161te. S samo [&hellip;]<\/p>\n","protected":false},"author":1,"featured_media":0,"parent":72670,"menu_order":0,"comment_status":"closed","ping_status":"closed","template":"","meta":{"inline_featured_image":false,"footnotes":""},"class_list":["post-72482","page","type-page","status-publish","hentry"],"acf":[],"yoast_head":"<!-- This site is optimized with the Yoast SEO plugin v27.5 - https:\/\/yoast.com\/product\/yoast-seo-wordpress\/ -->\n<title>Komunikacija s prosilci - 1Tool<\/title>\n<meta name=\"robots\" content=\"index, follow, max-snippet:-1, max-image-preview:large, max-video-preview:-1\" \/>\n<link rel=\"canonical\" href=\"https:\/\/www.1tool.com\/sl\/moduli\/posebni-moduli\/upravljanje-prosilcev\/funkcije-modula-za-upravljanje-prosilcev\/komunikacija-s-prosilci\/\" \/>\n<meta property=\"og:locale\" content=\"sl_SI\" \/>\n<meta property=\"og:type\" content=\"article\" \/>\n<meta property=\"og:title\" content=\"Komunikacija s prosilci - 1Tool\" \/>\n<meta property=\"og:description\" content=\"Komunikacija s prosilci S programsko opremo 1Tool e-Recruiting lahko potencialne kandidate dose\u017eete na vseh ustreznih kanalih in imate koristi od stalno posodobljenih informacij o kandidatih! Avtomatizirana komunikacija s prosilci Ko je odlo\u010ditev sprejeta, je treba kandidate \u010dim prej obvestiti. Da bi lahko svojo odlo\u010ditev sporo\u010dili neposredno, vam 1Tool omogo\u010da ustvarjanje razli\u010dnih predlog e-po\u0161te. S samo [&hellip;]\" \/>\n<meta property=\"og:url\" content=\"https:\/\/www.1tool.com\/sl\/moduli\/posebni-moduli\/upravljanje-prosilcev\/funkcije-modula-za-upravljanje-prosilcev\/komunikacija-s-prosilci\/\" \/>\n<meta property=\"og:site_name\" content=\"1Tool\" \/>\n<meta property=\"article:modified_time\" content=\"2026-04-30T14:37:05+00:00\" \/>\n<meta name=\"twitter:card\" content=\"summary_large_image\" \/>\n<meta name=\"twitter:label1\" content=\"Est. reading time\" \/>\n\t<meta name=\"twitter:data1\" content=\"1 minuta\" \/>\n<script type=\"application\/ld+json\" class=\"yoast-schema-graph\">{\"@context\":\"https:\\\/\\\/schema.org\",\"@graph\":[{\"@type\":\"WebPage\",\"@id\":\"https:\\\/\\\/www.1tool.com\\\/sl\\\/moduli\\\/posebni-moduli\\\/upravljanje-prosilcev\\\/funkcije-modula-za-upravljanje-prosilcev\\\/komunikacija-s-prosilci\\\/\",\"url\":\"https:\\\/\\\/www.1tool.com\\\/sl\\\/moduli\\\/posebni-moduli\\\/upravljanje-prosilcev\\\/funkcije-modula-za-upravljanje-prosilcev\\\/komunikacija-s-prosilci\\\/\",\"name\":\"Komunikacija s prosilci - 1Tool\",\"isPartOf\":{\"@id\":\"https:\\\/\\\/www.1tool.com\\\/sl\\\/#website\"},\"datePublished\":\"2022-03-31T02:28:31+00:00\",\"dateModified\":\"2026-04-30T14:37:05+00:00\",\"breadcrumb\":{\"@id\":\"https:\\\/\\\/www.1tool.com\\\/sl\\\/moduli\\\/posebni-moduli\\\/upravljanje-prosilcev\\\/funkcije-modula-za-upravljanje-prosilcev\\\/komunikacija-s-prosilci\\\/#breadcrumb\"},\"inLanguage\":\"sl-SI\",\"potentialAction\":[{\"@type\":\"ReadAction\",\"target\":[\"https:\\\/\\\/www.1tool.com\\\/sl\\\/moduli\\\/posebni-moduli\\\/upravljanje-prosilcev\\\/funkcije-modula-za-upravljanje-prosilcev\\\/komunikacija-s-prosilci\\\/\"]}]},{\"@type\":\"BreadcrumbList\",\"@id\":\"https:\\\/\\\/www.1tool.com\\\/sl\\\/moduli\\\/posebni-moduli\\\/upravljanje-prosilcev\\\/funkcije-modula-za-upravljanje-prosilcev\\\/komunikacija-s-prosilci\\\/#breadcrumb\",\"itemListElement\":[{\"@type\":\"ListItem\",\"position\":1,\"name\":\"Home\",\"item\":\"https:\\\/\\\/www.1tool.com\\\/sl\\\/\"},{\"@type\":\"ListItem\",\"position\":2,\"name\":\"Moduli\",\"item\":\"https:\\\/\\\/www.1tool.com\\\/sl\\\/module\\\/\"},{\"@type\":\"ListItem\",\"position\":3,\"name\":\"Posebni moduli\",\"item\":\"https:\\\/\\\/www.1tool.com\\\/sl\\\/moduli\\\/posebni-moduli\\\/\"},{\"@type\":\"ListItem\",\"position\":4,\"name\":\"Upravljanje prosilcev\",\"item\":\"https:\\\/\\\/www.1tool.com\\\/sl\\\/moduli\\\/posebni-moduli\\\/upravljanje-prosilcev\\\/\"},{\"@type\":\"ListItem\",\"position\":5,\"name\":\"Funkcije modula za upravljanje prosilcev\",\"item\":\"https:\\\/\\\/www.1tool.com\\\/sl\\\/moduli\\\/posebni-moduli\\\/upravljanje-prosilcev\\\/funkcije-modula-za-upravljanje-prosilcev\\\/\"},{\"@type\":\"ListItem\",\"position\":6,\"name\":\"Komunikacija s prosilci\"}]},{\"@type\":\"WebSite\",\"@id\":\"https:\\\/\\\/www.1tool.com\\\/sl\\\/#website\",\"url\":\"https:\\\/\\\/www.1tool.com\\\/sl\\\/\",\"name\":\"1Tool\",\"description\":\"CRM\",\"publisher\":{\"@id\":\"https:\\\/\\\/www.1tool.com\\\/sl\\\/#organization\"},\"potentialAction\":[{\"@type\":\"SearchAction\",\"target\":{\"@type\":\"EntryPoint\",\"urlTemplate\":\"https:\\\/\\\/www.1tool.com\\\/sl\\\/?s={search_term_string}\"},\"query-input\":{\"@type\":\"PropertyValueSpecification\",\"valueRequired\":true,\"valueName\":\"search_term_string\"}}],\"inLanguage\":\"sl-SI\"},{\"@type\":\"Organization\",\"@id\":\"https:\\\/\\\/www.1tool.com\\\/sl\\\/#organization\",\"name\":\"1Tool\",\"url\":\"https:\\\/\\\/www.1tool.com\\\/sl\\\/\",\"logo\":{\"@type\":\"ImageObject\",\"inLanguage\":\"sl-SI\",\"@id\":\"https:\\\/\\\/www.1tool.com\\\/sl\\\/#\\\/schema\\\/logo\\\/image\\\/\",\"url\":\"https:\\\/\\\/www.1tool.com\\\/wp-content\\\/uploads\\\/2022\\\/04\\\/1tool-1.png\",\"contentUrl\":\"https:\\\/\\\/www.1tool.com\\\/wp-content\\\/uploads\\\/2022\\\/04\\\/1tool-1.png\",\"width\":400,\"height\":150,\"caption\":\"1Tool\"},\"image\":{\"@id\":\"https:\\\/\\\/www.1tool.com\\\/sl\\\/#\\\/schema\\\/logo\\\/image\\\/\"}}]}<\/script>\n<!-- \/ Yoast SEO plugin. -->","yoast_head_json":{"title":"Komunikacija s prosilci - 1Tool","robots":{"index":"index","follow":"follow","max-snippet":"max-snippet:-1","max-image-preview":"max-image-preview:large","max-video-preview":"max-video-preview:-1"},"canonical":"https:\/\/www.1tool.com\/sl\/moduli\/posebni-moduli\/upravljanje-prosilcev\/funkcije-modula-za-upravljanje-prosilcev\/komunikacija-s-prosilci\/","og_locale":"sl_SI","og_type":"article","og_title":"Komunikacija s prosilci - 1Tool","og_description":"Komunikacija s prosilci S programsko opremo 1Tool e-Recruiting lahko potencialne kandidate dose\u017eete na vseh ustreznih kanalih in imate koristi od stalno posodobljenih informacij o kandidatih! Avtomatizirana komunikacija s prosilci Ko je odlo\u010ditev sprejeta, je treba kandidate \u010dim prej obvestiti. Da bi lahko svojo odlo\u010ditev sporo\u010dili neposredno, vam 1Tool omogo\u010da ustvarjanje razli\u010dnih predlog e-po\u0161te. S samo [&hellip;]","og_url":"https:\/\/www.1tool.com\/sl\/moduli\/posebni-moduli\/upravljanje-prosilcev\/funkcije-modula-za-upravljanje-prosilcev\/komunikacija-s-prosilci\/","og_site_name":"1Tool","article_modified_time":"2026-04-30T14:37:05+00:00","twitter_card":"summary_large_image","twitter_misc":{"Est. reading time":"1 minuta"},"schema":{"@context":"https:\/\/schema.org","@graph":[{"@type":"WebPage","@id":"https:\/\/www.1tool.com\/sl\/moduli\/posebni-moduli\/upravljanje-prosilcev\/funkcije-modula-za-upravljanje-prosilcev\/komunikacija-s-prosilci\/","url":"https:\/\/www.1tool.com\/sl\/moduli\/posebni-moduli\/upravljanje-prosilcev\/funkcije-modula-za-upravljanje-prosilcev\/komunikacija-s-prosilci\/","name":"Komunikacija s prosilci - 1Tool","isPartOf":{"@id":"https:\/\/www.1tool.com\/sl\/#website"},"datePublished":"2022-03-31T02:28:31+00:00","dateModified":"2026-04-30T14:37:05+00:00","breadcrumb":{"@id":"https:\/\/www.1tool.com\/sl\/moduli\/posebni-moduli\/upravljanje-prosilcev\/funkcije-modula-za-upravljanje-prosilcev\/komunikacija-s-prosilci\/#breadcrumb"},"inLanguage":"sl-SI","potentialAction":[{"@type":"ReadAction","target":["https:\/\/www.1tool.com\/sl\/moduli\/posebni-moduli\/upravljanje-prosilcev\/funkcije-modula-za-upravljanje-prosilcev\/komunikacija-s-prosilci\/"]}]},{"@type":"BreadcrumbList","@id":"https:\/\/www.1tool.com\/sl\/moduli\/posebni-moduli\/upravljanje-prosilcev\/funkcije-modula-za-upravljanje-prosilcev\/komunikacija-s-prosilci\/#breadcrumb","itemListElement":[{"@type":"ListItem","position":1,"name":"Home","item":"https:\/\/www.1tool.com\/sl\/"},{"@type":"ListItem","position":2,"name":"Moduli","item":"https:\/\/www.1tool.com\/sl\/module\/"},{"@type":"ListItem","position":3,"name":"Posebni moduli","item":"https:\/\/www.1tool.com\/sl\/moduli\/posebni-moduli\/"},{"@type":"ListItem","position":4,"name":"Upravljanje prosilcev","item":"https:\/\/www.1tool.com\/sl\/moduli\/posebni-moduli\/upravljanje-prosilcev\/"},{"@type":"ListItem","position":5,"name":"Funkcije modula za upravljanje prosilcev","item":"https:\/\/www.1tool.com\/sl\/moduli\/posebni-moduli\/upravljanje-prosilcev\/funkcije-modula-za-upravljanje-prosilcev\/"},{"@type":"ListItem","position":6,"name":"Komunikacija s prosilci"}]},{"@type":"WebSite","@id":"https:\/\/www.1tool.com\/sl\/#website","url":"https:\/\/www.1tool.com\/sl\/","name":"1Tool","description":"CRM","publisher":{"@id":"https:\/\/www.1tool.com\/sl\/#organization"},"potentialAction":[{"@type":"SearchAction","target":{"@type":"EntryPoint","urlTemplate":"https:\/\/www.1tool.com\/sl\/?s={search_term_string}"},"query-input":{"@type":"PropertyValueSpecification","valueRequired":true,"valueName":"search_term_string"}}],"inLanguage":"sl-SI"},{"@type":"Organization","@id":"https:\/\/www.1tool.com\/sl\/#organization","name":"1Tool","url":"https:\/\/www.1tool.com\/sl\/","logo":{"@type":"ImageObject","inLanguage":"sl-SI","@id":"https:\/\/www.1tool.com\/sl\/#\/schema\/logo\/image\/","url":"https:\/\/www.1tool.com\/wp-content\/uploads\/2022\/04\/1tool-1.png","contentUrl":"https:\/\/www.1tool.com\/wp-content\/uploads\/2022\/04\/1tool-1.png","width":400,"height":150,"caption":"1Tool"},"image":{"@id":"https:\/\/www.1tool.com\/sl\/#\/schema\/logo\/image\/"}}]}},"_links":{"self":[{"href":"https:\/\/www.1tool.com\/sl\/wp-json\/wp\/v2\/pages\/72482","targetHints":{"allow":["GET"]}}],"collection":[{"href":"https:\/\/www.1tool.com\/sl\/wp-json\/wp\/v2\/pages"}],"about":[{"href":"https:\/\/www.1tool.com\/sl\/wp-json\/wp\/v2\/types\/page"}],"author":[{"embeddable":true,"href":"https:\/\/www.1tool.com\/sl\/wp-json\/wp\/v2\/users\/1"}],"replies":[{"embeddable":true,"href":"https:\/\/www.1tool.com\/sl\/wp-json\/wp\/v2\/comments?post=72482"}],"version-history":[{"count":1,"href":"https:\/\/www.1tool.com\/sl\/wp-json\/wp\/v2\/pages\/72482\/revisions"}],"predecessor-version":[{"id":72485,"href":"https:\/\/www.1tool.com\/sl\/wp-json\/wp\/v2\/pages\/72482\/revisions\/72485"}],"up":[{"embeddable":true,"href":"https:\/\/www.1tool.com\/sl\/wp-json\/wp\/v2\/pages\/72670"}],"wp:attachment":[{"href":"https:\/\/www.1tool.com\/sl\/wp-json\/wp\/v2\/media?parent=72482"}],"curies":[{"name":"wp","href":"https:\/\/api.w.org\/{rel}","templated":true}]}}