{"id":72486,"date":"2022-03-31T04:24:55","date_gmt":"2022-03-31T02:24:55","guid":{"rendered":"https:\/\/www.1tool.com\/podatkovna-zbirka-prosilcev\/"},"modified":"2026-04-30T16:37:05","modified_gmt":"2026-04-30T14:37:05","slug":"podatkovna-zbirka-prosilcev","status":"publish","type":"page","link":"https:\/\/www.1tool.com\/sl\/moduli\/posebni-moduli\/upravljanje-prosilcev\/funkcije-modula-za-upravljanje-prosilcev\/podatkovna-zbirka-prosilcev\/","title":{"rendered":"Podatkovna zbirka prosilcev"},"content":{"rendered":"\t\t<div data-elementor-type=\"wp-page\" data-elementor-id=\"72486\" class=\"elementor elementor-72486 elementor-49713\" data-elementor-post-type=\"page\">\n\t\t\t\t\t\t<section class=\"elementor-section elementor-top-section elementor-element elementor-element-2c35de1 elementor-section-boxed elementor-section-height-default elementor-section-height-default shadepro-adv-gradient-no shadepro-sticky-no\" data-id=\"2c35de1\" data-element_type=\"section\" data-e-type=\"section\" data-settings=\"{&quot;shadepro_sticky&quot;:&quot;no&quot;}\">\n\t\t\t\t\t\t<div class=\"elementor-container elementor-column-gap-default\">\n\t\t\t\t\t<div class=\"elementor-column elementor-col-100 elementor-top-column elementor-element elementor-element-7522a76\" data-id=\"7522a76\" data-element_type=\"column\" data-e-type=\"column\">\n\t\t\t<div class=\"elementor-widget-wrap elementor-element-populated\">\n\t\t\t\t\t\t<div class=\"elementor-element elementor-element-9947458 shadepro-sticky-no elementor-widget elementor-widget-heading\" data-id=\"9947458\" data-element_type=\"widget\" data-e-type=\"widget\" data-settings=\"{&quot;shadepro_sticky&quot;:&quot;no&quot;}\" data-widget_type=\"heading.default\">\n\t\t\t\t<div class=\"elementor-widget-container\">\n\t\t\t\t\t<h1 class=\"elementor-heading-title elementor-size-default\">Podatkovna zbirka prosilcev<\/h1>\t\t\t\t<\/div>\n\t\t\t\t<\/div>\n\t\t\t\t<div class=\"elementor-element elementor-element-67dd3f1 shadepro-sticky-no elementor-widget elementor-widget-text-editor\" data-id=\"67dd3f1\" data-element_type=\"widget\" data-e-type=\"widget\" data-settings=\"{&quot;shadepro_sticky&quot;:&quot;no&quot;}\" data-widget_type=\"text-editor.default\">\n\t\t\t\t<div class=\"elementor-widget-container\">\n\t\t\t\t\t\t\t\t\t<p>S podatkovno zbirko kandidatov lahko z enim klikom prikli\u010dete vse kandidate za dolo\u010deno delovno mesto in na prvi pogled preverite status kandidata.<\/p>\t\t\t\t\t\t\t\t<\/div>\n\t\t\t\t<\/div>\n\t\t\t\t<section class=\"elementor-section elementor-inner-section elementor-element elementor-element-4cc3e96 elementor-section-boxed elementor-section-height-default elementor-section-height-default shadepro-adv-gradient-no shadepro-sticky-no\" data-id=\"4cc3e96\" data-element_type=\"section\" data-e-type=\"section\" data-settings=\"{&quot;shadepro_sticky&quot;:&quot;no&quot;}\">\n\t\t\t\t\t\t<div class=\"elementor-container elementor-column-gap-default\">\n\t\t\t\t\t<div class=\"elementor-column elementor-col-100 elementor-inner-column elementor-element elementor-element-1a42826\" data-id=\"1a42826\" data-element_type=\"column\" data-e-type=\"column\">\n\t\t\t<div class=\"elementor-widget-wrap elementor-element-populated\">\n\t\t\t\t\t\t<div class=\"elementor-element elementor-element-c2926d2 shadepro-sticky-no elementor-widget elementor-widget-text-editor\" data-id=\"c2926d2\" data-element_type=\"widget\" data-e-type=\"widget\" data-settings=\"{&quot;shadepro_sticky&quot;:&quot;no&quot;}\" data-widget_type=\"text-editor.default\">\n\t\t\t\t<div class=\"elementor-widget-container\">\n\t\t\t\t\t\t\t\t\t<h3>Jasen seznam prosilcev<\/h3><p>S podatkovno zbirko kandidatov lahko neposredno odlo\u010date, ali naj bo kandidat povabljen na razgovor ali ne. S pritiskom na gumb lahko kandidate obvestite o svoji odlo\u010ditvi in jim po\u0161ljete prilagojeno e-po\u0161to na podlagi opredeljenih predlog. <\/p><p> <\/p><h3>Datoteka prosilca<\/h3><p>Datoteka kandidata vsebuje vse informacije o va\u0161em kandidatu. Poleg osebnih podatkov lahko neposredno vidite, na katera delovna mesta se je kandidat prijavil in ali zanj obstajajo interne naloge. Poleg tega ste zaradi funkcije komentarjev vedno na teko\u010dem z informacijami o kandidatu.  <\/p><p> <\/p><h3>Osebni profil prosilca<\/h3><p>Dodatno usposabljanje, novo znanje jezikov ali druge pridobljene kvalifikacije &#8211; trenutni podatki imajo \u0161e posebej pomembno vlogo pri iskanju pravih kandidatov za delovno mesto.<\/p><p>Z osebnim profilom, ki ga lahko vzdr\u017eujejo prosilci sami, je zbiranje podatkov veliko la\u017eje. V na\u0161i programski opremi za e-nabor se za profil vsakega kandidata ustvarijo individualni podatki za prijavo. <\/p><p>Nato lahko s pomo\u010djo vnaprej dolo\u010denih kampanj za po\u0161iljanje novic redno opozarjate kandidate, naj posodobijo svoj profil. Sami dolo\u010dite, katera polja lahko prosilci dodajo ali posodobijo. Tudi obliko in postavitev lahko poljubno izberete, zato jo lahko prilagodite svojemu podjetju.  <\/p><p> <\/p><h3>Natan\u010dna analiza podatkov iz \u017eivljenjepisa<\/h3><p>Ne glede na to, ali ste zaposlovalec ali podjetje, ki i\u0161\u010de nove zaposlene, preverjanje \u017eivljenjepisov ni le zamudno, temve\u010d zahteva tudi natan\u010dno strukturiranje podatkov o kandidatih, da bi bili kandidati primerljivi \u017ee na prvi pogled. S pomo\u010djo integriranega vmesnika med na\u0161o programsko opremo za kandidate in programom CVlizer zagotavljamo samodejno obdelavo \u017eivljenjepisov. <\/p><p>Raz\u010dlenjevalnik \u017eivljenjepisov natan\u010dno prebere informacije iz \u017eivljenjepisov in vse podatke opremi z ustreznimi atributi (npr. ime, naslov, znanje jezikov, predhodne poklicne izku\u0161nje), ki se nato samodejno prenesejo v programsko zbirko podatkov o kandidatih. V samo nekaj minutah lahko ustvarite iz\u010drpne profile kandidatov za u\u010dinkovito upravljanje kandidatov. <\/p>\t\t\t\t\t\t\t\t<\/div>\n\t\t\t\t<\/div>\n\t\t\t\t\t<\/div>\n\t\t<\/div>\n\t\t\t\t\t<\/div>\n\t\t<\/section>\n\t\t\t\t\t<\/div>\n\t\t<\/div>\n\t\t\t\t\t<\/div>\n\t\t<\/section>\n\t\t\t\t<\/div>\n\t\t","protected":false},"excerpt":{"rendered":"<p>Podatkovna zbirka prosilcev S podatkovno zbirko kandidatov lahko z enim klikom prikli\u010dete vse kandidate za dolo\u010deno delovno mesto in na prvi pogled preverite status kandidata. Jasen seznam prosilcev S podatkovno zbirko kandidatov lahko neposredno odlo\u010date, ali naj bo kandidat povabljen na razgovor ali ne. S pritiskom na gumb lahko kandidate obvestite o svoji odlo\u010ditvi in [&hellip;]<\/p>\n","protected":false},"author":1,"featured_media":0,"parent":72670,"menu_order":0,"comment_status":"closed","ping_status":"closed","template":"","meta":{"inline_featured_image":false,"footnotes":""},"class_list":["post-72486","page","type-page","status-publish","hentry"],"acf":[],"yoast_head":"<!-- This site is optimized with the Yoast SEO plugin v27.5 - https:\/\/yoast.com\/product\/yoast-seo-wordpress\/ -->\n<title>Podatkovna zbirka prosilcev - 1Tool<\/title>\n<meta name=\"robots\" content=\"index, follow, max-snippet:-1, max-image-preview:large, max-video-preview:-1\" \/>\n<link rel=\"canonical\" href=\"https:\/\/www.1tool.com\/sl\/moduli\/posebni-moduli\/upravljanje-prosilcev\/funkcije-modula-za-upravljanje-prosilcev\/podatkovna-zbirka-prosilcev\/\" \/>\n<meta property=\"og:locale\" content=\"sl_SI\" \/>\n<meta property=\"og:type\" content=\"article\" \/>\n<meta property=\"og:title\" content=\"Podatkovna zbirka prosilcev - 1Tool\" \/>\n<meta property=\"og:description\" content=\"Podatkovna zbirka prosilcev S podatkovno zbirko kandidatov lahko z enim klikom prikli\u010dete vse kandidate za dolo\u010deno delovno mesto in na prvi pogled preverite status kandidata. Jasen seznam prosilcev S podatkovno zbirko kandidatov lahko neposredno odlo\u010date, ali naj bo kandidat povabljen na razgovor ali ne. S pritiskom na gumb lahko kandidate obvestite o svoji odlo\u010ditvi in [&hellip;]\" \/>\n<meta property=\"og:url\" content=\"https:\/\/www.1tool.com\/sl\/moduli\/posebni-moduli\/upravljanje-prosilcev\/funkcije-modula-za-upravljanje-prosilcev\/podatkovna-zbirka-prosilcev\/\" \/>\n<meta property=\"og:site_name\" content=\"1Tool\" \/>\n<meta property=\"article:modified_time\" content=\"2026-04-30T14:37:05+00:00\" \/>\n<meta name=\"twitter:card\" content=\"summary_large_image\" \/>\n<meta name=\"twitter:label1\" content=\"Est. reading time\" \/>\n\t<meta name=\"twitter:data1\" content=\"2 minuti\" \/>\n<script type=\"application\/ld+json\" class=\"yoast-schema-graph\">{\"@context\":\"https:\\\/\\\/schema.org\",\"@graph\":[{\"@type\":\"WebPage\",\"@id\":\"https:\\\/\\\/www.1tool.com\\\/sl\\\/moduli\\\/posebni-moduli\\\/upravljanje-prosilcev\\\/funkcije-modula-za-upravljanje-prosilcev\\\/podatkovna-zbirka-prosilcev\\\/\",\"url\":\"https:\\\/\\\/www.1tool.com\\\/sl\\\/moduli\\\/posebni-moduli\\\/upravljanje-prosilcev\\\/funkcije-modula-za-upravljanje-prosilcev\\\/podatkovna-zbirka-prosilcev\\\/\",\"name\":\"Podatkovna zbirka prosilcev - 1Tool\",\"isPartOf\":{\"@id\":\"https:\\\/\\\/www.1tool.com\\\/sl\\\/#website\"},\"datePublished\":\"2022-03-31T02:24:55+00:00\",\"dateModified\":\"2026-04-30T14:37:05+00:00\",\"breadcrumb\":{\"@id\":\"https:\\\/\\\/www.1tool.com\\\/sl\\\/moduli\\\/posebni-moduli\\\/upravljanje-prosilcev\\\/funkcije-modula-za-upravljanje-prosilcev\\\/podatkovna-zbirka-prosilcev\\\/#breadcrumb\"},\"inLanguage\":\"sl-SI\",\"potentialAction\":[{\"@type\":\"ReadAction\",\"target\":[\"https:\\\/\\\/www.1tool.com\\\/sl\\\/moduli\\\/posebni-moduli\\\/upravljanje-prosilcev\\\/funkcije-modula-za-upravljanje-prosilcev\\\/podatkovna-zbirka-prosilcev\\\/\"]}]},{\"@type\":\"BreadcrumbList\",\"@id\":\"https:\\\/\\\/www.1tool.com\\\/sl\\\/moduli\\\/posebni-moduli\\\/upravljanje-prosilcev\\\/funkcije-modula-za-upravljanje-prosilcev\\\/podatkovna-zbirka-prosilcev\\\/#breadcrumb\",\"itemListElement\":[{\"@type\":\"ListItem\",\"position\":1,\"name\":\"Home\",\"item\":\"https:\\\/\\\/www.1tool.com\\\/sl\\\/\"},{\"@type\":\"ListItem\",\"position\":2,\"name\":\"Moduli\",\"item\":\"https:\\\/\\\/www.1tool.com\\\/sl\\\/module\\\/\"},{\"@type\":\"ListItem\",\"position\":3,\"name\":\"Posebni moduli\",\"item\":\"https:\\\/\\\/www.1tool.com\\\/sl\\\/moduli\\\/posebni-moduli\\\/\"},{\"@type\":\"ListItem\",\"position\":4,\"name\":\"Upravljanje prosilcev\",\"item\":\"https:\\\/\\\/www.1tool.com\\\/sl\\\/moduli\\\/posebni-moduli\\\/upravljanje-prosilcev\\\/\"},{\"@type\":\"ListItem\",\"position\":5,\"name\":\"Funkcije modula za upravljanje prosilcev\",\"item\":\"https:\\\/\\\/www.1tool.com\\\/sl\\\/moduli\\\/posebni-moduli\\\/upravljanje-prosilcev\\\/funkcije-modula-za-upravljanje-prosilcev\\\/\"},{\"@type\":\"ListItem\",\"position\":6,\"name\":\"Podatkovna zbirka prosilcev\"}]},{\"@type\":\"WebSite\",\"@id\":\"https:\\\/\\\/www.1tool.com\\\/sl\\\/#website\",\"url\":\"https:\\\/\\\/www.1tool.com\\\/sl\\\/\",\"name\":\"1Tool\",\"description\":\"CRM\",\"publisher\":{\"@id\":\"https:\\\/\\\/www.1tool.com\\\/sl\\\/#organization\"},\"potentialAction\":[{\"@type\":\"SearchAction\",\"target\":{\"@type\":\"EntryPoint\",\"urlTemplate\":\"https:\\\/\\\/www.1tool.com\\\/sl\\\/?s={search_term_string}\"},\"query-input\":{\"@type\":\"PropertyValueSpecification\",\"valueRequired\":true,\"valueName\":\"search_term_string\"}}],\"inLanguage\":\"sl-SI\"},{\"@type\":\"Organization\",\"@id\":\"https:\\\/\\\/www.1tool.com\\\/sl\\\/#organization\",\"name\":\"1Tool\",\"url\":\"https:\\\/\\\/www.1tool.com\\\/sl\\\/\",\"logo\":{\"@type\":\"ImageObject\",\"inLanguage\":\"sl-SI\",\"@id\":\"https:\\\/\\\/www.1tool.com\\\/sl\\\/#\\\/schema\\\/logo\\\/image\\\/\",\"url\":\"https:\\\/\\\/www.1tool.com\\\/wp-content\\\/uploads\\\/2022\\\/04\\\/1tool-1.png\",\"contentUrl\":\"https:\\\/\\\/www.1tool.com\\\/wp-content\\\/uploads\\\/2022\\\/04\\\/1tool-1.png\",\"width\":400,\"height\":150,\"caption\":\"1Tool\"},\"image\":{\"@id\":\"https:\\\/\\\/www.1tool.com\\\/sl\\\/#\\\/schema\\\/logo\\\/image\\\/\"}}]}<\/script>\n<!-- \/ Yoast SEO plugin. -->","yoast_head_json":{"title":"Podatkovna zbirka prosilcev - 1Tool","robots":{"index":"index","follow":"follow","max-snippet":"max-snippet:-1","max-image-preview":"max-image-preview:large","max-video-preview":"max-video-preview:-1"},"canonical":"https:\/\/www.1tool.com\/sl\/moduli\/posebni-moduli\/upravljanje-prosilcev\/funkcije-modula-za-upravljanje-prosilcev\/podatkovna-zbirka-prosilcev\/","og_locale":"sl_SI","og_type":"article","og_title":"Podatkovna zbirka prosilcev - 1Tool","og_description":"Podatkovna zbirka prosilcev S podatkovno zbirko kandidatov lahko z enim klikom prikli\u010dete vse kandidate za dolo\u010deno delovno mesto in na prvi pogled preverite status kandidata. Jasen seznam prosilcev S podatkovno zbirko kandidatov lahko neposredno odlo\u010date, ali naj bo kandidat povabljen na razgovor ali ne. S pritiskom na gumb lahko kandidate obvestite o svoji odlo\u010ditvi in [&hellip;]","og_url":"https:\/\/www.1tool.com\/sl\/moduli\/posebni-moduli\/upravljanje-prosilcev\/funkcije-modula-za-upravljanje-prosilcev\/podatkovna-zbirka-prosilcev\/","og_site_name":"1Tool","article_modified_time":"2026-04-30T14:37:05+00:00","twitter_card":"summary_large_image","twitter_misc":{"Est. reading time":"2 minuti"},"schema":{"@context":"https:\/\/schema.org","@graph":[{"@type":"WebPage","@id":"https:\/\/www.1tool.com\/sl\/moduli\/posebni-moduli\/upravljanje-prosilcev\/funkcije-modula-za-upravljanje-prosilcev\/podatkovna-zbirka-prosilcev\/","url":"https:\/\/www.1tool.com\/sl\/moduli\/posebni-moduli\/upravljanje-prosilcev\/funkcije-modula-za-upravljanje-prosilcev\/podatkovna-zbirka-prosilcev\/","name":"Podatkovna zbirka prosilcev - 1Tool","isPartOf":{"@id":"https:\/\/www.1tool.com\/sl\/#website"},"datePublished":"2022-03-31T02:24:55+00:00","dateModified":"2026-04-30T14:37:05+00:00","breadcrumb":{"@id":"https:\/\/www.1tool.com\/sl\/moduli\/posebni-moduli\/upravljanje-prosilcev\/funkcije-modula-za-upravljanje-prosilcev\/podatkovna-zbirka-prosilcev\/#breadcrumb"},"inLanguage":"sl-SI","potentialAction":[{"@type":"ReadAction","target":["https:\/\/www.1tool.com\/sl\/moduli\/posebni-moduli\/upravljanje-prosilcev\/funkcije-modula-za-upravljanje-prosilcev\/podatkovna-zbirka-prosilcev\/"]}]},{"@type":"BreadcrumbList","@id":"https:\/\/www.1tool.com\/sl\/moduli\/posebni-moduli\/upravljanje-prosilcev\/funkcije-modula-za-upravljanje-prosilcev\/podatkovna-zbirka-prosilcev\/#breadcrumb","itemListElement":[{"@type":"ListItem","position":1,"name":"Home","item":"https:\/\/www.1tool.com\/sl\/"},{"@type":"ListItem","position":2,"name":"Moduli","item":"https:\/\/www.1tool.com\/sl\/module\/"},{"@type":"ListItem","position":3,"name":"Posebni moduli","item":"https:\/\/www.1tool.com\/sl\/moduli\/posebni-moduli\/"},{"@type":"ListItem","position":4,"name":"Upravljanje prosilcev","item":"https:\/\/www.1tool.com\/sl\/moduli\/posebni-moduli\/upravljanje-prosilcev\/"},{"@type":"ListItem","position":5,"name":"Funkcije modula za upravljanje prosilcev","item":"https:\/\/www.1tool.com\/sl\/moduli\/posebni-moduli\/upravljanje-prosilcev\/funkcije-modula-za-upravljanje-prosilcev\/"},{"@type":"ListItem","position":6,"name":"Podatkovna zbirka prosilcev"}]},{"@type":"WebSite","@id":"https:\/\/www.1tool.com\/sl\/#website","url":"https:\/\/www.1tool.com\/sl\/","name":"1Tool","description":"CRM","publisher":{"@id":"https:\/\/www.1tool.com\/sl\/#organization"},"potentialAction":[{"@type":"SearchAction","target":{"@type":"EntryPoint","urlTemplate":"https:\/\/www.1tool.com\/sl\/?s={search_term_string}"},"query-input":{"@type":"PropertyValueSpecification","valueRequired":true,"valueName":"search_term_string"}}],"inLanguage":"sl-SI"},{"@type":"Organization","@id":"https:\/\/www.1tool.com\/sl\/#organization","name":"1Tool","url":"https:\/\/www.1tool.com\/sl\/","logo":{"@type":"ImageObject","inLanguage":"sl-SI","@id":"https:\/\/www.1tool.com\/sl\/#\/schema\/logo\/image\/","url":"https:\/\/www.1tool.com\/wp-content\/uploads\/2022\/04\/1tool-1.png","contentUrl":"https:\/\/www.1tool.com\/wp-content\/uploads\/2022\/04\/1tool-1.png","width":400,"height":150,"caption":"1Tool"},"image":{"@id":"https:\/\/www.1tool.com\/sl\/#\/schema\/logo\/image\/"}}]}},"_links":{"self":[{"href":"https:\/\/www.1tool.com\/sl\/wp-json\/wp\/v2\/pages\/72486","targetHints":{"allow":["GET"]}}],"collection":[{"href":"https:\/\/www.1tool.com\/sl\/wp-json\/wp\/v2\/pages"}],"about":[{"href":"https:\/\/www.1tool.com\/sl\/wp-json\/wp\/v2\/types\/page"}],"author":[{"embeddable":true,"href":"https:\/\/www.1tool.com\/sl\/wp-json\/wp\/v2\/users\/1"}],"replies":[{"embeddable":true,"href":"https:\/\/www.1tool.com\/sl\/wp-json\/wp\/v2\/comments?post=72486"}],"version-history":[{"count":1,"href":"https:\/\/www.1tool.com\/sl\/wp-json\/wp\/v2\/pages\/72486\/revisions"}],"predecessor-version":[{"id":72487,"href":"https:\/\/www.1tool.com\/sl\/wp-json\/wp\/v2\/pages\/72486\/revisions\/72487"}],"up":[{"embeddable":true,"href":"https:\/\/www.1tool.com\/sl\/wp-json\/wp\/v2\/pages\/72670"}],"wp:attachment":[{"href":"https:\/\/www.1tool.com\/sl\/wp-json\/wp\/v2\/media?parent=72486"}],"curies":[{"name":"wp","href":"https:\/\/api.w.org\/{rel}","templated":true}]}}