{"id":72501,"date":"2022-03-31T04:08:43","date_gmt":"2022-03-31T02:08:43","guid":{"rendered":"https:\/\/www.1tool.com\/vodenje-projektov-2\/"},"modified":"2026-04-30T16:37:00","modified_gmt":"2026-04-30T14:37:00","slug":"vodenje-projektov-2","status":"publish","type":"page","link":"https:\/\/www.1tool.com\/sl\/moduli\/organizacija-in-storitve\/projekti\/funkcije-projektni-modul\/vodenje-projektov-2\/","title":{"rendered":"Vodenje projektov"},"content":{"rendered":"\t\t<div data-elementor-type=\"wp-page\" data-elementor-id=\"72501\" class=\"elementor elementor-72501 elementor-49632\" data-elementor-post-type=\"page\">\n\t\t\t\t\t\t<section class=\"elementor-section elementor-top-section elementor-element elementor-element-effcf3f elementor-section-boxed elementor-section-height-default elementor-section-height-default shadepro-adv-gradient-no shadepro-sticky-no\" data-id=\"effcf3f\" data-element_type=\"section\" data-e-type=\"section\" data-settings=\"{&quot;shadepro_sticky&quot;:&quot;no&quot;}\">\n\t\t\t\t\t\t<div class=\"elementor-container elementor-column-gap-default\">\n\t\t\t\t\t<div class=\"elementor-column elementor-col-100 elementor-top-column elementor-element elementor-element-130732a\" data-id=\"130732a\" data-element_type=\"column\" data-e-type=\"column\">\n\t\t\t<div class=\"elementor-widget-wrap elementor-element-populated\">\n\t\t\t\t\t\t<div class=\"elementor-element elementor-element-a07af4b shadepro-sticky-no elementor-widget elementor-widget-heading\" data-id=\"a07af4b\" data-element_type=\"widget\" data-e-type=\"widget\" data-settings=\"{&quot;shadepro_sticky&quot;:&quot;no&quot;}\" data-widget_type=\"heading.default\">\n\t\t\t\t<div class=\"elementor-widget-container\">\n\t\t\t\t\t<h1 class=\"elementor-heading-title elementor-size-default\">Vodenje projektov<\/h1>\t\t\t\t<\/div>\n\t\t\t\t<\/div>\n\t\t\t\t<div class=\"elementor-element elementor-element-bdd4c81 shadepro-sticky-no elementor-widget elementor-widget-text-editor\" data-id=\"bdd4c81\" data-element_type=\"widget\" data-e-type=\"widget\" data-settings=\"{&quot;shadepro_sticky&quot;:&quot;no&quot;}\" data-widget_type=\"text-editor.default\">\n\t\t\t\t<div class=\"elementor-widget-container\">\n\t\t\t\t\t\t\t\t\t<p>Programska oprema za vodenje projektov 1Tool zagotavlja enostavno upravljanje in usklajevanje va\u0161ih projektov.<\/p>\t\t\t\t\t\t\t\t<\/div>\n\t\t\t\t<\/div>\n\t\t\t\t<section class=\"elementor-section elementor-inner-section elementor-element elementor-element-303f605 elementor-section-boxed elementor-section-height-default elementor-section-height-default shadepro-adv-gradient-no shadepro-sticky-no\" data-id=\"303f605\" data-element_type=\"section\" data-e-type=\"section\" data-settings=\"{&quot;shadepro_sticky&quot;:&quot;no&quot;}\">\n\t\t\t\t\t\t<div class=\"elementor-container elementor-column-gap-default\">\n\t\t\t\t\t<div class=\"elementor-column elementor-col-100 elementor-inner-column elementor-element elementor-element-e9f6e8c\" data-id=\"e9f6e8c\" data-element_type=\"column\" data-e-type=\"column\">\n\t\t\t<div class=\"elementor-widget-wrap elementor-element-populated\">\n\t\t\t\t\t\t<div class=\"elementor-element elementor-element-f9317e4 shadepro-sticky-no elementor-widget elementor-widget-text-editor\" data-id=\"f9317e4\" data-element_type=\"widget\" data-e-type=\"widget\" data-settings=\"{&quot;shadepro_sticky&quot;:&quot;no&quot;}\" data-widget_type=\"text-editor.default\">\n\t\t\t\t<div class=\"elementor-widget-container\">\n\t\t\t\t\t\t\t\t\t<h3>Zmogljiva programska oprema za vodenje projektov za va\u0161e podjetje!<\/h3><p>1Tool je profesionalna programska oprema za vodenje projektov, s katero lahko na\u010drtujete in usklajujete svoje projekte s pritiskom na gumb. Funkcionalni obseg orodja za upravljanje projektov sega od popolnega pregleda vseh projektov podjetja prek natan\u010dnega na\u010drtovanja nalog, \u010dasa in virov do kon\u010dne ocene in izdaje ra\u010dunov za va\u0161e projekte. Hitrej\u0161e in u\u010dinkovitej\u0161e delo je moto na\u0161e programske opreme za vodenje projektov &#8211; zato lahko z nekaj kliki usklajujete ekipe in pravilno dolo\u010date prednostne naloge. Zaradi skupne uporabe osrednje zbirke podatkov lahko izbolj\u0161ate notranjo komunikacijo med zaposlenimi in prihranite veliko \u010dasa pri iskanju ustreznih podrobnosti o projektu.   <\/p><h4>Upravljanje projektov na spletu<\/h4><p>Na\u0161a programska oprema za vodenje projektov 1Tool temelji na spletu, zato jo lahko va\u0161i zaposleni uporabljajo ne glede na \u010das in kraj. Na poti, doma ali v pisarni &#8211; na\u010drtovanje in obdelava va\u0161ih projektov potekata v celotnem podjetju in znatno pove\u010dujeta u\u010dinkovitost va\u0161ega podjetja. Zaradi natan\u010dnega shranjevanja nalog, elektronske korespondence, opomb in stro\u0161kov za vsak posamezen projekt imate vi in va\u0161i zaposleni popoln pregled nad projekti. Poleg tega spletno upravljanje projektov zagotavlja, da so vse informacije o projektih posodobljene s sinhronizacijo v realnem \u010dasu, tako da lahko va\u0161a ekipa spro\u017ei nadaljnje ukrepe in korake za uspe\u0161no upravljanje projektov.   <\/p><h3>Nadzor projektov &#8211; preprosto ocenjevanje in nadzor projektov<\/h3><p>S programom za vodenje projektov 1Tool postane nadzor projektov otro\u010dje lahka naloga. Dejanski \u010das in finance projekta lahko s pritiskom na gumb primerjate s svojimi na\u010drti. Odstopanja lahko odkrijete \u017ee v zgodnji fazi in pripravite protiukrepe. Poleg primerjav med na\u010drtom in dejanskim stanjem program za nadzor projektov ponuja \u0161tevilna druga standardna poro\u010dila o prometu, mar\u017eah prispevka, stro\u0161kih in odprtih nalogah. 1Tool Project Controlling vam pomaga, da so izdatki in klju\u010dne \u0161tevilke projekta pregledni in obvladljivi v realnem \u010dasu. Poleg tega vam na\u0161a programska oprema za vodenje projektov omogo\u010da, da projekte razvrstite v razli\u010dne faze, tako da boste na prvi pogled poznali stanje in napredek vsakega projekta.     <\/p><h4>\u010crtni diagram projekta za grafi\u010dni pregled projekta<\/h4><p>Poleg analize razli\u010dnih klju\u010dnih podatkov za nadzor projektov lahko programsko opremo za vodenje projektov 1Tool uporabite tudi za grafi\u010dni prikaz kronolo\u0161kega zaporedja projektov in nalog. S \u010drtnim diagramom projekta imate na voljo instrument za vodenje projektov, ki vse korake in dejavnosti projekta prikazuje posami\u010dno v obliki \u010drt in jih sinhronizira z enim samim pritiskom na gumb. Projektni stolp\u010dni diagram 1Tool podpira tudi soodvisnosti med nalogami &#8211; naloge, ki so odvisne od drugih dejavnosti, se ob spremembi rokov samodejno premaknejo.  <\/p><h4>Programska oprema za bele\u017eenje \u010dasa projekta<\/h4><p>Programska oprema za vodenje projektov 1Tool vam omogo\u010da enostavno bele\u017eenje \u010dasa projekta, da lahko pripravite stro\u0161ke delovnih ur, komunikacije v okviru projekta, potovanj in drugih stro\u0161kov za ra\u010dunovodske namene. Bele\u017eenje \u010dasa pri upravljanju projektov lahko opravite v \u017eivo prek \u0161toparice ali naknadno ro\u010dno. Ne glede na to, kje se nahajate, lahko bele\u017eenje projektnega \u010dasa upravljate tudi prek pametnega telefona ali tabli\u010dnega ra\u010dunalnika.  <\/p>\t\t\t\t\t\t\t\t<\/div>\n\t\t\t\t<\/div>\n\t\t\t\t\t<\/div>\n\t\t<\/div>\n\t\t\t\t\t<\/div>\n\t\t<\/section>\n\t\t\t\t\t<\/div>\n\t\t<\/div>\n\t\t\t\t\t<\/div>\n\t\t<\/section>\n\t\t\t\t<\/div>\n\t\t","protected":false},"excerpt":{"rendered":"<p>Vodenje projektov Programska oprema za vodenje projektov 1Tool zagotavlja enostavno upravljanje in usklajevanje va\u0161ih projektov. Zmogljiva programska oprema za vodenje projektov za va\u0161e podjetje! 1Tool je profesionalna programska oprema za vodenje projektov, s katero lahko na\u010drtujete in usklajujete svoje projekte s pritiskom na gumb. Funkcionalni obseg orodja za upravljanje projektov sega od popolnega pregleda vseh [&hellip;]<\/p>\n","protected":false},"author":1,"featured_media":0,"parent":72662,"menu_order":0,"comment_status":"closed","ping_status":"closed","template":"","meta":{"inline_featured_image":false,"footnotes":""},"class_list":["post-72501","page","type-page","status-publish","hentry"],"acf":[],"yoast_head":"<!-- This site is optimized with the Yoast SEO plugin v27.5 - https:\/\/yoast.com\/product\/yoast-seo-wordpress\/ -->\n<title>Vodenje projektov - 1Tool<\/title>\n<meta name=\"robots\" content=\"index, follow, max-snippet:-1, max-image-preview:large, max-video-preview:-1\" \/>\n<link rel=\"canonical\" href=\"https:\/\/www.1tool.com\/sl\/moduli\/organizacija-in-storitve\/projekti\/funkcije-projektni-modul\/vodenje-projektov-2\/\" \/>\n<meta property=\"og:locale\" content=\"sl_SI\" \/>\n<meta property=\"og:type\" content=\"article\" \/>\n<meta property=\"og:title\" content=\"Vodenje projektov - 1Tool\" \/>\n<meta property=\"og:description\" content=\"Vodenje projektov Programska oprema za vodenje projektov 1Tool zagotavlja enostavno upravljanje in usklajevanje va\u0161ih projektov. Zmogljiva programska oprema za vodenje projektov za va\u0161e podjetje! 1Tool je profesionalna programska oprema za vodenje projektov, s katero lahko na\u010drtujete in usklajujete svoje projekte s pritiskom na gumb. Funkcionalni obseg orodja za upravljanje projektov sega od popolnega pregleda vseh [&hellip;]\" \/>\n<meta property=\"og:url\" content=\"https:\/\/www.1tool.com\/sl\/moduli\/organizacija-in-storitve\/projekti\/funkcije-projektni-modul\/vodenje-projektov-2\/\" \/>\n<meta property=\"og:site_name\" content=\"1Tool\" \/>\n<meta property=\"article:modified_time\" content=\"2026-04-30T14:37:00+00:00\" \/>\n<meta name=\"twitter:card\" content=\"summary_large_image\" \/>\n<meta name=\"twitter:label1\" content=\"Est. reading time\" \/>\n\t<meta name=\"twitter:data1\" content=\"3 minute\" \/>\n<script type=\"application\/ld+json\" class=\"yoast-schema-graph\">{\"@context\":\"https:\\\/\\\/schema.org\",\"@graph\":[{\"@type\":\"WebPage\",\"@id\":\"https:\\\/\\\/www.1tool.com\\\/sl\\\/moduli\\\/organizacija-in-storitve\\\/projekti\\\/funkcije-projektni-modul\\\/vodenje-projektov-2\\\/\",\"url\":\"https:\\\/\\\/www.1tool.com\\\/sl\\\/moduli\\\/organizacija-in-storitve\\\/projekti\\\/funkcije-projektni-modul\\\/vodenje-projektov-2\\\/\",\"name\":\"Vodenje projektov - 1Tool\",\"isPartOf\":{\"@id\":\"https:\\\/\\\/www.1tool.com\\\/sl\\\/#website\"},\"datePublished\":\"2022-03-31T02:08:43+00:00\",\"dateModified\":\"2026-04-30T14:37:00+00:00\",\"breadcrumb\":{\"@id\":\"https:\\\/\\\/www.1tool.com\\\/sl\\\/moduli\\\/organizacija-in-storitve\\\/projekti\\\/funkcije-projektni-modul\\\/vodenje-projektov-2\\\/#breadcrumb\"},\"inLanguage\":\"sl-SI\",\"potentialAction\":[{\"@type\":\"ReadAction\",\"target\":[\"https:\\\/\\\/www.1tool.com\\\/sl\\\/moduli\\\/organizacija-in-storitve\\\/projekti\\\/funkcije-projektni-modul\\\/vodenje-projektov-2\\\/\"]}]},{\"@type\":\"BreadcrumbList\",\"@id\":\"https:\\\/\\\/www.1tool.com\\\/sl\\\/moduli\\\/organizacija-in-storitve\\\/projekti\\\/funkcije-projektni-modul\\\/vodenje-projektov-2\\\/#breadcrumb\",\"itemListElement\":[{\"@type\":\"ListItem\",\"position\":1,\"name\":\"Home\",\"item\":\"https:\\\/\\\/www.1tool.com\\\/sl\\\/\"},{\"@type\":\"ListItem\",\"position\":2,\"name\":\"Moduli\",\"item\":\"https:\\\/\\\/www.1tool.com\\\/sl\\\/module\\\/\"},{\"@type\":\"ListItem\",\"position\":3,\"name\":\"Organizacija in storitve\",\"item\":\"https:\\\/\\\/www.1tool.com\\\/sl\\\/moduli\\\/organizacija-in-storitve\\\/\"},{\"@type\":\"ListItem\",\"position\":4,\"name\":\"Projekti\",\"item\":\"https:\\\/\\\/www.1tool.com\\\/sl\\\/moduli\\\/organizacija-in-storitve\\\/projekti\\\/\"},{\"@type\":\"ListItem\",\"position\":5,\"name\":\"Funkcije Projektni modul\",\"item\":\"https:\\\/\\\/www.1tool.com\\\/sl\\\/moduli\\\/organizacija-in-storitve\\\/projekti\\\/funkcije-projektni-modul\\\/\"},{\"@type\":\"ListItem\",\"position\":6,\"name\":\"Vodenje projektov\"}]},{\"@type\":\"WebSite\",\"@id\":\"https:\\\/\\\/www.1tool.com\\\/sl\\\/#website\",\"url\":\"https:\\\/\\\/www.1tool.com\\\/sl\\\/\",\"name\":\"1Tool\",\"description\":\"CRM\",\"publisher\":{\"@id\":\"https:\\\/\\\/www.1tool.com\\\/sl\\\/#organization\"},\"potentialAction\":[{\"@type\":\"SearchAction\",\"target\":{\"@type\":\"EntryPoint\",\"urlTemplate\":\"https:\\\/\\\/www.1tool.com\\\/sl\\\/?s={search_term_string}\"},\"query-input\":{\"@type\":\"PropertyValueSpecification\",\"valueRequired\":true,\"valueName\":\"search_term_string\"}}],\"inLanguage\":\"sl-SI\"},{\"@type\":\"Organization\",\"@id\":\"https:\\\/\\\/www.1tool.com\\\/sl\\\/#organization\",\"name\":\"1Tool\",\"url\":\"https:\\\/\\\/www.1tool.com\\\/sl\\\/\",\"logo\":{\"@type\":\"ImageObject\",\"inLanguage\":\"sl-SI\",\"@id\":\"https:\\\/\\\/www.1tool.com\\\/sl\\\/#\\\/schema\\\/logo\\\/image\\\/\",\"url\":\"https:\\\/\\\/www.1tool.com\\\/wp-content\\\/uploads\\\/2022\\\/04\\\/1tool-1.png\",\"contentUrl\":\"https:\\\/\\\/www.1tool.com\\\/wp-content\\\/uploads\\\/2022\\\/04\\\/1tool-1.png\",\"width\":400,\"height\":150,\"caption\":\"1Tool\"},\"image\":{\"@id\":\"https:\\\/\\\/www.1tool.com\\\/sl\\\/#\\\/schema\\\/logo\\\/image\\\/\"}}]}<\/script>\n<!-- \/ Yoast SEO plugin. -->","yoast_head_json":{"title":"Vodenje projektov - 1Tool","robots":{"index":"index","follow":"follow","max-snippet":"max-snippet:-1","max-image-preview":"max-image-preview:large","max-video-preview":"max-video-preview:-1"},"canonical":"https:\/\/www.1tool.com\/sl\/moduli\/organizacija-in-storitve\/projekti\/funkcije-projektni-modul\/vodenje-projektov-2\/","og_locale":"sl_SI","og_type":"article","og_title":"Vodenje projektov - 1Tool","og_description":"Vodenje projektov Programska oprema za vodenje projektov 1Tool zagotavlja enostavno upravljanje in usklajevanje va\u0161ih projektov. Zmogljiva programska oprema za vodenje projektov za va\u0161e podjetje! 1Tool je profesionalna programska oprema za vodenje projektov, s katero lahko na\u010drtujete in usklajujete svoje projekte s pritiskom na gumb. Funkcionalni obseg orodja za upravljanje projektov sega od popolnega pregleda vseh [&hellip;]","og_url":"https:\/\/www.1tool.com\/sl\/moduli\/organizacija-in-storitve\/projekti\/funkcije-projektni-modul\/vodenje-projektov-2\/","og_site_name":"1Tool","article_modified_time":"2026-04-30T14:37:00+00:00","twitter_card":"summary_large_image","twitter_misc":{"Est. reading time":"3 minute"},"schema":{"@context":"https:\/\/schema.org","@graph":[{"@type":"WebPage","@id":"https:\/\/www.1tool.com\/sl\/moduli\/organizacija-in-storitve\/projekti\/funkcije-projektni-modul\/vodenje-projektov-2\/","url":"https:\/\/www.1tool.com\/sl\/moduli\/organizacija-in-storitve\/projekti\/funkcije-projektni-modul\/vodenje-projektov-2\/","name":"Vodenje projektov - 1Tool","isPartOf":{"@id":"https:\/\/www.1tool.com\/sl\/#website"},"datePublished":"2022-03-31T02:08:43+00:00","dateModified":"2026-04-30T14:37:00+00:00","breadcrumb":{"@id":"https:\/\/www.1tool.com\/sl\/moduli\/organizacija-in-storitve\/projekti\/funkcije-projektni-modul\/vodenje-projektov-2\/#breadcrumb"},"inLanguage":"sl-SI","potentialAction":[{"@type":"ReadAction","target":["https:\/\/www.1tool.com\/sl\/moduli\/organizacija-in-storitve\/projekti\/funkcije-projektni-modul\/vodenje-projektov-2\/"]}]},{"@type":"BreadcrumbList","@id":"https:\/\/www.1tool.com\/sl\/moduli\/organizacija-in-storitve\/projekti\/funkcije-projektni-modul\/vodenje-projektov-2\/#breadcrumb","itemListElement":[{"@type":"ListItem","position":1,"name":"Home","item":"https:\/\/www.1tool.com\/sl\/"},{"@type":"ListItem","position":2,"name":"Moduli","item":"https:\/\/www.1tool.com\/sl\/module\/"},{"@type":"ListItem","position":3,"name":"Organizacija in storitve","item":"https:\/\/www.1tool.com\/sl\/moduli\/organizacija-in-storitve\/"},{"@type":"ListItem","position":4,"name":"Projekti","item":"https:\/\/www.1tool.com\/sl\/moduli\/organizacija-in-storitve\/projekti\/"},{"@type":"ListItem","position":5,"name":"Funkcije Projektni modul","item":"https:\/\/www.1tool.com\/sl\/moduli\/organizacija-in-storitve\/projekti\/funkcije-projektni-modul\/"},{"@type":"ListItem","position":6,"name":"Vodenje projektov"}]},{"@type":"WebSite","@id":"https:\/\/www.1tool.com\/sl\/#website","url":"https:\/\/www.1tool.com\/sl\/","name":"1Tool","description":"CRM","publisher":{"@id":"https:\/\/www.1tool.com\/sl\/#organization"},"potentialAction":[{"@type":"SearchAction","target":{"@type":"EntryPoint","urlTemplate":"https:\/\/www.1tool.com\/sl\/?s={search_term_string}"},"query-input":{"@type":"PropertyValueSpecification","valueRequired":true,"valueName":"search_term_string"}}],"inLanguage":"sl-SI"},{"@type":"Organization","@id":"https:\/\/www.1tool.com\/sl\/#organization","name":"1Tool","url":"https:\/\/www.1tool.com\/sl\/","logo":{"@type":"ImageObject","inLanguage":"sl-SI","@id":"https:\/\/www.1tool.com\/sl\/#\/schema\/logo\/image\/","url":"https:\/\/www.1tool.com\/wp-content\/uploads\/2022\/04\/1tool-1.png","contentUrl":"https:\/\/www.1tool.com\/wp-content\/uploads\/2022\/04\/1tool-1.png","width":400,"height":150,"caption":"1Tool"},"image":{"@id":"https:\/\/www.1tool.com\/sl\/#\/schema\/logo\/image\/"}}]}},"_links":{"self":[{"href":"https:\/\/www.1tool.com\/sl\/wp-json\/wp\/v2\/pages\/72501","targetHints":{"allow":["GET"]}}],"collection":[{"href":"https:\/\/www.1tool.com\/sl\/wp-json\/wp\/v2\/pages"}],"about":[{"href":"https:\/\/www.1tool.com\/sl\/wp-json\/wp\/v2\/types\/page"}],"author":[{"embeddable":true,"href":"https:\/\/www.1tool.com\/sl\/wp-json\/wp\/v2\/users\/1"}],"replies":[{"embeddable":true,"href":"https:\/\/www.1tool.com\/sl\/wp-json\/wp\/v2\/comments?post=72501"}],"version-history":[{"count":1,"href":"https:\/\/www.1tool.com\/sl\/wp-json\/wp\/v2\/pages\/72501\/revisions"}],"predecessor-version":[{"id":72503,"href":"https:\/\/www.1tool.com\/sl\/wp-json\/wp\/v2\/pages\/72501\/revisions\/72503"}],"up":[{"embeddable":true,"href":"https:\/\/www.1tool.com\/sl\/wp-json\/wp\/v2\/pages\/72662"}],"wp:attachment":[{"href":"https:\/\/www.1tool.com\/sl\/wp-json\/wp\/v2\/media?parent=72501"}],"curies":[{"name":"wp","href":"https:\/\/api.w.org\/{rel}","templated":true}]}}