{"id":72502,"date":"2022-03-30T18:36:45","date_gmt":"2022-03-30T16:36:45","guid":{"rendered":"https:\/\/www.1tool.com\/e-ucenje\/"},"modified":"2026-04-30T16:36:50","modified_gmt":"2026-04-30T14:36:50","slug":"e-ucenje","status":"publish","type":"page","link":"https:\/\/www.1tool.com\/sl\/moduli\/organizacija-in-storitve\/wiki\/funkcije-modul-wiki\/e-ucenje\/","title":{"rendered":"e-u\u010denje"},"content":{"rendered":"\t\t<div data-elementor-type=\"wp-page\" data-elementor-id=\"72502\" class=\"elementor elementor-72502 elementor-49500\" data-elementor-post-type=\"page\">\n\t\t\t\t\t\t<section class=\"elementor-section elementor-top-section elementor-element elementor-element-b445b27 elementor-section-boxed elementor-section-height-default elementor-section-height-default shadepro-adv-gradient-no shadepro-sticky-no\" data-id=\"b445b27\" data-element_type=\"section\" data-e-type=\"section\" data-settings=\"{&quot;shadepro_sticky&quot;:&quot;no&quot;}\">\n\t\t\t\t\t\t<div class=\"elementor-container elementor-column-gap-default\">\n\t\t\t\t\t<div class=\"elementor-column elementor-col-100 elementor-top-column elementor-element elementor-element-07920bd\" data-id=\"07920bd\" data-element_type=\"column\" data-e-type=\"column\">\n\t\t\t<div class=\"elementor-widget-wrap elementor-element-populated\">\n\t\t\t\t\t\t<div class=\"elementor-element elementor-element-da24ecd shadepro-sticky-no elementor-widget elementor-widget-heading\" data-id=\"da24ecd\" data-element_type=\"widget\" data-e-type=\"widget\" data-settings=\"{&quot;shadepro_sticky&quot;:&quot;no&quot;}\" data-widget_type=\"heading.default\">\n\t\t\t\t<div class=\"elementor-widget-container\">\n\t\t\t\t\t<h1 class=\"elementor-heading-title elementor-size-default\">e-u\u010denje<\/h1>\t\t\t\t<\/div>\n\t\t\t\t<\/div>\n\t\t\t\t<div class=\"elementor-element elementor-element-637df97 shadepro-sticky-no elementor-widget elementor-widget-text-editor\" data-id=\"637df97\" data-element_type=\"widget\" data-e-type=\"widget\" data-settings=\"{&quot;shadepro_sticky&quot;:&quot;no&quot;}\" data-widget_type=\"text-editor.default\">\n\t\t\t\t<div class=\"elementor-widget-container\">\n\t\t\t\t\t\t\t\t\t<p>Mre\u017ena izmenjava znanja in prilagodljiv dostop do u\u010dnih vsebin imata v \u0161tevilnih podjetjih in organizacijah klju\u010dno vlogo pri nadaljnjem usposabljanju zaposlenih in \u010dlanov.<\/p>\t\t\t\t\t\t\t\t<\/div>\n\t\t\t\t<\/div>\n\t\t\t\t<section class=\"elementor-section elementor-inner-section elementor-element elementor-element-e72f4cb elementor-section-boxed elementor-section-height-default elementor-section-height-default shadepro-adv-gradient-no shadepro-sticky-no\" data-id=\"e72f4cb\" data-element_type=\"section\" data-e-type=\"section\" data-settings=\"{&quot;shadepro_sticky&quot;:&quot;no&quot;}\">\n\t\t\t\t\t\t<div class=\"elementor-container elementor-column-gap-default\">\n\t\t\t\t\t<div class=\"elementor-column elementor-col-100 elementor-inner-column elementor-element elementor-element-0056df0\" data-id=\"0056df0\" data-element_type=\"column\" data-e-type=\"column\">\n\t\t\t<div class=\"elementor-widget-wrap elementor-element-populated\">\n\t\t\t\t\t\t<div class=\"elementor-element elementor-element-ac56549 shadepro-sticky-no elementor-widget elementor-widget-text-editor\" data-id=\"ac56549\" data-element_type=\"widget\" data-e-type=\"widget\" data-settings=\"{&quot;shadepro_sticky&quot;:&quot;no&quot;}\" data-widget_type=\"text-editor.default\">\n\t\t\t\t<div class=\"elementor-widget-container\">\n\t\t\t\t\t\t\t\t\t<h3>Nadaljnje usposabljanje za celotno podjetje<\/h3><p>Omogo\u010diti jim je treba, da svoje znanje in kvalifikacije \u0161irijo prek spleta, ne glede na \u010das in kraj, tako da lahko vsakdo prilagodi \u010das u\u010denja svoji dnevni rutini in hitrosti u\u010denja. Uspeh u\u010dinkovitega sistema e-izobra\u017eevanja ni le v \u0161irokem raz\u0161irjanju in privla\u010dni predstavitvi u\u010dnih vsebin, temve\u010d tudi v spremljanju uspe\u0161nosti u\u010denja. <\/p><p>Modul 1Tool eLearning zagotavlja u\u010dinkovit prenos znanja v va\u0161em podjetju in potrebno interakcijo razli\u010dnih tehnologij, da lahko svojim zaposlenim ponudite optimalne storitve usposabljanja.<\/p><p>Tako je bil na primer ustvarjen vmesnik med Open edX, odprtokodno platformo za spletne te\u010daje, in orodjem 1Tool. To pomeni, da lahko zaposlene v podjetju ali \u010dlane organizacije ter njihove te\u010daje, ki jih je treba opraviti, preprosto upravljate prek orodja 1Tool. Te\u010daji so na voljo kot spletni moduli prek platforme edX.  <\/p><p>Zaradi brezhibne integracije orodja 1Tool v sistem za upravljanje u\u010denja Open edX (LMS) se lahko stiki, ustvarjeni v orodju 1Tool, enostavno prijavijo v platformo in dostopajo do spletnih te\u010dajev. V orodju 1Tool lahko tudi dolo\u010dite, katere osebe naj imajo dostop do katerih te\u010dajev, tako da se ob prijavi v platformo prika\u017eejo samo te osebe. <\/p><p>Pomembna prednost <strong>programa 1Tool eLearning <\/strong>je mo\u017enost preverjanja stanja u\u010denja posameznikov. Tudi tu optimalna interakcija med sistemom 1Tool in sistemom Open edX LMS zagotavlja, da je mogo\u010de stanje usposabljanja preprosto zabele\u017eiti. To vklju\u010duje vodenje dnevnika v programu 1Tool, ki natan\u010dno prikazuje, kako dale\u010d so zaposleni napredovali pri vsakem posameznem u\u010dnem modulu in katere vsebine \u0161e niso dokon\u010dali. Takoj ko se stiki prijavijo v u\u010dno platformo in zaklju\u010dijo te\u010daj, se to prek Open edX sporo\u010di v 1Tool in shrani v programsko opremo. Poleg tega <g id=\"gid_1\">vmesnik med 1Tool in edX<\/g> deluje tudi kot u\u010dinkovit <g id=\"gid_2\">ocenjevalni instrument, ki ga<\/g> lahko podjetja in organizacije uporabljajo za preverjanje ravni znanja svojih \u010dlanov.    <\/p><p>1Tool vam omogo\u010da, da s pomo\u010djo modula e-u\u010denje objavite znanje v svoji organizaciji s pritiskom na gumb in tako zagotovite u\u010dne te\u010daje, ki so prilagojeni ustreznim spretnostim in u\u010dnim ciljem va\u0161ih zaposlenih. Tako lahko optimizirate pretok informacij in gradite potrebne kvalifikacije. <\/p>\t\t\t\t\t\t\t\t<\/div>\n\t\t\t\t<\/div>\n\t\t\t\t\t<\/div>\n\t\t<\/div>\n\t\t\t\t\t<\/div>\n\t\t<\/section>\n\t\t\t\t\t<\/div>\n\t\t<\/div>\n\t\t\t\t\t<\/div>\n\t\t<\/section>\n\t\t\t\t<\/div>\n\t\t","protected":false},"excerpt":{"rendered":"<p>e-u\u010denje Mre\u017ena izmenjava znanja in prilagodljiv dostop do u\u010dnih vsebin imata v \u0161tevilnih podjetjih in organizacijah klju\u010dno vlogo pri nadaljnjem usposabljanju zaposlenih in \u010dlanov. Nadaljnje usposabljanje za celotno podjetje Omogo\u010diti jim je treba, da svoje znanje in kvalifikacije \u0161irijo prek spleta, ne glede na \u010das in kraj, tako da lahko vsakdo prilagodi \u010das u\u010denja svoji [&hellip;]<\/p>\n","protected":false},"author":1,"featured_media":0,"parent":72642,"menu_order":0,"comment_status":"closed","ping_status":"closed","template":"","meta":{"inline_featured_image":false,"footnotes":""},"class_list":["post-72502","page","type-page","status-publish","hentry"],"acf":[],"yoast_head":"<!-- This site is optimized with the Yoast SEO plugin v27.5 - https:\/\/yoast.com\/product\/yoast-seo-wordpress\/ -->\n<title>e-u\u010denje - 1Tool<\/title>\n<meta name=\"robots\" content=\"index, follow, max-snippet:-1, max-image-preview:large, max-video-preview:-1\" \/>\n<link rel=\"canonical\" href=\"https:\/\/www.1tool.com\/sl\/moduli\/organizacija-in-storitve\/wiki\/funkcije-modul-wiki\/e-ucenje\/\" \/>\n<meta property=\"og:locale\" content=\"sl_SI\" \/>\n<meta property=\"og:type\" content=\"article\" \/>\n<meta property=\"og:title\" content=\"e-u\u010denje - 1Tool\" \/>\n<meta property=\"og:description\" content=\"e-u\u010denje Mre\u017ena izmenjava znanja in prilagodljiv dostop do u\u010dnih vsebin imata v \u0161tevilnih podjetjih in organizacijah klju\u010dno vlogo pri nadaljnjem usposabljanju zaposlenih in \u010dlanov. Nadaljnje usposabljanje za celotno podjetje Omogo\u010diti jim je treba, da svoje znanje in kvalifikacije \u0161irijo prek spleta, ne glede na \u010das in kraj, tako da lahko vsakdo prilagodi \u010das u\u010denja svoji [&hellip;]\" \/>\n<meta property=\"og:url\" content=\"https:\/\/www.1tool.com\/sl\/moduli\/organizacija-in-storitve\/wiki\/funkcije-modul-wiki\/e-ucenje\/\" \/>\n<meta property=\"og:site_name\" content=\"1Tool\" \/>\n<meta property=\"article:modified_time\" content=\"2026-04-30T14:36:50+00:00\" \/>\n<meta name=\"twitter:card\" content=\"summary_large_image\" \/>\n<meta name=\"twitter:label1\" content=\"Est. reading time\" \/>\n\t<meta name=\"twitter:data1\" content=\"2 minuti\" \/>\n<script type=\"application\/ld+json\" class=\"yoast-schema-graph\">{\"@context\":\"https:\\\/\\\/schema.org\",\"@graph\":[{\"@type\":\"WebPage\",\"@id\":\"https:\\\/\\\/www.1tool.com\\\/sl\\\/moduli\\\/organizacija-in-storitve\\\/wiki\\\/funkcije-modul-wiki\\\/e-ucenje\\\/\",\"url\":\"https:\\\/\\\/www.1tool.com\\\/sl\\\/moduli\\\/organizacija-in-storitve\\\/wiki\\\/funkcije-modul-wiki\\\/e-ucenje\\\/\",\"name\":\"e-u\u010denje - 1Tool\",\"isPartOf\":{\"@id\":\"https:\\\/\\\/www.1tool.com\\\/sl\\\/#website\"},\"datePublished\":\"2022-03-30T16:36:45+00:00\",\"dateModified\":\"2026-04-30T14:36:50+00:00\",\"breadcrumb\":{\"@id\":\"https:\\\/\\\/www.1tool.com\\\/sl\\\/moduli\\\/organizacija-in-storitve\\\/wiki\\\/funkcije-modul-wiki\\\/e-ucenje\\\/#breadcrumb\"},\"inLanguage\":\"sl-SI\",\"potentialAction\":[{\"@type\":\"ReadAction\",\"target\":[\"https:\\\/\\\/www.1tool.com\\\/sl\\\/moduli\\\/organizacija-in-storitve\\\/wiki\\\/funkcije-modul-wiki\\\/e-ucenje\\\/\"]}]},{\"@type\":\"BreadcrumbList\",\"@id\":\"https:\\\/\\\/www.1tool.com\\\/sl\\\/moduli\\\/organizacija-in-storitve\\\/wiki\\\/funkcije-modul-wiki\\\/e-ucenje\\\/#breadcrumb\",\"itemListElement\":[{\"@type\":\"ListItem\",\"position\":1,\"name\":\"Home\",\"item\":\"https:\\\/\\\/www.1tool.com\\\/sl\\\/\"},{\"@type\":\"ListItem\",\"position\":2,\"name\":\"Moduli\",\"item\":\"https:\\\/\\\/www.1tool.com\\\/sl\\\/module\\\/\"},{\"@type\":\"ListItem\",\"position\":3,\"name\":\"Organizacija in storitve\",\"item\":\"https:\\\/\\\/www.1tool.com\\\/sl\\\/moduli\\\/organizacija-in-storitve\\\/\"},{\"@type\":\"ListItem\",\"position\":4,\"name\":\"Wiki\",\"item\":\"https:\\\/\\\/www.1tool.com\\\/sl\\\/moduli\\\/organizacija-in-storitve\\\/wiki\\\/\"},{\"@type\":\"ListItem\",\"position\":5,\"name\":\"Funkcije Modul Wiki\",\"item\":\"https:\\\/\\\/www.1tool.com\\\/sl\\\/moduli\\\/organizacija-in-storitve\\\/wiki\\\/funkcije-modul-wiki\\\/\"},{\"@type\":\"ListItem\",\"position\":6,\"name\":\"e-u\u010denje\"}]},{\"@type\":\"WebSite\",\"@id\":\"https:\\\/\\\/www.1tool.com\\\/sl\\\/#website\",\"url\":\"https:\\\/\\\/www.1tool.com\\\/sl\\\/\",\"name\":\"1Tool\",\"description\":\"CRM\",\"publisher\":{\"@id\":\"https:\\\/\\\/www.1tool.com\\\/sl\\\/#organization\"},\"potentialAction\":[{\"@type\":\"SearchAction\",\"target\":{\"@type\":\"EntryPoint\",\"urlTemplate\":\"https:\\\/\\\/www.1tool.com\\\/sl\\\/?s={search_term_string}\"},\"query-input\":{\"@type\":\"PropertyValueSpecification\",\"valueRequired\":true,\"valueName\":\"search_term_string\"}}],\"inLanguage\":\"sl-SI\"},{\"@type\":\"Organization\",\"@id\":\"https:\\\/\\\/www.1tool.com\\\/sl\\\/#organization\",\"name\":\"1Tool\",\"url\":\"https:\\\/\\\/www.1tool.com\\\/sl\\\/\",\"logo\":{\"@type\":\"ImageObject\",\"inLanguage\":\"sl-SI\",\"@id\":\"https:\\\/\\\/www.1tool.com\\\/sl\\\/#\\\/schema\\\/logo\\\/image\\\/\",\"url\":\"https:\\\/\\\/www.1tool.com\\\/wp-content\\\/uploads\\\/2022\\\/04\\\/1tool-1.png\",\"contentUrl\":\"https:\\\/\\\/www.1tool.com\\\/wp-content\\\/uploads\\\/2022\\\/04\\\/1tool-1.png\",\"width\":400,\"height\":150,\"caption\":\"1Tool\"},\"image\":{\"@id\":\"https:\\\/\\\/www.1tool.com\\\/sl\\\/#\\\/schema\\\/logo\\\/image\\\/\"}}]}<\/script>\n<!-- \/ Yoast SEO plugin. -->","yoast_head_json":{"title":"e-u\u010denje - 1Tool","robots":{"index":"index","follow":"follow","max-snippet":"max-snippet:-1","max-image-preview":"max-image-preview:large","max-video-preview":"max-video-preview:-1"},"canonical":"https:\/\/www.1tool.com\/sl\/moduli\/organizacija-in-storitve\/wiki\/funkcije-modul-wiki\/e-ucenje\/","og_locale":"sl_SI","og_type":"article","og_title":"e-u\u010denje - 1Tool","og_description":"e-u\u010denje Mre\u017ena izmenjava znanja in prilagodljiv dostop do u\u010dnih vsebin imata v \u0161tevilnih podjetjih in organizacijah klju\u010dno vlogo pri nadaljnjem usposabljanju zaposlenih in \u010dlanov. Nadaljnje usposabljanje za celotno podjetje Omogo\u010diti jim je treba, da svoje znanje in kvalifikacije \u0161irijo prek spleta, ne glede na \u010das in kraj, tako da lahko vsakdo prilagodi \u010das u\u010denja svoji [&hellip;]","og_url":"https:\/\/www.1tool.com\/sl\/moduli\/organizacija-in-storitve\/wiki\/funkcije-modul-wiki\/e-ucenje\/","og_site_name":"1Tool","article_modified_time":"2026-04-30T14:36:50+00:00","twitter_card":"summary_large_image","twitter_misc":{"Est. reading time":"2 minuti"},"schema":{"@context":"https:\/\/schema.org","@graph":[{"@type":"WebPage","@id":"https:\/\/www.1tool.com\/sl\/moduli\/organizacija-in-storitve\/wiki\/funkcije-modul-wiki\/e-ucenje\/","url":"https:\/\/www.1tool.com\/sl\/moduli\/organizacija-in-storitve\/wiki\/funkcije-modul-wiki\/e-ucenje\/","name":"e-u\u010denje - 1Tool","isPartOf":{"@id":"https:\/\/www.1tool.com\/sl\/#website"},"datePublished":"2022-03-30T16:36:45+00:00","dateModified":"2026-04-30T14:36:50+00:00","breadcrumb":{"@id":"https:\/\/www.1tool.com\/sl\/moduli\/organizacija-in-storitve\/wiki\/funkcije-modul-wiki\/e-ucenje\/#breadcrumb"},"inLanguage":"sl-SI","potentialAction":[{"@type":"ReadAction","target":["https:\/\/www.1tool.com\/sl\/moduli\/organizacija-in-storitve\/wiki\/funkcije-modul-wiki\/e-ucenje\/"]}]},{"@type":"BreadcrumbList","@id":"https:\/\/www.1tool.com\/sl\/moduli\/organizacija-in-storitve\/wiki\/funkcije-modul-wiki\/e-ucenje\/#breadcrumb","itemListElement":[{"@type":"ListItem","position":1,"name":"Home","item":"https:\/\/www.1tool.com\/sl\/"},{"@type":"ListItem","position":2,"name":"Moduli","item":"https:\/\/www.1tool.com\/sl\/module\/"},{"@type":"ListItem","position":3,"name":"Organizacija in storitve","item":"https:\/\/www.1tool.com\/sl\/moduli\/organizacija-in-storitve\/"},{"@type":"ListItem","position":4,"name":"Wiki","item":"https:\/\/www.1tool.com\/sl\/moduli\/organizacija-in-storitve\/wiki\/"},{"@type":"ListItem","position":5,"name":"Funkcije Modul Wiki","item":"https:\/\/www.1tool.com\/sl\/moduli\/organizacija-in-storitve\/wiki\/funkcije-modul-wiki\/"},{"@type":"ListItem","position":6,"name":"e-u\u010denje"}]},{"@type":"WebSite","@id":"https:\/\/www.1tool.com\/sl\/#website","url":"https:\/\/www.1tool.com\/sl\/","name":"1Tool","description":"CRM","publisher":{"@id":"https:\/\/www.1tool.com\/sl\/#organization"},"potentialAction":[{"@type":"SearchAction","target":{"@type":"EntryPoint","urlTemplate":"https:\/\/www.1tool.com\/sl\/?s={search_term_string}"},"query-input":{"@type":"PropertyValueSpecification","valueRequired":true,"valueName":"search_term_string"}}],"inLanguage":"sl-SI"},{"@type":"Organization","@id":"https:\/\/www.1tool.com\/sl\/#organization","name":"1Tool","url":"https:\/\/www.1tool.com\/sl\/","logo":{"@type":"ImageObject","inLanguage":"sl-SI","@id":"https:\/\/www.1tool.com\/sl\/#\/schema\/logo\/image\/","url":"https:\/\/www.1tool.com\/wp-content\/uploads\/2022\/04\/1tool-1.png","contentUrl":"https:\/\/www.1tool.com\/wp-content\/uploads\/2022\/04\/1tool-1.png","width":400,"height":150,"caption":"1Tool"},"image":{"@id":"https:\/\/www.1tool.com\/sl\/#\/schema\/logo\/image\/"}}]}},"_links":{"self":[{"href":"https:\/\/www.1tool.com\/sl\/wp-json\/wp\/v2\/pages\/72502","targetHints":{"allow":["GET"]}}],"collection":[{"href":"https:\/\/www.1tool.com\/sl\/wp-json\/wp\/v2\/pages"}],"about":[{"href":"https:\/\/www.1tool.com\/sl\/wp-json\/wp\/v2\/types\/page"}],"author":[{"embeddable":true,"href":"https:\/\/www.1tool.com\/sl\/wp-json\/wp\/v2\/users\/1"}],"replies":[{"embeddable":true,"href":"https:\/\/www.1tool.com\/sl\/wp-json\/wp\/v2\/comments?post=72502"}],"version-history":[{"count":1,"href":"https:\/\/www.1tool.com\/sl\/wp-json\/wp\/v2\/pages\/72502\/revisions"}],"predecessor-version":[{"id":72504,"href":"https:\/\/www.1tool.com\/sl\/wp-json\/wp\/v2\/pages\/72502\/revisions\/72504"}],"up":[{"embeddable":true,"href":"https:\/\/www.1tool.com\/sl\/wp-json\/wp\/v2\/pages\/72642"}],"wp:attachment":[{"href":"https:\/\/www.1tool.com\/sl\/wp-json\/wp\/v2\/media?parent=72502"}],"curies":[{"name":"wp","href":"https:\/\/api.w.org\/{rel}","templated":true}]}}