{"id":72505,"date":"2022-03-31T04:07:10","date_gmt":"2022-03-31T02:07:10","guid":{"rendered":"https:\/\/www.1tool.com\/kontroling-projekta\/"},"modified":"2026-04-30T16:37:00","modified_gmt":"2026-04-30T14:37:00","slug":"kontroling-projekta","status":"publish","type":"page","link":"https:\/\/www.1tool.com\/sl\/moduli\/organizacija-in-storitve\/projekti\/funkcije-projektni-modul\/kontroling-projekta\/","title":{"rendered":"Kontroling projekta"},"content":{"rendered":"\t\t<div data-elementor-type=\"wp-page\" data-elementor-id=\"72505\" class=\"elementor elementor-72505 elementor-49624\" data-elementor-post-type=\"page\">\n\t\t\t\t\t\t<section class=\"elementor-section elementor-top-section elementor-element elementor-element-c4bd237 elementor-section-boxed elementor-section-height-default elementor-section-height-default shadepro-adv-gradient-no shadepro-sticky-no\" data-id=\"c4bd237\" data-element_type=\"section\" data-e-type=\"section\" data-settings=\"{&quot;shadepro_sticky&quot;:&quot;no&quot;}\">\n\t\t\t\t\t\t<div class=\"elementor-container elementor-column-gap-default\">\n\t\t\t\t\t<div class=\"elementor-column elementor-col-100 elementor-top-column elementor-element elementor-element-0120dd5\" data-id=\"0120dd5\" data-element_type=\"column\" data-e-type=\"column\">\n\t\t\t<div class=\"elementor-widget-wrap elementor-element-populated\">\n\t\t\t\t\t\t<div class=\"elementor-element elementor-element-6de6315 shadepro-sticky-no elementor-widget elementor-widget-heading\" data-id=\"6de6315\" data-element_type=\"widget\" data-e-type=\"widget\" data-settings=\"{&quot;shadepro_sticky&quot;:&quot;no&quot;}\" data-widget_type=\"heading.default\">\n\t\t\t\t<div class=\"elementor-widget-container\">\n\t\t\t\t\t<h1 class=\"elementor-heading-title elementor-size-default\">Kontroling projekta<\/h1>\t\t\t\t<\/div>\n\t\t\t\t<\/div>\n\t\t\t\t<div class=\"elementor-element elementor-element-13ee34f shadepro-sticky-no elementor-widget elementor-widget-text-editor\" data-id=\"13ee34f\" data-element_type=\"widget\" data-e-type=\"widget\" data-settings=\"{&quot;shadepro_sticky&quot;:&quot;no&quot;}\" data-widget_type=\"text-editor.default\">\n\t\t\t\t<div class=\"elementor-widget-container\">\n\t\t\t\t\t\t\t\t\t<p>Projektni nadzor 1Tool omogo\u010da spremljanje \u010dasa in stro\u0161kov projekta.<\/p>\t\t\t\t\t\t\t\t<\/div>\n\t\t\t\t<\/div>\n\t\t\t\t<section class=\"elementor-section elementor-inner-section elementor-element elementor-element-32d5549 elementor-section-boxed elementor-section-height-default elementor-section-height-default shadepro-adv-gradient-no shadepro-sticky-no\" data-id=\"32d5549\" data-element_type=\"section\" data-e-type=\"section\" data-settings=\"{&quot;shadepro_sticky&quot;:&quot;no&quot;}\">\n\t\t\t\t\t\t<div class=\"elementor-container elementor-column-gap-default\">\n\t\t\t\t\t<div class=\"elementor-column elementor-col-100 elementor-inner-column elementor-element elementor-element-9014676\" data-id=\"9014676\" data-element_type=\"column\" data-e-type=\"column\">\n\t\t\t<div class=\"elementor-widget-wrap elementor-element-populated\">\n\t\t\t\t\t\t<div class=\"elementor-element elementor-element-b0fb382 shadepro-sticky-no elementor-widget elementor-widget-text-editor\" data-id=\"b0fb382\" data-element_type=\"widget\" data-e-type=\"widget\" data-settings=\"{&quot;shadepro_sticky&quot;:&quot;no&quot;}\" data-widget_type=\"text-editor.default\">\n\t\t\t\t<div class=\"elementor-widget-container\">\n\t\t\t\t\t\t\t\t\t<h3>U\u010dinkovito upravljanje projektov<\/h3><p>Obdelava va\u0161ih projektov je najpreprostej\u0161a in brez velikega napora lahko vzporedno izvajate ve\u010d projektov.<\/p><p>Poleg preprostega izdajanja ra\u010dunov za stranke in posamezne projekte vam 1Tool omogo\u010da tudi hitro in enostavno obdelavo lastnih stro\u0161kov. Vedno imate na voljo pregled nad nastalimi stro\u0161ki in projektnimi nalogami. To vam pomaga pri na\u010drtovanju prora\u010duna projekta in analiziranju napredka projekta.  <\/p><p>Naj gre za stro\u0161ke osebja, materialne stro\u0161ke ali druge stro\u0161ke projektov, lahko jih optimalno upravljate in nadzorujete. Vedno boste vedeli, katero osebje je odgovorno za posamezne projektne dejavnosti in koliko \u010dasa je \u017ee vlo\u017eilo v dolo\u010dene naloge. Prav tako lahko posameznim projektom dodelite naloge in stike. Poleg tega zaradi kategorizacije posameznih faz projekta in komunikacije med \u010dlani projekta z uporabo orodja 1Tool prek komentarjev ali izmenjave pomembnih dokumentov vedno poznate trenutno stanje in napredek projektov. Program 1Tool lahko uporabite tudi za enostavno vizualizacijo kronolo\u0161kega zaporedja projektnih nalog.    <\/p>\t\t\t\t\t\t\t\t<\/div>\n\t\t\t\t<\/div>\n\t\t\t\t\t<\/div>\n\t\t<\/div>\n\t\t\t\t\t<\/div>\n\t\t<\/section>\n\t\t\t\t\t<\/div>\n\t\t<\/div>\n\t\t\t\t\t<\/div>\n\t\t<\/section>\n\t\t\t\t<\/div>\n\t\t","protected":false},"excerpt":{"rendered":"<p>Kontroling projekta Projektni nadzor 1Tool omogo\u010da spremljanje \u010dasa in stro\u0161kov projekta. U\u010dinkovito upravljanje projektov Obdelava va\u0161ih projektov je najpreprostej\u0161a in brez velikega napora lahko vzporedno izvajate ve\u010d projektov. Poleg preprostega izdajanja ra\u010dunov za stranke in posamezne projekte vam 1Tool omogo\u010da tudi hitro in enostavno obdelavo lastnih stro\u0161kov. Vedno imate na voljo pregled nad nastalimi stro\u0161ki [&hellip;]<\/p>\n","protected":false},"author":1,"featured_media":0,"parent":72662,"menu_order":0,"comment_status":"closed","ping_status":"closed","template":"","meta":{"inline_featured_image":false,"footnotes":""},"class_list":["post-72505","page","type-page","status-publish","hentry"],"acf":[],"yoast_head":"<!-- This site is optimized with the Yoast SEO plugin v27.5 - https:\/\/yoast.com\/product\/yoast-seo-wordpress\/ -->\n<title>Kontroling projekta - 1Tool<\/title>\n<meta name=\"robots\" content=\"index, follow, max-snippet:-1, max-image-preview:large, max-video-preview:-1\" \/>\n<link rel=\"canonical\" href=\"https:\/\/www.1tool.com\/sl\/moduli\/organizacija-in-storitve\/projekti\/funkcije-projektni-modul\/kontroling-projekta\/\" \/>\n<meta property=\"og:locale\" content=\"sl_SI\" \/>\n<meta property=\"og:type\" content=\"article\" \/>\n<meta property=\"og:title\" content=\"Kontroling projekta - 1Tool\" \/>\n<meta property=\"og:description\" content=\"Kontroling projekta Projektni nadzor 1Tool omogo\u010da spremljanje \u010dasa in stro\u0161kov projekta. U\u010dinkovito upravljanje projektov Obdelava va\u0161ih projektov je najpreprostej\u0161a in brez velikega napora lahko vzporedno izvajate ve\u010d projektov. Poleg preprostega izdajanja ra\u010dunov za stranke in posamezne projekte vam 1Tool omogo\u010da tudi hitro in enostavno obdelavo lastnih stro\u0161kov. Vedno imate na voljo pregled nad nastalimi stro\u0161ki [&hellip;]\" \/>\n<meta property=\"og:url\" content=\"https:\/\/www.1tool.com\/sl\/moduli\/organizacija-in-storitve\/projekti\/funkcije-projektni-modul\/kontroling-projekta\/\" \/>\n<meta property=\"og:site_name\" content=\"1Tool\" \/>\n<meta property=\"article:modified_time\" content=\"2026-04-30T14:37:00+00:00\" \/>\n<meta name=\"twitter:card\" content=\"summary_large_image\" \/>\n<meta name=\"twitter:label1\" content=\"Est. reading time\" \/>\n\t<meta name=\"twitter:data1\" content=\"1 minuta\" \/>\n<script type=\"application\/ld+json\" class=\"yoast-schema-graph\">{\"@context\":\"https:\\\/\\\/schema.org\",\"@graph\":[{\"@type\":\"WebPage\",\"@id\":\"https:\\\/\\\/www.1tool.com\\\/sl\\\/moduli\\\/organizacija-in-storitve\\\/projekti\\\/funkcije-projektni-modul\\\/kontroling-projekta\\\/\",\"url\":\"https:\\\/\\\/www.1tool.com\\\/sl\\\/moduli\\\/organizacija-in-storitve\\\/projekti\\\/funkcije-projektni-modul\\\/kontroling-projekta\\\/\",\"name\":\"Kontroling projekta - 1Tool\",\"isPartOf\":{\"@id\":\"https:\\\/\\\/www.1tool.com\\\/sl\\\/#website\"},\"datePublished\":\"2022-03-31T02:07:10+00:00\",\"dateModified\":\"2026-04-30T14:37:00+00:00\",\"breadcrumb\":{\"@id\":\"https:\\\/\\\/www.1tool.com\\\/sl\\\/moduli\\\/organizacija-in-storitve\\\/projekti\\\/funkcije-projektni-modul\\\/kontroling-projekta\\\/#breadcrumb\"},\"inLanguage\":\"sl-SI\",\"potentialAction\":[{\"@type\":\"ReadAction\",\"target\":[\"https:\\\/\\\/www.1tool.com\\\/sl\\\/moduli\\\/organizacija-in-storitve\\\/projekti\\\/funkcije-projektni-modul\\\/kontroling-projekta\\\/\"]}]},{\"@type\":\"BreadcrumbList\",\"@id\":\"https:\\\/\\\/www.1tool.com\\\/sl\\\/moduli\\\/organizacija-in-storitve\\\/projekti\\\/funkcije-projektni-modul\\\/kontroling-projekta\\\/#breadcrumb\",\"itemListElement\":[{\"@type\":\"ListItem\",\"position\":1,\"name\":\"Home\",\"item\":\"https:\\\/\\\/www.1tool.com\\\/sl\\\/\"},{\"@type\":\"ListItem\",\"position\":2,\"name\":\"Moduli\",\"item\":\"https:\\\/\\\/www.1tool.com\\\/sl\\\/module\\\/\"},{\"@type\":\"ListItem\",\"position\":3,\"name\":\"Organizacija in storitve\",\"item\":\"https:\\\/\\\/www.1tool.com\\\/sl\\\/moduli\\\/organizacija-in-storitve\\\/\"},{\"@type\":\"ListItem\",\"position\":4,\"name\":\"Projekti\",\"item\":\"https:\\\/\\\/www.1tool.com\\\/sl\\\/moduli\\\/organizacija-in-storitve\\\/projekti\\\/\"},{\"@type\":\"ListItem\",\"position\":5,\"name\":\"Funkcije Projektni modul\",\"item\":\"https:\\\/\\\/www.1tool.com\\\/sl\\\/moduli\\\/organizacija-in-storitve\\\/projekti\\\/funkcije-projektni-modul\\\/\"},{\"@type\":\"ListItem\",\"position\":6,\"name\":\"Kontroling projekta\"}]},{\"@type\":\"WebSite\",\"@id\":\"https:\\\/\\\/www.1tool.com\\\/sl\\\/#website\",\"url\":\"https:\\\/\\\/www.1tool.com\\\/sl\\\/\",\"name\":\"1Tool\",\"description\":\"CRM\",\"publisher\":{\"@id\":\"https:\\\/\\\/www.1tool.com\\\/sl\\\/#organization\"},\"potentialAction\":[{\"@type\":\"SearchAction\",\"target\":{\"@type\":\"EntryPoint\",\"urlTemplate\":\"https:\\\/\\\/www.1tool.com\\\/sl\\\/?s={search_term_string}\"},\"query-input\":{\"@type\":\"PropertyValueSpecification\",\"valueRequired\":true,\"valueName\":\"search_term_string\"}}],\"inLanguage\":\"sl-SI\"},{\"@type\":\"Organization\",\"@id\":\"https:\\\/\\\/www.1tool.com\\\/sl\\\/#organization\",\"name\":\"1Tool\",\"url\":\"https:\\\/\\\/www.1tool.com\\\/sl\\\/\",\"logo\":{\"@type\":\"ImageObject\",\"inLanguage\":\"sl-SI\",\"@id\":\"https:\\\/\\\/www.1tool.com\\\/sl\\\/#\\\/schema\\\/logo\\\/image\\\/\",\"url\":\"https:\\\/\\\/www.1tool.com\\\/wp-content\\\/uploads\\\/2022\\\/04\\\/1tool-1.png\",\"contentUrl\":\"https:\\\/\\\/www.1tool.com\\\/wp-content\\\/uploads\\\/2022\\\/04\\\/1tool-1.png\",\"width\":400,\"height\":150,\"caption\":\"1Tool\"},\"image\":{\"@id\":\"https:\\\/\\\/www.1tool.com\\\/sl\\\/#\\\/schema\\\/logo\\\/image\\\/\"}}]}<\/script>\n<!-- \/ Yoast SEO plugin. -->","yoast_head_json":{"title":"Kontroling projekta - 1Tool","robots":{"index":"index","follow":"follow","max-snippet":"max-snippet:-1","max-image-preview":"max-image-preview:large","max-video-preview":"max-video-preview:-1"},"canonical":"https:\/\/www.1tool.com\/sl\/moduli\/organizacija-in-storitve\/projekti\/funkcije-projektni-modul\/kontroling-projekta\/","og_locale":"sl_SI","og_type":"article","og_title":"Kontroling projekta - 1Tool","og_description":"Kontroling projekta Projektni nadzor 1Tool omogo\u010da spremljanje \u010dasa in stro\u0161kov projekta. U\u010dinkovito upravljanje projektov Obdelava va\u0161ih projektov je najpreprostej\u0161a in brez velikega napora lahko vzporedno izvajate ve\u010d projektov. Poleg preprostega izdajanja ra\u010dunov za stranke in posamezne projekte vam 1Tool omogo\u010da tudi hitro in enostavno obdelavo lastnih stro\u0161kov. Vedno imate na voljo pregled nad nastalimi stro\u0161ki [&hellip;]","og_url":"https:\/\/www.1tool.com\/sl\/moduli\/organizacija-in-storitve\/projekti\/funkcije-projektni-modul\/kontroling-projekta\/","og_site_name":"1Tool","article_modified_time":"2026-04-30T14:37:00+00:00","twitter_card":"summary_large_image","twitter_misc":{"Est. reading time":"1 minuta"},"schema":{"@context":"https:\/\/schema.org","@graph":[{"@type":"WebPage","@id":"https:\/\/www.1tool.com\/sl\/moduli\/organizacija-in-storitve\/projekti\/funkcije-projektni-modul\/kontroling-projekta\/","url":"https:\/\/www.1tool.com\/sl\/moduli\/organizacija-in-storitve\/projekti\/funkcije-projektni-modul\/kontroling-projekta\/","name":"Kontroling projekta - 1Tool","isPartOf":{"@id":"https:\/\/www.1tool.com\/sl\/#website"},"datePublished":"2022-03-31T02:07:10+00:00","dateModified":"2026-04-30T14:37:00+00:00","breadcrumb":{"@id":"https:\/\/www.1tool.com\/sl\/moduli\/organizacija-in-storitve\/projekti\/funkcije-projektni-modul\/kontroling-projekta\/#breadcrumb"},"inLanguage":"sl-SI","potentialAction":[{"@type":"ReadAction","target":["https:\/\/www.1tool.com\/sl\/moduli\/organizacija-in-storitve\/projekti\/funkcije-projektni-modul\/kontroling-projekta\/"]}]},{"@type":"BreadcrumbList","@id":"https:\/\/www.1tool.com\/sl\/moduli\/organizacija-in-storitve\/projekti\/funkcije-projektni-modul\/kontroling-projekta\/#breadcrumb","itemListElement":[{"@type":"ListItem","position":1,"name":"Home","item":"https:\/\/www.1tool.com\/sl\/"},{"@type":"ListItem","position":2,"name":"Moduli","item":"https:\/\/www.1tool.com\/sl\/module\/"},{"@type":"ListItem","position":3,"name":"Organizacija in storitve","item":"https:\/\/www.1tool.com\/sl\/moduli\/organizacija-in-storitve\/"},{"@type":"ListItem","position":4,"name":"Projekti","item":"https:\/\/www.1tool.com\/sl\/moduli\/organizacija-in-storitve\/projekti\/"},{"@type":"ListItem","position":5,"name":"Funkcije Projektni modul","item":"https:\/\/www.1tool.com\/sl\/moduli\/organizacija-in-storitve\/projekti\/funkcije-projektni-modul\/"},{"@type":"ListItem","position":6,"name":"Kontroling projekta"}]},{"@type":"WebSite","@id":"https:\/\/www.1tool.com\/sl\/#website","url":"https:\/\/www.1tool.com\/sl\/","name":"1Tool","description":"CRM","publisher":{"@id":"https:\/\/www.1tool.com\/sl\/#organization"},"potentialAction":[{"@type":"SearchAction","target":{"@type":"EntryPoint","urlTemplate":"https:\/\/www.1tool.com\/sl\/?s={search_term_string}"},"query-input":{"@type":"PropertyValueSpecification","valueRequired":true,"valueName":"search_term_string"}}],"inLanguage":"sl-SI"},{"@type":"Organization","@id":"https:\/\/www.1tool.com\/sl\/#organization","name":"1Tool","url":"https:\/\/www.1tool.com\/sl\/","logo":{"@type":"ImageObject","inLanguage":"sl-SI","@id":"https:\/\/www.1tool.com\/sl\/#\/schema\/logo\/image\/","url":"https:\/\/www.1tool.com\/wp-content\/uploads\/2022\/04\/1tool-1.png","contentUrl":"https:\/\/www.1tool.com\/wp-content\/uploads\/2022\/04\/1tool-1.png","width":400,"height":150,"caption":"1Tool"},"image":{"@id":"https:\/\/www.1tool.com\/sl\/#\/schema\/logo\/image\/"}}]}},"_links":{"self":[{"href":"https:\/\/www.1tool.com\/sl\/wp-json\/wp\/v2\/pages\/72505","targetHints":{"allow":["GET"]}}],"collection":[{"href":"https:\/\/www.1tool.com\/sl\/wp-json\/wp\/v2\/pages"}],"about":[{"href":"https:\/\/www.1tool.com\/sl\/wp-json\/wp\/v2\/types\/page"}],"author":[{"embeddable":true,"href":"https:\/\/www.1tool.com\/sl\/wp-json\/wp\/v2\/users\/1"}],"replies":[{"embeddable":true,"href":"https:\/\/www.1tool.com\/sl\/wp-json\/wp\/v2\/comments?post=72505"}],"version-history":[{"count":1,"href":"https:\/\/www.1tool.com\/sl\/wp-json\/wp\/v2\/pages\/72505\/revisions"}],"predecessor-version":[{"id":72507,"href":"https:\/\/www.1tool.com\/sl\/wp-json\/wp\/v2\/pages\/72505\/revisions\/72507"}],"up":[{"embeddable":true,"href":"https:\/\/www.1tool.com\/sl\/wp-json\/wp\/v2\/pages\/72662"}],"wp:attachment":[{"href":"https:\/\/www.1tool.com\/sl\/wp-json\/wp\/v2\/media?parent=72505"}],"curies":[{"name":"wp","href":"https:\/\/api.w.org\/{rel}","templated":true}]}}