{"id":72506,"date":"2022-03-30T18:34:22","date_gmt":"2022-03-30T16:34:22","guid":{"rendered":"https:\/\/www.1tool.com\/sistem-vozovnic\/"},"modified":"2026-04-30T16:36:49","modified_gmt":"2026-04-30T14:36:49","slug":"sistem-vozovnic","status":"publish","type":"page","link":"https:\/\/www.1tool.com\/sl\/moduli\/organizacija-in-storitve\/vstopnice-za-podporo\/funkcije-podpora-vstopnice-modul\/sistem-vozovnic\/","title":{"rendered":"Sistem vozovnic"},"content":{"rendered":"\t\t<div data-elementor-type=\"wp-page\" data-elementor-id=\"72506\" class=\"elementor elementor-72506 elementor-49492\" data-elementor-post-type=\"page\">\n\t\t\t\t\t\t<section class=\"elementor-section elementor-top-section elementor-element elementor-element-3ad15fc elementor-section-boxed elementor-section-height-default elementor-section-height-default shadepro-adv-gradient-no shadepro-sticky-no\" data-id=\"3ad15fc\" data-element_type=\"section\" data-e-type=\"section\" data-settings=\"{&quot;shadepro_sticky&quot;:&quot;no&quot;}\">\n\t\t\t\t\t\t<div class=\"elementor-container elementor-column-gap-default\">\n\t\t\t\t\t<div class=\"elementor-column elementor-col-100 elementor-top-column elementor-element elementor-element-f1c61ed\" data-id=\"f1c61ed\" data-element_type=\"column\" data-e-type=\"column\">\n\t\t\t<div class=\"elementor-widget-wrap elementor-element-populated\">\n\t\t\t\t\t\t<div class=\"elementor-element elementor-element-48990d0 shadepro-sticky-no elementor-widget elementor-widget-heading\" data-id=\"48990d0\" data-element_type=\"widget\" data-e-type=\"widget\" data-settings=\"{&quot;shadepro_sticky&quot;:&quot;no&quot;}\" data-widget_type=\"heading.default\">\n\t\t\t\t<div class=\"elementor-widget-container\">\n\t\t\t\t\t<h1 class=\"elementor-heading-title elementor-size-default\">Sistem vozovnic<\/h1>\t\t\t\t<\/div>\n\t\t\t\t<\/div>\n\t\t\t\t<div class=\"elementor-element elementor-element-86ed5a7 shadepro-sticky-no elementor-widget elementor-widget-text-editor\" data-id=\"86ed5a7\" data-element_type=\"widget\" data-e-type=\"widget\" data-settings=\"{&quot;shadepro_sticky&quot;:&quot;no&quot;}\" data-widget_type=\"text-editor.default\">\n\t\t\t\t<div class=\"elementor-widget-container\">\n\t\t\t\t\t\t\t\t\t<p>Sistem 1Tool CRM za prijave vam pomaga optimizirati podporo strankam &#8211; od prve poizvedbe do kon\u010dne re\u0161itve storitve.<\/p>\t\t\t\t\t\t\t\t<\/div>\n\t\t\t\t<\/div>\n\t\t\t\t<section class=\"elementor-section elementor-inner-section elementor-element elementor-element-78e1ff6 elementor-section-boxed elementor-section-height-default elementor-section-height-default shadepro-adv-gradient-no shadepro-sticky-no\" data-id=\"78e1ff6\" data-element_type=\"section\" data-e-type=\"section\" data-settings=\"{&quot;shadepro_sticky&quot;:&quot;no&quot;}\">\n\t\t\t\t\t\t<div class=\"elementor-container elementor-column-gap-default\">\n\t\t\t\t\t<div class=\"elementor-column elementor-col-100 elementor-inner-column elementor-element elementor-element-4575fd7\" data-id=\"4575fd7\" data-element_type=\"column\" data-e-type=\"column\">\n\t\t\t<div class=\"elementor-widget-wrap elementor-element-populated\">\n\t\t\t\t\t\t<div class=\"elementor-element elementor-element-a2ebbb3 shadepro-sticky-no elementor-widget elementor-widget-text-editor\" data-id=\"a2ebbb3\" data-element_type=\"widget\" data-e-type=\"widget\" data-settings=\"{&quot;shadepro_sticky&quot;:&quot;no&quot;}\" data-widget_type=\"text-editor.default\">\n\t\t\t\t<div class=\"elementor-widget-container\">\n\t\t\t\t\t\t\t\t\t<h3>Bolj\u0161a kakovost storitev zaradi inteligentnega upravljanja vozovnic<\/h3><p><strong>Programska oprema 1Tool Ticket System<\/strong> je idealna re\u0161itev za va\u0161e storitve za stranke in vam pomaga u\u010dinkovito obravnavati te\u017eave in poizvedbe va\u0161ih strank, partnerjev ali dobaviteljev. Celoten postopek upravljanja vozovnic, od evidentiranja poizvedbe, notranje obdelave in dodeljevanja nalog do stalnega spremljanja in zagotavljanja re\u0161itve, se upravlja v osrednji zbirki podatkov. <g id=\"gid_1\">Vstopnice lahko razvrstite po pomembnosti<\/g> in <g id=\"gid_1\">jih<\/g> s pritiskom na gumb razdelite odgovornim zaposlenim. <g id=\"gid_2\">Upravljanje vozovnic<\/g> 1Tool tako zagotavlja, da je na vsako poizvedbo za podporo odgovorjeno v razumnem roku. S tem ne le zmanj\u0161ate \u010dakalne dobe za va\u0161e stranke, temve\u010d lahko tudi bistveno zmanj\u0161ate skupne stro\u0161ke podpore.    <\/p><h3>Sistem CRM za vozovnice postavlja va\u0161e odnose s strankami v sredi\u0161\u010de pozornosti<\/h3><p>Zlasti v \u010dasu mo\u010dne konkurence imata pravo\u010dasna obdelava poizvedb in re\u0161evanje te\u017eav strank vse pomembnej\u0161o vlogo pri njihovem zadovoljstvu. Z uporabo <g id=\"gid_0\">portala za stranke 1Tool<\/g> lahko va\u0161e stranke same ustvarijo vozovnice ter ves \u010das spremljajo stanje in vlo\u017eeni delovni \u010das. Poleg tega lahko z uporabo samodejnih obvestil svoje kontaktne skupine nenehno obve\u0161\u010date o napredku in re\u0161evanju vozovnic. To lahko bistveno izbolj\u0161a komunikacijo s strankami in zmanj\u0161a \u0161tevilo klicev v podporo. Posledi\u010dno <g id=\"gid_1\">se sprosti osebje za storitve in podporo,<\/g> tako da se lahko v celoti posvetijo bistvenim zadevam: Va\u0161im strankam. Hitri odzivi in optimizacija pretoka informacij pove\u010dujejo zadovoljstvo in zvestobo strank, zaradi \u010desar so va\u0161e <g id=\"gid_2\">storitve za stranke uspe\u0161nej\u0161e<\/g> kot kdaj koli prej.     <\/p><h3>Hitreje, la\u017eje, skupaj &#8211; 1Tool Ticket Software<\/h3><p>Ne glede na to, ali gre za prodajno poizvedbo, podporo strankam ali prito\u017ebo, lahko s sistemom CRM ticket iz podjetja 1Tool zagotovite v storitve usmerjeno in ciljno usmerjeno obdelavo nalog ter tako prihranite \u010das in denar. Prioritete, roki in napredek so vidni vsem zaposlenim. Strukturiran seznam vozovnic zagotavlja, da se nobena vozovnica nikoli ne izgubi ali pozabi, tudi pri velikem \u0161tevilu zahtevkov za podporo.  <\/p><p>S sistemom 1Tool ticket je tudi notranje sodelovanje preprosto &#8211; s pritiskom na gumb se ticket pretvori v naloge ali podzahteve in dodeli ustreznim zaposlenim, kar omogo\u010da hitrej\u0161o in u\u010dinkovitej\u0161o obdelavo ticketov. Ti zaposleni natan\u010dno bele\u017eijo svoje delovne ure, tako da je mogo\u010de enostavno spremljati obdelavo in vire, potrebne za posamezno vozovnico. Na koncu se ustvari natan\u010dna slika o stranki in njenih zahtevah &#8211; zaposleni v slu\u017ebi bolje razumejo stranko, natan\u010dno vedo, kako komunicirati z njo, in tako zagotovijo razvoj dolgoro\u010dnih odnosov s strankami.  <\/p><h3>Hitra obdelava vozovnic zaradi obse\u017ene baze znanja<\/h3><p>Konkretna dokumentacija vseh zahtevkov in re\u0161itev vam omogo\u010da, da nenehno raz\u0161irjate svojo <strong>podatkovno zbirko znanja CRM<\/strong>, ki jo lahko uporabite tudi za prihodnje poizvedbe. Bazo znanja 1Tool lahko uporabite za bele\u017eenje konceptov re\u0161itev in jih delite s celotno ekipo. S tem ne le, da sodelavci la\u017eje prevzamejo poizvedbe, temve\u010d jih lahko tudi veliko bolj produktivno obdelajo. Podobne in ponavljajo\u010de se te\u017eave lahko v prihodnje hitreje re\u0161ujete s <g id=\"gid_1\">sistemom za prijave <\/g>, saj lahko stranki \u017ee ob prvem stiku podate za\u010detne predloge. Ve\u010dja stopnja re\u0161evanja, ve\u010dje zadovoljstvo strank in bolj\u0161a podoba &#8211; va\u0161e stranke bodo navdu\u0161ene nad strokovnostjo va\u0161ega podjetja!    <\/p><h4>Prednosti programske opreme Ticket System:<\/h4><ul><li>Ve\u010dje zadovoljstvo in zvestoba strank<\/li><li>Zmanj\u0161anje potrebnega \u010dasa in virov<\/li><li>U\u010dinkovite storitve za stranke in ve\u010dja produktivnost<\/li><li>Razvoj obse\u017ene zbirke podatkov o znanju<\/li><li>Strukturirano bele\u017eenje in dokumentiranje vozovnic<\/li><li>Pravo\u010dasen odziv in iskanje re\u0161itev<\/li><li>Optimizacija pretoka informacij in bolj\u0161e skupinsko delo<\/li><li>Podpora 24 ur na dan, 7 dni v tednu s portalom za samopostre\u017ebo za stranke<\/li><\/ul>\t\t\t\t\t\t\t\t<\/div>\n\t\t\t\t<\/div>\n\t\t\t\t\t<\/div>\n\t\t<\/div>\n\t\t\t\t\t<\/div>\n\t\t<\/section>\n\t\t\t\t\t<\/div>\n\t\t<\/div>\n\t\t\t\t\t<\/div>\n\t\t<\/section>\n\t\t\t\t<\/div>\n\t\t","protected":false},"excerpt":{"rendered":"<p>Sistem vozovnic Sistem 1Tool CRM za prijave vam pomaga optimizirati podporo strankam &#8211; od prve poizvedbe do kon\u010dne re\u0161itve storitve. Bolj\u0161a kakovost storitev zaradi inteligentnega upravljanja vozovnic Programska oprema 1Tool Ticket System je idealna re\u0161itev za va\u0161e storitve za stranke in vam pomaga u\u010dinkovito obravnavati te\u017eave in poizvedbe va\u0161ih strank, partnerjev ali dobaviteljev. Celoten postopek [&hellip;]<\/p>\n","protected":false},"author":1,"featured_media":0,"parent":72635,"menu_order":0,"comment_status":"closed","ping_status":"closed","template":"","meta":{"inline_featured_image":false,"footnotes":""},"class_list":["post-72506","page","type-page","status-publish","hentry"],"acf":[],"yoast_head":"<!-- This site is optimized with the Yoast SEO plugin v27.5 - https:\/\/yoast.com\/product\/yoast-seo-wordpress\/ -->\n<title>Sistem vozovnic - 1Tool<\/title>\n<meta name=\"robots\" content=\"index, follow, max-snippet:-1, max-image-preview:large, max-video-preview:-1\" \/>\n<link rel=\"canonical\" href=\"https:\/\/www.1tool.com\/sl\/moduli\/organizacija-in-storitve\/vstopnice-za-podporo\/funkcije-podpora-vstopnice-modul\/sistem-vozovnic\/\" \/>\n<meta property=\"og:locale\" content=\"sl_SI\" \/>\n<meta property=\"og:type\" content=\"article\" \/>\n<meta property=\"og:title\" content=\"Sistem vozovnic - 1Tool\" \/>\n<meta property=\"og:description\" content=\"Sistem vozovnic Sistem 1Tool CRM za prijave vam pomaga optimizirati podporo strankam &#8211; od prve poizvedbe do kon\u010dne re\u0161itve storitve. Bolj\u0161a kakovost storitev zaradi inteligentnega upravljanja vozovnic Programska oprema 1Tool Ticket System je idealna re\u0161itev za va\u0161e storitve za stranke in vam pomaga u\u010dinkovito obravnavati te\u017eave in poizvedbe va\u0161ih strank, partnerjev ali dobaviteljev. Celoten postopek [&hellip;]\" \/>\n<meta property=\"og:url\" content=\"https:\/\/www.1tool.com\/sl\/moduli\/organizacija-in-storitve\/vstopnice-za-podporo\/funkcije-podpora-vstopnice-modul\/sistem-vozovnic\/\" \/>\n<meta property=\"og:site_name\" content=\"1Tool\" \/>\n<meta property=\"article:modified_time\" content=\"2026-04-30T14:36:49+00:00\" \/>\n<meta name=\"twitter:card\" content=\"summary_large_image\" \/>\n<meta name=\"twitter:label1\" content=\"Est. reading time\" \/>\n\t<meta name=\"twitter:data1\" content=\"3 minute\" \/>\n<script type=\"application\/ld+json\" class=\"yoast-schema-graph\">{\"@context\":\"https:\\\/\\\/schema.org\",\"@graph\":[{\"@type\":\"WebPage\",\"@id\":\"https:\\\/\\\/www.1tool.com\\\/sl\\\/moduli\\\/organizacija-in-storitve\\\/vstopnice-za-podporo\\\/funkcije-podpora-vstopnice-modul\\\/sistem-vozovnic\\\/\",\"url\":\"https:\\\/\\\/www.1tool.com\\\/sl\\\/moduli\\\/organizacija-in-storitve\\\/vstopnice-za-podporo\\\/funkcije-podpora-vstopnice-modul\\\/sistem-vozovnic\\\/\",\"name\":\"Sistem vozovnic - 1Tool\",\"isPartOf\":{\"@id\":\"https:\\\/\\\/www.1tool.com\\\/sl\\\/#website\"},\"datePublished\":\"2022-03-30T16:34:22+00:00\",\"dateModified\":\"2026-04-30T14:36:49+00:00\",\"breadcrumb\":{\"@id\":\"https:\\\/\\\/www.1tool.com\\\/sl\\\/moduli\\\/organizacija-in-storitve\\\/vstopnice-za-podporo\\\/funkcije-podpora-vstopnice-modul\\\/sistem-vozovnic\\\/#breadcrumb\"},\"inLanguage\":\"sl-SI\",\"potentialAction\":[{\"@type\":\"ReadAction\",\"target\":[\"https:\\\/\\\/www.1tool.com\\\/sl\\\/moduli\\\/organizacija-in-storitve\\\/vstopnice-za-podporo\\\/funkcije-podpora-vstopnice-modul\\\/sistem-vozovnic\\\/\"]}]},{\"@type\":\"BreadcrumbList\",\"@id\":\"https:\\\/\\\/www.1tool.com\\\/sl\\\/moduli\\\/organizacija-in-storitve\\\/vstopnice-za-podporo\\\/funkcije-podpora-vstopnice-modul\\\/sistem-vozovnic\\\/#breadcrumb\",\"itemListElement\":[{\"@type\":\"ListItem\",\"position\":1,\"name\":\"Home\",\"item\":\"https:\\\/\\\/www.1tool.com\\\/sl\\\/\"},{\"@type\":\"ListItem\",\"position\":2,\"name\":\"Moduli\",\"item\":\"https:\\\/\\\/www.1tool.com\\\/sl\\\/module\\\/\"},{\"@type\":\"ListItem\",\"position\":3,\"name\":\"Organizacija in storitve\",\"item\":\"https:\\\/\\\/www.1tool.com\\\/sl\\\/moduli\\\/organizacija-in-storitve\\\/\"},{\"@type\":\"ListItem\",\"position\":4,\"name\":\"Vstopnice za podporo\",\"item\":\"https:\\\/\\\/www.1tool.com\\\/sl\\\/moduli\\\/organizacija-in-storitve\\\/vstopnice-za-podporo\\\/\"},{\"@type\":\"ListItem\",\"position\":5,\"name\":\"Funkcije Podpora Vstopnice Modul\",\"item\":\"https:\\\/\\\/www.1tool.com\\\/sl\\\/moduli\\\/organizacija-in-storitve\\\/vstopnice-za-podporo\\\/funkcije-podpora-vstopnice-modul\\\/\"},{\"@type\":\"ListItem\",\"position\":6,\"name\":\"Sistem vozovnic\"}]},{\"@type\":\"WebSite\",\"@id\":\"https:\\\/\\\/www.1tool.com\\\/sl\\\/#website\",\"url\":\"https:\\\/\\\/www.1tool.com\\\/sl\\\/\",\"name\":\"1Tool\",\"description\":\"CRM\",\"publisher\":{\"@id\":\"https:\\\/\\\/www.1tool.com\\\/sl\\\/#organization\"},\"potentialAction\":[{\"@type\":\"SearchAction\",\"target\":{\"@type\":\"EntryPoint\",\"urlTemplate\":\"https:\\\/\\\/www.1tool.com\\\/sl\\\/?s={search_term_string}\"},\"query-input\":{\"@type\":\"PropertyValueSpecification\",\"valueRequired\":true,\"valueName\":\"search_term_string\"}}],\"inLanguage\":\"sl-SI\"},{\"@type\":\"Organization\",\"@id\":\"https:\\\/\\\/www.1tool.com\\\/sl\\\/#organization\",\"name\":\"1Tool\",\"url\":\"https:\\\/\\\/www.1tool.com\\\/sl\\\/\",\"logo\":{\"@type\":\"ImageObject\",\"inLanguage\":\"sl-SI\",\"@id\":\"https:\\\/\\\/www.1tool.com\\\/sl\\\/#\\\/schema\\\/logo\\\/image\\\/\",\"url\":\"https:\\\/\\\/www.1tool.com\\\/wp-content\\\/uploads\\\/2022\\\/04\\\/1tool-1.png\",\"contentUrl\":\"https:\\\/\\\/www.1tool.com\\\/wp-content\\\/uploads\\\/2022\\\/04\\\/1tool-1.png\",\"width\":400,\"height\":150,\"caption\":\"1Tool\"},\"image\":{\"@id\":\"https:\\\/\\\/www.1tool.com\\\/sl\\\/#\\\/schema\\\/logo\\\/image\\\/\"}}]}<\/script>\n<!-- \/ Yoast SEO plugin. -->","yoast_head_json":{"title":"Sistem vozovnic - 1Tool","robots":{"index":"index","follow":"follow","max-snippet":"max-snippet:-1","max-image-preview":"max-image-preview:large","max-video-preview":"max-video-preview:-1"},"canonical":"https:\/\/www.1tool.com\/sl\/moduli\/organizacija-in-storitve\/vstopnice-za-podporo\/funkcije-podpora-vstopnice-modul\/sistem-vozovnic\/","og_locale":"sl_SI","og_type":"article","og_title":"Sistem vozovnic - 1Tool","og_description":"Sistem vozovnic Sistem 1Tool CRM za prijave vam pomaga optimizirati podporo strankam &#8211; od prve poizvedbe do kon\u010dne re\u0161itve storitve. Bolj\u0161a kakovost storitev zaradi inteligentnega upravljanja vozovnic Programska oprema 1Tool Ticket System je idealna re\u0161itev za va\u0161e storitve za stranke in vam pomaga u\u010dinkovito obravnavati te\u017eave in poizvedbe va\u0161ih strank, partnerjev ali dobaviteljev. Celoten postopek [&hellip;]","og_url":"https:\/\/www.1tool.com\/sl\/moduli\/organizacija-in-storitve\/vstopnice-za-podporo\/funkcije-podpora-vstopnice-modul\/sistem-vozovnic\/","og_site_name":"1Tool","article_modified_time":"2026-04-30T14:36:49+00:00","twitter_card":"summary_large_image","twitter_misc":{"Est. reading time":"3 minute"},"schema":{"@context":"https:\/\/schema.org","@graph":[{"@type":"WebPage","@id":"https:\/\/www.1tool.com\/sl\/moduli\/organizacija-in-storitve\/vstopnice-za-podporo\/funkcije-podpora-vstopnice-modul\/sistem-vozovnic\/","url":"https:\/\/www.1tool.com\/sl\/moduli\/organizacija-in-storitve\/vstopnice-za-podporo\/funkcije-podpora-vstopnice-modul\/sistem-vozovnic\/","name":"Sistem vozovnic - 1Tool","isPartOf":{"@id":"https:\/\/www.1tool.com\/sl\/#website"},"datePublished":"2022-03-30T16:34:22+00:00","dateModified":"2026-04-30T14:36:49+00:00","breadcrumb":{"@id":"https:\/\/www.1tool.com\/sl\/moduli\/organizacija-in-storitve\/vstopnice-za-podporo\/funkcije-podpora-vstopnice-modul\/sistem-vozovnic\/#breadcrumb"},"inLanguage":"sl-SI","potentialAction":[{"@type":"ReadAction","target":["https:\/\/www.1tool.com\/sl\/moduli\/organizacija-in-storitve\/vstopnice-za-podporo\/funkcije-podpora-vstopnice-modul\/sistem-vozovnic\/"]}]},{"@type":"BreadcrumbList","@id":"https:\/\/www.1tool.com\/sl\/moduli\/organizacija-in-storitve\/vstopnice-za-podporo\/funkcije-podpora-vstopnice-modul\/sistem-vozovnic\/#breadcrumb","itemListElement":[{"@type":"ListItem","position":1,"name":"Home","item":"https:\/\/www.1tool.com\/sl\/"},{"@type":"ListItem","position":2,"name":"Moduli","item":"https:\/\/www.1tool.com\/sl\/module\/"},{"@type":"ListItem","position":3,"name":"Organizacija in storitve","item":"https:\/\/www.1tool.com\/sl\/moduli\/organizacija-in-storitve\/"},{"@type":"ListItem","position":4,"name":"Vstopnice za podporo","item":"https:\/\/www.1tool.com\/sl\/moduli\/organizacija-in-storitve\/vstopnice-za-podporo\/"},{"@type":"ListItem","position":5,"name":"Funkcije Podpora Vstopnice Modul","item":"https:\/\/www.1tool.com\/sl\/moduli\/organizacija-in-storitve\/vstopnice-za-podporo\/funkcije-podpora-vstopnice-modul\/"},{"@type":"ListItem","position":6,"name":"Sistem vozovnic"}]},{"@type":"WebSite","@id":"https:\/\/www.1tool.com\/sl\/#website","url":"https:\/\/www.1tool.com\/sl\/","name":"1Tool","description":"CRM","publisher":{"@id":"https:\/\/www.1tool.com\/sl\/#organization"},"potentialAction":[{"@type":"SearchAction","target":{"@type":"EntryPoint","urlTemplate":"https:\/\/www.1tool.com\/sl\/?s={search_term_string}"},"query-input":{"@type":"PropertyValueSpecification","valueRequired":true,"valueName":"search_term_string"}}],"inLanguage":"sl-SI"},{"@type":"Organization","@id":"https:\/\/www.1tool.com\/sl\/#organization","name":"1Tool","url":"https:\/\/www.1tool.com\/sl\/","logo":{"@type":"ImageObject","inLanguage":"sl-SI","@id":"https:\/\/www.1tool.com\/sl\/#\/schema\/logo\/image\/","url":"https:\/\/www.1tool.com\/wp-content\/uploads\/2022\/04\/1tool-1.png","contentUrl":"https:\/\/www.1tool.com\/wp-content\/uploads\/2022\/04\/1tool-1.png","width":400,"height":150,"caption":"1Tool"},"image":{"@id":"https:\/\/www.1tool.com\/sl\/#\/schema\/logo\/image\/"}}]}},"_links":{"self":[{"href":"https:\/\/www.1tool.com\/sl\/wp-json\/wp\/v2\/pages\/72506","targetHints":{"allow":["GET"]}}],"collection":[{"href":"https:\/\/www.1tool.com\/sl\/wp-json\/wp\/v2\/pages"}],"about":[{"href":"https:\/\/www.1tool.com\/sl\/wp-json\/wp\/v2\/types\/page"}],"author":[{"embeddable":true,"href":"https:\/\/www.1tool.com\/sl\/wp-json\/wp\/v2\/users\/1"}],"replies":[{"embeddable":true,"href":"https:\/\/www.1tool.com\/sl\/wp-json\/wp\/v2\/comments?post=72506"}],"version-history":[{"count":1,"href":"https:\/\/www.1tool.com\/sl\/wp-json\/wp\/v2\/pages\/72506\/revisions"}],"predecessor-version":[{"id":72508,"href":"https:\/\/www.1tool.com\/sl\/wp-json\/wp\/v2\/pages\/72506\/revisions\/72508"}],"up":[{"embeddable":true,"href":"https:\/\/www.1tool.com\/sl\/wp-json\/wp\/v2\/pages\/72635"}],"wp:attachment":[{"href":"https:\/\/www.1tool.com\/sl\/wp-json\/wp\/v2\/media?parent=72506"}],"curies":[{"name":"wp","href":"https:\/\/api.w.org\/{rel}","templated":true}]}}