{"id":72517,"date":"2022-03-30T18:29:12","date_gmt":"2022-03-30T16:29:12","guid":{"rendered":"https:\/\/www.1tool.com\/dodatni-paketi\/"},"modified":"2026-04-30T16:36:54","modified_gmt":"2026-04-30T14:36:54","slug":"dodatni-paketi","status":"publish","type":"page","link":"https:\/\/www.1tool.com\/sl\/moduli\/posebni-moduli\/rezervacije\/funkcije-modul-rezervacije\/dodatni-paketi\/","title":{"rendered":"Dodatni paketi"},"content":{"rendered":"\t\t<div data-elementor-type=\"wp-page\" data-elementor-id=\"72517\" class=\"elementor elementor-72517 elementor-49462\" data-elementor-post-type=\"page\">\n\t\t\t\t\t\t<section class=\"elementor-section elementor-top-section elementor-element elementor-element-bb36d2d elementor-section-boxed elementor-section-height-default elementor-section-height-default shadepro-adv-gradient-no shadepro-sticky-no\" data-id=\"bb36d2d\" data-element_type=\"section\" data-e-type=\"section\" data-settings=\"{&quot;shadepro_sticky&quot;:&quot;no&quot;}\">\n\t\t\t\t\t\t<div class=\"elementor-container elementor-column-gap-default\">\n\t\t\t\t\t<div class=\"elementor-column elementor-col-100 elementor-top-column elementor-element elementor-element-b37c900\" data-id=\"b37c900\" data-element_type=\"column\" data-e-type=\"column\">\n\t\t\t<div class=\"elementor-widget-wrap elementor-element-populated\">\n\t\t\t\t\t\t<div class=\"elementor-element elementor-element-9597033 shadepro-sticky-no elementor-widget elementor-widget-heading\" data-id=\"9597033\" data-element_type=\"widget\" data-e-type=\"widget\" data-settings=\"{&quot;shadepro_sticky&quot;:&quot;no&quot;}\" data-widget_type=\"heading.default\">\n\t\t\t\t<div class=\"elementor-widget-container\">\n\t\t\t\t\t<h1 class=\"elementor-heading-title elementor-size-default\">Dodatni paketi<\/h1>\t\t\t\t<\/div>\n\t\t\t\t<\/div>\n\t\t\t\t<div class=\"elementor-element elementor-element-cdf73bd shadepro-sticky-no elementor-widget elementor-widget-text-editor\" data-id=\"cdf73bd\" data-element_type=\"widget\" data-e-type=\"widget\" data-settings=\"{&quot;shadepro_sticky&quot;:&quot;no&quot;}\" data-widget_type=\"text-editor.default\">\n\t\t\t\t<div class=\"elementor-widget-container\">\n\t\t\t\t\t\t\t\t\t<p>\u0160tevilni dodatni moduli za optimalno uporabo sistema rezervacij 1Tool<\/p>\t\t\t\t\t\t\t\t<\/div>\n\t\t\t\t<\/div>\n\t\t\t\t<section class=\"elementor-section elementor-inner-section elementor-element elementor-element-6614b67 elementor-section-boxed elementor-section-height-default elementor-section-height-default shadepro-adv-gradient-no shadepro-sticky-no\" data-id=\"6614b67\" data-element_type=\"section\" data-e-type=\"section\" data-settings=\"{&quot;shadepro_sticky&quot;:&quot;no&quot;}\">\n\t\t\t\t\t\t<div class=\"elementor-container elementor-column-gap-default\">\n\t\t\t\t\t<div class=\"elementor-column elementor-col-100 elementor-inner-column elementor-element elementor-element-29e2070\" data-id=\"29e2070\" data-element_type=\"column\" data-e-type=\"column\">\n\t\t\t<div class=\"elementor-widget-wrap elementor-element-populated\">\n\t\t\t\t\t\t<div class=\"elementor-element elementor-element-aa2e09c shadepro-sticky-no elementor-widget elementor-widget-text-editor\" data-id=\"aa2e09c\" data-element_type=\"widget\" data-e-type=\"widget\" data-settings=\"{&quot;shadepro_sticky&quot;:&quot;no&quot;}\" data-widget_type=\"text-editor.default\">\n\t\t\t\t<div class=\"elementor-widget-container\">\n\t\t\t\t\t\t\t\t\t<h3>Vklju\u010ditev v spletno mesto<\/h3><p>Modul za rezervacije lahko preprosto in enostavno vklju\u010dite v svoje spletno mesto.<\/p><p>S tem svojim strankam omogo\u010dite spletni pregled ponujenih paketov all inclusive in razpolo\u017eljivih sob. Prav tako imajo mo\u017enost rezervacije neposredno na va\u0161i spletni strani. Poizvedbe o rezervaciji boste prejeli po elektronski po\u0161ti.  <\/p><p> <\/p><h3>Mobilna razli\u010dica<\/h3><p>Z mobilno razli\u010dico modula za rezervacije svojim gostom omogo\u010dite, da rezervacije in poizvedbe udobno in preprosto opravijo s pametnim telefonom (iPhone, Android).<\/p><p>To pomeni, da lahko va\u0161i gostje opravijo rezervacijo med potovanjem in tako niso vezani na \u010das ali kraj. S pametnim telefonom si lahko kadar koli ogledajo va\u0161e razpolo\u017eljive sobe in ponudbe ter opravijo rezervacijo. <\/p>\t\t\t\t\t\t\t\t<\/div>\n\t\t\t\t<\/div>\n\t\t\t\t\t<\/div>\n\t\t<\/div>\n\t\t\t\t\t<\/div>\n\t\t<\/section>\n\t\t\t\t\t<\/div>\n\t\t<\/div>\n\t\t\t\t\t<\/div>\n\t\t<\/section>\n\t\t\t\t<\/div>\n\t\t","protected":false},"excerpt":{"rendered":"<p>Dodatni paketi \u0160tevilni dodatni moduli za optimalno uporabo sistema rezervacij 1Tool Vklju\u010ditev v spletno mesto Modul za rezervacije lahko preprosto in enostavno vklju\u010dite v svoje spletno mesto. S tem svojim strankam omogo\u010dite spletni pregled ponujenih paketov all inclusive in razpolo\u017eljivih sob. Prav tako imajo mo\u017enost rezervacije neposredno na va\u0161i spletni strani. Poizvedbe o rezervaciji boste [&hellip;]<\/p>\n","protected":false},"author":1,"featured_media":0,"parent":72652,"menu_order":0,"comment_status":"closed","ping_status":"closed","template":"","meta":{"inline_featured_image":false,"footnotes":""},"class_list":["post-72517","page","type-page","status-publish","hentry"],"acf":[],"yoast_head":"<!-- This site is optimized with the Yoast SEO plugin v27.5 - https:\/\/yoast.com\/product\/yoast-seo-wordpress\/ -->\n<title>Dodatni paketi - 1Tool<\/title>\n<meta name=\"robots\" content=\"index, follow, max-snippet:-1, max-image-preview:large, max-video-preview:-1\" \/>\n<link rel=\"canonical\" href=\"https:\/\/www.1tool.com\/sl\/moduli\/posebni-moduli\/rezervacije\/funkcije-modul-rezervacije\/dodatni-paketi\/\" \/>\n<meta property=\"og:locale\" content=\"sl_SI\" \/>\n<meta property=\"og:type\" content=\"article\" \/>\n<meta property=\"og:title\" content=\"Dodatni paketi - 1Tool\" \/>\n<meta property=\"og:description\" content=\"Dodatni paketi \u0160tevilni dodatni moduli za optimalno uporabo sistema rezervacij 1Tool Vklju\u010ditev v spletno mesto Modul za rezervacije lahko preprosto in enostavno vklju\u010dite v svoje spletno mesto. S tem svojim strankam omogo\u010dite spletni pregled ponujenih paketov all inclusive in razpolo\u017eljivih sob. Prav tako imajo mo\u017enost rezervacije neposredno na va\u0161i spletni strani. Poizvedbe o rezervaciji boste [&hellip;]\" \/>\n<meta property=\"og:url\" content=\"https:\/\/www.1tool.com\/sl\/moduli\/posebni-moduli\/rezervacije\/funkcije-modul-rezervacije\/dodatni-paketi\/\" \/>\n<meta property=\"og:site_name\" content=\"1Tool\" \/>\n<meta property=\"article:modified_time\" content=\"2026-04-30T14:36:54+00:00\" \/>\n<meta name=\"twitter:card\" content=\"summary_large_image\" \/>\n<meta name=\"twitter:label1\" content=\"Est. reading time\" \/>\n\t<meta name=\"twitter:data1\" content=\"1 minuta\" \/>\n<script type=\"application\/ld+json\" class=\"yoast-schema-graph\">{\"@context\":\"https:\\\/\\\/schema.org\",\"@graph\":[{\"@type\":\"WebPage\",\"@id\":\"https:\\\/\\\/www.1tool.com\\\/sl\\\/moduli\\\/posebni-moduli\\\/rezervacije\\\/funkcije-modul-rezervacije\\\/dodatni-paketi\\\/\",\"url\":\"https:\\\/\\\/www.1tool.com\\\/sl\\\/moduli\\\/posebni-moduli\\\/rezervacije\\\/funkcije-modul-rezervacije\\\/dodatni-paketi\\\/\",\"name\":\"Dodatni paketi - 1Tool\",\"isPartOf\":{\"@id\":\"https:\\\/\\\/www.1tool.com\\\/sl\\\/#website\"},\"datePublished\":\"2022-03-30T16:29:12+00:00\",\"dateModified\":\"2026-04-30T14:36:54+00:00\",\"breadcrumb\":{\"@id\":\"https:\\\/\\\/www.1tool.com\\\/sl\\\/moduli\\\/posebni-moduli\\\/rezervacije\\\/funkcije-modul-rezervacije\\\/dodatni-paketi\\\/#breadcrumb\"},\"inLanguage\":\"sl-SI\",\"potentialAction\":[{\"@type\":\"ReadAction\",\"target\":[\"https:\\\/\\\/www.1tool.com\\\/sl\\\/moduli\\\/posebni-moduli\\\/rezervacije\\\/funkcije-modul-rezervacije\\\/dodatni-paketi\\\/\"]}]},{\"@type\":\"BreadcrumbList\",\"@id\":\"https:\\\/\\\/www.1tool.com\\\/sl\\\/moduli\\\/posebni-moduli\\\/rezervacije\\\/funkcije-modul-rezervacije\\\/dodatni-paketi\\\/#breadcrumb\",\"itemListElement\":[{\"@type\":\"ListItem\",\"position\":1,\"name\":\"Home\",\"item\":\"https:\\\/\\\/www.1tool.com\\\/sl\\\/\"},{\"@type\":\"ListItem\",\"position\":2,\"name\":\"Moduli\",\"item\":\"https:\\\/\\\/www.1tool.com\\\/sl\\\/module\\\/\"},{\"@type\":\"ListItem\",\"position\":3,\"name\":\"Posebni moduli\",\"item\":\"https:\\\/\\\/www.1tool.com\\\/sl\\\/moduli\\\/posebni-moduli\\\/\"},{\"@type\":\"ListItem\",\"position\":4,\"name\":\"Rezervacije\",\"item\":\"https:\\\/\\\/www.1tool.com\\\/sl\\\/moduli\\\/posebni-moduli\\\/rezervacije\\\/\"},{\"@type\":\"ListItem\",\"position\":5,\"name\":\"Funkcije Modul Rezervacije\",\"item\":\"https:\\\/\\\/www.1tool.com\\\/sl\\\/moduli\\\/posebni-moduli\\\/rezervacije\\\/funkcije-modul-rezervacije\\\/\"},{\"@type\":\"ListItem\",\"position\":6,\"name\":\"Dodatni paketi\"}]},{\"@type\":\"WebSite\",\"@id\":\"https:\\\/\\\/www.1tool.com\\\/sl\\\/#website\",\"url\":\"https:\\\/\\\/www.1tool.com\\\/sl\\\/\",\"name\":\"1Tool\",\"description\":\"CRM\",\"publisher\":{\"@id\":\"https:\\\/\\\/www.1tool.com\\\/sl\\\/#organization\"},\"potentialAction\":[{\"@type\":\"SearchAction\",\"target\":{\"@type\":\"EntryPoint\",\"urlTemplate\":\"https:\\\/\\\/www.1tool.com\\\/sl\\\/?s={search_term_string}\"},\"query-input\":{\"@type\":\"PropertyValueSpecification\",\"valueRequired\":true,\"valueName\":\"search_term_string\"}}],\"inLanguage\":\"sl-SI\"},{\"@type\":\"Organization\",\"@id\":\"https:\\\/\\\/www.1tool.com\\\/sl\\\/#organization\",\"name\":\"1Tool\",\"url\":\"https:\\\/\\\/www.1tool.com\\\/sl\\\/\",\"logo\":{\"@type\":\"ImageObject\",\"inLanguage\":\"sl-SI\",\"@id\":\"https:\\\/\\\/www.1tool.com\\\/sl\\\/#\\\/schema\\\/logo\\\/image\\\/\",\"url\":\"https:\\\/\\\/www.1tool.com\\\/wp-content\\\/uploads\\\/2022\\\/04\\\/1tool-1.png\",\"contentUrl\":\"https:\\\/\\\/www.1tool.com\\\/wp-content\\\/uploads\\\/2022\\\/04\\\/1tool-1.png\",\"width\":400,\"height\":150,\"caption\":\"1Tool\"},\"image\":{\"@id\":\"https:\\\/\\\/www.1tool.com\\\/sl\\\/#\\\/schema\\\/logo\\\/image\\\/\"}}]}<\/script>\n<!-- \/ Yoast SEO plugin. -->","yoast_head_json":{"title":"Dodatni paketi - 1Tool","robots":{"index":"index","follow":"follow","max-snippet":"max-snippet:-1","max-image-preview":"max-image-preview:large","max-video-preview":"max-video-preview:-1"},"canonical":"https:\/\/www.1tool.com\/sl\/moduli\/posebni-moduli\/rezervacije\/funkcije-modul-rezervacije\/dodatni-paketi\/","og_locale":"sl_SI","og_type":"article","og_title":"Dodatni paketi - 1Tool","og_description":"Dodatni paketi \u0160tevilni dodatni moduli za optimalno uporabo sistema rezervacij 1Tool Vklju\u010ditev v spletno mesto Modul za rezervacije lahko preprosto in enostavno vklju\u010dite v svoje spletno mesto. S tem svojim strankam omogo\u010dite spletni pregled ponujenih paketov all inclusive in razpolo\u017eljivih sob. Prav tako imajo mo\u017enost rezervacije neposredno na va\u0161i spletni strani. Poizvedbe o rezervaciji boste [&hellip;]","og_url":"https:\/\/www.1tool.com\/sl\/moduli\/posebni-moduli\/rezervacije\/funkcije-modul-rezervacije\/dodatni-paketi\/","og_site_name":"1Tool","article_modified_time":"2026-04-30T14:36:54+00:00","twitter_card":"summary_large_image","twitter_misc":{"Est. reading time":"1 minuta"},"schema":{"@context":"https:\/\/schema.org","@graph":[{"@type":"WebPage","@id":"https:\/\/www.1tool.com\/sl\/moduli\/posebni-moduli\/rezervacije\/funkcije-modul-rezervacije\/dodatni-paketi\/","url":"https:\/\/www.1tool.com\/sl\/moduli\/posebni-moduli\/rezervacije\/funkcije-modul-rezervacije\/dodatni-paketi\/","name":"Dodatni paketi - 1Tool","isPartOf":{"@id":"https:\/\/www.1tool.com\/sl\/#website"},"datePublished":"2022-03-30T16:29:12+00:00","dateModified":"2026-04-30T14:36:54+00:00","breadcrumb":{"@id":"https:\/\/www.1tool.com\/sl\/moduli\/posebni-moduli\/rezervacije\/funkcije-modul-rezervacije\/dodatni-paketi\/#breadcrumb"},"inLanguage":"sl-SI","potentialAction":[{"@type":"ReadAction","target":["https:\/\/www.1tool.com\/sl\/moduli\/posebni-moduli\/rezervacije\/funkcije-modul-rezervacije\/dodatni-paketi\/"]}]},{"@type":"BreadcrumbList","@id":"https:\/\/www.1tool.com\/sl\/moduli\/posebni-moduli\/rezervacije\/funkcije-modul-rezervacije\/dodatni-paketi\/#breadcrumb","itemListElement":[{"@type":"ListItem","position":1,"name":"Home","item":"https:\/\/www.1tool.com\/sl\/"},{"@type":"ListItem","position":2,"name":"Moduli","item":"https:\/\/www.1tool.com\/sl\/module\/"},{"@type":"ListItem","position":3,"name":"Posebni moduli","item":"https:\/\/www.1tool.com\/sl\/moduli\/posebni-moduli\/"},{"@type":"ListItem","position":4,"name":"Rezervacije","item":"https:\/\/www.1tool.com\/sl\/moduli\/posebni-moduli\/rezervacije\/"},{"@type":"ListItem","position":5,"name":"Funkcije Modul Rezervacije","item":"https:\/\/www.1tool.com\/sl\/moduli\/posebni-moduli\/rezervacije\/funkcije-modul-rezervacije\/"},{"@type":"ListItem","position":6,"name":"Dodatni paketi"}]},{"@type":"WebSite","@id":"https:\/\/www.1tool.com\/sl\/#website","url":"https:\/\/www.1tool.com\/sl\/","name":"1Tool","description":"CRM","publisher":{"@id":"https:\/\/www.1tool.com\/sl\/#organization"},"potentialAction":[{"@type":"SearchAction","target":{"@type":"EntryPoint","urlTemplate":"https:\/\/www.1tool.com\/sl\/?s={search_term_string}"},"query-input":{"@type":"PropertyValueSpecification","valueRequired":true,"valueName":"search_term_string"}}],"inLanguage":"sl-SI"},{"@type":"Organization","@id":"https:\/\/www.1tool.com\/sl\/#organization","name":"1Tool","url":"https:\/\/www.1tool.com\/sl\/","logo":{"@type":"ImageObject","inLanguage":"sl-SI","@id":"https:\/\/www.1tool.com\/sl\/#\/schema\/logo\/image\/","url":"https:\/\/www.1tool.com\/wp-content\/uploads\/2022\/04\/1tool-1.png","contentUrl":"https:\/\/www.1tool.com\/wp-content\/uploads\/2022\/04\/1tool-1.png","width":400,"height":150,"caption":"1Tool"},"image":{"@id":"https:\/\/www.1tool.com\/sl\/#\/schema\/logo\/image\/"}}]}},"_links":{"self":[{"href":"https:\/\/www.1tool.com\/sl\/wp-json\/wp\/v2\/pages\/72517","targetHints":{"allow":["GET"]}}],"collection":[{"href":"https:\/\/www.1tool.com\/sl\/wp-json\/wp\/v2\/pages"}],"about":[{"href":"https:\/\/www.1tool.com\/sl\/wp-json\/wp\/v2\/types\/page"}],"author":[{"embeddable":true,"href":"https:\/\/www.1tool.com\/sl\/wp-json\/wp\/v2\/users\/1"}],"replies":[{"embeddable":true,"href":"https:\/\/www.1tool.com\/sl\/wp-json\/wp\/v2\/comments?post=72517"}],"version-history":[{"count":1,"href":"https:\/\/www.1tool.com\/sl\/wp-json\/wp\/v2\/pages\/72517\/revisions"}],"predecessor-version":[{"id":72518,"href":"https:\/\/www.1tool.com\/sl\/wp-json\/wp\/v2\/pages\/72517\/revisions\/72518"}],"up":[{"embeddable":true,"href":"https:\/\/www.1tool.com\/sl\/wp-json\/wp\/v2\/pages\/72652"}],"wp:attachment":[{"href":"https:\/\/www.1tool.com\/sl\/wp-json\/wp\/v2\/media?parent=72517"}],"curies":[{"name":"wp","href":"https:\/\/api.w.org\/{rel}","templated":true}]}}