{"id":72522,"date":"2022-03-31T04:02:45","date_gmt":"2022-03-31T02:02:45","guid":{"rendered":"https:\/\/www.1tool.com\/integracija-e-poste\/"},"modified":"2026-04-30T16:36:59","modified_gmt":"2026-04-30T14:36:59","slug":"integracija-e-poste","status":"publish","type":"page","link":"https:\/\/www.1tool.com\/sl\/moduli\/organizacija-in-storitve\/projekti\/funkcije-projektni-modul\/integracija-e-poste\/","title":{"rendered":"Integracija e-po\u0161te"},"content":{"rendered":"\t\t<div data-elementor-type=\"wp-page\" data-elementor-id=\"72522\" class=\"elementor elementor-72522 elementor-49602\" data-elementor-post-type=\"page\">\n\t\t\t\t\t\t<section class=\"elementor-section elementor-top-section elementor-element elementor-element-1386a44 elementor-section-boxed elementor-section-height-default elementor-section-height-default shadepro-adv-gradient-no shadepro-sticky-no\" data-id=\"1386a44\" data-element_type=\"section\" data-e-type=\"section\" data-settings=\"{&quot;shadepro_sticky&quot;:&quot;no&quot;}\">\n\t\t\t\t\t\t<div class=\"elementor-container elementor-column-gap-default\">\n\t\t\t\t\t<div class=\"elementor-column elementor-col-100 elementor-top-column elementor-element elementor-element-d99be57\" data-id=\"d99be57\" data-element_type=\"column\" data-e-type=\"column\">\n\t\t\t<div class=\"elementor-widget-wrap elementor-element-populated\">\n\t\t\t\t\t\t<div class=\"elementor-element elementor-element-5fdf372 shadepro-sticky-no elementor-widget elementor-widget-heading\" data-id=\"5fdf372\" data-element_type=\"widget\" data-e-type=\"widget\" data-settings=\"{&quot;shadepro_sticky&quot;:&quot;no&quot;}\" data-widget_type=\"heading.default\">\n\t\t\t\t<div class=\"elementor-widget-container\">\n\t\t\t\t\t<h1 class=\"elementor-heading-title elementor-size-default\">Integracija e-po\u0161te<\/h1>\t\t\t\t<\/div>\n\t\t\t\t<\/div>\n\t\t\t\t<div class=\"elementor-element elementor-element-57cb03a shadepro-sticky-no elementor-widget elementor-widget-text-editor\" data-id=\"57cb03a\" data-element_type=\"widget\" data-e-type=\"widget\" data-settings=\"{&quot;shadepro_sticky&quot;:&quot;no&quot;}\" data-widget_type=\"text-editor.default\">\n\t\t\t\t<div class=\"elementor-widget-container\">\n\t\t\t\t\t\t\t\t\t<p>Integracija e-po\u0161te je vmesnik med programi za e-po\u0161to, kot sta Microsoft Outlook in 1Tool.<\/p>\t\t\t\t\t\t\t\t<\/div>\n\t\t\t\t<\/div>\n\t\t\t\t<section class=\"elementor-section elementor-inner-section elementor-element elementor-element-620734d elementor-section-boxed elementor-section-height-default elementor-section-height-default shadepro-adv-gradient-no shadepro-sticky-no\" data-id=\"620734d\" data-element_type=\"section\" data-e-type=\"section\" data-settings=\"{&quot;shadepro_sticky&quot;:&quot;no&quot;}\">\n\t\t\t\t\t\t<div class=\"elementor-container elementor-column-gap-default\">\n\t\t\t\t\t<div class=\"elementor-column elementor-col-100 elementor-inner-column elementor-element elementor-element-cb49bff\" data-id=\"cb49bff\" data-element_type=\"column\" data-e-type=\"column\">\n\t\t\t<div class=\"elementor-widget-wrap elementor-element-populated\">\n\t\t\t\t\t\t<div class=\"elementor-element elementor-element-013cd15 shadepro-sticky-no elementor-widget elementor-widget-text-editor\" data-id=\"013cd15\" data-element_type=\"widget\" data-e-type=\"widget\" data-settings=\"{&quot;shadepro_sticky&quot;:&quot;no&quot;}\" data-widget_type=\"text-editor.default\">\n\t\t\t\t<div class=\"elementor-widget-container\">\n\t\t\t\t\t\t\t\t\t<h3>Povezava do e-po\u0161tnega ra\u010duna<\/h3><p>Stike je mogo\u010de povezati z e-po\u0161tnim ra\u010dunom, e-po\u0161tna sporo\u010dila pa je mogo\u010de tudi priklicati. Dokumentom stika lahko shranite in dodate priponke. Elektronska sporo\u010dila dodeljenih stikov so lahko prikazana tudi neposredno v projektih.  <\/p><p> <\/p><h4>Kaj je mogo\u010de z integracijo e-po\u0161te?<\/h4><ul><li>  Ustvarjanje globalnih e-po\u0161tnih ra\u010dunov<\/li><li>  Urejanje globalnih e-po\u0161tnih ra\u010dunov<\/li><li>  Preverjanje globalnih e-po\u0161tnih ra\u010dunov<\/li><li>  Povezovanje stikov z e-po\u0161tnim ra\u010dunom<\/li><li>  Povezovanje projektov z e-po\u0161tnim ra\u010dunom<\/li><li>  pridobivanje e-po\u0161tnih sporo\u010dil.<\/li><li>  Shranjevanje priponk<\/li><li>  Dodajanje priponk dokumentom stika<\/li><\/ul><h4> <\/h4><h4>Kaj ni mogo\u010de z integracijo e-po\u0161te?<\/h4><p>Integracija e-po\u0161te ne nadome\u0161\u010da popolnih programov za e-po\u0161to, kot sta Microsoft Outlook ali Mozilla Thunderbird. Naslednje stvari zato niso mogo\u010de: <\/p><ul><li>  Odgovarjanje na e-po\u0161tna sporo\u010dila<\/li><li>  Posredovanje e-po\u0161tnih sporo\u010dil<\/li><li>  Nastavitev ve\u010d map za en stik<\/li><li>  Nastavitev ve\u010d kot enega ra\u010duna za stik hkrati<\/li><li>  Arhiviranje e-po\u0161tnih sporo\u010dil<\/li><li>  Brisanje e-po\u0161tnih sporo\u010dil<\/li><li>  Premikanje e-po\u0161tnih sporo\u010dil<\/li><li>  Odpiranje ve\u010d e-po\u0161tnih sporo\u010dil hkrati<\/li><\/ul><p><em>Kako nastaviti globalne e-po\u0161tne ra\u010dune za integracijo, si lahko preberete <strong><a href=\"https:\/\/www.1tool.com\/manual\/e-mail-integration\/\" target=\"_blank\" rel=\"noreferrer noopener\">tukaj<\/a><\/strong>.<\/em><\/p>\t\t\t\t\t\t\t\t<\/div>\n\t\t\t\t<\/div>\n\t\t\t\t\t<\/div>\n\t\t<\/div>\n\t\t\t\t\t<\/div>\n\t\t<\/section>\n\t\t\t\t\t<\/div>\n\t\t<\/div>\n\t\t\t\t\t<\/div>\n\t\t<\/section>\n\t\t\t\t<\/div>\n\t\t","protected":false},"excerpt":{"rendered":"<p>Integracija e-po\u0161te Integracija e-po\u0161te je vmesnik med programi za e-po\u0161to, kot sta Microsoft Outlook in 1Tool. Povezava do e-po\u0161tnega ra\u010duna Stike je mogo\u010de povezati z e-po\u0161tnim ra\u010dunom, e-po\u0161tna sporo\u010dila pa je mogo\u010de tudi priklicati. Dokumentom stika lahko shranite in dodate priponke. Elektronska sporo\u010dila dodeljenih stikov so lahko prikazana tudi neposredno v projektih. Kaj je mogo\u010de [&hellip;]<\/p>\n","protected":false},"author":1,"featured_media":0,"parent":72662,"menu_order":0,"comment_status":"closed","ping_status":"closed","template":"","meta":{"inline_featured_image":false,"footnotes":""},"class_list":["post-72522","page","type-page","status-publish","hentry"],"acf":[],"yoast_head":"<!-- This site is optimized with the Yoast SEO plugin v27.5 - https:\/\/yoast.com\/product\/yoast-seo-wordpress\/ -->\n<title>Integracija e-po\u0161te - 1Tool<\/title>\n<meta name=\"robots\" content=\"index, follow, max-snippet:-1, max-image-preview:large, max-video-preview:-1\" \/>\n<link rel=\"canonical\" href=\"https:\/\/www.1tool.com\/sl\/moduli\/organizacija-in-storitve\/projekti\/funkcije-projektni-modul\/integracija-e-poste\/\" \/>\n<meta property=\"og:locale\" content=\"sl_SI\" \/>\n<meta property=\"og:type\" content=\"article\" \/>\n<meta property=\"og:title\" content=\"Integracija e-po\u0161te - 1Tool\" \/>\n<meta property=\"og:description\" content=\"Integracija e-po\u0161te Integracija e-po\u0161te je vmesnik med programi za e-po\u0161to, kot sta Microsoft Outlook in 1Tool. Povezava do e-po\u0161tnega ra\u010duna Stike je mogo\u010de povezati z e-po\u0161tnim ra\u010dunom, e-po\u0161tna sporo\u010dila pa je mogo\u010de tudi priklicati. Dokumentom stika lahko shranite in dodate priponke. Elektronska sporo\u010dila dodeljenih stikov so lahko prikazana tudi neposredno v projektih. Kaj je mogo\u010de [&hellip;]\" \/>\n<meta property=\"og:url\" content=\"https:\/\/www.1tool.com\/sl\/moduli\/organizacija-in-storitve\/projekti\/funkcije-projektni-modul\/integracija-e-poste\/\" \/>\n<meta property=\"og:site_name\" content=\"1Tool\" \/>\n<meta property=\"article:modified_time\" content=\"2026-04-30T14:36:59+00:00\" \/>\n<meta name=\"twitter:card\" content=\"summary_large_image\" \/>\n<meta name=\"twitter:label1\" content=\"Est. reading time\" \/>\n\t<meta name=\"twitter:data1\" content=\"1 minuta\" \/>\n<script type=\"application\/ld+json\" class=\"yoast-schema-graph\">{\"@context\":\"https:\\\/\\\/schema.org\",\"@graph\":[{\"@type\":\"WebPage\",\"@id\":\"https:\\\/\\\/www.1tool.com\\\/sl\\\/moduli\\\/organizacija-in-storitve\\\/projekti\\\/funkcije-projektni-modul\\\/integracija-e-poste\\\/\",\"url\":\"https:\\\/\\\/www.1tool.com\\\/sl\\\/moduli\\\/organizacija-in-storitve\\\/projekti\\\/funkcije-projektni-modul\\\/integracija-e-poste\\\/\",\"name\":\"Integracija e-po\u0161te - 1Tool\",\"isPartOf\":{\"@id\":\"https:\\\/\\\/www.1tool.com\\\/sl\\\/#website\"},\"datePublished\":\"2022-03-31T02:02:45+00:00\",\"dateModified\":\"2026-04-30T14:36:59+00:00\",\"breadcrumb\":{\"@id\":\"https:\\\/\\\/www.1tool.com\\\/sl\\\/moduli\\\/organizacija-in-storitve\\\/projekti\\\/funkcije-projektni-modul\\\/integracija-e-poste\\\/#breadcrumb\"},\"inLanguage\":\"sl-SI\",\"potentialAction\":[{\"@type\":\"ReadAction\",\"target\":[\"https:\\\/\\\/www.1tool.com\\\/sl\\\/moduli\\\/organizacija-in-storitve\\\/projekti\\\/funkcije-projektni-modul\\\/integracija-e-poste\\\/\"]}]},{\"@type\":\"BreadcrumbList\",\"@id\":\"https:\\\/\\\/www.1tool.com\\\/sl\\\/moduli\\\/organizacija-in-storitve\\\/projekti\\\/funkcije-projektni-modul\\\/integracija-e-poste\\\/#breadcrumb\",\"itemListElement\":[{\"@type\":\"ListItem\",\"position\":1,\"name\":\"Home\",\"item\":\"https:\\\/\\\/www.1tool.com\\\/sl\\\/\"},{\"@type\":\"ListItem\",\"position\":2,\"name\":\"Moduli\",\"item\":\"https:\\\/\\\/www.1tool.com\\\/sl\\\/module\\\/\"},{\"@type\":\"ListItem\",\"position\":3,\"name\":\"Organizacija in storitve\",\"item\":\"https:\\\/\\\/www.1tool.com\\\/sl\\\/moduli\\\/organizacija-in-storitve\\\/\"},{\"@type\":\"ListItem\",\"position\":4,\"name\":\"Projekti\",\"item\":\"https:\\\/\\\/www.1tool.com\\\/sl\\\/moduli\\\/organizacija-in-storitve\\\/projekti\\\/\"},{\"@type\":\"ListItem\",\"position\":5,\"name\":\"Funkcije Projektni modul\",\"item\":\"https:\\\/\\\/www.1tool.com\\\/sl\\\/moduli\\\/organizacija-in-storitve\\\/projekti\\\/funkcije-projektni-modul\\\/\"},{\"@type\":\"ListItem\",\"position\":6,\"name\":\"Integracija e-po\u0161te\"}]},{\"@type\":\"WebSite\",\"@id\":\"https:\\\/\\\/www.1tool.com\\\/sl\\\/#website\",\"url\":\"https:\\\/\\\/www.1tool.com\\\/sl\\\/\",\"name\":\"1Tool\",\"description\":\"CRM\",\"publisher\":{\"@id\":\"https:\\\/\\\/www.1tool.com\\\/sl\\\/#organization\"},\"potentialAction\":[{\"@type\":\"SearchAction\",\"target\":{\"@type\":\"EntryPoint\",\"urlTemplate\":\"https:\\\/\\\/www.1tool.com\\\/sl\\\/?s={search_term_string}\"},\"query-input\":{\"@type\":\"PropertyValueSpecification\",\"valueRequired\":true,\"valueName\":\"search_term_string\"}}],\"inLanguage\":\"sl-SI\"},{\"@type\":\"Organization\",\"@id\":\"https:\\\/\\\/www.1tool.com\\\/sl\\\/#organization\",\"name\":\"1Tool\",\"url\":\"https:\\\/\\\/www.1tool.com\\\/sl\\\/\",\"logo\":{\"@type\":\"ImageObject\",\"inLanguage\":\"sl-SI\",\"@id\":\"https:\\\/\\\/www.1tool.com\\\/sl\\\/#\\\/schema\\\/logo\\\/image\\\/\",\"url\":\"https:\\\/\\\/www.1tool.com\\\/wp-content\\\/uploads\\\/2022\\\/04\\\/1tool-1.png\",\"contentUrl\":\"https:\\\/\\\/www.1tool.com\\\/wp-content\\\/uploads\\\/2022\\\/04\\\/1tool-1.png\",\"width\":400,\"height\":150,\"caption\":\"1Tool\"},\"image\":{\"@id\":\"https:\\\/\\\/www.1tool.com\\\/sl\\\/#\\\/schema\\\/logo\\\/image\\\/\"}}]}<\/script>\n<!-- \/ Yoast SEO plugin. -->","yoast_head_json":{"title":"Integracija e-po\u0161te - 1Tool","robots":{"index":"index","follow":"follow","max-snippet":"max-snippet:-1","max-image-preview":"max-image-preview:large","max-video-preview":"max-video-preview:-1"},"canonical":"https:\/\/www.1tool.com\/sl\/moduli\/organizacija-in-storitve\/projekti\/funkcije-projektni-modul\/integracija-e-poste\/","og_locale":"sl_SI","og_type":"article","og_title":"Integracija e-po\u0161te - 1Tool","og_description":"Integracija e-po\u0161te Integracija e-po\u0161te je vmesnik med programi za e-po\u0161to, kot sta Microsoft Outlook in 1Tool. Povezava do e-po\u0161tnega ra\u010duna Stike je mogo\u010de povezati z e-po\u0161tnim ra\u010dunom, e-po\u0161tna sporo\u010dila pa je mogo\u010de tudi priklicati. Dokumentom stika lahko shranite in dodate priponke. Elektronska sporo\u010dila dodeljenih stikov so lahko prikazana tudi neposredno v projektih. Kaj je mogo\u010de [&hellip;]","og_url":"https:\/\/www.1tool.com\/sl\/moduli\/organizacija-in-storitve\/projekti\/funkcije-projektni-modul\/integracija-e-poste\/","og_site_name":"1Tool","article_modified_time":"2026-04-30T14:36:59+00:00","twitter_card":"summary_large_image","twitter_misc":{"Est. reading time":"1 minuta"},"schema":{"@context":"https:\/\/schema.org","@graph":[{"@type":"WebPage","@id":"https:\/\/www.1tool.com\/sl\/moduli\/organizacija-in-storitve\/projekti\/funkcije-projektni-modul\/integracija-e-poste\/","url":"https:\/\/www.1tool.com\/sl\/moduli\/organizacija-in-storitve\/projekti\/funkcije-projektni-modul\/integracija-e-poste\/","name":"Integracija e-po\u0161te - 1Tool","isPartOf":{"@id":"https:\/\/www.1tool.com\/sl\/#website"},"datePublished":"2022-03-31T02:02:45+00:00","dateModified":"2026-04-30T14:36:59+00:00","breadcrumb":{"@id":"https:\/\/www.1tool.com\/sl\/moduli\/organizacija-in-storitve\/projekti\/funkcije-projektni-modul\/integracija-e-poste\/#breadcrumb"},"inLanguage":"sl-SI","potentialAction":[{"@type":"ReadAction","target":["https:\/\/www.1tool.com\/sl\/moduli\/organizacija-in-storitve\/projekti\/funkcije-projektni-modul\/integracija-e-poste\/"]}]},{"@type":"BreadcrumbList","@id":"https:\/\/www.1tool.com\/sl\/moduli\/organizacija-in-storitve\/projekti\/funkcije-projektni-modul\/integracija-e-poste\/#breadcrumb","itemListElement":[{"@type":"ListItem","position":1,"name":"Home","item":"https:\/\/www.1tool.com\/sl\/"},{"@type":"ListItem","position":2,"name":"Moduli","item":"https:\/\/www.1tool.com\/sl\/module\/"},{"@type":"ListItem","position":3,"name":"Organizacija in storitve","item":"https:\/\/www.1tool.com\/sl\/moduli\/organizacija-in-storitve\/"},{"@type":"ListItem","position":4,"name":"Projekti","item":"https:\/\/www.1tool.com\/sl\/moduli\/organizacija-in-storitve\/projekti\/"},{"@type":"ListItem","position":5,"name":"Funkcije Projektni modul","item":"https:\/\/www.1tool.com\/sl\/moduli\/organizacija-in-storitve\/projekti\/funkcije-projektni-modul\/"},{"@type":"ListItem","position":6,"name":"Integracija e-po\u0161te"}]},{"@type":"WebSite","@id":"https:\/\/www.1tool.com\/sl\/#website","url":"https:\/\/www.1tool.com\/sl\/","name":"1Tool","description":"CRM","publisher":{"@id":"https:\/\/www.1tool.com\/sl\/#organization"},"potentialAction":[{"@type":"SearchAction","target":{"@type":"EntryPoint","urlTemplate":"https:\/\/www.1tool.com\/sl\/?s={search_term_string}"},"query-input":{"@type":"PropertyValueSpecification","valueRequired":true,"valueName":"search_term_string"}}],"inLanguage":"sl-SI"},{"@type":"Organization","@id":"https:\/\/www.1tool.com\/sl\/#organization","name":"1Tool","url":"https:\/\/www.1tool.com\/sl\/","logo":{"@type":"ImageObject","inLanguage":"sl-SI","@id":"https:\/\/www.1tool.com\/sl\/#\/schema\/logo\/image\/","url":"https:\/\/www.1tool.com\/wp-content\/uploads\/2022\/04\/1tool-1.png","contentUrl":"https:\/\/www.1tool.com\/wp-content\/uploads\/2022\/04\/1tool-1.png","width":400,"height":150,"caption":"1Tool"},"image":{"@id":"https:\/\/www.1tool.com\/sl\/#\/schema\/logo\/image\/"}}]}},"_links":{"self":[{"href":"https:\/\/www.1tool.com\/sl\/wp-json\/wp\/v2\/pages\/72522","targetHints":{"allow":["GET"]}}],"collection":[{"href":"https:\/\/www.1tool.com\/sl\/wp-json\/wp\/v2\/pages"}],"about":[{"href":"https:\/\/www.1tool.com\/sl\/wp-json\/wp\/v2\/types\/page"}],"author":[{"embeddable":true,"href":"https:\/\/www.1tool.com\/sl\/wp-json\/wp\/v2\/users\/1"}],"replies":[{"embeddable":true,"href":"https:\/\/www.1tool.com\/sl\/wp-json\/wp\/v2\/comments?post=72522"}],"version-history":[{"count":1,"href":"https:\/\/www.1tool.com\/sl\/wp-json\/wp\/v2\/pages\/72522\/revisions"}],"predecessor-version":[{"id":72523,"href":"https:\/\/www.1tool.com\/sl\/wp-json\/wp\/v2\/pages\/72522\/revisions\/72523"}],"up":[{"embeddable":true,"href":"https:\/\/www.1tool.com\/sl\/wp-json\/wp\/v2\/pages\/72662"}],"wp:attachment":[{"href":"https:\/\/www.1tool.com\/sl\/wp-json\/wp\/v2\/media?parent=72522"}],"curies":[{"name":"wp","href":"https:\/\/api.w.org\/{rel}","templated":true}]}}