{"id":72524,"date":"2022-03-30T18:38:09","date_gmt":"2022-03-30T16:38:09","guid":{"rendered":"https:\/\/www.1tool.com\/upravljanje-znanja\/"},"modified":"2026-04-30T16:36:50","modified_gmt":"2026-04-30T14:36:50","slug":"upravljanje-znanja","status":"publish","type":"page","link":"https:\/\/www.1tool.com\/sl\/moduli\/organizacija-in-storitve\/wiki\/funkcije-modul-wiki\/upravljanje-znanja\/","title":{"rendered":"Upravljanje znanja"},"content":{"rendered":"\t\t<div data-elementor-type=\"wp-page\" data-elementor-id=\"72524\" class=\"elementor elementor-72524 elementor-49508\" data-elementor-post-type=\"page\">\n\t\t\t\t\t\t<section class=\"elementor-section elementor-top-section elementor-element elementor-element-98e69aa elementor-section-boxed elementor-section-height-default elementor-section-height-default shadepro-adv-gradient-no shadepro-sticky-no\" data-id=\"98e69aa\" data-element_type=\"section\" data-e-type=\"section\" data-settings=\"{&quot;shadepro_sticky&quot;:&quot;no&quot;}\">\n\t\t\t\t\t\t<div class=\"elementor-container elementor-column-gap-default\">\n\t\t\t\t\t<div class=\"elementor-column elementor-col-100 elementor-top-column elementor-element elementor-element-d1a9a1c\" data-id=\"d1a9a1c\" data-element_type=\"column\" data-e-type=\"column\">\n\t\t\t<div class=\"elementor-widget-wrap elementor-element-populated\">\n\t\t\t\t\t\t<div class=\"elementor-element elementor-element-4bded40 shadepro-sticky-no elementor-widget elementor-widget-heading\" data-id=\"4bded40\" data-element_type=\"widget\" data-e-type=\"widget\" data-settings=\"{&quot;shadepro_sticky&quot;:&quot;no&quot;}\" data-widget_type=\"heading.default\">\n\t\t\t\t<div class=\"elementor-widget-container\">\n\t\t\t\t\t<h1 class=\"elementor-heading-title elementor-size-default\">Upravljanje znanja<\/h1>\t\t\t\t<\/div>\n\t\t\t\t<\/div>\n\t\t\t\t<div class=\"elementor-element elementor-element-7ec711c shadepro-sticky-no elementor-widget elementor-widget-text-editor\" data-id=\"7ec711c\" data-element_type=\"widget\" data-e-type=\"widget\" data-settings=\"{&quot;shadepro_sticky&quot;:&quot;no&quot;}\" data-widget_type=\"text-editor.default\">\n\t\t\t\t<div class=\"elementor-widget-container\">\n\t\t\t\t\t\t\t\t\t<p>Bolj\u0161e storitve za stranke zaradi optimiziranega upravljanja informacij<\/p>\t\t\t\t\t\t\t\t<\/div>\n\t\t\t\t<\/div>\n\t\t\t\t<section class=\"elementor-section elementor-inner-section elementor-element elementor-element-08c7487 elementor-section-boxed elementor-section-height-default elementor-section-height-default shadepro-adv-gradient-no shadepro-sticky-no\" data-id=\"08c7487\" data-element_type=\"section\" data-e-type=\"section\" data-settings=\"{&quot;shadepro_sticky&quot;:&quot;no&quot;}\">\n\t\t\t\t\t\t<div class=\"elementor-container elementor-column-gap-default\">\n\t\t\t\t\t<div class=\"elementor-column elementor-col-100 elementor-inner-column elementor-element elementor-element-b0bb598\" data-id=\"b0bb598\" data-element_type=\"column\" data-e-type=\"column\">\n\t\t\t<div class=\"elementor-widget-wrap elementor-element-populated\">\n\t\t\t\t\t\t<div class=\"elementor-element elementor-element-4620b3f shadepro-sticky-no elementor-widget elementor-widget-text-editor\" data-id=\"4620b3f\" data-element_type=\"widget\" data-e-type=\"widget\" data-settings=\"{&quot;shadepro_sticky&quot;:&quot;no&quot;}\" data-widget_type=\"text-editor.default\">\n\t\t\t\t<div class=\"elementor-widget-container\">\n\t\t\t\t\t\t\t\t\t<h3>Upravljanje strokovnega znanja<\/h3><p>Modul 1Tool Wiki je sodobno in izpopolnjeno orodje za pridobivanje znanja in sodelovanje. Zaradi obse\u017enega nabora funkcij, intuitivnega uporabni\u0161kega vmesnika, zmogljivega urejevalnika bogatega besedila in stalnega nadaljnjega razvoja je re\u0161itev visoko zmogljiva, enostavna za uporabo, vsestranska in predstavlja osnovo za resni\u010dno digitalno sodelovanje v celotnem podjetju. <\/p><h3>Uporabniku prijazna baza znanja za va\u0161e podjetje<\/h3><p>Modul 1Tool Wiki vsebuje osrednje funkcionalnosti za upravljanje \u010dlankov, zbirk in stikov, tj. vse, kar je povezano s popolnim upravljanjem znanja. Vsebino strani lahko preprosto spreminjate, ustvarjate nove strani in dolo\u010date povezave med stranmi. Na voljo je tudi zgodovina razli\u010dic, ki omogo\u010da, da so na voljo vse razli\u010dice besedila.  <\/p><p>Prijaznost re\u0161itve do uporabnika pove\u010duje pripravljenost zaposlenih za uporabo wikija pri vsakdanjem delu in zmanj\u0161uje ovire za prenos znanja, tako ob vstopu v podjetje kot pri seznanjanju z novimi podro\u010dji odgovornosti.<\/p><h3>Prenos znanja med lokacijami<\/h3><p>S programsko opremo 1Tool Wiki lahko ciljno uporabite znanje v podjetju ter ga naredite preglednega in enostavno dostopnega za zaposlene v razli\u010dnih oddelkih in podjetju. Poleg velikega potenciala prihranka pri iskanju pomembnih dokumentov, informacij in podatkov imate vi in va\u0161i zaposleni koristi od bistveno kraj\u0161ih komunikacijskih poti. <\/p><p>Z nalogami in pooblastili lahko tudi preprosto zagotovite, da imajo vsi potrebni zaposleni, oddelki itd. dostop do ustreznih virov za re\u0161evanje te\u017eav in poizvedb strank. Z nalogami in pooblastili lahko preprosto zagotovite, da imajo vsi potrebni zaposleni, oddelki itd. dostop do ustreznih virov za re\u0161evanje te\u017eav in poizvedb strank.<\/p><h3>Ena baza znanja za ve\u010d formatov<\/h3><p>Baza znanja 1Tool je z le nekaj kliki pripravljena za shranjevanje vseh informacij, kot so smernice, kontrolni seznami, navodila in \u0161e veliko ve\u010d. Te informacije lahko prilagodite glede na svoje potrebe in ciljno skupino.  Zaposlenim, strankam ali partnerjem lahko preprosto predstavite znanje svojega podjetja, od preprostih besedilnih \u010dlankov, slik, tabel in ikon do videoposnetkov in zemljevidov.<\/p><p>Poleg poenostavljenega iskanja po klju\u010dnih besedah in kategorijah lahko pomembne dokumente prenesete neposredno v formatu PDF in jih natisnete ali po\u0161ljete po e-po\u0161ti.<\/p><h3>Glavne prednosti programske opreme za upravljanje znanja 1Tool<\/h3><h4>1. trajnostno pove\u010danje u\u010dinkovitosti<\/h4><p>Ker lahko z orodjem 1Tool Wiki s pritiskom na gumb zajamete dragoceno znanje in ga omogo\u010dite zaposlenim na enem osrednjem mestu, lahko trajno pove\u010date u\u010dinkovitost in kakovost storitev.<\/p><h4>2. u\u010dinkovit prenos znanja<\/h4><p>Podatkovna zbirka znanja, kot je re\u0161itev 1Tool, podpira u\u010dinkovito izmenjavo znanja med zaposlenimi in ponuja mo\u017enost u\u010denja od izku\u0161enih sodelavcev ali ohranjanja pomembnega znanja v podjetju, tudi \u010de zaposleni zapustijo organizacijo, na primer zaradi upokojitve.<\/p><h4>3. od lokacije in \u010dasa neodvisen dostop<\/h4><p>Zahvaljujo\u010d spletnemu vmesniku 1Tool Wiki lahko tudi zaposleni na terenu ali od doma kadar koli dostopajo do zbirke znanja in s pomo\u010djo shranjenih poro\u010dil, dokumentacije itd. napredujejo pri svojem delu.<\/p>\t\t\t\t\t\t\t\t<\/div>\n\t\t\t\t<\/div>\n\t\t\t\t\t<\/div>\n\t\t<\/div>\n\t\t\t\t\t<\/div>\n\t\t<\/section>\n\t\t\t\t\t<\/div>\n\t\t<\/div>\n\t\t\t\t\t<\/div>\n\t\t<\/section>\n\t\t\t\t<\/div>\n\t\t","protected":false},"excerpt":{"rendered":"<p>Upravljanje znanja Bolj\u0161e storitve za stranke zaradi optimiziranega upravljanja informacij Upravljanje strokovnega znanja Modul 1Tool Wiki je sodobno in izpopolnjeno orodje za pridobivanje znanja in sodelovanje. Zaradi obse\u017enega nabora funkcij, intuitivnega uporabni\u0161kega vmesnika, zmogljivega urejevalnika bogatega besedila in stalnega nadaljnjega razvoja je re\u0161itev visoko zmogljiva, enostavna za uporabo, vsestranska in predstavlja osnovo za resni\u010dno digitalno [&hellip;]<\/p>\n","protected":false},"author":1,"featured_media":0,"parent":72642,"menu_order":0,"comment_status":"closed","ping_status":"closed","template":"","meta":{"inline_featured_image":false,"footnotes":""},"class_list":["post-72524","page","type-page","status-publish","hentry"],"acf":[],"yoast_head":"<!-- This site is optimized with the Yoast SEO plugin v27.5 - https:\/\/yoast.com\/product\/yoast-seo-wordpress\/ -->\n<title>Upravljanje znanja - 1Tool<\/title>\n<meta name=\"robots\" content=\"index, follow, max-snippet:-1, max-image-preview:large, max-video-preview:-1\" \/>\n<link rel=\"canonical\" href=\"https:\/\/www.1tool.com\/sl\/moduli\/organizacija-in-storitve\/wiki\/funkcije-modul-wiki\/upravljanje-znanja\/\" \/>\n<meta property=\"og:locale\" content=\"sl_SI\" \/>\n<meta property=\"og:type\" content=\"article\" \/>\n<meta property=\"og:title\" content=\"Upravljanje znanja - 1Tool\" \/>\n<meta property=\"og:description\" content=\"Upravljanje znanja Bolj\u0161e storitve za stranke zaradi optimiziranega upravljanja informacij Upravljanje strokovnega znanja Modul 1Tool Wiki je sodobno in izpopolnjeno orodje za pridobivanje znanja in sodelovanje. Zaradi obse\u017enega nabora funkcij, intuitivnega uporabni\u0161kega vmesnika, zmogljivega urejevalnika bogatega besedila in stalnega nadaljnjega razvoja je re\u0161itev visoko zmogljiva, enostavna za uporabo, vsestranska in predstavlja osnovo za resni\u010dno digitalno [&hellip;]\" \/>\n<meta property=\"og:url\" content=\"https:\/\/www.1tool.com\/sl\/moduli\/organizacija-in-storitve\/wiki\/funkcije-modul-wiki\/upravljanje-znanja\/\" \/>\n<meta property=\"og:site_name\" content=\"1Tool\" \/>\n<meta property=\"article:modified_time\" content=\"2026-04-30T14:36:50+00:00\" \/>\n<meta name=\"twitter:card\" content=\"summary_large_image\" \/>\n<meta name=\"twitter:label1\" content=\"Est. reading time\" \/>\n\t<meta name=\"twitter:data1\" content=\"2 minuti\" \/>\n<script type=\"application\/ld+json\" class=\"yoast-schema-graph\">{\"@context\":\"https:\\\/\\\/schema.org\",\"@graph\":[{\"@type\":\"WebPage\",\"@id\":\"https:\\\/\\\/www.1tool.com\\\/sl\\\/moduli\\\/organizacija-in-storitve\\\/wiki\\\/funkcije-modul-wiki\\\/upravljanje-znanja\\\/\",\"url\":\"https:\\\/\\\/www.1tool.com\\\/sl\\\/moduli\\\/organizacija-in-storitve\\\/wiki\\\/funkcije-modul-wiki\\\/upravljanje-znanja\\\/\",\"name\":\"Upravljanje znanja - 1Tool\",\"isPartOf\":{\"@id\":\"https:\\\/\\\/www.1tool.com\\\/sl\\\/#website\"},\"datePublished\":\"2022-03-30T16:38:09+00:00\",\"dateModified\":\"2026-04-30T14:36:50+00:00\",\"breadcrumb\":{\"@id\":\"https:\\\/\\\/www.1tool.com\\\/sl\\\/moduli\\\/organizacija-in-storitve\\\/wiki\\\/funkcije-modul-wiki\\\/upravljanje-znanja\\\/#breadcrumb\"},\"inLanguage\":\"sl-SI\",\"potentialAction\":[{\"@type\":\"ReadAction\",\"target\":[\"https:\\\/\\\/www.1tool.com\\\/sl\\\/moduli\\\/organizacija-in-storitve\\\/wiki\\\/funkcije-modul-wiki\\\/upravljanje-znanja\\\/\"]}]},{\"@type\":\"BreadcrumbList\",\"@id\":\"https:\\\/\\\/www.1tool.com\\\/sl\\\/moduli\\\/organizacija-in-storitve\\\/wiki\\\/funkcije-modul-wiki\\\/upravljanje-znanja\\\/#breadcrumb\",\"itemListElement\":[{\"@type\":\"ListItem\",\"position\":1,\"name\":\"Home\",\"item\":\"https:\\\/\\\/www.1tool.com\\\/sl\\\/\"},{\"@type\":\"ListItem\",\"position\":2,\"name\":\"Moduli\",\"item\":\"https:\\\/\\\/www.1tool.com\\\/sl\\\/module\\\/\"},{\"@type\":\"ListItem\",\"position\":3,\"name\":\"Organizacija in storitve\",\"item\":\"https:\\\/\\\/www.1tool.com\\\/sl\\\/moduli\\\/organizacija-in-storitve\\\/\"},{\"@type\":\"ListItem\",\"position\":4,\"name\":\"Wiki\",\"item\":\"https:\\\/\\\/www.1tool.com\\\/sl\\\/moduli\\\/organizacija-in-storitve\\\/wiki\\\/\"},{\"@type\":\"ListItem\",\"position\":5,\"name\":\"Funkcije Modul Wiki\",\"item\":\"https:\\\/\\\/www.1tool.com\\\/sl\\\/moduli\\\/organizacija-in-storitve\\\/wiki\\\/funkcije-modul-wiki\\\/\"},{\"@type\":\"ListItem\",\"position\":6,\"name\":\"Upravljanje znanja\"}]},{\"@type\":\"WebSite\",\"@id\":\"https:\\\/\\\/www.1tool.com\\\/sl\\\/#website\",\"url\":\"https:\\\/\\\/www.1tool.com\\\/sl\\\/\",\"name\":\"1Tool\",\"description\":\"CRM\",\"publisher\":{\"@id\":\"https:\\\/\\\/www.1tool.com\\\/sl\\\/#organization\"},\"potentialAction\":[{\"@type\":\"SearchAction\",\"target\":{\"@type\":\"EntryPoint\",\"urlTemplate\":\"https:\\\/\\\/www.1tool.com\\\/sl\\\/?s={search_term_string}\"},\"query-input\":{\"@type\":\"PropertyValueSpecification\",\"valueRequired\":true,\"valueName\":\"search_term_string\"}}],\"inLanguage\":\"sl-SI\"},{\"@type\":\"Organization\",\"@id\":\"https:\\\/\\\/www.1tool.com\\\/sl\\\/#organization\",\"name\":\"1Tool\",\"url\":\"https:\\\/\\\/www.1tool.com\\\/sl\\\/\",\"logo\":{\"@type\":\"ImageObject\",\"inLanguage\":\"sl-SI\",\"@id\":\"https:\\\/\\\/www.1tool.com\\\/sl\\\/#\\\/schema\\\/logo\\\/image\\\/\",\"url\":\"https:\\\/\\\/www.1tool.com\\\/wp-content\\\/uploads\\\/2022\\\/04\\\/1tool-1.png\",\"contentUrl\":\"https:\\\/\\\/www.1tool.com\\\/wp-content\\\/uploads\\\/2022\\\/04\\\/1tool-1.png\",\"width\":400,\"height\":150,\"caption\":\"1Tool\"},\"image\":{\"@id\":\"https:\\\/\\\/www.1tool.com\\\/sl\\\/#\\\/schema\\\/logo\\\/image\\\/\"}}]}<\/script>\n<!-- \/ Yoast SEO plugin. -->","yoast_head_json":{"title":"Upravljanje znanja - 1Tool","robots":{"index":"index","follow":"follow","max-snippet":"max-snippet:-1","max-image-preview":"max-image-preview:large","max-video-preview":"max-video-preview:-1"},"canonical":"https:\/\/www.1tool.com\/sl\/moduli\/organizacija-in-storitve\/wiki\/funkcije-modul-wiki\/upravljanje-znanja\/","og_locale":"sl_SI","og_type":"article","og_title":"Upravljanje znanja - 1Tool","og_description":"Upravljanje znanja Bolj\u0161e storitve za stranke zaradi optimiziranega upravljanja informacij Upravljanje strokovnega znanja Modul 1Tool Wiki je sodobno in izpopolnjeno orodje za pridobivanje znanja in sodelovanje. Zaradi obse\u017enega nabora funkcij, intuitivnega uporabni\u0161kega vmesnika, zmogljivega urejevalnika bogatega besedila in stalnega nadaljnjega razvoja je re\u0161itev visoko zmogljiva, enostavna za uporabo, vsestranska in predstavlja osnovo za resni\u010dno digitalno [&hellip;]","og_url":"https:\/\/www.1tool.com\/sl\/moduli\/organizacija-in-storitve\/wiki\/funkcije-modul-wiki\/upravljanje-znanja\/","og_site_name":"1Tool","article_modified_time":"2026-04-30T14:36:50+00:00","twitter_card":"summary_large_image","twitter_misc":{"Est. reading time":"2 minuti"},"schema":{"@context":"https:\/\/schema.org","@graph":[{"@type":"WebPage","@id":"https:\/\/www.1tool.com\/sl\/moduli\/organizacija-in-storitve\/wiki\/funkcije-modul-wiki\/upravljanje-znanja\/","url":"https:\/\/www.1tool.com\/sl\/moduli\/organizacija-in-storitve\/wiki\/funkcije-modul-wiki\/upravljanje-znanja\/","name":"Upravljanje znanja - 1Tool","isPartOf":{"@id":"https:\/\/www.1tool.com\/sl\/#website"},"datePublished":"2022-03-30T16:38:09+00:00","dateModified":"2026-04-30T14:36:50+00:00","breadcrumb":{"@id":"https:\/\/www.1tool.com\/sl\/moduli\/organizacija-in-storitve\/wiki\/funkcije-modul-wiki\/upravljanje-znanja\/#breadcrumb"},"inLanguage":"sl-SI","potentialAction":[{"@type":"ReadAction","target":["https:\/\/www.1tool.com\/sl\/moduli\/organizacija-in-storitve\/wiki\/funkcije-modul-wiki\/upravljanje-znanja\/"]}]},{"@type":"BreadcrumbList","@id":"https:\/\/www.1tool.com\/sl\/moduli\/organizacija-in-storitve\/wiki\/funkcije-modul-wiki\/upravljanje-znanja\/#breadcrumb","itemListElement":[{"@type":"ListItem","position":1,"name":"Home","item":"https:\/\/www.1tool.com\/sl\/"},{"@type":"ListItem","position":2,"name":"Moduli","item":"https:\/\/www.1tool.com\/sl\/module\/"},{"@type":"ListItem","position":3,"name":"Organizacija in storitve","item":"https:\/\/www.1tool.com\/sl\/moduli\/organizacija-in-storitve\/"},{"@type":"ListItem","position":4,"name":"Wiki","item":"https:\/\/www.1tool.com\/sl\/moduli\/organizacija-in-storitve\/wiki\/"},{"@type":"ListItem","position":5,"name":"Funkcije Modul Wiki","item":"https:\/\/www.1tool.com\/sl\/moduli\/organizacija-in-storitve\/wiki\/funkcije-modul-wiki\/"},{"@type":"ListItem","position":6,"name":"Upravljanje znanja"}]},{"@type":"WebSite","@id":"https:\/\/www.1tool.com\/sl\/#website","url":"https:\/\/www.1tool.com\/sl\/","name":"1Tool","description":"CRM","publisher":{"@id":"https:\/\/www.1tool.com\/sl\/#organization"},"potentialAction":[{"@type":"SearchAction","target":{"@type":"EntryPoint","urlTemplate":"https:\/\/www.1tool.com\/sl\/?s={search_term_string}"},"query-input":{"@type":"PropertyValueSpecification","valueRequired":true,"valueName":"search_term_string"}}],"inLanguage":"sl-SI"},{"@type":"Organization","@id":"https:\/\/www.1tool.com\/sl\/#organization","name":"1Tool","url":"https:\/\/www.1tool.com\/sl\/","logo":{"@type":"ImageObject","inLanguage":"sl-SI","@id":"https:\/\/www.1tool.com\/sl\/#\/schema\/logo\/image\/","url":"https:\/\/www.1tool.com\/wp-content\/uploads\/2022\/04\/1tool-1.png","contentUrl":"https:\/\/www.1tool.com\/wp-content\/uploads\/2022\/04\/1tool-1.png","width":400,"height":150,"caption":"1Tool"},"image":{"@id":"https:\/\/www.1tool.com\/sl\/#\/schema\/logo\/image\/"}}]}},"_links":{"self":[{"href":"https:\/\/www.1tool.com\/sl\/wp-json\/wp\/v2\/pages\/72524","targetHints":{"allow":["GET"]}}],"collection":[{"href":"https:\/\/www.1tool.com\/sl\/wp-json\/wp\/v2\/pages"}],"about":[{"href":"https:\/\/www.1tool.com\/sl\/wp-json\/wp\/v2\/types\/page"}],"author":[{"embeddable":true,"href":"https:\/\/www.1tool.com\/sl\/wp-json\/wp\/v2\/users\/1"}],"replies":[{"embeddable":true,"href":"https:\/\/www.1tool.com\/sl\/wp-json\/wp\/v2\/comments?post=72524"}],"version-history":[{"count":1,"href":"https:\/\/www.1tool.com\/sl\/wp-json\/wp\/v2\/pages\/72524\/revisions"}],"predecessor-version":[{"id":72525,"href":"https:\/\/www.1tool.com\/sl\/wp-json\/wp\/v2\/pages\/72524\/revisions\/72525"}],"up":[{"embeddable":true,"href":"https:\/\/www.1tool.com\/sl\/wp-json\/wp\/v2\/pages\/72642"}],"wp:attachment":[{"href":"https:\/\/www.1tool.com\/sl\/wp-json\/wp\/v2\/media?parent=72524"}],"curies":[{"name":"wp","href":"https:\/\/api.w.org\/{rel}","templated":true}]}}