{"id":72526,"date":"2022-03-30T18:25:27","date_gmt":"2022-03-30T16:25:27","guid":{"rendered":"https:\/\/www.1tool.com\/pogosta-vprasanja-rezervacije\/"},"modified":"2026-04-30T16:36:54","modified_gmt":"2026-04-30T14:36:54","slug":"pogosta-vprasanja-rezervacije","status":"publish","type":"page","link":"https:\/\/www.1tool.com\/sl\/moduli\/posebni-moduli\/rezervacije\/funkcije-modul-rezervacije\/pogosta-vprasanja-rezervacije\/","title":{"rendered":"Pogosta vpra\u0161anja Rezervacije"},"content":{"rendered":"\t\t<div data-elementor-type=\"wp-page\" data-elementor-id=\"72526\" class=\"elementor elementor-72526 elementor-49437\" data-elementor-post-type=\"page\">\n\t\t\t\t\t\t<section class=\"elementor-section elementor-top-section elementor-element elementor-element-9f58b98 elementor-section-boxed elementor-section-height-default elementor-section-height-default shadepro-adv-gradient-no shadepro-sticky-no\" data-id=\"9f58b98\" data-element_type=\"section\" data-e-type=\"section\" data-settings=\"{&quot;shadepro_sticky&quot;:&quot;no&quot;}\">\n\t\t\t\t\t\t<div class=\"elementor-container elementor-column-gap-default\">\n\t\t\t\t\t<div class=\"elementor-column elementor-col-100 elementor-top-column elementor-element elementor-element-acdc190\" data-id=\"acdc190\" data-element_type=\"column\" data-e-type=\"column\">\n\t\t\t<div class=\"elementor-widget-wrap elementor-element-populated\">\n\t\t\t\t\t\t<div class=\"elementor-element elementor-element-6f7cc0b shadepro-sticky-no elementor-widget elementor-widget-heading\" data-id=\"6f7cc0b\" data-element_type=\"widget\" data-e-type=\"widget\" data-settings=\"{&quot;shadepro_sticky&quot;:&quot;no&quot;}\" data-widget_type=\"heading.default\">\n\t\t\t\t<div class=\"elementor-widget-container\">\n\t\t\t\t\t<h1 class=\"elementor-heading-title elementor-size-default\">Pogosta vpra\u0161anja Rezervacije<\/h1>\t\t\t\t<\/div>\n\t\t\t\t<\/div>\n\t\t\t\t<div class=\"elementor-element elementor-element-87cfe68 shadepro-sticky-no elementor-widget elementor-widget-text-editor\" data-id=\"87cfe68\" data-element_type=\"widget\" data-e-type=\"widget\" data-settings=\"{&quot;shadepro_sticky&quot;:&quot;no&quot;}\" data-widget_type=\"text-editor.default\">\n\t\t\t\t<div class=\"elementor-widget-container\">\n\t\t\t\t\t\t\t\t\t<p>Tukaj boste na\u0161li najpomembnej\u0161a vpra\u0161anja o sistemu rezervacij 1Tool<\/p>\t\t\t\t\t\t\t\t<\/div>\n\t\t\t\t<\/div>\n\t\t\t\t<section class=\"elementor-section elementor-inner-section elementor-element elementor-element-1df49be elementor-section-boxed elementor-section-height-default elementor-section-height-default shadepro-adv-gradient-no shadepro-sticky-no\" data-id=\"1df49be\" data-element_type=\"section\" data-e-type=\"section\" data-settings=\"{&quot;shadepro_sticky&quot;:&quot;no&quot;}\">\n\t\t\t\t\t\t<div class=\"elementor-container elementor-column-gap-default\">\n\t\t\t\t\t<div class=\"elementor-column elementor-col-100 elementor-inner-column elementor-element elementor-element-a54eaa7\" data-id=\"a54eaa7\" data-element_type=\"column\" data-e-type=\"column\">\n\t\t\t<div class=\"elementor-widget-wrap elementor-element-populated\">\n\t\t\t\t\t\t<div class=\"elementor-element elementor-element-3db9930 shadepro-sticky-no elementor-widget elementor-widget-text-editor\" data-id=\"3db9930\" data-element_type=\"widget\" data-e-type=\"widget\" data-settings=\"{&quot;shadepro_sticky&quot;:&quot;no&quot;}\" data-widget_type=\"text-editor.default\">\n\t\t\t\t<div class=\"elementor-widget-container\">\n\t\t\t\t\t\t\t\t\t<h3>Stro\u0161ki usposabljanja<\/h3><p><em><strong>Koliko usposabljanja je potrebnega za modul rezervacij?<\/strong><\/em><\/p><p>Za uporabo modula rezervacij ni treba biti ra\u010dunalni\u0161ki strokovnjak. Sistem je pregledno urejen, tako da lahko hitro in enostavno najdete, kar i\u0161\u010dete. Predvidevamo, da boste sistem rezervacij lahko uporabljali po 20 minutah telefonskega usposabljanja.  <\/p><h3>Infrastruktura<\/h3><p><em><strong>Kateri informacijski sistem je potreben za modul rezervacij?<\/strong><\/em><\/p><p>Za delo z modulom rezervacij potrebujete le standardni dostop do interneta. Lastne programske opreme ni treba namestiti. \u010ce imate dostop do interneta prek mobilnega telefona, lahko sistem rezervacij uporabljate tudi na poti. Za uporabo potrebujete le standardni brskalnik. Sistem rezervacij je preizku\u0161en v operacijskih sistemih Windows, Mac in Linux. Razli\u010dni testi so med drugim opravljeni z brskalniki Internet Explorer, Mozilla Firefox, Safari in Opera.     <\/p><h3>Varstvo podatkov<\/h3><p><em><strong>Kaj pa varnost podatkov?<\/strong><\/em><\/p><p>Va\u0161i podatki so pri nas na varnem. Redno ustvarjamo varnostne kopije, podatke hranimo na razli\u010dnih stre\u017enikih, svoje sisteme pa varujemo s po\u017earnimi zidovi in posebnim nadzorom dostopa. Modul za rezervacije deluje kot re\u0161itev v oblaku v varnem podatkovnem centru v Evropi. To pomeni, da ne potrebujete lastne stre\u017eni\u0161ke infrastrukture in da je poskrbljeno za varnost, razpolo\u017eljivost in varnostne kopije podatkov. To vam prihrani veliko \u010dasa in denarja.    <\/p><h3>Integracija<\/h3><p><em><strong>Ali je mogo\u010de modul za rezervacije vklju\u010diti tudi v mojo spletno stran?<\/strong><\/em><\/p><p>Da, modul za rezervacije je mogo\u010de preprosto vklju\u010diti v katero koli spletno mesto. \u010ce modul za rezervacije vklju\u010dite v spletno stran svojega podjetja, lahko va\u0161i gostje na spletu vidijo, kdaj imate na voljo katere sobe in pakete. Poizvedbe se vam posredujejo po elektronski po\u0161ti. Va\u0161i gostje lahko rezervirajo tudi neposredno na spletnem mestu.   <\/p><h3>Prilagajanje<\/h3><p><em><strong>Ali je mogo\u010de modul za rezervacije prilagoditi mojim potrebam?<\/strong><\/em><\/p><p>Oblikovanje modula za rezervacije lahko prilagodite svojemu spletnemu mestu. Prav tako lahko dolo\u010dite razli\u010dne cenovne kategorije in pakete ponudb. \u010ce uporabljate tudi na\u0161 sistem 1Tool, lahko svojim gostom po\u0161iljate prilagojene novice. S pomo\u010djo analiz lahko na prvi pogled vidite, koliko prejemnikov je prebralo va\u0161e e-po\u0161tno sporo\u010dilo in ali so bila vsa e-po\u0161tna sporo\u010dila dostavljena.   <\/p>\t\t\t\t\t\t\t\t<\/div>\n\t\t\t\t<\/div>\n\t\t\t\t\t<\/div>\n\t\t<\/div>\n\t\t\t\t\t<\/div>\n\t\t<\/section>\n\t\t\t\t\t<\/div>\n\t\t<\/div>\n\t\t\t\t\t<\/div>\n\t\t<\/section>\n\t\t\t\t<\/div>\n\t\t","protected":false},"excerpt":{"rendered":"<p>Pogosta vpra\u0161anja Rezervacije Tukaj boste na\u0161li najpomembnej\u0161a vpra\u0161anja o sistemu rezervacij 1Tool Stro\u0161ki usposabljanja Koliko usposabljanja je potrebnega za modul rezervacij? Za uporabo modula rezervacij ni treba biti ra\u010dunalni\u0161ki strokovnjak. Sistem je pregledno urejen, tako da lahko hitro in enostavno najdete, kar i\u0161\u010dete. Predvidevamo, da boste sistem rezervacij lahko uporabljali po 20 minutah telefonskega usposabljanja. [&hellip;]<\/p>\n","protected":false},"author":1,"featured_media":0,"parent":72652,"menu_order":0,"comment_status":"closed","ping_status":"closed","template":"","meta":{"inline_featured_image":false,"footnotes":""},"class_list":["post-72526","page","type-page","status-publish","hentry"],"acf":[],"yoast_head":"<!-- This site is optimized with the Yoast SEO plugin v27.5 - https:\/\/yoast.com\/product\/yoast-seo-wordpress\/ -->\n<title>Pogosta vpra\u0161anja Rezervacije - 1Tool<\/title>\n<meta name=\"robots\" content=\"index, follow, max-snippet:-1, max-image-preview:large, max-video-preview:-1\" \/>\n<link rel=\"canonical\" href=\"https:\/\/www.1tool.com\/sl\/moduli\/posebni-moduli\/rezervacije\/funkcije-modul-rezervacije\/pogosta-vprasanja-rezervacije\/\" \/>\n<meta property=\"og:locale\" content=\"sl_SI\" \/>\n<meta property=\"og:type\" content=\"article\" \/>\n<meta property=\"og:title\" content=\"Pogosta vpra\u0161anja Rezervacije - 1Tool\" \/>\n<meta property=\"og:description\" content=\"Pogosta vpra\u0161anja Rezervacije Tukaj boste na\u0161li najpomembnej\u0161a vpra\u0161anja o sistemu rezervacij 1Tool Stro\u0161ki usposabljanja Koliko usposabljanja je potrebnega za modul rezervacij? Za uporabo modula rezervacij ni treba biti ra\u010dunalni\u0161ki strokovnjak. Sistem je pregledno urejen, tako da lahko hitro in enostavno najdete, kar i\u0161\u010dete. Predvidevamo, da boste sistem rezervacij lahko uporabljali po 20 minutah telefonskega usposabljanja. [&hellip;]\" \/>\n<meta property=\"og:url\" content=\"https:\/\/www.1tool.com\/sl\/moduli\/posebni-moduli\/rezervacije\/funkcije-modul-rezervacije\/pogosta-vprasanja-rezervacije\/\" \/>\n<meta property=\"og:site_name\" content=\"1Tool\" \/>\n<meta property=\"article:modified_time\" content=\"2026-04-30T14:36:54+00:00\" \/>\n<meta name=\"twitter:card\" content=\"summary_large_image\" \/>\n<meta name=\"twitter:label1\" content=\"Est. reading time\" \/>\n\t<meta name=\"twitter:data1\" content=\"2 minuti\" \/>\n<script type=\"application\/ld+json\" class=\"yoast-schema-graph\">{\"@context\":\"https:\\\/\\\/schema.org\",\"@graph\":[{\"@type\":\"WebPage\",\"@id\":\"https:\\\/\\\/www.1tool.com\\\/sl\\\/moduli\\\/posebni-moduli\\\/rezervacije\\\/funkcije-modul-rezervacije\\\/pogosta-vprasanja-rezervacije\\\/\",\"url\":\"https:\\\/\\\/www.1tool.com\\\/sl\\\/moduli\\\/posebni-moduli\\\/rezervacije\\\/funkcije-modul-rezervacije\\\/pogosta-vprasanja-rezervacije\\\/\",\"name\":\"Pogosta vpra\u0161anja Rezervacije - 1Tool\",\"isPartOf\":{\"@id\":\"https:\\\/\\\/www.1tool.com\\\/sl\\\/#website\"},\"datePublished\":\"2022-03-30T16:25:27+00:00\",\"dateModified\":\"2026-04-30T14:36:54+00:00\",\"breadcrumb\":{\"@id\":\"https:\\\/\\\/www.1tool.com\\\/sl\\\/moduli\\\/posebni-moduli\\\/rezervacije\\\/funkcije-modul-rezervacije\\\/pogosta-vprasanja-rezervacije\\\/#breadcrumb\"},\"inLanguage\":\"sl-SI\",\"potentialAction\":[{\"@type\":\"ReadAction\",\"target\":[\"https:\\\/\\\/www.1tool.com\\\/sl\\\/moduli\\\/posebni-moduli\\\/rezervacije\\\/funkcije-modul-rezervacije\\\/pogosta-vprasanja-rezervacije\\\/\"]}]},{\"@type\":\"BreadcrumbList\",\"@id\":\"https:\\\/\\\/www.1tool.com\\\/sl\\\/moduli\\\/posebni-moduli\\\/rezervacije\\\/funkcije-modul-rezervacije\\\/pogosta-vprasanja-rezervacije\\\/#breadcrumb\",\"itemListElement\":[{\"@type\":\"ListItem\",\"position\":1,\"name\":\"Home\",\"item\":\"https:\\\/\\\/www.1tool.com\\\/sl\\\/\"},{\"@type\":\"ListItem\",\"position\":2,\"name\":\"Moduli\",\"item\":\"https:\\\/\\\/www.1tool.com\\\/sl\\\/module\\\/\"},{\"@type\":\"ListItem\",\"position\":3,\"name\":\"Posebni moduli\",\"item\":\"https:\\\/\\\/www.1tool.com\\\/sl\\\/moduli\\\/posebni-moduli\\\/\"},{\"@type\":\"ListItem\",\"position\":4,\"name\":\"Rezervacije\",\"item\":\"https:\\\/\\\/www.1tool.com\\\/sl\\\/moduli\\\/posebni-moduli\\\/rezervacije\\\/\"},{\"@type\":\"ListItem\",\"position\":5,\"name\":\"Funkcije Modul Rezervacije\",\"item\":\"https:\\\/\\\/www.1tool.com\\\/sl\\\/moduli\\\/posebni-moduli\\\/rezervacije\\\/funkcije-modul-rezervacije\\\/\"},{\"@type\":\"ListItem\",\"position\":6,\"name\":\"Pogosta vpra\u0161anja Rezervacije\"}]},{\"@type\":\"WebSite\",\"@id\":\"https:\\\/\\\/www.1tool.com\\\/sl\\\/#website\",\"url\":\"https:\\\/\\\/www.1tool.com\\\/sl\\\/\",\"name\":\"1Tool\",\"description\":\"CRM\",\"publisher\":{\"@id\":\"https:\\\/\\\/www.1tool.com\\\/sl\\\/#organization\"},\"potentialAction\":[{\"@type\":\"SearchAction\",\"target\":{\"@type\":\"EntryPoint\",\"urlTemplate\":\"https:\\\/\\\/www.1tool.com\\\/sl\\\/?s={search_term_string}\"},\"query-input\":{\"@type\":\"PropertyValueSpecification\",\"valueRequired\":true,\"valueName\":\"search_term_string\"}}],\"inLanguage\":\"sl-SI\"},{\"@type\":\"Organization\",\"@id\":\"https:\\\/\\\/www.1tool.com\\\/sl\\\/#organization\",\"name\":\"1Tool\",\"url\":\"https:\\\/\\\/www.1tool.com\\\/sl\\\/\",\"logo\":{\"@type\":\"ImageObject\",\"inLanguage\":\"sl-SI\",\"@id\":\"https:\\\/\\\/www.1tool.com\\\/sl\\\/#\\\/schema\\\/logo\\\/image\\\/\",\"url\":\"https:\\\/\\\/www.1tool.com\\\/wp-content\\\/uploads\\\/2022\\\/04\\\/1tool-1.png\",\"contentUrl\":\"https:\\\/\\\/www.1tool.com\\\/wp-content\\\/uploads\\\/2022\\\/04\\\/1tool-1.png\",\"width\":400,\"height\":150,\"caption\":\"1Tool\"},\"image\":{\"@id\":\"https:\\\/\\\/www.1tool.com\\\/sl\\\/#\\\/schema\\\/logo\\\/image\\\/\"}}]}<\/script>\n<!-- \/ Yoast SEO plugin. -->","yoast_head_json":{"title":"Pogosta vpra\u0161anja Rezervacije - 1Tool","robots":{"index":"index","follow":"follow","max-snippet":"max-snippet:-1","max-image-preview":"max-image-preview:large","max-video-preview":"max-video-preview:-1"},"canonical":"https:\/\/www.1tool.com\/sl\/moduli\/posebni-moduli\/rezervacije\/funkcije-modul-rezervacije\/pogosta-vprasanja-rezervacije\/","og_locale":"sl_SI","og_type":"article","og_title":"Pogosta vpra\u0161anja Rezervacije - 1Tool","og_description":"Pogosta vpra\u0161anja Rezervacije Tukaj boste na\u0161li najpomembnej\u0161a vpra\u0161anja o sistemu rezervacij 1Tool Stro\u0161ki usposabljanja Koliko usposabljanja je potrebnega za modul rezervacij? Za uporabo modula rezervacij ni treba biti ra\u010dunalni\u0161ki strokovnjak. Sistem je pregledno urejen, tako da lahko hitro in enostavno najdete, kar i\u0161\u010dete. Predvidevamo, da boste sistem rezervacij lahko uporabljali po 20 minutah telefonskega usposabljanja. [&hellip;]","og_url":"https:\/\/www.1tool.com\/sl\/moduli\/posebni-moduli\/rezervacije\/funkcije-modul-rezervacije\/pogosta-vprasanja-rezervacije\/","og_site_name":"1Tool","article_modified_time":"2026-04-30T14:36:54+00:00","twitter_card":"summary_large_image","twitter_misc":{"Est. reading time":"2 minuti"},"schema":{"@context":"https:\/\/schema.org","@graph":[{"@type":"WebPage","@id":"https:\/\/www.1tool.com\/sl\/moduli\/posebni-moduli\/rezervacije\/funkcije-modul-rezervacije\/pogosta-vprasanja-rezervacije\/","url":"https:\/\/www.1tool.com\/sl\/moduli\/posebni-moduli\/rezervacije\/funkcije-modul-rezervacije\/pogosta-vprasanja-rezervacije\/","name":"Pogosta vpra\u0161anja Rezervacije - 1Tool","isPartOf":{"@id":"https:\/\/www.1tool.com\/sl\/#website"},"datePublished":"2022-03-30T16:25:27+00:00","dateModified":"2026-04-30T14:36:54+00:00","breadcrumb":{"@id":"https:\/\/www.1tool.com\/sl\/moduli\/posebni-moduli\/rezervacije\/funkcije-modul-rezervacije\/pogosta-vprasanja-rezervacije\/#breadcrumb"},"inLanguage":"sl-SI","potentialAction":[{"@type":"ReadAction","target":["https:\/\/www.1tool.com\/sl\/moduli\/posebni-moduli\/rezervacije\/funkcije-modul-rezervacije\/pogosta-vprasanja-rezervacije\/"]}]},{"@type":"BreadcrumbList","@id":"https:\/\/www.1tool.com\/sl\/moduli\/posebni-moduli\/rezervacije\/funkcije-modul-rezervacije\/pogosta-vprasanja-rezervacije\/#breadcrumb","itemListElement":[{"@type":"ListItem","position":1,"name":"Home","item":"https:\/\/www.1tool.com\/sl\/"},{"@type":"ListItem","position":2,"name":"Moduli","item":"https:\/\/www.1tool.com\/sl\/module\/"},{"@type":"ListItem","position":3,"name":"Posebni moduli","item":"https:\/\/www.1tool.com\/sl\/moduli\/posebni-moduli\/"},{"@type":"ListItem","position":4,"name":"Rezervacije","item":"https:\/\/www.1tool.com\/sl\/moduli\/posebni-moduli\/rezervacije\/"},{"@type":"ListItem","position":5,"name":"Funkcije Modul Rezervacije","item":"https:\/\/www.1tool.com\/sl\/moduli\/posebni-moduli\/rezervacije\/funkcije-modul-rezervacije\/"},{"@type":"ListItem","position":6,"name":"Pogosta vpra\u0161anja Rezervacije"}]},{"@type":"WebSite","@id":"https:\/\/www.1tool.com\/sl\/#website","url":"https:\/\/www.1tool.com\/sl\/","name":"1Tool","description":"CRM","publisher":{"@id":"https:\/\/www.1tool.com\/sl\/#organization"},"potentialAction":[{"@type":"SearchAction","target":{"@type":"EntryPoint","urlTemplate":"https:\/\/www.1tool.com\/sl\/?s={search_term_string}"},"query-input":{"@type":"PropertyValueSpecification","valueRequired":true,"valueName":"search_term_string"}}],"inLanguage":"sl-SI"},{"@type":"Organization","@id":"https:\/\/www.1tool.com\/sl\/#organization","name":"1Tool","url":"https:\/\/www.1tool.com\/sl\/","logo":{"@type":"ImageObject","inLanguage":"sl-SI","@id":"https:\/\/www.1tool.com\/sl\/#\/schema\/logo\/image\/","url":"https:\/\/www.1tool.com\/wp-content\/uploads\/2022\/04\/1tool-1.png","contentUrl":"https:\/\/www.1tool.com\/wp-content\/uploads\/2022\/04\/1tool-1.png","width":400,"height":150,"caption":"1Tool"},"image":{"@id":"https:\/\/www.1tool.com\/sl\/#\/schema\/logo\/image\/"}}]}},"_links":{"self":[{"href":"https:\/\/www.1tool.com\/sl\/wp-json\/wp\/v2\/pages\/72526","targetHints":{"allow":["GET"]}}],"collection":[{"href":"https:\/\/www.1tool.com\/sl\/wp-json\/wp\/v2\/pages"}],"about":[{"href":"https:\/\/www.1tool.com\/sl\/wp-json\/wp\/v2\/types\/page"}],"author":[{"embeddable":true,"href":"https:\/\/www.1tool.com\/sl\/wp-json\/wp\/v2\/users\/1"}],"replies":[{"embeddable":true,"href":"https:\/\/www.1tool.com\/sl\/wp-json\/wp\/v2\/comments?post=72526"}],"version-history":[{"count":1,"href":"https:\/\/www.1tool.com\/sl\/wp-json\/wp\/v2\/pages\/72526\/revisions"}],"predecessor-version":[{"id":72529,"href":"https:\/\/www.1tool.com\/sl\/wp-json\/wp\/v2\/pages\/72526\/revisions\/72529"}],"up":[{"embeddable":true,"href":"https:\/\/www.1tool.com\/sl\/wp-json\/wp\/v2\/pages\/72652"}],"wp:attachment":[{"href":"https:\/\/www.1tool.com\/sl\/wp-json\/wp\/v2\/media?parent=72526"}],"curies":[{"name":"wp","href":"https:\/\/api.w.org\/{rel}","templated":true}]}}