{"id":72527,"date":"2022-03-30T18:13:40","date_gmt":"2022-03-30T16:13:40","guid":{"rendered":"https:\/\/www.1tool.com\/sistem-za-upravljanje-z-blagom\/"},"modified":"2026-04-30T16:37:16","modified_gmt":"2026-04-30T14:37:16","slug":"sistem-za-upravljanje-z-blagom","status":"publish","type":"page","link":"https:\/\/www.1tool.com\/sl\/moduli\/upravljanje-z-blagom-in-trgovina\/upravljanje-skladisca\/funkcije-modula-za-upravljanje-skladisca\/sistem-za-upravljanje-z-blagom\/","title":{"rendered":"Sistem za upravljanje z blagom"},"content":{"rendered":"\t\t<div data-elementor-type=\"wp-page\" data-elementor-id=\"72527\" class=\"elementor elementor-72527 elementor-49394\" data-elementor-post-type=\"page\">\n\t\t\t\t\t\t<section class=\"elementor-section elementor-top-section elementor-element elementor-element-faf80bd elementor-section-boxed elementor-section-height-default elementor-section-height-default shadepro-adv-gradient-no shadepro-sticky-no\" data-id=\"faf80bd\" data-element_type=\"section\" data-e-type=\"section\" data-settings=\"{&quot;shadepro_sticky&quot;:&quot;no&quot;}\">\n\t\t\t\t\t\t<div class=\"elementor-container elementor-column-gap-default\">\n\t\t\t\t\t<div class=\"elementor-column elementor-col-100 elementor-top-column elementor-element elementor-element-bd3efba\" data-id=\"bd3efba\" data-element_type=\"column\" data-e-type=\"column\">\n\t\t\t<div class=\"elementor-widget-wrap elementor-element-populated\">\n\t\t\t\t\t\t<div class=\"elementor-element elementor-element-ce99471 shadepro-sticky-no elementor-widget elementor-widget-heading\" data-id=\"ce99471\" data-element_type=\"widget\" data-e-type=\"widget\" data-settings=\"{&quot;shadepro_sticky&quot;:&quot;no&quot;}\" data-widget_type=\"heading.default\">\n\t\t\t\t<div class=\"elementor-widget-container\">\n\t\t\t\t\t<h1 class=\"elementor-heading-title elementor-size-default\">Sistem za upravljanje z blagom<\/h1>\t\t\t\t<\/div>\n\t\t\t\t<\/div>\n\t\t\t\t<div class=\"elementor-element elementor-element-49ae587 shadepro-sticky-no elementor-widget elementor-widget-text-editor\" data-id=\"49ae587\" data-element_type=\"widget\" data-e-type=\"widget\" data-settings=\"{&quot;shadepro_sticky&quot;:&quot;no&quot;}\" data-widget_type=\"text-editor.default\">\n\t\t\t\t<div class=\"elementor-widget-container\">\n\t\t\t\t\t\t\t\t\t<p>Optimizirano naro\u010danje in profesionalno upravljanje zalog s sistemom za upravljanje blaga 1Tool<\/p>\t\t\t\t\t\t\t\t<\/div>\n\t\t\t\t<\/div>\n\t\t\t\t<section class=\"elementor-section elementor-inner-section elementor-element elementor-element-5e6ba5b elementor-section-boxed elementor-section-height-default elementor-section-height-default shadepro-adv-gradient-no shadepro-sticky-no\" data-id=\"5e6ba5b\" data-element_type=\"section\" data-e-type=\"section\" data-settings=\"{&quot;shadepro_sticky&quot;:&quot;no&quot;}\">\n\t\t\t\t\t\t<div class=\"elementor-container elementor-column-gap-default\">\n\t\t\t\t\t<div class=\"elementor-column elementor-col-100 elementor-inner-column elementor-element elementor-element-1713ea0\" data-id=\"1713ea0\" data-element_type=\"column\" data-e-type=\"column\">\n\t\t\t<div class=\"elementor-widget-wrap elementor-element-populated\">\n\t\t\t\t\t\t<div class=\"elementor-element elementor-element-875df19 shadepro-sticky-no elementor-widget elementor-widget-text-editor\" data-id=\"875df19\" data-element_type=\"widget\" data-e-type=\"widget\" data-settings=\"{&quot;shadepro_sticky&quot;:&quot;no&quot;}\" data-widget_type=\"text-editor.default\">\n\t\t\t\t<div class=\"elementor-widget-container\">\n\t\t\t\t\t\t\t\t\t<h3>U\u010dinkoviti procesi s sistemom za upravljanje blaga 1Tool<\/h3><p>Ne glede na to, ali gre za nabavo, skladi\u0161\u010denje, prodajo ali izdajanje ra\u010dunov, vam na\u0161a re\u0161itev omogo\u010da enostavno upravljanje procesov upravljanja blaga v enem programskem paketu in njihovo pregledno prikazovanje vsem zaposlenim. Zaradi inteligentnega povezovanja funkcij na\u0161ega sistema za upravljanje z blagom so upravne dejavnosti avtomatizirane in jih je mogo\u010de opravljati veliko u\u010dinkoviteje. <\/p><p>Ne glede na to, ali ste upravljavec spletne trgovine, velika korporacija ali majhno podjetje, sistem za upravljanje blaga prilagodimo va\u0161emu vsakodnevnemu poslovanju in tako izpolnimo zahteve va\u0161e panoge.<\/p><h3>Zmogljiva programska oprema sistema za upravljanje blaga<\/h3><p>Da bi imeli vedno pregled nad dobavitelji, izdelki in blagovnimi tokovi, smo razvili 1Tool, inteligentno re\u0161itev za profesionalno upravljanje blaga. Funkcije programske opreme sistema za upravljanje blaga segajo od preprostega upravljanja stikov z dobavitelji, samodejnega nadzora in organizacije zalog do hitrega oblikovanja naro\u010dil in ra\u010dunov. <\/p><h4>Spletno upravljanje blaga za prilagodljivo upravljanje izdelkov in skladi\u0161\u010da<\/h4><p>Dostop do na\u0161e programske opreme sistema za upravljanje blaga je \u010dasovno neodvisen in ga je mogo\u010de opraviti iz katere koli kon\u010dne naprave. To pomeni, da lahko prodajni predstavniki ali zaposleni, ki delajo od doma, prav tako bele\u017eijo prodajo, oddajajo naro\u010dila ali vna\u0161ajo nove izdelke. Vse, kar potrebujete, je dostop do interneta in 1Tool lahko prikli\u010dete prek brskalnika. Spletno upravljanje z blagom \u0161e nikoli ni bilo tako enostavno!   <\/p><h4>1Orodje za upravljanje blaga in CRM za va\u0161o trgovino<\/h4><p>1Tool jasno zdru\u017euje prednosti inteligentnega upravljanja blaga z zmogljivimi funkcijami CRM, da bo va\u0161a trgovina uspe\u0161nej\u0161a. Po eni strani se vsi podatki o strankah po nakupu v va\u0161i spletni trgovini takoj prenesejo v CRM, medtem ko sistem za upravljanje blaga \u017ee v ozadju izvaja samodejno izdajanje ra\u010dunov in neposredno posodablja stanje zalog. <\/p><p>Z vnaprej dolo\u010denimi minimalnimi zalogami se lahko enostavno izognete pomanjkanju, saj se naro\u010dila in nakupi blaga spro\u017eijo samodejno. \u010ce je ustvarjen ra\u010dun, lahko neposredno preverite, ali so zahtevane koli\u010dine \u0161e vedno na voljo ali pa je treba v primeru popravka ravni zalog navzgor blago vrniti in stranki izdati dobropis. Dnevnik 1Tool vam omogo\u010da natan\u010den pregled nad nakupi, prodajo in knji\u017eenjem popravkov v primeru kr\u010denja ali drugih sprememb zalog v sistemu za upravljanje z blagom. Prilagodljiv, uporabniku prijazen in hiter &#8211; z na\u0161im sistemom za upravljanje z blagom in programsko opremo CRM ni\u010d ne ovira uspe\u0161nega delovanja va\u0161e trgovine!   <\/p><h3>Vas zanima sistem za upravljanje blaga 1Tool?<\/h3><p>Imate vpra\u0161anja o na\u0161i programski opremi sistema za upravljanje blaga, potrebujete dodatne informacije ali \u017eelite orodje brezpla\u010dno preizkusiti za 30 dni?<\/p><p><a href=\"mailto:office@1tool.com\">Opravite nezavezujo\u010do poizvedbo<\/a><\/p><h4> <\/h4><h4>Celovito upravljanje blaga<\/h4><p>Modul za upravljanje blaga je idealen dodatek k upravljanju izdelkov 1Tool. V podatkovni zbirki lahko organizirate celotno skladi\u0161\u010de, vklju\u010dno z razpolo\u017eljivostjo izdelkov. Vedno veste, kdaj morate oddati nova naro\u010dila, in sicer prek shranjenih minimalnih zalog, tako da so va\u0161i izdelki vedno na voljo za nova naro\u010dila. Poleg tega povezava z modulom za izdelke in ra\u010dune pomeni, da se ravni zalog samodejno prilagodijo po prodaji ali izdaji dobropisa za izdelek.   <\/p><p>Samodejno ustvarjeni predlogi naro\u010dil ter pregledni seznami nakupov, prodaje in knji\u017eenj popravkov so pomembne funkcije, ki vam pomagajo u\u010dinkoviteje organizirati celoten skladi\u0161\u010dni proces.<\/p>\t\t\t\t\t\t\t\t<\/div>\n\t\t\t\t<\/div>\n\t\t\t\t\t<\/div>\n\t\t<\/div>\n\t\t\t\t\t<\/div>\n\t\t<\/section>\n\t\t\t\t\t<\/div>\n\t\t<\/div>\n\t\t\t\t\t<\/div>\n\t\t<\/section>\n\t\t\t\t<\/div>\n\t\t","protected":false},"excerpt":{"rendered":"<p>Sistem za upravljanje z blagom Optimizirano naro\u010danje in profesionalno upravljanje zalog s sistemom za upravljanje blaga 1Tool U\u010dinkoviti procesi s sistemom za upravljanje blaga 1Tool Ne glede na to, ali gre za nabavo, skladi\u0161\u010denje, prodajo ali izdajanje ra\u010dunov, vam na\u0161a re\u0161itev omogo\u010da enostavno upravljanje procesov upravljanja blaga v enem programskem paketu in njihovo pregledno prikazovanje [&hellip;]<\/p>\n","protected":false},"author":1,"featured_media":0,"parent":72677,"menu_order":0,"comment_status":"closed","ping_status":"closed","template":"","meta":{"inline_featured_image":false,"footnotes":""},"class_list":["post-72527","page","type-page","status-publish","hentry"],"acf":[],"yoast_head":"<!-- This site is optimized with the Yoast SEO plugin v27.5 - https:\/\/yoast.com\/product\/yoast-seo-wordpress\/ -->\n<title>Sistem za upravljanje z blagom - 1Tool<\/title>\n<meta name=\"robots\" content=\"index, follow, max-snippet:-1, max-image-preview:large, max-video-preview:-1\" \/>\n<link rel=\"canonical\" href=\"https:\/\/www.1tool.com\/sl\/moduli\/upravljanje-z-blagom-in-trgovina\/upravljanje-skladisca\/funkcije-modula-za-upravljanje-skladisca\/sistem-za-upravljanje-z-blagom\/\" \/>\n<meta property=\"og:locale\" content=\"sl_SI\" \/>\n<meta property=\"og:type\" content=\"article\" \/>\n<meta property=\"og:title\" content=\"Sistem za upravljanje z blagom - 1Tool\" \/>\n<meta property=\"og:description\" content=\"Sistem za upravljanje z blagom Optimizirano naro\u010danje in profesionalno upravljanje zalog s sistemom za upravljanje blaga 1Tool U\u010dinkoviti procesi s sistemom za upravljanje blaga 1Tool Ne glede na to, ali gre za nabavo, skladi\u0161\u010denje, prodajo ali izdajanje ra\u010dunov, vam na\u0161a re\u0161itev omogo\u010da enostavno upravljanje procesov upravljanja blaga v enem programskem paketu in njihovo pregledno prikazovanje [&hellip;]\" \/>\n<meta property=\"og:url\" content=\"https:\/\/www.1tool.com\/sl\/moduli\/upravljanje-z-blagom-in-trgovina\/upravljanje-skladisca\/funkcije-modula-za-upravljanje-skladisca\/sistem-za-upravljanje-z-blagom\/\" \/>\n<meta property=\"og:site_name\" content=\"1Tool\" \/>\n<meta property=\"article:modified_time\" content=\"2026-04-30T14:37:16+00:00\" \/>\n<meta name=\"twitter:card\" content=\"summary_large_image\" \/>\n<meta name=\"twitter:label1\" content=\"Est. reading time\" \/>\n\t<meta name=\"twitter:data1\" content=\"3 minute\" \/>\n<script type=\"application\/ld+json\" class=\"yoast-schema-graph\">{\"@context\":\"https:\\\/\\\/schema.org\",\"@graph\":[{\"@type\":\"WebPage\",\"@id\":\"https:\\\/\\\/www.1tool.com\\\/sl\\\/moduli\\\/upravljanje-z-blagom-in-trgovina\\\/upravljanje-skladisca\\\/funkcije-modula-za-upravljanje-skladisca\\\/sistem-za-upravljanje-z-blagom\\\/\",\"url\":\"https:\\\/\\\/www.1tool.com\\\/sl\\\/moduli\\\/upravljanje-z-blagom-in-trgovina\\\/upravljanje-skladisca\\\/funkcije-modula-za-upravljanje-skladisca\\\/sistem-za-upravljanje-z-blagom\\\/\",\"name\":\"Sistem za upravljanje z blagom - 1Tool\",\"isPartOf\":{\"@id\":\"https:\\\/\\\/www.1tool.com\\\/sl\\\/#website\"},\"datePublished\":\"2022-03-30T16:13:40+00:00\",\"dateModified\":\"2026-04-30T14:37:16+00:00\",\"breadcrumb\":{\"@id\":\"https:\\\/\\\/www.1tool.com\\\/sl\\\/moduli\\\/upravljanje-z-blagom-in-trgovina\\\/upravljanje-skladisca\\\/funkcije-modula-za-upravljanje-skladisca\\\/sistem-za-upravljanje-z-blagom\\\/#breadcrumb\"},\"inLanguage\":\"sl-SI\",\"potentialAction\":[{\"@type\":\"ReadAction\",\"target\":[\"https:\\\/\\\/www.1tool.com\\\/sl\\\/moduli\\\/upravljanje-z-blagom-in-trgovina\\\/upravljanje-skladisca\\\/funkcije-modula-za-upravljanje-skladisca\\\/sistem-za-upravljanje-z-blagom\\\/\"]}]},{\"@type\":\"BreadcrumbList\",\"@id\":\"https:\\\/\\\/www.1tool.com\\\/sl\\\/moduli\\\/upravljanje-z-blagom-in-trgovina\\\/upravljanje-skladisca\\\/funkcije-modula-za-upravljanje-skladisca\\\/sistem-za-upravljanje-z-blagom\\\/#breadcrumb\",\"itemListElement\":[{\"@type\":\"ListItem\",\"position\":1,\"name\":\"Home\",\"item\":\"https:\\\/\\\/www.1tool.com\\\/sl\\\/\"},{\"@type\":\"ListItem\",\"position\":2,\"name\":\"Moduli\",\"item\":\"https:\\\/\\\/www.1tool.com\\\/sl\\\/module\\\/\"},{\"@type\":\"ListItem\",\"position\":3,\"name\":\"Upravljanje z blagom in trgovina\",\"item\":\"https:\\\/\\\/www.1tool.com\\\/sl\\\/moduli\\\/upravljanje-z-blagom-in-trgovina\\\/\"},{\"@type\":\"ListItem\",\"position\":4,\"name\":\"Upravljanje skladi\u0161\u010da\",\"item\":\"https:\\\/\\\/www.1tool.com\\\/sl\\\/moduli\\\/upravljanje-z-blagom-in-trgovina\\\/upravljanje-skladisca\\\/\"},{\"@type\":\"ListItem\",\"position\":5,\"name\":\"Funkcije modula za upravljanje skladi\u0161\u010da\",\"item\":\"https:\\\/\\\/www.1tool.com\\\/sl\\\/moduli\\\/upravljanje-z-blagom-in-trgovina\\\/upravljanje-skladisca\\\/funkcije-modula-za-upravljanje-skladisca\\\/\"},{\"@type\":\"ListItem\",\"position\":6,\"name\":\"Sistem za upravljanje z blagom\"}]},{\"@type\":\"WebSite\",\"@id\":\"https:\\\/\\\/www.1tool.com\\\/sl\\\/#website\",\"url\":\"https:\\\/\\\/www.1tool.com\\\/sl\\\/\",\"name\":\"1Tool\",\"description\":\"CRM\",\"publisher\":{\"@id\":\"https:\\\/\\\/www.1tool.com\\\/sl\\\/#organization\"},\"potentialAction\":[{\"@type\":\"SearchAction\",\"target\":{\"@type\":\"EntryPoint\",\"urlTemplate\":\"https:\\\/\\\/www.1tool.com\\\/sl\\\/?s={search_term_string}\"},\"query-input\":{\"@type\":\"PropertyValueSpecification\",\"valueRequired\":true,\"valueName\":\"search_term_string\"}}],\"inLanguage\":\"sl-SI\"},{\"@type\":\"Organization\",\"@id\":\"https:\\\/\\\/www.1tool.com\\\/sl\\\/#organization\",\"name\":\"1Tool\",\"url\":\"https:\\\/\\\/www.1tool.com\\\/sl\\\/\",\"logo\":{\"@type\":\"ImageObject\",\"inLanguage\":\"sl-SI\",\"@id\":\"https:\\\/\\\/www.1tool.com\\\/sl\\\/#\\\/schema\\\/logo\\\/image\\\/\",\"url\":\"https:\\\/\\\/www.1tool.com\\\/wp-content\\\/uploads\\\/2022\\\/04\\\/1tool-1.png\",\"contentUrl\":\"https:\\\/\\\/www.1tool.com\\\/wp-content\\\/uploads\\\/2022\\\/04\\\/1tool-1.png\",\"width\":400,\"height\":150,\"caption\":\"1Tool\"},\"image\":{\"@id\":\"https:\\\/\\\/www.1tool.com\\\/sl\\\/#\\\/schema\\\/logo\\\/image\\\/\"}}]}<\/script>\n<!-- \/ Yoast SEO plugin. -->","yoast_head_json":{"title":"Sistem za upravljanje z blagom - 1Tool","robots":{"index":"index","follow":"follow","max-snippet":"max-snippet:-1","max-image-preview":"max-image-preview:large","max-video-preview":"max-video-preview:-1"},"canonical":"https:\/\/www.1tool.com\/sl\/moduli\/upravljanje-z-blagom-in-trgovina\/upravljanje-skladisca\/funkcije-modula-za-upravljanje-skladisca\/sistem-za-upravljanje-z-blagom\/","og_locale":"sl_SI","og_type":"article","og_title":"Sistem za upravljanje z blagom - 1Tool","og_description":"Sistem za upravljanje z blagom Optimizirano naro\u010danje in profesionalno upravljanje zalog s sistemom za upravljanje blaga 1Tool U\u010dinkoviti procesi s sistemom za upravljanje blaga 1Tool Ne glede na to, ali gre za nabavo, skladi\u0161\u010denje, prodajo ali izdajanje ra\u010dunov, vam na\u0161a re\u0161itev omogo\u010da enostavno upravljanje procesov upravljanja blaga v enem programskem paketu in njihovo pregledno prikazovanje [&hellip;]","og_url":"https:\/\/www.1tool.com\/sl\/moduli\/upravljanje-z-blagom-in-trgovina\/upravljanje-skladisca\/funkcije-modula-za-upravljanje-skladisca\/sistem-za-upravljanje-z-blagom\/","og_site_name":"1Tool","article_modified_time":"2026-04-30T14:37:16+00:00","twitter_card":"summary_large_image","twitter_misc":{"Est. reading time":"3 minute"},"schema":{"@context":"https:\/\/schema.org","@graph":[{"@type":"WebPage","@id":"https:\/\/www.1tool.com\/sl\/moduli\/upravljanje-z-blagom-in-trgovina\/upravljanje-skladisca\/funkcije-modula-za-upravljanje-skladisca\/sistem-za-upravljanje-z-blagom\/","url":"https:\/\/www.1tool.com\/sl\/moduli\/upravljanje-z-blagom-in-trgovina\/upravljanje-skladisca\/funkcije-modula-za-upravljanje-skladisca\/sistem-za-upravljanje-z-blagom\/","name":"Sistem za upravljanje z blagom - 1Tool","isPartOf":{"@id":"https:\/\/www.1tool.com\/sl\/#website"},"datePublished":"2022-03-30T16:13:40+00:00","dateModified":"2026-04-30T14:37:16+00:00","breadcrumb":{"@id":"https:\/\/www.1tool.com\/sl\/moduli\/upravljanje-z-blagom-in-trgovina\/upravljanje-skladisca\/funkcije-modula-za-upravljanje-skladisca\/sistem-za-upravljanje-z-blagom\/#breadcrumb"},"inLanguage":"sl-SI","potentialAction":[{"@type":"ReadAction","target":["https:\/\/www.1tool.com\/sl\/moduli\/upravljanje-z-blagom-in-trgovina\/upravljanje-skladisca\/funkcije-modula-za-upravljanje-skladisca\/sistem-za-upravljanje-z-blagom\/"]}]},{"@type":"BreadcrumbList","@id":"https:\/\/www.1tool.com\/sl\/moduli\/upravljanje-z-blagom-in-trgovina\/upravljanje-skladisca\/funkcije-modula-za-upravljanje-skladisca\/sistem-za-upravljanje-z-blagom\/#breadcrumb","itemListElement":[{"@type":"ListItem","position":1,"name":"Home","item":"https:\/\/www.1tool.com\/sl\/"},{"@type":"ListItem","position":2,"name":"Moduli","item":"https:\/\/www.1tool.com\/sl\/module\/"},{"@type":"ListItem","position":3,"name":"Upravljanje z blagom in trgovina","item":"https:\/\/www.1tool.com\/sl\/moduli\/upravljanje-z-blagom-in-trgovina\/"},{"@type":"ListItem","position":4,"name":"Upravljanje skladi\u0161\u010da","item":"https:\/\/www.1tool.com\/sl\/moduli\/upravljanje-z-blagom-in-trgovina\/upravljanje-skladisca\/"},{"@type":"ListItem","position":5,"name":"Funkcije modula za upravljanje skladi\u0161\u010da","item":"https:\/\/www.1tool.com\/sl\/moduli\/upravljanje-z-blagom-in-trgovina\/upravljanje-skladisca\/funkcije-modula-za-upravljanje-skladisca\/"},{"@type":"ListItem","position":6,"name":"Sistem za upravljanje z blagom"}]},{"@type":"WebSite","@id":"https:\/\/www.1tool.com\/sl\/#website","url":"https:\/\/www.1tool.com\/sl\/","name":"1Tool","description":"CRM","publisher":{"@id":"https:\/\/www.1tool.com\/sl\/#organization"},"potentialAction":[{"@type":"SearchAction","target":{"@type":"EntryPoint","urlTemplate":"https:\/\/www.1tool.com\/sl\/?s={search_term_string}"},"query-input":{"@type":"PropertyValueSpecification","valueRequired":true,"valueName":"search_term_string"}}],"inLanguage":"sl-SI"},{"@type":"Organization","@id":"https:\/\/www.1tool.com\/sl\/#organization","name":"1Tool","url":"https:\/\/www.1tool.com\/sl\/","logo":{"@type":"ImageObject","inLanguage":"sl-SI","@id":"https:\/\/www.1tool.com\/sl\/#\/schema\/logo\/image\/","url":"https:\/\/www.1tool.com\/wp-content\/uploads\/2022\/04\/1tool-1.png","contentUrl":"https:\/\/www.1tool.com\/wp-content\/uploads\/2022\/04\/1tool-1.png","width":400,"height":150,"caption":"1Tool"},"image":{"@id":"https:\/\/www.1tool.com\/sl\/#\/schema\/logo\/image\/"}}]}},"_links":{"self":[{"href":"https:\/\/www.1tool.com\/sl\/wp-json\/wp\/v2\/pages\/72527","targetHints":{"allow":["GET"]}}],"collection":[{"href":"https:\/\/www.1tool.com\/sl\/wp-json\/wp\/v2\/pages"}],"about":[{"href":"https:\/\/www.1tool.com\/sl\/wp-json\/wp\/v2\/types\/page"}],"author":[{"embeddable":true,"href":"https:\/\/www.1tool.com\/sl\/wp-json\/wp\/v2\/users\/1"}],"replies":[{"embeddable":true,"href":"https:\/\/www.1tool.com\/sl\/wp-json\/wp\/v2\/comments?post=72527"}],"version-history":[{"count":1,"href":"https:\/\/www.1tool.com\/sl\/wp-json\/wp\/v2\/pages\/72527\/revisions"}],"predecessor-version":[{"id":72528,"href":"https:\/\/www.1tool.com\/sl\/wp-json\/wp\/v2\/pages\/72527\/revisions\/72528"}],"up":[{"embeddable":true,"href":"https:\/\/www.1tool.com\/sl\/wp-json\/wp\/v2\/pages\/72677"}],"wp:attachment":[{"href":"https:\/\/www.1tool.com\/sl\/wp-json\/wp\/v2\/media?parent=72527"}],"curies":[{"name":"wp","href":"https:\/\/api.w.org\/{rel}","templated":true}]}}