{"id":72531,"date":"2022-03-30T18:23:17","date_gmt":"2022-03-30T16:23:17","guid":{"rendered":"https:\/\/www.1tool.com\/programska-oprema-za-rezervacije\/"},"modified":"2026-04-30T16:36:54","modified_gmt":"2026-04-30T14:36:54","slug":"programska-oprema-za-rezervacije","status":"publish","type":"page","link":"https:\/\/www.1tool.com\/sl\/moduli\/posebni-moduli\/rezervacije\/funkcije-modul-rezervacije\/programska-oprema-za-rezervacije\/","title":{"rendered":"Programska oprema za rezervacije"},"content":{"rendered":"\t\t<div data-elementor-type=\"wp-page\" data-elementor-id=\"72531\" class=\"elementor elementor-72531 elementor-49429\" data-elementor-post-type=\"page\">\n\t\t\t\t\t\t<section class=\"elementor-section elementor-top-section elementor-element elementor-element-3d6c715 elementor-section-boxed elementor-section-height-default elementor-section-height-default shadepro-adv-gradient-no shadepro-sticky-no\" data-id=\"3d6c715\" data-element_type=\"section\" data-e-type=\"section\" data-settings=\"{&quot;shadepro_sticky&quot;:&quot;no&quot;}\">\n\t\t\t\t\t\t<div class=\"elementor-container elementor-column-gap-default\">\n\t\t\t\t\t<div class=\"elementor-column elementor-col-100 elementor-top-column elementor-element elementor-element-8d85a52\" data-id=\"8d85a52\" data-element_type=\"column\" data-e-type=\"column\">\n\t\t\t<div class=\"elementor-widget-wrap elementor-element-populated\">\n\t\t\t\t\t\t<div class=\"elementor-element elementor-element-9a09205 shadepro-sticky-no elementor-widget elementor-widget-heading\" data-id=\"9a09205\" data-element_type=\"widget\" data-e-type=\"widget\" data-settings=\"{&quot;shadepro_sticky&quot;:&quot;no&quot;}\" data-widget_type=\"heading.default\">\n\t\t\t\t<div class=\"elementor-widget-container\">\n\t\t\t\t\t<h1 class=\"elementor-heading-title elementor-size-default\">Programska oprema za rezervacije<\/h1>\t\t\t\t<\/div>\n\t\t\t\t<\/div>\n\t\t\t\t<div class=\"elementor-element elementor-element-1645000 shadepro-sticky-no elementor-widget elementor-widget-text-editor\" data-id=\"1645000\" data-element_type=\"widget\" data-e-type=\"widget\" data-settings=\"{&quot;shadepro_sticky&quot;:&quot;no&quot;}\" data-widget_type=\"text-editor.default\">\n\t\t\t\t<div class=\"elementor-widget-container\">\n\t\t\t\t\t\t\t\t\t<p>Programska oprema za rezervacije 1Tool ponuja \u0161iroko paleto aplikacij v vseh panogah.<\/p>\t\t\t\t\t\t\t\t<\/div>\n\t\t\t\t<\/div>\n\t\t\t\t<section class=\"elementor-section elementor-inner-section elementor-element elementor-element-7e4b79e elementor-section-boxed elementor-section-height-default elementor-section-height-default shadepro-adv-gradient-no shadepro-sticky-no\" data-id=\"7e4b79e\" data-element_type=\"section\" data-e-type=\"section\" data-settings=\"{&quot;shadepro_sticky&quot;:&quot;no&quot;}\">\n\t\t\t\t\t\t<div class=\"elementor-container elementor-column-gap-default\">\n\t\t\t\t\t<div class=\"elementor-column elementor-col-100 elementor-inner-column elementor-element elementor-element-6d858c0\" data-id=\"6d858c0\" data-element_type=\"column\" data-e-type=\"column\">\n\t\t\t<div class=\"elementor-widget-wrap elementor-element-populated\">\n\t\t\t\t\t\t<div class=\"elementor-element elementor-element-88c6573 shadepro-sticky-no elementor-widget elementor-widget-text-editor\" data-id=\"88c6573\" data-element_type=\"widget\" data-e-type=\"widget\" data-settings=\"{&quot;shadepro_sticky&quot;:&quot;no&quot;}\" data-widget_type=\"text-editor.default\">\n\t\t\t\t<div class=\"elementor-widget-container\">\n\t\t\t\t\t\t\t\t\t<h3>Prilagojena programska oprema za rezervacije za va\u0161e potrebe<\/h3><p>Ne glede na to, ali ste organizator potovanj, hotel, podjetje za najem avtomobilov ali ladij, lahko s programsko opremo za rezervacije 1Tool u\u010dinkovito upravljate s svojimi viri in imate vedno pregled nad vsemi rezervacijami. Glede na panogo lahko postopek rezervacij optimalno prilagodite svojemu poslovanju in tako omogo\u010dite prilagodljivo upravljanje svojih nepremi\u010dnin. Zahvaljujo\u010d spletni programski opremi za rezervacije lahko povpra\u0161evanja in rezervacije upravljate s katere koli lokacije in kadar koli &#8211; s programom 1Tool je zagotovljena bolj\u0161a izkori\u0161\u010denost zmogljivosti!  <\/p><h3>Enostavna integracija va\u0161ega spletnega sistema rezervacij<\/h3><p>Na\u0161 sistem rezervacij 1Tool lahko preprosto vklju\u010dite v svoje spletno mesto ali portale za rezervacije. Na eni strani s tem pove\u010date svojo spletno prisotnost, na drugi strani pa svojim strankam omogo\u010dite, da prek dodatnega spletnega kanala od koder koli udobno opravljajo rezervacije in poizvedbe. Prilagojeni na\u010drt rezervacij, prilagojen postavitvi va\u0161ega spletnega mesta, strankam grafi\u010dno prika\u017ee vse razpolo\u017eljive sobe, vozila ali opremo. Ko stranka opravi rezervacijo, se podatki o stranki in podrobnosti rezervacije samodejno prenesejo v programsko opremo za rezervacije prek vmesnika 1Tool. S tem ne prihranite le \u010dasa in truda pri ro\u010dnem vnosu, temve\u010d se tudi zlahka izognete dvojnim rezervacijam.    <\/p><h3>Obse\u017ene funkcije na\u0161e spletne programske opreme za rezervacije<\/h3><p>1Tool ima obse\u017ene funkcije in omogo\u010da u\u010dinkovito na\u010drtovanje virov. Spletni sistem rezervacij vam omogo\u010da 24-urni dostop do spletnega mesta in koledarja rezervacij ter samodejno sprejemanje rezervacij 24 ur na dan. Zaradi ve\u010djezi\u010dnosti programske opreme lahko tudi mednarodnim gostom in interesentom ponudite najbolj\u0161e mo\u017ene storitve.  <\/p><h4>Podatke o rezervaciji je mogo\u010de prilagoditi<\/h4><p>Brez preklapljanja med razli\u010dnimi sistemi lahko vse podatke o strankah, nepremi\u010dninah in rezervacijah najdete v podatkovni zbirki 1Tool in jih upravljate z enim samim pritiskom na gumb. Po eni strani to omogo\u010da preprosto segmentacijo va\u0161ih strank, saj se podatki o gostih po vsaki rezervaciji samodejno prenesejo v sistem rezervacij, za vsako povpra\u0161evanje ali rezervacijo pa se ustvari profil glede dol\u017eine bivanja, starosti, izvora, posebnih \u017eelja itd. Po drugi strani se lahko veliko hitreje odzovete na zahteve strank in prilagodite nepremi\u010dnine njihovim \u017eeljam. Po drugi strani se lahko veliko hitreje odzovete na zahteve strank in prilagodite nepremi\u010dnine \u017eeljam in potrebam gostov. Vozila, sobe ali druge predmete rezervacij lahko zato razvrstite v posamezne kategorije ali jih razdelite v posebne &#8220;pakete&#8221;. Tudi cene in slike lahko dolo\u010dite lo\u010deno po nepremi\u010dninah ali kupcih (npr. popust za starej\u0161e, otroke itd.). Podatki se samodejno prenesejo na va\u0161o spletno stran, tako da ni potreben dvojni vnos.     <\/p><h4>Vmesniki za rezervacije<\/h4><p>Koledar programske opreme za rezervacije 1Tool ni mogo\u010de integrirati le v va\u0161o spletno stran, temve\u010d so mo\u017eni tudi vmesniki z drugimi sistemi rezervacij, kot so Booking.com, HRS ali Tiscover. Za ve\u010dji doseg in prisotnost lahko sistem rezervacij vklju\u010dimo tudi v va\u0161o stran na Facebooku z namenskim gumbom &#8220;Rezerviraj&#8221;. Tako boste prisotni to\u010dno tam, kjer so va\u0161e ciljne skupine. Mobilni prikaz va\u0161e spletne strani ali platforme za rezervacije omogo\u010da tudi hitro in enostavno izvedbo rezervacij prek pametnega telefona ali tabli\u010dnega ra\u010dunalnika. Z orodjem 1Tool vas lahko stranke dose\u017eejo kadar koli in kjer koli!    <\/p><h4>Spletna obdelava pla\u010dil za va\u0161e rezervacije<\/h4><p>S programsko opremo za rezervacije 1Tool lahko va\u0161e stranke varno in prek spleta pla\u010dujejo sobe, najete avtomobile in podobno. Pripravljena pla\u010dilna povezava prek storitev Card Complete in Wirecard zagotavlja preprosto obdelavo pla\u010dil. Enostavno upravljanje va\u0161ih objektov v na\u0161i programski opremi vam omogo\u010da tudi prilagodljivo oblikovanje cen in prilagajanje letnim \u010dasom, izkori\u0161\u010denosti zmogljivosti itd.  <\/p><h4>Opomniki za va\u0161e stranke<\/h4><p>U\u010dinkovito komunicirajte s strankami in gosti. Na\u0161a programska oprema za rezervacije samodejno po\u0161ilja opomnike o rezervacijah in povpra\u0161evanjih ter vam pomaga graditi dolgoro\u010dne odnose s strankami. Poseben poudarek dajemo personalizirani komunikaciji s strankami, zato se e-po\u0161tna sporo\u010dila in opomniki samodejno po\u0161iljajo z imeni va\u0161ih potencialnih strank.  <\/p>\t\t\t\t\t\t\t\t<\/div>\n\t\t\t\t<\/div>\n\t\t\t\t\t<\/div>\n\t\t<\/div>\n\t\t\t\t\t<\/div>\n\t\t<\/section>\n\t\t\t\t\t<\/div>\n\t\t<\/div>\n\t\t\t\t\t<\/div>\n\t\t<\/section>\n\t\t\t\t<\/div>\n\t\t","protected":false},"excerpt":{"rendered":"<p>Programska oprema za rezervacije Programska oprema za rezervacije 1Tool ponuja \u0161iroko paleto aplikacij v vseh panogah. Prilagojena programska oprema za rezervacije za va\u0161e potrebe Ne glede na to, ali ste organizator potovanj, hotel, podjetje za najem avtomobilov ali ladij, lahko s programsko opremo za rezervacije 1Tool u\u010dinkovito upravljate s svojimi viri in imate vedno pregled [&hellip;]<\/p>\n","protected":false},"author":1,"featured_media":0,"parent":72652,"menu_order":0,"comment_status":"closed","ping_status":"closed","template":"","meta":{"inline_featured_image":false,"footnotes":""},"class_list":["post-72531","page","type-page","status-publish","hentry"],"acf":[],"yoast_head":"<!-- This site is optimized with the Yoast SEO plugin v27.5 - https:\/\/yoast.com\/product\/yoast-seo-wordpress\/ -->\n<title>Programska oprema za rezervacije - 1Tool<\/title>\n<meta name=\"robots\" content=\"index, follow, max-snippet:-1, max-image-preview:large, max-video-preview:-1\" \/>\n<link rel=\"canonical\" href=\"https:\/\/www.1tool.com\/sl\/moduli\/posebni-moduli\/rezervacije\/funkcije-modul-rezervacije\/programska-oprema-za-rezervacije\/\" \/>\n<meta property=\"og:locale\" content=\"sl_SI\" \/>\n<meta property=\"og:type\" content=\"article\" \/>\n<meta property=\"og:title\" content=\"Programska oprema za rezervacije - 1Tool\" \/>\n<meta property=\"og:description\" content=\"Programska oprema za rezervacije Programska oprema za rezervacije 1Tool ponuja \u0161iroko paleto aplikacij v vseh panogah. Prilagojena programska oprema za rezervacije za va\u0161e potrebe Ne glede na to, ali ste organizator potovanj, hotel, podjetje za najem avtomobilov ali ladij, lahko s programsko opremo za rezervacije 1Tool u\u010dinkovito upravljate s svojimi viri in imate vedno pregled [&hellip;]\" \/>\n<meta property=\"og:url\" content=\"https:\/\/www.1tool.com\/sl\/moduli\/posebni-moduli\/rezervacije\/funkcije-modul-rezervacije\/programska-oprema-za-rezervacije\/\" \/>\n<meta property=\"og:site_name\" content=\"1Tool\" \/>\n<meta property=\"article:modified_time\" content=\"2026-04-30T14:36:54+00:00\" \/>\n<meta name=\"twitter:card\" content=\"summary_large_image\" \/>\n<meta name=\"twitter:label1\" content=\"Est. reading time\" \/>\n\t<meta name=\"twitter:data1\" content=\"3 minute\" \/>\n<script type=\"application\/ld+json\" class=\"yoast-schema-graph\">{\"@context\":\"https:\\\/\\\/schema.org\",\"@graph\":[{\"@type\":\"WebPage\",\"@id\":\"https:\\\/\\\/www.1tool.com\\\/sl\\\/moduli\\\/posebni-moduli\\\/rezervacije\\\/funkcije-modul-rezervacije\\\/programska-oprema-za-rezervacije\\\/\",\"url\":\"https:\\\/\\\/www.1tool.com\\\/sl\\\/moduli\\\/posebni-moduli\\\/rezervacije\\\/funkcije-modul-rezervacije\\\/programska-oprema-za-rezervacije\\\/\",\"name\":\"Programska oprema za rezervacije - 1Tool\",\"isPartOf\":{\"@id\":\"https:\\\/\\\/www.1tool.com\\\/sl\\\/#website\"},\"datePublished\":\"2022-03-30T16:23:17+00:00\",\"dateModified\":\"2026-04-30T14:36:54+00:00\",\"breadcrumb\":{\"@id\":\"https:\\\/\\\/www.1tool.com\\\/sl\\\/moduli\\\/posebni-moduli\\\/rezervacije\\\/funkcije-modul-rezervacije\\\/programska-oprema-za-rezervacije\\\/#breadcrumb\"},\"inLanguage\":\"sl-SI\",\"potentialAction\":[{\"@type\":\"ReadAction\",\"target\":[\"https:\\\/\\\/www.1tool.com\\\/sl\\\/moduli\\\/posebni-moduli\\\/rezervacije\\\/funkcije-modul-rezervacije\\\/programska-oprema-za-rezervacije\\\/\"]}]},{\"@type\":\"BreadcrumbList\",\"@id\":\"https:\\\/\\\/www.1tool.com\\\/sl\\\/moduli\\\/posebni-moduli\\\/rezervacije\\\/funkcije-modul-rezervacije\\\/programska-oprema-za-rezervacije\\\/#breadcrumb\",\"itemListElement\":[{\"@type\":\"ListItem\",\"position\":1,\"name\":\"Home\",\"item\":\"https:\\\/\\\/www.1tool.com\\\/sl\\\/\"},{\"@type\":\"ListItem\",\"position\":2,\"name\":\"Moduli\",\"item\":\"https:\\\/\\\/www.1tool.com\\\/sl\\\/module\\\/\"},{\"@type\":\"ListItem\",\"position\":3,\"name\":\"Posebni moduli\",\"item\":\"https:\\\/\\\/www.1tool.com\\\/sl\\\/moduli\\\/posebni-moduli\\\/\"},{\"@type\":\"ListItem\",\"position\":4,\"name\":\"Rezervacije\",\"item\":\"https:\\\/\\\/www.1tool.com\\\/sl\\\/moduli\\\/posebni-moduli\\\/rezervacije\\\/\"},{\"@type\":\"ListItem\",\"position\":5,\"name\":\"Funkcije Modul Rezervacije\",\"item\":\"https:\\\/\\\/www.1tool.com\\\/sl\\\/moduli\\\/posebni-moduli\\\/rezervacije\\\/funkcije-modul-rezervacije\\\/\"},{\"@type\":\"ListItem\",\"position\":6,\"name\":\"Programska oprema za rezervacije\"}]},{\"@type\":\"WebSite\",\"@id\":\"https:\\\/\\\/www.1tool.com\\\/sl\\\/#website\",\"url\":\"https:\\\/\\\/www.1tool.com\\\/sl\\\/\",\"name\":\"1Tool\",\"description\":\"CRM\",\"publisher\":{\"@id\":\"https:\\\/\\\/www.1tool.com\\\/sl\\\/#organization\"},\"potentialAction\":[{\"@type\":\"SearchAction\",\"target\":{\"@type\":\"EntryPoint\",\"urlTemplate\":\"https:\\\/\\\/www.1tool.com\\\/sl\\\/?s={search_term_string}\"},\"query-input\":{\"@type\":\"PropertyValueSpecification\",\"valueRequired\":true,\"valueName\":\"search_term_string\"}}],\"inLanguage\":\"sl-SI\"},{\"@type\":\"Organization\",\"@id\":\"https:\\\/\\\/www.1tool.com\\\/sl\\\/#organization\",\"name\":\"1Tool\",\"url\":\"https:\\\/\\\/www.1tool.com\\\/sl\\\/\",\"logo\":{\"@type\":\"ImageObject\",\"inLanguage\":\"sl-SI\",\"@id\":\"https:\\\/\\\/www.1tool.com\\\/sl\\\/#\\\/schema\\\/logo\\\/image\\\/\",\"url\":\"https:\\\/\\\/www.1tool.com\\\/wp-content\\\/uploads\\\/2022\\\/04\\\/1tool-1.png\",\"contentUrl\":\"https:\\\/\\\/www.1tool.com\\\/wp-content\\\/uploads\\\/2022\\\/04\\\/1tool-1.png\",\"width\":400,\"height\":150,\"caption\":\"1Tool\"},\"image\":{\"@id\":\"https:\\\/\\\/www.1tool.com\\\/sl\\\/#\\\/schema\\\/logo\\\/image\\\/\"}}]}<\/script>\n<!-- \/ Yoast SEO plugin. -->","yoast_head_json":{"title":"Programska oprema za rezervacije - 1Tool","robots":{"index":"index","follow":"follow","max-snippet":"max-snippet:-1","max-image-preview":"max-image-preview:large","max-video-preview":"max-video-preview:-1"},"canonical":"https:\/\/www.1tool.com\/sl\/moduli\/posebni-moduli\/rezervacije\/funkcije-modul-rezervacije\/programska-oprema-za-rezervacije\/","og_locale":"sl_SI","og_type":"article","og_title":"Programska oprema za rezervacije - 1Tool","og_description":"Programska oprema za rezervacije Programska oprema za rezervacije 1Tool ponuja \u0161iroko paleto aplikacij v vseh panogah. Prilagojena programska oprema za rezervacije za va\u0161e potrebe Ne glede na to, ali ste organizator potovanj, hotel, podjetje za najem avtomobilov ali ladij, lahko s programsko opremo za rezervacije 1Tool u\u010dinkovito upravljate s svojimi viri in imate vedno pregled [&hellip;]","og_url":"https:\/\/www.1tool.com\/sl\/moduli\/posebni-moduli\/rezervacije\/funkcije-modul-rezervacije\/programska-oprema-za-rezervacije\/","og_site_name":"1Tool","article_modified_time":"2026-04-30T14:36:54+00:00","twitter_card":"summary_large_image","twitter_misc":{"Est. reading time":"3 minute"},"schema":{"@context":"https:\/\/schema.org","@graph":[{"@type":"WebPage","@id":"https:\/\/www.1tool.com\/sl\/moduli\/posebni-moduli\/rezervacije\/funkcije-modul-rezervacije\/programska-oprema-za-rezervacije\/","url":"https:\/\/www.1tool.com\/sl\/moduli\/posebni-moduli\/rezervacije\/funkcije-modul-rezervacije\/programska-oprema-za-rezervacije\/","name":"Programska oprema za rezervacije - 1Tool","isPartOf":{"@id":"https:\/\/www.1tool.com\/sl\/#website"},"datePublished":"2022-03-30T16:23:17+00:00","dateModified":"2026-04-30T14:36:54+00:00","breadcrumb":{"@id":"https:\/\/www.1tool.com\/sl\/moduli\/posebni-moduli\/rezervacije\/funkcije-modul-rezervacije\/programska-oprema-za-rezervacije\/#breadcrumb"},"inLanguage":"sl-SI","potentialAction":[{"@type":"ReadAction","target":["https:\/\/www.1tool.com\/sl\/moduli\/posebni-moduli\/rezervacije\/funkcije-modul-rezervacije\/programska-oprema-za-rezervacije\/"]}]},{"@type":"BreadcrumbList","@id":"https:\/\/www.1tool.com\/sl\/moduli\/posebni-moduli\/rezervacije\/funkcije-modul-rezervacije\/programska-oprema-za-rezervacije\/#breadcrumb","itemListElement":[{"@type":"ListItem","position":1,"name":"Home","item":"https:\/\/www.1tool.com\/sl\/"},{"@type":"ListItem","position":2,"name":"Moduli","item":"https:\/\/www.1tool.com\/sl\/module\/"},{"@type":"ListItem","position":3,"name":"Posebni moduli","item":"https:\/\/www.1tool.com\/sl\/moduli\/posebni-moduli\/"},{"@type":"ListItem","position":4,"name":"Rezervacije","item":"https:\/\/www.1tool.com\/sl\/moduli\/posebni-moduli\/rezervacije\/"},{"@type":"ListItem","position":5,"name":"Funkcije Modul Rezervacije","item":"https:\/\/www.1tool.com\/sl\/moduli\/posebni-moduli\/rezervacije\/funkcije-modul-rezervacije\/"},{"@type":"ListItem","position":6,"name":"Programska oprema za rezervacije"}]},{"@type":"WebSite","@id":"https:\/\/www.1tool.com\/sl\/#website","url":"https:\/\/www.1tool.com\/sl\/","name":"1Tool","description":"CRM","publisher":{"@id":"https:\/\/www.1tool.com\/sl\/#organization"},"potentialAction":[{"@type":"SearchAction","target":{"@type":"EntryPoint","urlTemplate":"https:\/\/www.1tool.com\/sl\/?s={search_term_string}"},"query-input":{"@type":"PropertyValueSpecification","valueRequired":true,"valueName":"search_term_string"}}],"inLanguage":"sl-SI"},{"@type":"Organization","@id":"https:\/\/www.1tool.com\/sl\/#organization","name":"1Tool","url":"https:\/\/www.1tool.com\/sl\/","logo":{"@type":"ImageObject","inLanguage":"sl-SI","@id":"https:\/\/www.1tool.com\/sl\/#\/schema\/logo\/image\/","url":"https:\/\/www.1tool.com\/wp-content\/uploads\/2022\/04\/1tool-1.png","contentUrl":"https:\/\/www.1tool.com\/wp-content\/uploads\/2022\/04\/1tool-1.png","width":400,"height":150,"caption":"1Tool"},"image":{"@id":"https:\/\/www.1tool.com\/sl\/#\/schema\/logo\/image\/"}}]}},"_links":{"self":[{"href":"https:\/\/www.1tool.com\/sl\/wp-json\/wp\/v2\/pages\/72531","targetHints":{"allow":["GET"]}}],"collection":[{"href":"https:\/\/www.1tool.com\/sl\/wp-json\/wp\/v2\/pages"}],"about":[{"href":"https:\/\/www.1tool.com\/sl\/wp-json\/wp\/v2\/types\/page"}],"author":[{"embeddable":true,"href":"https:\/\/www.1tool.com\/sl\/wp-json\/wp\/v2\/users\/1"}],"replies":[{"embeddable":true,"href":"https:\/\/www.1tool.com\/sl\/wp-json\/wp\/v2\/comments?post=72531"}],"version-history":[{"count":1,"href":"https:\/\/www.1tool.com\/sl\/wp-json\/wp\/v2\/pages\/72531\/revisions"}],"predecessor-version":[{"id":72533,"href":"https:\/\/www.1tool.com\/sl\/wp-json\/wp\/v2\/pages\/72531\/revisions\/72533"}],"up":[{"embeddable":true,"href":"https:\/\/www.1tool.com\/sl\/wp-json\/wp\/v2\/pages\/72652"}],"wp:attachment":[{"href":"https:\/\/www.1tool.com\/sl\/wp-json\/wp\/v2\/media?parent=72531"}],"curies":[{"name":"wp","href":"https:\/\/api.w.org\/{rel}","templated":true}]}}