{"id":72534,"date":"2022-03-30T18:08:52","date_gmt":"2022-03-30T16:08:52","guid":{"rendered":"https:\/\/www.1tool.com\/knjizenje-inventurnih-popisov-opravkov\/"},"modified":"2026-04-30T16:37:15","modified_gmt":"2026-04-30T14:37:15","slug":"knjizenje-inventurnih-popisov-opravkov","status":"publish","type":"page","link":"https:\/\/www.1tool.com\/sl\/moduli\/upravljanje-z-blagom-in-trgovina\/upravljanje-skladisca\/funkcije-modula-za-upravljanje-skladisca\/knjizenje-inventurnih-popisov-opravkov\/","title":{"rendered":"knji\u017eenje inventurnih popisov\/opravkov"},"content":{"rendered":"\t\t<div data-elementor-type=\"wp-page\" data-elementor-id=\"72534\" class=\"elementor elementor-72534 elementor-49359\" data-elementor-post-type=\"page\">\n\t\t\t\t\t\t<section class=\"elementor-section elementor-top-section elementor-element elementor-element-b2fdeec elementor-section-boxed elementor-section-height-default elementor-section-height-default shadepro-adv-gradient-no shadepro-sticky-no\" data-id=\"b2fdeec\" data-element_type=\"section\" data-e-type=\"section\" data-settings=\"{&quot;shadepro_sticky&quot;:&quot;no&quot;}\">\n\t\t\t\t\t\t<div class=\"elementor-container elementor-column-gap-default\">\n\t\t\t\t\t<div class=\"elementor-column elementor-col-100 elementor-top-column elementor-element elementor-element-daab147\" data-id=\"daab147\" data-element_type=\"column\" data-e-type=\"column\">\n\t\t\t<div class=\"elementor-widget-wrap elementor-element-populated\">\n\t\t\t\t\t\t<div class=\"elementor-element elementor-element-4597265 shadepro-sticky-no elementor-widget elementor-widget-heading\" data-id=\"4597265\" data-element_type=\"widget\" data-e-type=\"widget\" data-settings=\"{&quot;shadepro_sticky&quot;:&quot;no&quot;}\" data-widget_type=\"heading.default\">\n\t\t\t\t<div class=\"elementor-widget-container\">\n\t\t\t\t\t<h1 class=\"elementor-heading-title elementor-size-default\">knji\u017eenje inventurnih popisov\/opravkov<\/h1>\t\t\t\t<\/div>\n\t\t\t\t<\/div>\n\t\t\t\t<div class=\"elementor-element elementor-element-16e7b51 shadepro-sticky-no elementor-widget elementor-widget-text-editor\" data-id=\"16e7b51\" data-element_type=\"widget\" data-e-type=\"widget\" data-settings=\"{&quot;shadepro_sticky&quot;:&quot;no&quot;}\" data-widget_type=\"text-editor.default\">\n\t\t\t\t<div class=\"elementor-widget-container\">\n\t\t\t\t\t\t\t\t\t<p>Z dnevnikom 1Tool preverite vse prejemke in izdaje blaga.<\/p>\t\t\t\t\t\t\t\t<\/div>\n\t\t\t\t<\/div>\n\t\t\t\t<section class=\"elementor-section elementor-inner-section elementor-element elementor-element-e0bf116 elementor-section-boxed elementor-section-height-default elementor-section-height-default shadepro-adv-gradient-no shadepro-sticky-no\" data-id=\"e0bf116\" data-element_type=\"section\" data-e-type=\"section\" data-settings=\"{&quot;shadepro_sticky&quot;:&quot;no&quot;}\">\n\t\t\t\t\t\t<div class=\"elementor-container elementor-column-gap-default\">\n\t\t\t\t\t<div class=\"elementor-column elementor-col-100 elementor-inner-column elementor-element elementor-element-ccb7067\" data-id=\"ccb7067\" data-element_type=\"column\" data-e-type=\"column\">\n\t\t\t<div class=\"elementor-widget-wrap elementor-element-populated\">\n\t\t\t\t\t\t<div class=\"elementor-element elementor-element-37a99a3 shadepro-sticky-no elementor-widget elementor-widget-text-editor\" data-id=\"37a99a3\" data-element_type=\"widget\" data-e-type=\"widget\" data-settings=\"{&quot;shadepro_sticky&quot;:&quot;no&quot;}\" data-widget_type=\"text-editor.default\">\n\t\t\t\t<div class=\"elementor-widget-container\">\n\t\t\t\t\t\t\t\t\t<h3>Vsi skladi\u0161\u010dni procesi na prvi pogled<\/h3><p>Dnevnik upravljanja blaga zagotavlja pregleden seznam nakupov, prodaj in knji\u017eb popravkov po datumih. Natan\u010dno lahko preverite, kateri izdelki, koli\u010dine in zaloge so bili vklju\u010deni v transakcijo. <\/p><p>Poleg tega programska oprema za skladi\u0161\u010de omogo\u010da tudi neposredno knji\u017eenje popravkov. To lahko ustvarite kot odliv, na primer v primeru kr\u010denja, ali kot priliv (napa\u010den vnos za dodatno nabavo). Funkcija popisa v sistemu za upravljanje zalog na koncu prika\u017ee eno ali ve\u010d popravnih knji\u017eenj na dolo\u010den klju\u010dni datum. Tudi tu je opazna povezava posameznih funkcij upravljanja skladi\u0161\u010da, saj se ob spremembi stanja zaloge med popisom v dnevniku izvede samodejni vnos.   <\/p><p><em>V na\u0161em priro\u010dniku boste na\u0161li ve\u010d podrobnosti o <strong><a href=\"https:\/\/www.1tool.com\/manual\/warenwirtschaft\/journal\/\" target=\"_blank\" rel=\"noreferrer noopener\">dnevniku <\/a><\/strong>, <a href=\"https:\/\/www.1tool.com\/manual\/warenwirtschaft\/inventur\/\" target=\"_blank\" rel=\"noreferrer noopener\"><strong>popisu<\/strong> in <\/a>na\u010dinu izvedbe <strong><a href=\"https:\/\/www.1tool.com\/manual\/warenwirtschaft\/korrekturbuchung\/\" target=\"_blank\" rel=\"noreferrer noopener\">popravnega vnosa<\/a><\/strong><\/em>.<\/p>\t\t\t\t\t\t\t\t<\/div>\n\t\t\t\t<\/div>\n\t\t\t\t\t<\/div>\n\t\t<\/div>\n\t\t\t\t\t<\/div>\n\t\t<\/section>\n\t\t\t\t\t<\/div>\n\t\t<\/div>\n\t\t\t\t\t<\/div>\n\t\t<\/section>\n\t\t\t\t<\/div>\n\t\t","protected":false},"excerpt":{"rendered":"<p>knji\u017eenje inventurnih popisov\/opravkov Z dnevnikom 1Tool preverite vse prejemke in izdaje blaga. Vsi skladi\u0161\u010dni procesi na prvi pogled Dnevnik upravljanja blaga zagotavlja pregleden seznam nakupov, prodaj in knji\u017eb popravkov po datumih. Natan\u010dno lahko preverite, kateri izdelki, koli\u010dine in zaloge so bili vklju\u010deni v transakcijo. Poleg tega programska oprema za skladi\u0161\u010de omogo\u010da tudi neposredno knji\u017eenje popravkov. [&hellip;]<\/p>\n","protected":false},"author":1,"featured_media":0,"parent":72677,"menu_order":0,"comment_status":"closed","ping_status":"closed","template":"","meta":{"inline_featured_image":false,"footnotes":""},"class_list":["post-72534","page","type-page","status-publish","hentry"],"acf":[],"yoast_head":"<!-- This site is optimized with the Yoast SEO plugin v27.5 - https:\/\/yoast.com\/product\/yoast-seo-wordpress\/ -->\n<title>knji\u017eenje inventurnih popisov\/opravkov - 1Tool<\/title>\n<meta name=\"robots\" content=\"index, follow, max-snippet:-1, max-image-preview:large, max-video-preview:-1\" \/>\n<link rel=\"canonical\" href=\"https:\/\/www.1tool.com\/sl\/moduli\/upravljanje-z-blagom-in-trgovina\/upravljanje-skladisca\/funkcije-modula-za-upravljanje-skladisca\/knjizenje-inventurnih-popisov-opravkov\/\" \/>\n<meta property=\"og:locale\" content=\"sl_SI\" \/>\n<meta property=\"og:type\" content=\"article\" \/>\n<meta property=\"og:title\" content=\"knji\u017eenje inventurnih popisov\/opravkov - 1Tool\" \/>\n<meta property=\"og:description\" content=\"knji\u017eenje inventurnih popisov\/opravkov Z dnevnikom 1Tool preverite vse prejemke in izdaje blaga. Vsi skladi\u0161\u010dni procesi na prvi pogled Dnevnik upravljanja blaga zagotavlja pregleden seznam nakupov, prodaj in knji\u017eb popravkov po datumih. Natan\u010dno lahko preverite, kateri izdelki, koli\u010dine in zaloge so bili vklju\u010deni v transakcijo. Poleg tega programska oprema za skladi\u0161\u010de omogo\u010da tudi neposredno knji\u017eenje popravkov. [&hellip;]\" \/>\n<meta property=\"og:url\" content=\"https:\/\/www.1tool.com\/sl\/moduli\/upravljanje-z-blagom-in-trgovina\/upravljanje-skladisca\/funkcije-modula-za-upravljanje-skladisca\/knjizenje-inventurnih-popisov-opravkov\/\" \/>\n<meta property=\"og:site_name\" content=\"1Tool\" \/>\n<meta property=\"article:modified_time\" content=\"2026-04-30T14:37:15+00:00\" \/>\n<meta name=\"twitter:card\" content=\"summary_large_image\" \/>\n<meta name=\"twitter:label1\" content=\"Est. reading time\" \/>\n\t<meta name=\"twitter:data1\" content=\"1 minuta\" \/>\n<script type=\"application\/ld+json\" class=\"yoast-schema-graph\">{\"@context\":\"https:\\\/\\\/schema.org\",\"@graph\":[{\"@type\":\"WebPage\",\"@id\":\"https:\\\/\\\/www.1tool.com\\\/sl\\\/moduli\\\/upravljanje-z-blagom-in-trgovina\\\/upravljanje-skladisca\\\/funkcije-modula-za-upravljanje-skladisca\\\/knjizenje-inventurnih-popisov-opravkov\\\/\",\"url\":\"https:\\\/\\\/www.1tool.com\\\/sl\\\/moduli\\\/upravljanje-z-blagom-in-trgovina\\\/upravljanje-skladisca\\\/funkcije-modula-za-upravljanje-skladisca\\\/knjizenje-inventurnih-popisov-opravkov\\\/\",\"name\":\"knji\u017eenje inventurnih popisov\\\/opravkov - 1Tool\",\"isPartOf\":{\"@id\":\"https:\\\/\\\/www.1tool.com\\\/sl\\\/#website\"},\"datePublished\":\"2022-03-30T16:08:52+00:00\",\"dateModified\":\"2026-04-30T14:37:15+00:00\",\"breadcrumb\":{\"@id\":\"https:\\\/\\\/www.1tool.com\\\/sl\\\/moduli\\\/upravljanje-z-blagom-in-trgovina\\\/upravljanje-skladisca\\\/funkcije-modula-za-upravljanje-skladisca\\\/knjizenje-inventurnih-popisov-opravkov\\\/#breadcrumb\"},\"inLanguage\":\"sl-SI\",\"potentialAction\":[{\"@type\":\"ReadAction\",\"target\":[\"https:\\\/\\\/www.1tool.com\\\/sl\\\/moduli\\\/upravljanje-z-blagom-in-trgovina\\\/upravljanje-skladisca\\\/funkcije-modula-za-upravljanje-skladisca\\\/knjizenje-inventurnih-popisov-opravkov\\\/\"]}]},{\"@type\":\"BreadcrumbList\",\"@id\":\"https:\\\/\\\/www.1tool.com\\\/sl\\\/moduli\\\/upravljanje-z-blagom-in-trgovina\\\/upravljanje-skladisca\\\/funkcije-modula-za-upravljanje-skladisca\\\/knjizenje-inventurnih-popisov-opravkov\\\/#breadcrumb\",\"itemListElement\":[{\"@type\":\"ListItem\",\"position\":1,\"name\":\"Home\",\"item\":\"https:\\\/\\\/www.1tool.com\\\/sl\\\/\"},{\"@type\":\"ListItem\",\"position\":2,\"name\":\"Moduli\",\"item\":\"https:\\\/\\\/www.1tool.com\\\/sl\\\/module\\\/\"},{\"@type\":\"ListItem\",\"position\":3,\"name\":\"Upravljanje z blagom in trgovina\",\"item\":\"https:\\\/\\\/www.1tool.com\\\/sl\\\/moduli\\\/upravljanje-z-blagom-in-trgovina\\\/\"},{\"@type\":\"ListItem\",\"position\":4,\"name\":\"Upravljanje skladi\u0161\u010da\",\"item\":\"https:\\\/\\\/www.1tool.com\\\/sl\\\/moduli\\\/upravljanje-z-blagom-in-trgovina\\\/upravljanje-skladisca\\\/\"},{\"@type\":\"ListItem\",\"position\":5,\"name\":\"Funkcije modula za upravljanje skladi\u0161\u010da\",\"item\":\"https:\\\/\\\/www.1tool.com\\\/sl\\\/moduli\\\/upravljanje-z-blagom-in-trgovina\\\/upravljanje-skladisca\\\/funkcije-modula-za-upravljanje-skladisca\\\/\"},{\"@type\":\"ListItem\",\"position\":6,\"name\":\"knji\u017eenje inventurnih popisov\\\/opravkov\"}]},{\"@type\":\"WebSite\",\"@id\":\"https:\\\/\\\/www.1tool.com\\\/sl\\\/#website\",\"url\":\"https:\\\/\\\/www.1tool.com\\\/sl\\\/\",\"name\":\"1Tool\",\"description\":\"CRM\",\"publisher\":{\"@id\":\"https:\\\/\\\/www.1tool.com\\\/sl\\\/#organization\"},\"potentialAction\":[{\"@type\":\"SearchAction\",\"target\":{\"@type\":\"EntryPoint\",\"urlTemplate\":\"https:\\\/\\\/www.1tool.com\\\/sl\\\/?s={search_term_string}\"},\"query-input\":{\"@type\":\"PropertyValueSpecification\",\"valueRequired\":true,\"valueName\":\"search_term_string\"}}],\"inLanguage\":\"sl-SI\"},{\"@type\":\"Organization\",\"@id\":\"https:\\\/\\\/www.1tool.com\\\/sl\\\/#organization\",\"name\":\"1Tool\",\"url\":\"https:\\\/\\\/www.1tool.com\\\/sl\\\/\",\"logo\":{\"@type\":\"ImageObject\",\"inLanguage\":\"sl-SI\",\"@id\":\"https:\\\/\\\/www.1tool.com\\\/sl\\\/#\\\/schema\\\/logo\\\/image\\\/\",\"url\":\"https:\\\/\\\/www.1tool.com\\\/wp-content\\\/uploads\\\/2022\\\/04\\\/1tool-1.png\",\"contentUrl\":\"https:\\\/\\\/www.1tool.com\\\/wp-content\\\/uploads\\\/2022\\\/04\\\/1tool-1.png\",\"width\":400,\"height\":150,\"caption\":\"1Tool\"},\"image\":{\"@id\":\"https:\\\/\\\/www.1tool.com\\\/sl\\\/#\\\/schema\\\/logo\\\/image\\\/\"}}]}<\/script>\n<!-- \/ Yoast SEO plugin. -->","yoast_head_json":{"title":"knji\u017eenje inventurnih popisov\/opravkov - 1Tool","robots":{"index":"index","follow":"follow","max-snippet":"max-snippet:-1","max-image-preview":"max-image-preview:large","max-video-preview":"max-video-preview:-1"},"canonical":"https:\/\/www.1tool.com\/sl\/moduli\/upravljanje-z-blagom-in-trgovina\/upravljanje-skladisca\/funkcije-modula-za-upravljanje-skladisca\/knjizenje-inventurnih-popisov-opravkov\/","og_locale":"sl_SI","og_type":"article","og_title":"knji\u017eenje inventurnih popisov\/opravkov - 1Tool","og_description":"knji\u017eenje inventurnih popisov\/opravkov Z dnevnikom 1Tool preverite vse prejemke in izdaje blaga. Vsi skladi\u0161\u010dni procesi na prvi pogled Dnevnik upravljanja blaga zagotavlja pregleden seznam nakupov, prodaj in knji\u017eb popravkov po datumih. Natan\u010dno lahko preverite, kateri izdelki, koli\u010dine in zaloge so bili vklju\u010deni v transakcijo. Poleg tega programska oprema za skladi\u0161\u010de omogo\u010da tudi neposredno knji\u017eenje popravkov. [&hellip;]","og_url":"https:\/\/www.1tool.com\/sl\/moduli\/upravljanje-z-blagom-in-trgovina\/upravljanje-skladisca\/funkcije-modula-za-upravljanje-skladisca\/knjizenje-inventurnih-popisov-opravkov\/","og_site_name":"1Tool","article_modified_time":"2026-04-30T14:37:15+00:00","twitter_card":"summary_large_image","twitter_misc":{"Est. reading time":"1 minuta"},"schema":{"@context":"https:\/\/schema.org","@graph":[{"@type":"WebPage","@id":"https:\/\/www.1tool.com\/sl\/moduli\/upravljanje-z-blagom-in-trgovina\/upravljanje-skladisca\/funkcije-modula-za-upravljanje-skladisca\/knjizenje-inventurnih-popisov-opravkov\/","url":"https:\/\/www.1tool.com\/sl\/moduli\/upravljanje-z-blagom-in-trgovina\/upravljanje-skladisca\/funkcije-modula-za-upravljanje-skladisca\/knjizenje-inventurnih-popisov-opravkov\/","name":"knji\u017eenje inventurnih popisov\/opravkov - 1Tool","isPartOf":{"@id":"https:\/\/www.1tool.com\/sl\/#website"},"datePublished":"2022-03-30T16:08:52+00:00","dateModified":"2026-04-30T14:37:15+00:00","breadcrumb":{"@id":"https:\/\/www.1tool.com\/sl\/moduli\/upravljanje-z-blagom-in-trgovina\/upravljanje-skladisca\/funkcije-modula-za-upravljanje-skladisca\/knjizenje-inventurnih-popisov-opravkov\/#breadcrumb"},"inLanguage":"sl-SI","potentialAction":[{"@type":"ReadAction","target":["https:\/\/www.1tool.com\/sl\/moduli\/upravljanje-z-blagom-in-trgovina\/upravljanje-skladisca\/funkcije-modula-za-upravljanje-skladisca\/knjizenje-inventurnih-popisov-opravkov\/"]}]},{"@type":"BreadcrumbList","@id":"https:\/\/www.1tool.com\/sl\/moduli\/upravljanje-z-blagom-in-trgovina\/upravljanje-skladisca\/funkcije-modula-za-upravljanje-skladisca\/knjizenje-inventurnih-popisov-opravkov\/#breadcrumb","itemListElement":[{"@type":"ListItem","position":1,"name":"Home","item":"https:\/\/www.1tool.com\/sl\/"},{"@type":"ListItem","position":2,"name":"Moduli","item":"https:\/\/www.1tool.com\/sl\/module\/"},{"@type":"ListItem","position":3,"name":"Upravljanje z blagom in trgovina","item":"https:\/\/www.1tool.com\/sl\/moduli\/upravljanje-z-blagom-in-trgovina\/"},{"@type":"ListItem","position":4,"name":"Upravljanje skladi\u0161\u010da","item":"https:\/\/www.1tool.com\/sl\/moduli\/upravljanje-z-blagom-in-trgovina\/upravljanje-skladisca\/"},{"@type":"ListItem","position":5,"name":"Funkcije modula za upravljanje skladi\u0161\u010da","item":"https:\/\/www.1tool.com\/sl\/moduli\/upravljanje-z-blagom-in-trgovina\/upravljanje-skladisca\/funkcije-modula-za-upravljanje-skladisca\/"},{"@type":"ListItem","position":6,"name":"knji\u017eenje inventurnih popisov\/opravkov"}]},{"@type":"WebSite","@id":"https:\/\/www.1tool.com\/sl\/#website","url":"https:\/\/www.1tool.com\/sl\/","name":"1Tool","description":"CRM","publisher":{"@id":"https:\/\/www.1tool.com\/sl\/#organization"},"potentialAction":[{"@type":"SearchAction","target":{"@type":"EntryPoint","urlTemplate":"https:\/\/www.1tool.com\/sl\/?s={search_term_string}"},"query-input":{"@type":"PropertyValueSpecification","valueRequired":true,"valueName":"search_term_string"}}],"inLanguage":"sl-SI"},{"@type":"Organization","@id":"https:\/\/www.1tool.com\/sl\/#organization","name":"1Tool","url":"https:\/\/www.1tool.com\/sl\/","logo":{"@type":"ImageObject","inLanguage":"sl-SI","@id":"https:\/\/www.1tool.com\/sl\/#\/schema\/logo\/image\/","url":"https:\/\/www.1tool.com\/wp-content\/uploads\/2022\/04\/1tool-1.png","contentUrl":"https:\/\/www.1tool.com\/wp-content\/uploads\/2022\/04\/1tool-1.png","width":400,"height":150,"caption":"1Tool"},"image":{"@id":"https:\/\/www.1tool.com\/sl\/#\/schema\/logo\/image\/"}}]}},"_links":{"self":[{"href":"https:\/\/www.1tool.com\/sl\/wp-json\/wp\/v2\/pages\/72534","targetHints":{"allow":["GET"]}}],"collection":[{"href":"https:\/\/www.1tool.com\/sl\/wp-json\/wp\/v2\/pages"}],"about":[{"href":"https:\/\/www.1tool.com\/sl\/wp-json\/wp\/v2\/types\/page"}],"author":[{"embeddable":true,"href":"https:\/\/www.1tool.com\/sl\/wp-json\/wp\/v2\/users\/1"}],"replies":[{"embeddable":true,"href":"https:\/\/www.1tool.com\/sl\/wp-json\/wp\/v2\/comments?post=72534"}],"version-history":[{"count":1,"href":"https:\/\/www.1tool.com\/sl\/wp-json\/wp\/v2\/pages\/72534\/revisions"}],"predecessor-version":[{"id":72540,"href":"https:\/\/www.1tool.com\/sl\/wp-json\/wp\/v2\/pages\/72534\/revisions\/72540"}],"up":[{"embeddable":true,"href":"https:\/\/www.1tool.com\/sl\/wp-json\/wp\/v2\/pages\/72677"}],"wp:attachment":[{"href":"https:\/\/www.1tool.com\/sl\/wp-json\/wp\/v2\/media?parent=72534"}],"curies":[{"name":"wp","href":"https:\/\/api.w.org\/{rel}","templated":true}]}}