{"id":72541,"date":"2022-03-30T18:05:57","date_gmt":"2022-03-30T16:05:57","guid":{"rendered":"https:\/\/www.1tool.com\/upravljanje-izdelkov\/"},"modified":"2026-04-30T16:37:17","modified_gmt":"2026-04-30T14:37:17","slug":"upravljanje-izdelkov","status":"publish","type":"page","link":"https:\/\/www.1tool.com\/sl\/moduli\/upravljanje-z-blagom-in-trgovina\/izdelki\/funkcije-modula-izdelka\/upravljanje-izdelkov\/","title":{"rendered":"Upravljanje izdelkov"},"content":{"rendered":"\t\t<div data-elementor-type=\"wp-page\" data-elementor-id=\"72541\" class=\"elementor elementor-72541 elementor-49345\" data-elementor-post-type=\"page\">\n\t\t\t\t\t\t<section class=\"elementor-section elementor-top-section elementor-element elementor-element-44708eb elementor-section-boxed elementor-section-height-default elementor-section-height-default shadepro-adv-gradient-no shadepro-sticky-no\" data-id=\"44708eb\" data-element_type=\"section\" data-e-type=\"section\" data-settings=\"{&quot;shadepro_sticky&quot;:&quot;no&quot;}\">\n\t\t\t\t\t\t<div class=\"elementor-container elementor-column-gap-default\">\n\t\t\t\t\t<div class=\"elementor-column elementor-col-100 elementor-top-column elementor-element elementor-element-10972f2\" data-id=\"10972f2\" data-element_type=\"column\" data-e-type=\"column\">\n\t\t\t<div class=\"elementor-widget-wrap elementor-element-populated\">\n\t\t\t\t\t\t<div class=\"elementor-element elementor-element-d7bd610 shadepro-sticky-no elementor-widget elementor-widget-heading\" data-id=\"d7bd610\" data-element_type=\"widget\" data-e-type=\"widget\" data-settings=\"{&quot;shadepro_sticky&quot;:&quot;no&quot;}\" data-widget_type=\"heading.default\">\n\t\t\t\t<div class=\"elementor-widget-container\">\n\t\t\t\t\t<h1 class=\"elementor-heading-title elementor-size-default\">Upravljanje izdelkov<\/h1>\t\t\t\t<\/div>\n\t\t\t\t<\/div>\n\t\t\t\t<div class=\"elementor-element elementor-element-5cd0993 shadepro-sticky-no elementor-widget elementor-widget-text-editor\" data-id=\"5cd0993\" data-element_type=\"widget\" data-e-type=\"widget\" data-settings=\"{&quot;shadepro_sticky&quot;:&quot;no&quot;}\" data-widget_type=\"text-editor.default\">\n\t\t\t\t<div class=\"elementor-widget-container\">\n\t\t\t\t\t\t\t\t\t<p>Upravljanje izdelkov 1Tool podpira nakup in prodajo blaga in naro\u010dni\u0161kih izdelkov.<\/p>\t\t\t\t\t\t\t\t<\/div>\n\t\t\t\t<\/div>\n\t\t\t\t<section class=\"elementor-section elementor-inner-section elementor-element elementor-element-e8e914c elementor-section-boxed elementor-section-height-default elementor-section-height-default shadepro-adv-gradient-no shadepro-sticky-no\" data-id=\"e8e914c\" data-element_type=\"section\" data-e-type=\"section\" data-settings=\"{&quot;shadepro_sticky&quot;:&quot;no&quot;}\">\n\t\t\t\t\t\t<div class=\"elementor-container elementor-column-gap-default\">\n\t\t\t\t\t<div class=\"elementor-column elementor-col-100 elementor-inner-column elementor-element elementor-element-27fc5d2\" data-id=\"27fc5d2\" data-element_type=\"column\" data-e-type=\"column\">\n\t\t\t<div class=\"elementor-widget-wrap elementor-element-populated\">\n\t\t\t\t\t\t<div class=\"elementor-element elementor-element-82d65e9 shadepro-sticky-no elementor-widget elementor-widget-text-editor\" data-id=\"82d65e9\" data-element_type=\"widget\" data-e-type=\"widget\" data-settings=\"{&quot;shadepro_sticky&quot;:&quot;no&quot;}\" data-widget_type=\"text-editor.default\">\n\t\t\t\t<div class=\"elementor-widget-container\">\n\t\t\t\t\t\t\t\t\t<h3>Strokovno upravljanje izdelkov kot prodajna osnova<\/h3><p>1Tool vklju\u010duje celovito re\u0161itev za upravljanje izdelkov, s katero lahko optimalno upravljate svoje izdelke in skupine izdelkov. Upravitelj izdelkov 1Tool ima kot osrednji del prodajne programske opreme osrednjo vlogo v podjetju &#8211; tu se ustvarjajo opisi izdelkov in storitev, nalagajo slike izdelkov ter dolo\u010dajo cene in dobavni pogoji. Cilj ne sme biti le ustvarjanje obse\u017enega kataloga izdelkov, podatki za upravljanje izdelkov slu\u017eijo tudi kot temeljna podlaga za druge module programske opreme CRM, pa naj gre za ustvarjanje ra\u010dunov, naro\u010dil ali upravljanje sistema za upravljanje blaga.  <\/p><h3>Zmogljiva programska oprema za upravljanje izdelkov<\/h3><p>S programsko opremo za upravljanje izdelkov, kot je 1Tool, lahko upravljanje izdelkov strukturirate in organizirate. Vsako va\u0161e blago ima svojo digitalno datoteko izdelka, v katero lahko vnesete cene, valute, dav\u010dne stopnje, tehni\u010dne podatke (te\u017ea, mere itd.) in opise izdelkov, usmerjene na stranke. Zaradi spletnega dostopa do programa 1Tool Product Management imajo zaposleni dostop do posodobljenih podatkov o izdelkih kadar koli in kjer koli. Od programske opreme za upravljanje izdelkov nimajo koristi le zaposleni v prodaji, temve\u010d se lahko tudi zaposleni v tr\u017eenju ali slu\u017ebi za stranke bolje odzivajo na zahteve ali vpra\u0161anja strank o izdelkih v okviru ogla\u0161evalskih kampanj ali poizvedb za podporo.   <\/p><h4>Upravljanje izdelkov s funkcijo naro\u010dnine<\/h4><p>Funkcija naro\u010dnine v programu 1Tool Product Management omogo\u010da tudi enostavno in priro\u010dno upravljanje ponavljajo\u010dih se izdelkov, kot so pogodbe o vzdr\u017eevanju ali naro\u010dni\u0161ki izdelki. Individualno lahko dolo\u010dite obdobje za dostavo izdelkov, bodisi mese\u010dno, letno ali \u010detrtletno. <\/p><p>Poleg tega programska oprema za upravljanje izdelkov omogo\u010da tudi ustvarjanje tako imenovanih kombiniranih izdelkov, tako da je mogo\u010de enostavno upravljati tudi komplete ali pakete.<\/p><h4>Obse\u017ene analize izdelkov<\/h4><p>S programom 1Tool lahko ne le upravljate izdelke, temve\u010d tudi preprosto ustvarjate analize prodaje izdelkov in prodajnih ciljev s programsko opremo za upravljanje izdelkov CRM. Z avtomatiziranimi poro\u010dili lahko na prvi pogled prepoznate svoje najbolje prodajane izdelke in jih bolj poudarite v svojih tr\u017eenjskih kampanjah. <\/p><h3>Dodatne prednosti upravljanja izdelkov 1Tool<\/h3><ul><li>Integracija upravljanja izdelkov v spletno trgovino<\/li><li>Jasno upravljanje izdelkov zaradi skupin izdelkov<\/li><li>Ve\u010djezi\u010dnost in prevodi izdelkov za mednarodno prodajo<\/li><li>Popusti, dav\u010dne stopnje itd. so lahko opredeljeni za vsak izdelek posebej.<\/li><li>Enostaven uvoz\/izvoz izdelkov iz datotek Excel<\/li><li>Shranjevanje razpolo\u017eljivih koli\u010din, lokacij v skladi\u0161\u010du in minimalnih ravni zalog za upravljanje blaga<\/li><li>Posamezni status izdelkov za razli\u010dne platforme (aktivno, neaktivno, akcija itd.)<\/li><li>Mo\u017enost ustvarjanja kode QR<\/li><\/ul><p>Da bi dobili bolj\u0161i vpogled v funkcije upravljanja na\u0161ega izdelka 1Tool, imate mo\u017enost brezpla\u010dno preizkusiti programsko opremo. Prepri\u010dajte se o \u0161tevilnih prednostih! <\/p><p><a href=\"https:\/\/demo.1tool.com\/de\">Brezpla\u010dno preizkusite upravljanje izdelkov<\/a>.<\/p>\t\t\t\t\t\t\t\t<\/div>\n\t\t\t\t<\/div>\n\t\t\t\t\t<\/div>\n\t\t<\/div>\n\t\t\t\t\t<\/div>\n\t\t<\/section>\n\t\t\t\t\t<\/div>\n\t\t<\/div>\n\t\t\t\t\t<\/div>\n\t\t<\/section>\n\t\t\t\t<\/div>\n\t\t","protected":false},"excerpt":{"rendered":"<p>Upravljanje izdelkov Upravljanje izdelkov 1Tool podpira nakup in prodajo blaga in naro\u010dni\u0161kih izdelkov. Strokovno upravljanje izdelkov kot prodajna osnova 1Tool vklju\u010duje celovito re\u0161itev za upravljanje izdelkov, s katero lahko optimalno upravljate svoje izdelke in skupine izdelkov. Upravitelj izdelkov 1Tool ima kot osrednji del prodajne programske opreme osrednjo vlogo v podjetju &#8211; tu se ustvarjajo opisi [&hellip;]<\/p>\n","protected":false},"author":1,"featured_media":0,"parent":72684,"menu_order":0,"comment_status":"closed","ping_status":"closed","template":"","meta":{"inline_featured_image":false,"footnotes":""},"class_list":["post-72541","page","type-page","status-publish","hentry"],"acf":[],"yoast_head":"<!-- This site is optimized with the Yoast SEO plugin v27.5 - https:\/\/yoast.com\/product\/yoast-seo-wordpress\/ -->\n<title>Upravljanje izdelkov - 1Tool<\/title>\n<meta name=\"robots\" content=\"index, follow, max-snippet:-1, max-image-preview:large, max-video-preview:-1\" \/>\n<link rel=\"canonical\" href=\"https:\/\/www.1tool.com\/sl\/moduli\/upravljanje-z-blagom-in-trgovina\/izdelki\/funkcije-modula-izdelka\/upravljanje-izdelkov\/\" \/>\n<meta property=\"og:locale\" content=\"sl_SI\" \/>\n<meta property=\"og:type\" content=\"article\" \/>\n<meta property=\"og:title\" content=\"Upravljanje izdelkov - 1Tool\" \/>\n<meta property=\"og:description\" content=\"Upravljanje izdelkov Upravljanje izdelkov 1Tool podpira nakup in prodajo blaga in naro\u010dni\u0161kih izdelkov. Strokovno upravljanje izdelkov kot prodajna osnova 1Tool vklju\u010duje celovito re\u0161itev za upravljanje izdelkov, s katero lahko optimalno upravljate svoje izdelke in skupine izdelkov. Upravitelj izdelkov 1Tool ima kot osrednji del prodajne programske opreme osrednjo vlogo v podjetju &#8211; tu se ustvarjajo opisi [&hellip;]\" \/>\n<meta property=\"og:url\" content=\"https:\/\/www.1tool.com\/sl\/moduli\/upravljanje-z-blagom-in-trgovina\/izdelki\/funkcije-modula-izdelka\/upravljanje-izdelkov\/\" \/>\n<meta property=\"og:site_name\" content=\"1Tool\" \/>\n<meta property=\"article:modified_time\" content=\"2026-04-30T14:37:17+00:00\" \/>\n<meta name=\"twitter:card\" content=\"summary_large_image\" \/>\n<meta name=\"twitter:label1\" content=\"Est. reading time\" \/>\n\t<meta name=\"twitter:data1\" content=\"2 minuti\" \/>\n<script type=\"application\/ld+json\" class=\"yoast-schema-graph\">{\"@context\":\"https:\\\/\\\/schema.org\",\"@graph\":[{\"@type\":\"WebPage\",\"@id\":\"https:\\\/\\\/www.1tool.com\\\/sl\\\/moduli\\\/upravljanje-z-blagom-in-trgovina\\\/izdelki\\\/funkcije-modula-izdelka\\\/upravljanje-izdelkov\\\/\",\"url\":\"https:\\\/\\\/www.1tool.com\\\/sl\\\/moduli\\\/upravljanje-z-blagom-in-trgovina\\\/izdelki\\\/funkcije-modula-izdelka\\\/upravljanje-izdelkov\\\/\",\"name\":\"Upravljanje izdelkov - 1Tool\",\"isPartOf\":{\"@id\":\"https:\\\/\\\/www.1tool.com\\\/sl\\\/#website\"},\"datePublished\":\"2022-03-30T16:05:57+00:00\",\"dateModified\":\"2026-04-30T14:37:17+00:00\",\"breadcrumb\":{\"@id\":\"https:\\\/\\\/www.1tool.com\\\/sl\\\/moduli\\\/upravljanje-z-blagom-in-trgovina\\\/izdelki\\\/funkcije-modula-izdelka\\\/upravljanje-izdelkov\\\/#breadcrumb\"},\"inLanguage\":\"sl-SI\",\"potentialAction\":[{\"@type\":\"ReadAction\",\"target\":[\"https:\\\/\\\/www.1tool.com\\\/sl\\\/moduli\\\/upravljanje-z-blagom-in-trgovina\\\/izdelki\\\/funkcije-modula-izdelka\\\/upravljanje-izdelkov\\\/\"]}]},{\"@type\":\"BreadcrumbList\",\"@id\":\"https:\\\/\\\/www.1tool.com\\\/sl\\\/moduli\\\/upravljanje-z-blagom-in-trgovina\\\/izdelki\\\/funkcije-modula-izdelka\\\/upravljanje-izdelkov\\\/#breadcrumb\",\"itemListElement\":[{\"@type\":\"ListItem\",\"position\":1,\"name\":\"Home\",\"item\":\"https:\\\/\\\/www.1tool.com\\\/sl\\\/\"},{\"@type\":\"ListItem\",\"position\":2,\"name\":\"Moduli\",\"item\":\"https:\\\/\\\/www.1tool.com\\\/sl\\\/module\\\/\"},{\"@type\":\"ListItem\",\"position\":3,\"name\":\"Upravljanje z blagom in trgovina\",\"item\":\"https:\\\/\\\/www.1tool.com\\\/sl\\\/moduli\\\/upravljanje-z-blagom-in-trgovina\\\/\"},{\"@type\":\"ListItem\",\"position\":4,\"name\":\"Izdelki\",\"item\":\"https:\\\/\\\/www.1tool.com\\\/sl\\\/moduli\\\/upravljanje-z-blagom-in-trgovina\\\/izdelki\\\/\"},{\"@type\":\"ListItem\",\"position\":5,\"name\":\"Funkcije modula izdelka\",\"item\":\"https:\\\/\\\/www.1tool.com\\\/sl\\\/moduli\\\/upravljanje-z-blagom-in-trgovina\\\/izdelki\\\/funkcije-modula-izdelka\\\/\"},{\"@type\":\"ListItem\",\"position\":6,\"name\":\"Upravljanje izdelkov\"}]},{\"@type\":\"WebSite\",\"@id\":\"https:\\\/\\\/www.1tool.com\\\/sl\\\/#website\",\"url\":\"https:\\\/\\\/www.1tool.com\\\/sl\\\/\",\"name\":\"1Tool\",\"description\":\"CRM\",\"publisher\":{\"@id\":\"https:\\\/\\\/www.1tool.com\\\/sl\\\/#organization\"},\"potentialAction\":[{\"@type\":\"SearchAction\",\"target\":{\"@type\":\"EntryPoint\",\"urlTemplate\":\"https:\\\/\\\/www.1tool.com\\\/sl\\\/?s={search_term_string}\"},\"query-input\":{\"@type\":\"PropertyValueSpecification\",\"valueRequired\":true,\"valueName\":\"search_term_string\"}}],\"inLanguage\":\"sl-SI\"},{\"@type\":\"Organization\",\"@id\":\"https:\\\/\\\/www.1tool.com\\\/sl\\\/#organization\",\"name\":\"1Tool\",\"url\":\"https:\\\/\\\/www.1tool.com\\\/sl\\\/\",\"logo\":{\"@type\":\"ImageObject\",\"inLanguage\":\"sl-SI\",\"@id\":\"https:\\\/\\\/www.1tool.com\\\/sl\\\/#\\\/schema\\\/logo\\\/image\\\/\",\"url\":\"https:\\\/\\\/www.1tool.com\\\/wp-content\\\/uploads\\\/2022\\\/04\\\/1tool-1.png\",\"contentUrl\":\"https:\\\/\\\/www.1tool.com\\\/wp-content\\\/uploads\\\/2022\\\/04\\\/1tool-1.png\",\"width\":400,\"height\":150,\"caption\":\"1Tool\"},\"image\":{\"@id\":\"https:\\\/\\\/www.1tool.com\\\/sl\\\/#\\\/schema\\\/logo\\\/image\\\/\"}}]}<\/script>\n<!-- \/ Yoast SEO plugin. -->","yoast_head_json":{"title":"Upravljanje izdelkov - 1Tool","robots":{"index":"index","follow":"follow","max-snippet":"max-snippet:-1","max-image-preview":"max-image-preview:large","max-video-preview":"max-video-preview:-1"},"canonical":"https:\/\/www.1tool.com\/sl\/moduli\/upravljanje-z-blagom-in-trgovina\/izdelki\/funkcije-modula-izdelka\/upravljanje-izdelkov\/","og_locale":"sl_SI","og_type":"article","og_title":"Upravljanje izdelkov - 1Tool","og_description":"Upravljanje izdelkov Upravljanje izdelkov 1Tool podpira nakup in prodajo blaga in naro\u010dni\u0161kih izdelkov. Strokovno upravljanje izdelkov kot prodajna osnova 1Tool vklju\u010duje celovito re\u0161itev za upravljanje izdelkov, s katero lahko optimalno upravljate svoje izdelke in skupine izdelkov. Upravitelj izdelkov 1Tool ima kot osrednji del prodajne programske opreme osrednjo vlogo v podjetju &#8211; tu se ustvarjajo opisi [&hellip;]","og_url":"https:\/\/www.1tool.com\/sl\/moduli\/upravljanje-z-blagom-in-trgovina\/izdelki\/funkcije-modula-izdelka\/upravljanje-izdelkov\/","og_site_name":"1Tool","article_modified_time":"2026-04-30T14:37:17+00:00","twitter_card":"summary_large_image","twitter_misc":{"Est. reading time":"2 minuti"},"schema":{"@context":"https:\/\/schema.org","@graph":[{"@type":"WebPage","@id":"https:\/\/www.1tool.com\/sl\/moduli\/upravljanje-z-blagom-in-trgovina\/izdelki\/funkcije-modula-izdelka\/upravljanje-izdelkov\/","url":"https:\/\/www.1tool.com\/sl\/moduli\/upravljanje-z-blagom-in-trgovina\/izdelki\/funkcije-modula-izdelka\/upravljanje-izdelkov\/","name":"Upravljanje izdelkov - 1Tool","isPartOf":{"@id":"https:\/\/www.1tool.com\/sl\/#website"},"datePublished":"2022-03-30T16:05:57+00:00","dateModified":"2026-04-30T14:37:17+00:00","breadcrumb":{"@id":"https:\/\/www.1tool.com\/sl\/moduli\/upravljanje-z-blagom-in-trgovina\/izdelki\/funkcije-modula-izdelka\/upravljanje-izdelkov\/#breadcrumb"},"inLanguage":"sl-SI","potentialAction":[{"@type":"ReadAction","target":["https:\/\/www.1tool.com\/sl\/moduli\/upravljanje-z-blagom-in-trgovina\/izdelki\/funkcije-modula-izdelka\/upravljanje-izdelkov\/"]}]},{"@type":"BreadcrumbList","@id":"https:\/\/www.1tool.com\/sl\/moduli\/upravljanje-z-blagom-in-trgovina\/izdelki\/funkcije-modula-izdelka\/upravljanje-izdelkov\/#breadcrumb","itemListElement":[{"@type":"ListItem","position":1,"name":"Home","item":"https:\/\/www.1tool.com\/sl\/"},{"@type":"ListItem","position":2,"name":"Moduli","item":"https:\/\/www.1tool.com\/sl\/module\/"},{"@type":"ListItem","position":3,"name":"Upravljanje z blagom in trgovina","item":"https:\/\/www.1tool.com\/sl\/moduli\/upravljanje-z-blagom-in-trgovina\/"},{"@type":"ListItem","position":4,"name":"Izdelki","item":"https:\/\/www.1tool.com\/sl\/moduli\/upravljanje-z-blagom-in-trgovina\/izdelki\/"},{"@type":"ListItem","position":5,"name":"Funkcije modula izdelka","item":"https:\/\/www.1tool.com\/sl\/moduli\/upravljanje-z-blagom-in-trgovina\/izdelki\/funkcije-modula-izdelka\/"},{"@type":"ListItem","position":6,"name":"Upravljanje izdelkov"}]},{"@type":"WebSite","@id":"https:\/\/www.1tool.com\/sl\/#website","url":"https:\/\/www.1tool.com\/sl\/","name":"1Tool","description":"CRM","publisher":{"@id":"https:\/\/www.1tool.com\/sl\/#organization"},"potentialAction":[{"@type":"SearchAction","target":{"@type":"EntryPoint","urlTemplate":"https:\/\/www.1tool.com\/sl\/?s={search_term_string}"},"query-input":{"@type":"PropertyValueSpecification","valueRequired":true,"valueName":"search_term_string"}}],"inLanguage":"sl-SI"},{"@type":"Organization","@id":"https:\/\/www.1tool.com\/sl\/#organization","name":"1Tool","url":"https:\/\/www.1tool.com\/sl\/","logo":{"@type":"ImageObject","inLanguage":"sl-SI","@id":"https:\/\/www.1tool.com\/sl\/#\/schema\/logo\/image\/","url":"https:\/\/www.1tool.com\/wp-content\/uploads\/2022\/04\/1tool-1.png","contentUrl":"https:\/\/www.1tool.com\/wp-content\/uploads\/2022\/04\/1tool-1.png","width":400,"height":150,"caption":"1Tool"},"image":{"@id":"https:\/\/www.1tool.com\/sl\/#\/schema\/logo\/image\/"}}]}},"_links":{"self":[{"href":"https:\/\/www.1tool.com\/sl\/wp-json\/wp\/v2\/pages\/72541","targetHints":{"allow":["GET"]}}],"collection":[{"href":"https:\/\/www.1tool.com\/sl\/wp-json\/wp\/v2\/pages"}],"about":[{"href":"https:\/\/www.1tool.com\/sl\/wp-json\/wp\/v2\/types\/page"}],"author":[{"embeddable":true,"href":"https:\/\/www.1tool.com\/sl\/wp-json\/wp\/v2\/users\/1"}],"replies":[{"embeddable":true,"href":"https:\/\/www.1tool.com\/sl\/wp-json\/wp\/v2\/comments?post=72541"}],"version-history":[{"count":1,"href":"https:\/\/www.1tool.com\/sl\/wp-json\/wp\/v2\/pages\/72541\/revisions"}],"predecessor-version":[{"id":72542,"href":"https:\/\/www.1tool.com\/sl\/wp-json\/wp\/v2\/pages\/72541\/revisions\/72542"}],"up":[{"embeddable":true,"href":"https:\/\/www.1tool.com\/sl\/wp-json\/wp\/v2\/pages\/72684"}],"wp:attachment":[{"href":"https:\/\/www.1tool.com\/sl\/wp-json\/wp\/v2\/media?parent=72541"}],"curies":[{"name":"wp","href":"https:\/\/api.w.org\/{rel}","templated":true}]}}