{"id":72544,"date":"2022-03-30T18:04:16","date_gmt":"2022-03-30T16:04:16","guid":{"rendered":"https:\/\/www.1tool.com\/upravljanje-izdelkov-2\/"},"modified":"2026-04-30T16:37:17","modified_gmt":"2026-04-30T14:37:17","slug":"upravljanje-izdelkov-2","status":"publish","type":"page","link":"https:\/\/www.1tool.com\/sl\/moduli\/upravljanje-z-blagom-in-trgovina\/izdelki\/funkcije-modula-izdelka\/upravljanje-izdelkov-2\/","title":{"rendered":"Upravljanje izdelkov"},"content":{"rendered":"\t\t<div data-elementor-type=\"wp-page\" data-elementor-id=\"72544\" class=\"elementor elementor-72544 elementor-49337\" data-elementor-post-type=\"page\">\n\t\t\t\t\t\t<section class=\"elementor-section elementor-top-section elementor-element elementor-element-e29ada9 elementor-section-boxed elementor-section-height-default elementor-section-height-default shadepro-adv-gradient-no shadepro-sticky-no\" data-id=\"e29ada9\" data-element_type=\"section\" data-e-type=\"section\" data-settings=\"{&quot;shadepro_sticky&quot;:&quot;no&quot;}\">\n\t\t\t\t\t\t<div class=\"elementor-container elementor-column-gap-default\">\n\t\t\t\t\t<div class=\"elementor-column elementor-col-100 elementor-top-column elementor-element elementor-element-84b7423\" data-id=\"84b7423\" data-element_type=\"column\" data-e-type=\"column\">\n\t\t\t<div class=\"elementor-widget-wrap elementor-element-populated\">\n\t\t\t\t\t\t<div class=\"elementor-element elementor-element-871a53c shadepro-sticky-no elementor-widget elementor-widget-heading\" data-id=\"871a53c\" data-element_type=\"widget\" data-e-type=\"widget\" data-settings=\"{&quot;shadepro_sticky&quot;:&quot;no&quot;}\" data-widget_type=\"heading.default\">\n\t\t\t\t<div class=\"elementor-widget-container\">\n\t\t\t\t\t<h1 class=\"elementor-heading-title elementor-size-default\">Upravljanje izdelkov<\/h1>\t\t\t\t<\/div>\n\t\t\t\t<\/div>\n\t\t\t\t<div class=\"elementor-element elementor-element-2d2c5a5 shadepro-sticky-no elementor-widget elementor-widget-text-editor\" data-id=\"2d2c5a5\" data-element_type=\"widget\" data-e-type=\"widget\" data-settings=\"{&quot;shadepro_sticky&quot;:&quot;no&quot;}\" data-widget_type=\"text-editor.default\">\n\t\t\t\t<div class=\"elementor-widget-container\">\n\t\t\t\t\t\t\t\t\t<p>Z orodjem 1Tool lahko preprosto in priro\u010dno upravljate svoje izdelke. Ustvarite lahko kategorije izdelkov in izdelke. <\/p>\t\t\t\t\t\t\t\t<\/div>\n\t\t\t\t<\/div>\n\t\t\t\t<section class=\"elementor-section elementor-inner-section elementor-element elementor-element-aee7c60 elementor-section-boxed elementor-section-height-default elementor-section-height-default shadepro-adv-gradient-no shadepro-sticky-no\" data-id=\"aee7c60\" data-element_type=\"section\" data-e-type=\"section\" data-settings=\"{&quot;shadepro_sticky&quot;:&quot;no&quot;}\">\n\t\t\t\t\t\t<div class=\"elementor-container elementor-column-gap-default\">\n\t\t\t\t\t<div class=\"elementor-column elementor-col-100 elementor-inner-column elementor-element elementor-element-1d82d33\" data-id=\"1d82d33\" data-element_type=\"column\" data-e-type=\"column\">\n\t\t\t<div class=\"elementor-widget-wrap elementor-element-populated\">\n\t\t\t\t\t\t<div class=\"elementor-element elementor-element-ce4be2f shadepro-sticky-no elementor-widget elementor-widget-text-editor\" data-id=\"ce4be2f\" data-element_type=\"widget\" data-e-type=\"widget\" data-settings=\"{&quot;shadepro_sticky&quot;:&quot;no&quot;}\" data-widget_type=\"text-editor.default\">\n\t\t\t\t<div class=\"elementor-widget-container\">\n\t\t\t\t\t\t\t\t\t<h3>Cilji upravljanja izdelkov z orodjem 1Tool<\/h3><ul><li>Upravljanje izdelkov na centraliziranem mestu &#8211; v orodju 1Tool &#8211; prepre\u010duje napake in podvajanje shranjevanja podatkov<\/li><li>Z dodeljevanjem izdelkov strankam lahko na prvi pogled vidite, katera stranka uporablja katere izdelke.<\/li><li>Izdelke lahko hitro in enostavno zara\u010dunate zaradi neposredne povezave z modulom za izdajanje ra\u010dunov.<\/li><li>Funkcija naro\u010dnine omogo\u010da tudi enostavno in priro\u010dno upravljanje ponavljajo\u010dih se izdelkov, kot so pogodbe o vzdr\u017eevanju ali naro\u010dni\u0161ki izdelki.<\/li><\/ul><h3> <\/h3><h3>Optimalna organizacija skupin izdelkov in izdelkov<\/h3><p><strong>Jedro 1Tool<\/strong> je zmogljiv sistem za upravljanje strank. Tako lahko strankam dodelite izdelke in imate vedno pregled nad tem, katere stranke uporabljajo katere izdelke. Vgrajena poro\u010dila o izdelkih vam prav tako omogo\u010dajo \u0161irok nabor mo\u017enosti za analizo.  <\/p><p>\u0160e ena posebnost <strong>upravljanja izdelkov 1Tool<\/strong> je mo\u017enost analize teh izdelkov prek poro\u010dil o izdelkih. Povezava z modulom za ra\u010dune vam omogo\u010da pregled dose\u017eene prodaje po izdelkih ali po letih, ogledate pa si lahko tudi strukturirane statisti\u010dne podatke o izdelkih. <\/p><h3> <\/h3><h3>Enostavno upravljanje in vzdr\u017eevanje izdelkov<\/h3><p>Zahvaljujo\u010d integriranemu upravljanju ra\u010dunov je izdajanje ra\u010dunov mogo\u010de kadar koli s pritiskom na gumb. Upravljanje in vzdr\u017eevanje va\u0161ih izdelkov pove\u010duje hitrost odziva va\u0161ega prodajnega oddelka in tako zmanj\u0161uje organizacijski napor va\u0161ega podjetja. <\/p>\t\t\t\t\t\t\t\t<\/div>\n\t\t\t\t<\/div>\n\t\t\t\t\t<\/div>\n\t\t<\/div>\n\t\t\t\t\t<\/div>\n\t\t<\/section>\n\t\t\t\t\t<\/div>\n\t\t<\/div>\n\t\t\t\t\t<\/div>\n\t\t<\/section>\n\t\t\t\t<\/div>\n\t\t","protected":false},"excerpt":{"rendered":"<p>Upravljanje izdelkov Z orodjem 1Tool lahko preprosto in priro\u010dno upravljate svoje izdelke. Ustvarite lahko kategorije izdelkov in izdelke. Cilji upravljanja izdelkov z orodjem 1Tool Upravljanje izdelkov na centraliziranem mestu &#8211; v orodju 1Tool &#8211; prepre\u010duje napake in podvajanje shranjevanja podatkov Z dodeljevanjem izdelkov strankam lahko na prvi pogled vidite, katera stranka uporablja katere izdelke. Izdelke [&hellip;]<\/p>\n","protected":false},"author":1,"featured_media":0,"parent":72684,"menu_order":0,"comment_status":"closed","ping_status":"closed","template":"","meta":{"inline_featured_image":false,"footnotes":""},"class_list":["post-72544","page","type-page","status-publish","hentry"],"acf":[],"yoast_head":"<!-- This site is optimized with the Yoast SEO plugin v27.5 - https:\/\/yoast.com\/product\/yoast-seo-wordpress\/ -->\n<title>Upravljanje izdelkov - 1Tool<\/title>\n<meta name=\"robots\" content=\"index, follow, max-snippet:-1, max-image-preview:large, max-video-preview:-1\" \/>\n<link rel=\"canonical\" href=\"https:\/\/www.1tool.com\/sl\/moduli\/upravljanje-z-blagom-in-trgovina\/izdelki\/funkcije-modula-izdelka\/upravljanje-izdelkov-2\/\" \/>\n<meta property=\"og:locale\" content=\"sl_SI\" \/>\n<meta property=\"og:type\" content=\"article\" \/>\n<meta property=\"og:title\" content=\"Upravljanje izdelkov - 1Tool\" \/>\n<meta property=\"og:description\" content=\"Upravljanje izdelkov Z orodjem 1Tool lahko preprosto in priro\u010dno upravljate svoje izdelke. Ustvarite lahko kategorije izdelkov in izdelke. Cilji upravljanja izdelkov z orodjem 1Tool Upravljanje izdelkov na centraliziranem mestu &#8211; v orodju 1Tool &#8211; prepre\u010duje napake in podvajanje shranjevanja podatkov Z dodeljevanjem izdelkov strankam lahko na prvi pogled vidite, katera stranka uporablja katere izdelke. Izdelke [&hellip;]\" \/>\n<meta property=\"og:url\" content=\"https:\/\/www.1tool.com\/sl\/moduli\/upravljanje-z-blagom-in-trgovina\/izdelki\/funkcije-modula-izdelka\/upravljanje-izdelkov-2\/\" \/>\n<meta property=\"og:site_name\" content=\"1Tool\" \/>\n<meta property=\"article:modified_time\" content=\"2026-04-30T14:37:17+00:00\" \/>\n<meta name=\"twitter:card\" content=\"summary_large_image\" \/>\n<meta name=\"twitter:label1\" content=\"Est. reading time\" \/>\n\t<meta name=\"twitter:data1\" content=\"1 minuta\" \/>\n<script type=\"application\/ld+json\" class=\"yoast-schema-graph\">{\"@context\":\"https:\\\/\\\/schema.org\",\"@graph\":[{\"@type\":\"WebPage\",\"@id\":\"https:\\\/\\\/www.1tool.com\\\/sl\\\/moduli\\\/upravljanje-z-blagom-in-trgovina\\\/izdelki\\\/funkcije-modula-izdelka\\\/upravljanje-izdelkov-2\\\/\",\"url\":\"https:\\\/\\\/www.1tool.com\\\/sl\\\/moduli\\\/upravljanje-z-blagom-in-trgovina\\\/izdelki\\\/funkcije-modula-izdelka\\\/upravljanje-izdelkov-2\\\/\",\"name\":\"Upravljanje izdelkov - 1Tool\",\"isPartOf\":{\"@id\":\"https:\\\/\\\/www.1tool.com\\\/sl\\\/#website\"},\"datePublished\":\"2022-03-30T16:04:16+00:00\",\"dateModified\":\"2026-04-30T14:37:17+00:00\",\"breadcrumb\":{\"@id\":\"https:\\\/\\\/www.1tool.com\\\/sl\\\/moduli\\\/upravljanje-z-blagom-in-trgovina\\\/izdelki\\\/funkcije-modula-izdelka\\\/upravljanje-izdelkov-2\\\/#breadcrumb\"},\"inLanguage\":\"sl-SI\",\"potentialAction\":[{\"@type\":\"ReadAction\",\"target\":[\"https:\\\/\\\/www.1tool.com\\\/sl\\\/moduli\\\/upravljanje-z-blagom-in-trgovina\\\/izdelki\\\/funkcije-modula-izdelka\\\/upravljanje-izdelkov-2\\\/\"]}]},{\"@type\":\"BreadcrumbList\",\"@id\":\"https:\\\/\\\/www.1tool.com\\\/sl\\\/moduli\\\/upravljanje-z-blagom-in-trgovina\\\/izdelki\\\/funkcije-modula-izdelka\\\/upravljanje-izdelkov-2\\\/#breadcrumb\",\"itemListElement\":[{\"@type\":\"ListItem\",\"position\":1,\"name\":\"Home\",\"item\":\"https:\\\/\\\/www.1tool.com\\\/sl\\\/\"},{\"@type\":\"ListItem\",\"position\":2,\"name\":\"Moduli\",\"item\":\"https:\\\/\\\/www.1tool.com\\\/sl\\\/module\\\/\"},{\"@type\":\"ListItem\",\"position\":3,\"name\":\"Upravljanje z blagom in trgovina\",\"item\":\"https:\\\/\\\/www.1tool.com\\\/sl\\\/moduli\\\/upravljanje-z-blagom-in-trgovina\\\/\"},{\"@type\":\"ListItem\",\"position\":4,\"name\":\"Izdelki\",\"item\":\"https:\\\/\\\/www.1tool.com\\\/sl\\\/moduli\\\/upravljanje-z-blagom-in-trgovina\\\/izdelki\\\/\"},{\"@type\":\"ListItem\",\"position\":5,\"name\":\"Funkcije modula izdelka\",\"item\":\"https:\\\/\\\/www.1tool.com\\\/sl\\\/moduli\\\/upravljanje-z-blagom-in-trgovina\\\/izdelki\\\/funkcije-modula-izdelka\\\/\"},{\"@type\":\"ListItem\",\"position\":6,\"name\":\"Upravljanje izdelkov\"}]},{\"@type\":\"WebSite\",\"@id\":\"https:\\\/\\\/www.1tool.com\\\/sl\\\/#website\",\"url\":\"https:\\\/\\\/www.1tool.com\\\/sl\\\/\",\"name\":\"1Tool\",\"description\":\"CRM\",\"publisher\":{\"@id\":\"https:\\\/\\\/www.1tool.com\\\/sl\\\/#organization\"},\"potentialAction\":[{\"@type\":\"SearchAction\",\"target\":{\"@type\":\"EntryPoint\",\"urlTemplate\":\"https:\\\/\\\/www.1tool.com\\\/sl\\\/?s={search_term_string}\"},\"query-input\":{\"@type\":\"PropertyValueSpecification\",\"valueRequired\":true,\"valueName\":\"search_term_string\"}}],\"inLanguage\":\"sl-SI\"},{\"@type\":\"Organization\",\"@id\":\"https:\\\/\\\/www.1tool.com\\\/sl\\\/#organization\",\"name\":\"1Tool\",\"url\":\"https:\\\/\\\/www.1tool.com\\\/sl\\\/\",\"logo\":{\"@type\":\"ImageObject\",\"inLanguage\":\"sl-SI\",\"@id\":\"https:\\\/\\\/www.1tool.com\\\/sl\\\/#\\\/schema\\\/logo\\\/image\\\/\",\"url\":\"https:\\\/\\\/www.1tool.com\\\/wp-content\\\/uploads\\\/2022\\\/04\\\/1tool-1.png\",\"contentUrl\":\"https:\\\/\\\/www.1tool.com\\\/wp-content\\\/uploads\\\/2022\\\/04\\\/1tool-1.png\",\"width\":400,\"height\":150,\"caption\":\"1Tool\"},\"image\":{\"@id\":\"https:\\\/\\\/www.1tool.com\\\/sl\\\/#\\\/schema\\\/logo\\\/image\\\/\"}}]}<\/script>\n<!-- \/ Yoast SEO plugin. -->","yoast_head_json":{"title":"Upravljanje izdelkov - 1Tool","robots":{"index":"index","follow":"follow","max-snippet":"max-snippet:-1","max-image-preview":"max-image-preview:large","max-video-preview":"max-video-preview:-1"},"canonical":"https:\/\/www.1tool.com\/sl\/moduli\/upravljanje-z-blagom-in-trgovina\/izdelki\/funkcije-modula-izdelka\/upravljanje-izdelkov-2\/","og_locale":"sl_SI","og_type":"article","og_title":"Upravljanje izdelkov - 1Tool","og_description":"Upravljanje izdelkov Z orodjem 1Tool lahko preprosto in priro\u010dno upravljate svoje izdelke. Ustvarite lahko kategorije izdelkov in izdelke. Cilji upravljanja izdelkov z orodjem 1Tool Upravljanje izdelkov na centraliziranem mestu &#8211; v orodju 1Tool &#8211; prepre\u010duje napake in podvajanje shranjevanja podatkov Z dodeljevanjem izdelkov strankam lahko na prvi pogled vidite, katera stranka uporablja katere izdelke. Izdelke [&hellip;]","og_url":"https:\/\/www.1tool.com\/sl\/moduli\/upravljanje-z-blagom-in-trgovina\/izdelki\/funkcije-modula-izdelka\/upravljanje-izdelkov-2\/","og_site_name":"1Tool","article_modified_time":"2026-04-30T14:37:17+00:00","twitter_card":"summary_large_image","twitter_misc":{"Est. reading time":"1 minuta"},"schema":{"@context":"https:\/\/schema.org","@graph":[{"@type":"WebPage","@id":"https:\/\/www.1tool.com\/sl\/moduli\/upravljanje-z-blagom-in-trgovina\/izdelki\/funkcije-modula-izdelka\/upravljanje-izdelkov-2\/","url":"https:\/\/www.1tool.com\/sl\/moduli\/upravljanje-z-blagom-in-trgovina\/izdelki\/funkcije-modula-izdelka\/upravljanje-izdelkov-2\/","name":"Upravljanje izdelkov - 1Tool","isPartOf":{"@id":"https:\/\/www.1tool.com\/sl\/#website"},"datePublished":"2022-03-30T16:04:16+00:00","dateModified":"2026-04-30T14:37:17+00:00","breadcrumb":{"@id":"https:\/\/www.1tool.com\/sl\/moduli\/upravljanje-z-blagom-in-trgovina\/izdelki\/funkcije-modula-izdelka\/upravljanje-izdelkov-2\/#breadcrumb"},"inLanguage":"sl-SI","potentialAction":[{"@type":"ReadAction","target":["https:\/\/www.1tool.com\/sl\/moduli\/upravljanje-z-blagom-in-trgovina\/izdelki\/funkcije-modula-izdelka\/upravljanje-izdelkov-2\/"]}]},{"@type":"BreadcrumbList","@id":"https:\/\/www.1tool.com\/sl\/moduli\/upravljanje-z-blagom-in-trgovina\/izdelki\/funkcije-modula-izdelka\/upravljanje-izdelkov-2\/#breadcrumb","itemListElement":[{"@type":"ListItem","position":1,"name":"Home","item":"https:\/\/www.1tool.com\/sl\/"},{"@type":"ListItem","position":2,"name":"Moduli","item":"https:\/\/www.1tool.com\/sl\/module\/"},{"@type":"ListItem","position":3,"name":"Upravljanje z blagom in trgovina","item":"https:\/\/www.1tool.com\/sl\/moduli\/upravljanje-z-blagom-in-trgovina\/"},{"@type":"ListItem","position":4,"name":"Izdelki","item":"https:\/\/www.1tool.com\/sl\/moduli\/upravljanje-z-blagom-in-trgovina\/izdelki\/"},{"@type":"ListItem","position":5,"name":"Funkcije modula izdelka","item":"https:\/\/www.1tool.com\/sl\/moduli\/upravljanje-z-blagom-in-trgovina\/izdelki\/funkcije-modula-izdelka\/"},{"@type":"ListItem","position":6,"name":"Upravljanje izdelkov"}]},{"@type":"WebSite","@id":"https:\/\/www.1tool.com\/sl\/#website","url":"https:\/\/www.1tool.com\/sl\/","name":"1Tool","description":"CRM","publisher":{"@id":"https:\/\/www.1tool.com\/sl\/#organization"},"potentialAction":[{"@type":"SearchAction","target":{"@type":"EntryPoint","urlTemplate":"https:\/\/www.1tool.com\/sl\/?s={search_term_string}"},"query-input":{"@type":"PropertyValueSpecification","valueRequired":true,"valueName":"search_term_string"}}],"inLanguage":"sl-SI"},{"@type":"Organization","@id":"https:\/\/www.1tool.com\/sl\/#organization","name":"1Tool","url":"https:\/\/www.1tool.com\/sl\/","logo":{"@type":"ImageObject","inLanguage":"sl-SI","@id":"https:\/\/www.1tool.com\/sl\/#\/schema\/logo\/image\/","url":"https:\/\/www.1tool.com\/wp-content\/uploads\/2022\/04\/1tool-1.png","contentUrl":"https:\/\/www.1tool.com\/wp-content\/uploads\/2022\/04\/1tool-1.png","width":400,"height":150,"caption":"1Tool"},"image":{"@id":"https:\/\/www.1tool.com\/sl\/#\/schema\/logo\/image\/"}}]}},"_links":{"self":[{"href":"https:\/\/www.1tool.com\/sl\/wp-json\/wp\/v2\/pages\/72544","targetHints":{"allow":["GET"]}}],"collection":[{"href":"https:\/\/www.1tool.com\/sl\/wp-json\/wp\/v2\/pages"}],"about":[{"href":"https:\/\/www.1tool.com\/sl\/wp-json\/wp\/v2\/types\/page"}],"author":[{"embeddable":true,"href":"https:\/\/www.1tool.com\/sl\/wp-json\/wp\/v2\/users\/1"}],"replies":[{"embeddable":true,"href":"https:\/\/www.1tool.com\/sl\/wp-json\/wp\/v2\/comments?post=72544"}],"version-history":[{"count":1,"href":"https:\/\/www.1tool.com\/sl\/wp-json\/wp\/v2\/pages\/72544\/revisions"}],"predecessor-version":[{"id":72545,"href":"https:\/\/www.1tool.com\/sl\/wp-json\/wp\/v2\/pages\/72544\/revisions\/72545"}],"up":[{"embeddable":true,"href":"https:\/\/www.1tool.com\/sl\/wp-json\/wp\/v2\/pages\/72684"}],"wp:attachment":[{"href":"https:\/\/www.1tool.com\/sl\/wp-json\/wp\/v2\/media?parent=72544"}],"curies":[{"name":"wp","href":"https:\/\/api.w.org\/{rel}","templated":true}]}}