{"id":72546,"date":"2022-03-30T18:18:57","date_gmt":"2022-03-30T16:18:57","guid":{"rendered":"https:\/\/www.1tool.com\/racunovodsko-porocilo\/"},"modified":"2026-04-30T16:37:13","modified_gmt":"2026-04-30T14:37:13","slug":"racunovodsko-porocilo","status":"publish","type":"page","link":"https:\/\/www.1tool.com\/sl\/moduli\/racunovodstvo-in-kontroling\/racuni\/funkcije-modula-racuna\/racunovodsko-porocilo\/","title":{"rendered":"Ra\u010dunovodsko poro\u010dilo"},"content":{"rendered":"\t\t<div data-elementor-type=\"wp-page\" data-elementor-id=\"72546\" class=\"elementor elementor-72546 elementor-49410\" data-elementor-post-type=\"page\">\n\t\t\t\t\t\t<section class=\"elementor-section elementor-top-section elementor-element elementor-element-319b817 elementor-section-boxed elementor-section-height-default elementor-section-height-default shadepro-adv-gradient-no shadepro-sticky-no\" data-id=\"319b817\" data-element_type=\"section\" data-e-type=\"section\" data-settings=\"{&quot;shadepro_sticky&quot;:&quot;no&quot;}\">\n\t\t\t\t\t\t<div class=\"elementor-container elementor-column-gap-default\">\n\t\t\t\t\t<div class=\"elementor-column elementor-col-100 elementor-top-column elementor-element elementor-element-819b31b\" data-id=\"819b31b\" data-element_type=\"column\" data-e-type=\"column\">\n\t\t\t<div class=\"elementor-widget-wrap elementor-element-populated\">\n\t\t\t\t\t\t<div class=\"elementor-element elementor-element-d8e610d shadepro-sticky-no elementor-widget elementor-widget-heading\" data-id=\"d8e610d\" data-element_type=\"widget\" data-e-type=\"widget\" data-settings=\"{&quot;shadepro_sticky&quot;:&quot;no&quot;}\" data-widget_type=\"heading.default\">\n\t\t\t\t<div class=\"elementor-widget-container\">\n\t\t\t\t\t<h1 class=\"elementor-heading-title elementor-size-default\">Ra\u010dunovodsko poro\u010dilo<\/h1>\t\t\t\t<\/div>\n\t\t\t\t<\/div>\n\t\t\t\t<div class=\"elementor-element elementor-element-862a3bb shadepro-sticky-no elementor-widget elementor-widget-text-editor\" data-id=\"862a3bb\" data-element_type=\"widget\" data-e-type=\"widget\" data-settings=\"{&quot;shadepro_sticky&quot;:&quot;no&quot;}\" data-widget_type=\"text-editor.default\">\n\t\t\t\t<div class=\"elementor-widget-container\">\n\t\t\t\t\t\t\t\t\t<p>Poro\u010dilo o ra\u010dunih 1Tool vam pomaga spremljati promet podjetja in ra\u010dune.<\/p>\t\t\t\t\t\t\t\t<\/div>\n\t\t\t\t<\/div>\n\t\t\t\t<section class=\"elementor-section elementor-inner-section elementor-element elementor-element-dc65470 elementor-section-boxed elementor-section-height-default elementor-section-height-default shadepro-adv-gradient-no shadepro-sticky-no\" data-id=\"dc65470\" data-element_type=\"section\" data-e-type=\"section\" data-settings=\"{&quot;shadepro_sticky&quot;:&quot;no&quot;}\">\n\t\t\t\t\t\t<div class=\"elementor-container elementor-column-gap-default\">\n\t\t\t\t\t<div class=\"elementor-column elementor-col-100 elementor-inner-column elementor-element elementor-element-2e1866e\" data-id=\"2e1866e\" data-element_type=\"column\" data-e-type=\"column\">\n\t\t\t<div class=\"elementor-widget-wrap elementor-element-populated\">\n\t\t\t\t\t\t<div class=\"elementor-element elementor-element-dd62165 shadepro-sticky-no elementor-widget elementor-widget-text-editor\" data-id=\"dd62165\" data-element_type=\"widget\" data-e-type=\"widget\" data-settings=\"{&quot;shadepro_sticky&quot;:&quot;no&quot;}\" data-widget_type=\"text-editor.default\">\n\t\t\t\t<div class=\"elementor-widget-container\">\n\t\t\t\t\t\t\t\t\t<h3>U\u010dinkovito upravljanje ra\u010dunov in prodaje!<\/h3><p>S poro\u010dilom o ra\u010dunih 1Tool si lahko s klikom mi\u0161ke ogledate svoj letni promet, ki je prikazan tudi v grafi\u010dni obliki. Omogo\u010da tudi vpogled v pla\u010dane in nepla\u010dane ra\u010dune, kar vam omogo\u010da enostavno primerjavo med njimi. Poro\u010dilo o ra\u010dunih prikazuje tudi \u0161tevilo ra\u010dunov v letu ter njihove bruto in neto zneske. Te analize vam omogo\u010dajo u\u010dinkovito upravljanje financ podjetja in zagotavljajo optimalno ra\u010dunovodstvo.   <\/p><p><em>Diagrami in analize v <strong><a href=\"https:\/\/www.1tool.com\/manual\/rechnung\/rechnungsbericht\/\" target=\"_blank\" rel=\"noreferrer noopener\">ra\u010dunovodskem poro\u010dilu <\/a><\/strong>so podrobno opisani v priro\u010dniku<\/em><\/p><h3> <\/h3><h3>Podrobna statistika prodaje na podlagi ra\u010dunov<\/h3><p>Pla\u010dila je mogo\u010de preprosto evidentirati in analizirati odprte postavke. V orodju 1Tool je na voljo tudi upravljanje izdelkov, tako da je mogo\u010de kadar koli zabele\u017eiti glavne podatke o izdelkih, jih dodeliti strankam in izstaviti ra\u010dune. Zaradi prilagodljivega in modularnega sistema je mogo\u010de dolo\u010diti \u010dudovite predloge ra\u010dunov. 1Tool podpira tudi elektronske ra\u010dune. Ra\u010dune lahko kadar koli poi\u0161\u010dete s pomo\u010djo obse\u017enih funkcij iskanja. Zahvaljujo\u010d integraciji s sistemom CRM modul za upravljanje strank kadar koli prika\u017ee tudi, katere storitve so bile zara\u010dunane posameznim strankam.     <\/p>\t\t\t\t\t\t\t\t<\/div>\n\t\t\t\t<\/div>\n\t\t\t\t\t<\/div>\n\t\t<\/div>\n\t\t\t\t\t<\/div>\n\t\t<\/section>\n\t\t\t\t\t<\/div>\n\t\t<\/div>\n\t\t\t\t\t<\/div>\n\t\t<\/section>\n\t\t\t\t<\/div>\n\t\t","protected":false},"excerpt":{"rendered":"<p>Ra\u010dunovodsko poro\u010dilo Poro\u010dilo o ra\u010dunih 1Tool vam pomaga spremljati promet podjetja in ra\u010dune. U\u010dinkovito upravljanje ra\u010dunov in prodaje! S poro\u010dilom o ra\u010dunih 1Tool si lahko s klikom mi\u0161ke ogledate svoj letni promet, ki je prikazan tudi v grafi\u010dni obliki. Omogo\u010da tudi vpogled v pla\u010dane in nepla\u010dane ra\u010dune, kar vam omogo\u010da enostavno primerjavo med njimi. Poro\u010dilo [&hellip;]<\/p>\n","protected":false},"author":1,"featured_media":0,"parent":72673,"menu_order":0,"comment_status":"closed","ping_status":"closed","template":"","meta":{"inline_featured_image":false,"footnotes":""},"class_list":["post-72546","page","type-page","status-publish","hentry"],"acf":[],"yoast_head":"<!-- This site is optimized with the Yoast SEO plugin v27.5 - https:\/\/yoast.com\/product\/yoast-seo-wordpress\/ -->\n<title>Ra\u010dunovodsko poro\u010dilo - 1Tool<\/title>\n<meta name=\"robots\" content=\"index, follow, max-snippet:-1, max-image-preview:large, max-video-preview:-1\" \/>\n<link rel=\"canonical\" href=\"https:\/\/www.1tool.com\/sl\/moduli\/racunovodstvo-in-kontroling\/racuni\/funkcije-modula-racuna\/racunovodsko-porocilo\/\" \/>\n<meta property=\"og:locale\" content=\"sl_SI\" \/>\n<meta property=\"og:type\" content=\"article\" \/>\n<meta property=\"og:title\" content=\"Ra\u010dunovodsko poro\u010dilo - 1Tool\" \/>\n<meta property=\"og:description\" content=\"Ra\u010dunovodsko poro\u010dilo Poro\u010dilo o ra\u010dunih 1Tool vam pomaga spremljati promet podjetja in ra\u010dune. U\u010dinkovito upravljanje ra\u010dunov in prodaje! S poro\u010dilom o ra\u010dunih 1Tool si lahko s klikom mi\u0161ke ogledate svoj letni promet, ki je prikazan tudi v grafi\u010dni obliki. Omogo\u010da tudi vpogled v pla\u010dane in nepla\u010dane ra\u010dune, kar vam omogo\u010da enostavno primerjavo med njimi. Poro\u010dilo [&hellip;]\" \/>\n<meta property=\"og:url\" content=\"https:\/\/www.1tool.com\/sl\/moduli\/racunovodstvo-in-kontroling\/racuni\/funkcije-modula-racuna\/racunovodsko-porocilo\/\" \/>\n<meta property=\"og:site_name\" content=\"1Tool\" \/>\n<meta property=\"article:modified_time\" content=\"2026-04-30T14:37:13+00:00\" \/>\n<meta name=\"twitter:card\" content=\"summary_large_image\" \/>\n<meta name=\"twitter:label1\" content=\"Est. reading time\" \/>\n\t<meta name=\"twitter:data1\" content=\"1 minuta\" \/>\n<script type=\"application\/ld+json\" class=\"yoast-schema-graph\">{\"@context\":\"https:\\\/\\\/schema.org\",\"@graph\":[{\"@type\":\"WebPage\",\"@id\":\"https:\\\/\\\/www.1tool.com\\\/sl\\\/moduli\\\/racunovodstvo-in-kontroling\\\/racuni\\\/funkcije-modula-racuna\\\/racunovodsko-porocilo\\\/\",\"url\":\"https:\\\/\\\/www.1tool.com\\\/sl\\\/moduli\\\/racunovodstvo-in-kontroling\\\/racuni\\\/funkcije-modula-racuna\\\/racunovodsko-porocilo\\\/\",\"name\":\"Ra\u010dunovodsko poro\u010dilo - 1Tool\",\"isPartOf\":{\"@id\":\"https:\\\/\\\/www.1tool.com\\\/sl\\\/#website\"},\"datePublished\":\"2022-03-30T16:18:57+00:00\",\"dateModified\":\"2026-04-30T14:37:13+00:00\",\"breadcrumb\":{\"@id\":\"https:\\\/\\\/www.1tool.com\\\/sl\\\/moduli\\\/racunovodstvo-in-kontroling\\\/racuni\\\/funkcije-modula-racuna\\\/racunovodsko-porocilo\\\/#breadcrumb\"},\"inLanguage\":\"sl-SI\",\"potentialAction\":[{\"@type\":\"ReadAction\",\"target\":[\"https:\\\/\\\/www.1tool.com\\\/sl\\\/moduli\\\/racunovodstvo-in-kontroling\\\/racuni\\\/funkcije-modula-racuna\\\/racunovodsko-porocilo\\\/\"]}]},{\"@type\":\"BreadcrumbList\",\"@id\":\"https:\\\/\\\/www.1tool.com\\\/sl\\\/moduli\\\/racunovodstvo-in-kontroling\\\/racuni\\\/funkcije-modula-racuna\\\/racunovodsko-porocilo\\\/#breadcrumb\",\"itemListElement\":[{\"@type\":\"ListItem\",\"position\":1,\"name\":\"Home\",\"item\":\"https:\\\/\\\/www.1tool.com\\\/sl\\\/\"},{\"@type\":\"ListItem\",\"position\":2,\"name\":\"Moduli\",\"item\":\"https:\\\/\\\/www.1tool.com\\\/sl\\\/module\\\/\"},{\"@type\":\"ListItem\",\"position\":3,\"name\":\"Ra\u010dunovodstvo in kontroling\",\"item\":\"https:\\\/\\\/www.1tool.com\\\/sl\\\/moduli\\\/racunovodstvo-in-kontroling\\\/\"},{\"@type\":\"ListItem\",\"position\":4,\"name\":\"Ra\u010duni\",\"item\":\"https:\\\/\\\/www.1tool.com\\\/sl\\\/moduli\\\/racunovodstvo-in-kontroling\\\/racuni\\\/\"},{\"@type\":\"ListItem\",\"position\":5,\"name\":\"Funkcije modula ra\u010duna\",\"item\":\"https:\\\/\\\/www.1tool.com\\\/sl\\\/moduli\\\/racunovodstvo-in-kontroling\\\/racuni\\\/funkcije-modula-racuna\\\/\"},{\"@type\":\"ListItem\",\"position\":6,\"name\":\"Ra\u010dunovodsko poro\u010dilo\"}]},{\"@type\":\"WebSite\",\"@id\":\"https:\\\/\\\/www.1tool.com\\\/sl\\\/#website\",\"url\":\"https:\\\/\\\/www.1tool.com\\\/sl\\\/\",\"name\":\"1Tool\",\"description\":\"CRM\",\"publisher\":{\"@id\":\"https:\\\/\\\/www.1tool.com\\\/sl\\\/#organization\"},\"potentialAction\":[{\"@type\":\"SearchAction\",\"target\":{\"@type\":\"EntryPoint\",\"urlTemplate\":\"https:\\\/\\\/www.1tool.com\\\/sl\\\/?s={search_term_string}\"},\"query-input\":{\"@type\":\"PropertyValueSpecification\",\"valueRequired\":true,\"valueName\":\"search_term_string\"}}],\"inLanguage\":\"sl-SI\"},{\"@type\":\"Organization\",\"@id\":\"https:\\\/\\\/www.1tool.com\\\/sl\\\/#organization\",\"name\":\"1Tool\",\"url\":\"https:\\\/\\\/www.1tool.com\\\/sl\\\/\",\"logo\":{\"@type\":\"ImageObject\",\"inLanguage\":\"sl-SI\",\"@id\":\"https:\\\/\\\/www.1tool.com\\\/sl\\\/#\\\/schema\\\/logo\\\/image\\\/\",\"url\":\"https:\\\/\\\/www.1tool.com\\\/wp-content\\\/uploads\\\/2022\\\/04\\\/1tool-1.png\",\"contentUrl\":\"https:\\\/\\\/www.1tool.com\\\/wp-content\\\/uploads\\\/2022\\\/04\\\/1tool-1.png\",\"width\":400,\"height\":150,\"caption\":\"1Tool\"},\"image\":{\"@id\":\"https:\\\/\\\/www.1tool.com\\\/sl\\\/#\\\/schema\\\/logo\\\/image\\\/\"}}]}<\/script>\n<!-- \/ Yoast SEO plugin. -->","yoast_head_json":{"title":"Ra\u010dunovodsko poro\u010dilo - 1Tool","robots":{"index":"index","follow":"follow","max-snippet":"max-snippet:-1","max-image-preview":"max-image-preview:large","max-video-preview":"max-video-preview:-1"},"canonical":"https:\/\/www.1tool.com\/sl\/moduli\/racunovodstvo-in-kontroling\/racuni\/funkcije-modula-racuna\/racunovodsko-porocilo\/","og_locale":"sl_SI","og_type":"article","og_title":"Ra\u010dunovodsko poro\u010dilo - 1Tool","og_description":"Ra\u010dunovodsko poro\u010dilo Poro\u010dilo o ra\u010dunih 1Tool vam pomaga spremljati promet podjetja in ra\u010dune. U\u010dinkovito upravljanje ra\u010dunov in prodaje! S poro\u010dilom o ra\u010dunih 1Tool si lahko s klikom mi\u0161ke ogledate svoj letni promet, ki je prikazan tudi v grafi\u010dni obliki. Omogo\u010da tudi vpogled v pla\u010dane in nepla\u010dane ra\u010dune, kar vam omogo\u010da enostavno primerjavo med njimi. Poro\u010dilo [&hellip;]","og_url":"https:\/\/www.1tool.com\/sl\/moduli\/racunovodstvo-in-kontroling\/racuni\/funkcije-modula-racuna\/racunovodsko-porocilo\/","og_site_name":"1Tool","article_modified_time":"2026-04-30T14:37:13+00:00","twitter_card":"summary_large_image","twitter_misc":{"Est. reading time":"1 minuta"},"schema":{"@context":"https:\/\/schema.org","@graph":[{"@type":"WebPage","@id":"https:\/\/www.1tool.com\/sl\/moduli\/racunovodstvo-in-kontroling\/racuni\/funkcije-modula-racuna\/racunovodsko-porocilo\/","url":"https:\/\/www.1tool.com\/sl\/moduli\/racunovodstvo-in-kontroling\/racuni\/funkcije-modula-racuna\/racunovodsko-porocilo\/","name":"Ra\u010dunovodsko poro\u010dilo - 1Tool","isPartOf":{"@id":"https:\/\/www.1tool.com\/sl\/#website"},"datePublished":"2022-03-30T16:18:57+00:00","dateModified":"2026-04-30T14:37:13+00:00","breadcrumb":{"@id":"https:\/\/www.1tool.com\/sl\/moduli\/racunovodstvo-in-kontroling\/racuni\/funkcije-modula-racuna\/racunovodsko-porocilo\/#breadcrumb"},"inLanguage":"sl-SI","potentialAction":[{"@type":"ReadAction","target":["https:\/\/www.1tool.com\/sl\/moduli\/racunovodstvo-in-kontroling\/racuni\/funkcije-modula-racuna\/racunovodsko-porocilo\/"]}]},{"@type":"BreadcrumbList","@id":"https:\/\/www.1tool.com\/sl\/moduli\/racunovodstvo-in-kontroling\/racuni\/funkcije-modula-racuna\/racunovodsko-porocilo\/#breadcrumb","itemListElement":[{"@type":"ListItem","position":1,"name":"Home","item":"https:\/\/www.1tool.com\/sl\/"},{"@type":"ListItem","position":2,"name":"Moduli","item":"https:\/\/www.1tool.com\/sl\/module\/"},{"@type":"ListItem","position":3,"name":"Ra\u010dunovodstvo in kontroling","item":"https:\/\/www.1tool.com\/sl\/moduli\/racunovodstvo-in-kontroling\/"},{"@type":"ListItem","position":4,"name":"Ra\u010duni","item":"https:\/\/www.1tool.com\/sl\/moduli\/racunovodstvo-in-kontroling\/racuni\/"},{"@type":"ListItem","position":5,"name":"Funkcije modula ra\u010duna","item":"https:\/\/www.1tool.com\/sl\/moduli\/racunovodstvo-in-kontroling\/racuni\/funkcije-modula-racuna\/"},{"@type":"ListItem","position":6,"name":"Ra\u010dunovodsko poro\u010dilo"}]},{"@type":"WebSite","@id":"https:\/\/www.1tool.com\/sl\/#website","url":"https:\/\/www.1tool.com\/sl\/","name":"1Tool","description":"CRM","publisher":{"@id":"https:\/\/www.1tool.com\/sl\/#organization"},"potentialAction":[{"@type":"SearchAction","target":{"@type":"EntryPoint","urlTemplate":"https:\/\/www.1tool.com\/sl\/?s={search_term_string}"},"query-input":{"@type":"PropertyValueSpecification","valueRequired":true,"valueName":"search_term_string"}}],"inLanguage":"sl-SI"},{"@type":"Organization","@id":"https:\/\/www.1tool.com\/sl\/#organization","name":"1Tool","url":"https:\/\/www.1tool.com\/sl\/","logo":{"@type":"ImageObject","inLanguage":"sl-SI","@id":"https:\/\/www.1tool.com\/sl\/#\/schema\/logo\/image\/","url":"https:\/\/www.1tool.com\/wp-content\/uploads\/2022\/04\/1tool-1.png","contentUrl":"https:\/\/www.1tool.com\/wp-content\/uploads\/2022\/04\/1tool-1.png","width":400,"height":150,"caption":"1Tool"},"image":{"@id":"https:\/\/www.1tool.com\/sl\/#\/schema\/logo\/image\/"}}]}},"_links":{"self":[{"href":"https:\/\/www.1tool.com\/sl\/wp-json\/wp\/v2\/pages\/72546","targetHints":{"allow":["GET"]}}],"collection":[{"href":"https:\/\/www.1tool.com\/sl\/wp-json\/wp\/v2\/pages"}],"about":[{"href":"https:\/\/www.1tool.com\/sl\/wp-json\/wp\/v2\/types\/page"}],"author":[{"embeddable":true,"href":"https:\/\/www.1tool.com\/sl\/wp-json\/wp\/v2\/users\/1"}],"replies":[{"embeddable":true,"href":"https:\/\/www.1tool.com\/sl\/wp-json\/wp\/v2\/comments?post=72546"}],"version-history":[{"count":1,"href":"https:\/\/www.1tool.com\/sl\/wp-json\/wp\/v2\/pages\/72546\/revisions"}],"predecessor-version":[{"id":72547,"href":"https:\/\/www.1tool.com\/sl\/wp-json\/wp\/v2\/pages\/72546\/revisions\/72547"}],"up":[{"embeddable":true,"href":"https:\/\/www.1tool.com\/sl\/wp-json\/wp\/v2\/pages\/72673"}],"wp:attachment":[{"href":"https:\/\/www.1tool.com\/sl\/wp-json\/wp\/v2\/media?parent=72546"}],"curies":[{"name":"wp","href":"https:\/\/api.w.org\/{rel}","templated":true}]}}