{"id":72548,"date":"2022-03-30T18:16:14","date_gmt":"2022-03-30T16:16:14","guid":{"rendered":"https:\/\/www.1tool.com\/nakupi-in-prodaje-kreditne-menice\/"},"modified":"2026-04-30T16:37:16","modified_gmt":"2026-04-30T14:37:16","slug":"nakupi-in-prodaje-kreditne-menice","status":"publish","type":"page","link":"https:\/\/www.1tool.com\/sl\/moduli\/upravljanje-z-blagom-in-trgovina\/upravljanje-skladisca\/funkcije-modula-za-upravljanje-skladisca\/nakupi-in-prodaje-kreditne-menice\/","title":{"rendered":"Nakupi in prodaje\/kreditne menice"},"content":{"rendered":"\t\t<div data-elementor-type=\"wp-page\" data-elementor-id=\"72548\" class=\"elementor elementor-72548 elementor-49402\" data-elementor-post-type=\"page\">\n\t\t\t\t\t\t<section class=\"elementor-section elementor-top-section elementor-element elementor-element-f318a84 elementor-section-boxed elementor-section-height-default elementor-section-height-default shadepro-adv-gradient-no shadepro-sticky-no\" data-id=\"f318a84\" data-element_type=\"section\" data-e-type=\"section\" data-settings=\"{&quot;shadepro_sticky&quot;:&quot;no&quot;}\">\n\t\t\t\t\t\t<div class=\"elementor-container elementor-column-gap-default\">\n\t\t\t\t\t<div class=\"elementor-column elementor-col-100 elementor-top-column elementor-element elementor-element-150cac7\" data-id=\"150cac7\" data-element_type=\"column\" data-e-type=\"column\">\n\t\t\t<div class=\"elementor-widget-wrap elementor-element-populated\">\n\t\t\t\t\t\t<div class=\"elementor-element elementor-element-d6cbf46 shadepro-sticky-no elementor-widget elementor-widget-heading\" data-id=\"d6cbf46\" data-element_type=\"widget\" data-e-type=\"widget\" data-settings=\"{&quot;shadepro_sticky&quot;:&quot;no&quot;}\" data-widget_type=\"heading.default\">\n\t\t\t\t<div class=\"elementor-widget-container\">\n\t\t\t\t\t<h1 class=\"elementor-heading-title elementor-size-default\">Nakupi in prodaje\/kreditne menice<\/h1>\t\t\t\t<\/div>\n\t\t\t\t<\/div>\n\t\t\t\t<div class=\"elementor-element elementor-element-e8371c5 shadepro-sticky-no elementor-widget elementor-widget-text-editor\" data-id=\"e8371c5\" data-element_type=\"widget\" data-e-type=\"widget\" data-settings=\"{&quot;shadepro_sticky&quot;:&quot;no&quot;}\" data-widget_type=\"text-editor.default\">\n\t\t\t\t<div class=\"elementor-widget-container\">\n\t\t\t\t\t\t\t\t\t<p>Programska oprema za skladi\u0161\u010de 1Tool omogo\u010da hitro obdelavo nakupov in prodaje blaga.<\/p>\t\t\t\t\t\t\t\t<\/div>\n\t\t\t\t<\/div>\n\t\t\t\t<section class=\"elementor-section elementor-inner-section elementor-element elementor-element-60472eb elementor-section-boxed elementor-section-height-default elementor-section-height-default shadepro-adv-gradient-no shadepro-sticky-no\" data-id=\"60472eb\" data-element_type=\"section\" data-e-type=\"section\" data-settings=\"{&quot;shadepro_sticky&quot;:&quot;no&quot;}\">\n\t\t\t\t\t\t<div class=\"elementor-container elementor-column-gap-default\">\n\t\t\t\t\t<div class=\"elementor-column elementor-col-100 elementor-inner-column elementor-element elementor-element-78fe5de\" data-id=\"78fe5de\" data-element_type=\"column\" data-e-type=\"column\">\n\t\t\t<div class=\"elementor-widget-wrap elementor-element-populated\">\n\t\t\t\t\t\t<div class=\"elementor-element elementor-element-e6dd01f shadepro-sticky-no elementor-widget elementor-widget-text-editor\" data-id=\"e6dd01f\" data-element_type=\"widget\" data-e-type=\"widget\" data-settings=\"{&quot;shadepro_sticky&quot;:&quot;no&quot;}\" data-widget_type=\"text-editor.default\">\n\t\t\t\t<div class=\"elementor-widget-container\">\n\t\t\t\t\t\t\t\t\t<h3>Aktualni podatki so takoj na voljo<\/h3><p>Prihranite si zamudno in podvojeno vna\u0161anje podatkov, saj se ustrezne informacije o strankah in izdelkih prevzamejo neposredno iz drugih modulov v sistemu.<\/p><p>Ena najve\u010djih te\u017eav pri upravljanju blaga je razpolo\u017eljivost posodobljenih in potrebnih podatkov. Ko je izdelek zara\u010dunan, so na ra\u010dunu obi\u010dajno navedene prodane koli\u010dine, cene na enoto in skupne cene ter opisi izdelkov. \u010ce bi bilo treba te podatke vsaki\u010d vnesti ro\u010dno, bi bilo to precej zamudno. \u0160e toliko bolj, \u010de bi se podatki, kot so cena ali naslov stranke, spremenili!   <\/p><p>S programsko opremo 1Tool CRM pa se informacije ustvarjajo popolnoma samodejno. Ne glede na to, ali kupujete ali prodajate, vnesete ime stranke\/dobavitelja in ustrezno blago ter izberete ustrezno lokacijo skladi\u0161\u010da. Vse druge podrobnosti, kot so podatki o naslovu, cenah ali zmanj\u0161anju ali pove\u010danju zalog, se nato ustvarijo samodejno.  <\/p><p>Posebna prednost upravljanja blaga 1Tool je &#8220;alarm&#8221;, ko <strong>se zaloge zmanj\u0161ajo pod minimalno raven zalog<\/strong> ali v primeru <strong>pomanjkanja<\/strong>. To pomeni, da se sporo\u010dilo prika\u017ee takoj, ko iz dolo\u010denega skladi\u0161\u010da izstavite ra\u010dun za koli\u010dino, ki ni ve\u010d na voljo ali pade pod raven varnostne zaloge. Le tako lahko optimizirate skladi\u0161\u010dne procese in zagotovite nemoten prehod med izdajanjem ra\u010dunov, ponovnim naro\u010danjem itd.  <\/p><p><em>Preberite ve\u010d o <strong><a href=\"https:\/\/www.1tool.com\/manual\/warenwirtschaft\/neuer-zukauf\/\" target=\"_blank\" rel=\"noreferrer noopener\">prevzemi <\/a><\/strong>in <strong><a href=\"https:\/\/www.1tool.com\/manual\/warenwirtschaft\/verkauf\/\" target=\"_blank\" rel=\"noreferrer noopener\">prodaji <\/a><\/strong>skladi\u0161\u010dne programske opreme 1Tool<\/em><\/p><h3> <\/h3><h3>Kreditne opombe<\/h3><p>\u010ce stranke vrnejo \u017ee pla\u010dano blago, je treba ustvariti dobropis. Tudi to se v programu 1Tool opravi samodejno. Ustvarite naro\u010dilo, vnesete stranko in izdelek, vse druge informacije pa se pridobijo iz drugih modulov programa 1Tool. Takoj ko ustvarite dobropis, se zaloga v zadevnem skladi\u0161\u010du pove\u010da za zadevno koli\u010dino.   <\/p><p><em>Kako <strong><a href=\"https:\/\/www.1tool.com\/manual\/warenwirtschaft\/gutschriften\/\" target=\"_blank\" rel=\"noreferrer noopener\">ustvariti dobropis<\/a><\/strong>, je korak za korakom razlo\u017eeno v na\u0161em priro\u010dniku<\/em>.<\/p>\t\t\t\t\t\t\t\t<\/div>\n\t\t\t\t<\/div>\n\t\t\t\t\t<\/div>\n\t\t<\/div>\n\t\t\t\t\t<\/div>\n\t\t<\/section>\n\t\t\t\t\t<\/div>\n\t\t<\/div>\n\t\t\t\t\t<\/div>\n\t\t<\/section>\n\t\t\t\t<\/div>\n\t\t","protected":false},"excerpt":{"rendered":"<p>Nakupi in prodaje\/kreditne menice Programska oprema za skladi\u0161\u010de 1Tool omogo\u010da hitro obdelavo nakupov in prodaje blaga. Aktualni podatki so takoj na voljo Prihranite si zamudno in podvojeno vna\u0161anje podatkov, saj se ustrezne informacije o strankah in izdelkih prevzamejo neposredno iz drugih modulov v sistemu. Ena najve\u010djih te\u017eav pri upravljanju blaga je razpolo\u017eljivost posodobljenih in potrebnih [&hellip;]<\/p>\n","protected":false},"author":1,"featured_media":0,"parent":72677,"menu_order":0,"comment_status":"closed","ping_status":"closed","template":"","meta":{"inline_featured_image":false,"footnotes":""},"class_list":["post-72548","page","type-page","status-publish","hentry"],"acf":[],"yoast_head":"<!-- This site is optimized with the Yoast SEO plugin v27.5 - https:\/\/yoast.com\/product\/yoast-seo-wordpress\/ -->\n<title>Nakupi in prodaje\/kreditne menice - 1Tool<\/title>\n<meta name=\"robots\" content=\"index, follow, max-snippet:-1, max-image-preview:large, max-video-preview:-1\" \/>\n<link rel=\"canonical\" href=\"https:\/\/www.1tool.com\/sl\/moduli\/upravljanje-z-blagom-in-trgovina\/upravljanje-skladisca\/funkcije-modula-za-upravljanje-skladisca\/nakupi-in-prodaje-kreditne-menice\/\" \/>\n<meta property=\"og:locale\" content=\"sl_SI\" \/>\n<meta property=\"og:type\" content=\"article\" \/>\n<meta property=\"og:title\" content=\"Nakupi in prodaje\/kreditne menice - 1Tool\" \/>\n<meta property=\"og:description\" content=\"Nakupi in prodaje\/kreditne menice Programska oprema za skladi\u0161\u010de 1Tool omogo\u010da hitro obdelavo nakupov in prodaje blaga. Aktualni podatki so takoj na voljo Prihranite si zamudno in podvojeno vna\u0161anje podatkov, saj se ustrezne informacije o strankah in izdelkih prevzamejo neposredno iz drugih modulov v sistemu. Ena najve\u010djih te\u017eav pri upravljanju blaga je razpolo\u017eljivost posodobljenih in potrebnih [&hellip;]\" \/>\n<meta property=\"og:url\" content=\"https:\/\/www.1tool.com\/sl\/moduli\/upravljanje-z-blagom-in-trgovina\/upravljanje-skladisca\/funkcije-modula-za-upravljanje-skladisca\/nakupi-in-prodaje-kreditne-menice\/\" \/>\n<meta property=\"og:site_name\" content=\"1Tool\" \/>\n<meta property=\"article:modified_time\" content=\"2026-04-30T14:37:16+00:00\" \/>\n<meta name=\"twitter:card\" content=\"summary_large_image\" \/>\n<meta name=\"twitter:label1\" content=\"Est. reading time\" \/>\n\t<meta name=\"twitter:data1\" content=\"2 minuti\" \/>\n<script type=\"application\/ld+json\" class=\"yoast-schema-graph\">{\"@context\":\"https:\\\/\\\/schema.org\",\"@graph\":[{\"@type\":\"WebPage\",\"@id\":\"https:\\\/\\\/www.1tool.com\\\/sl\\\/moduli\\\/upravljanje-z-blagom-in-trgovina\\\/upravljanje-skladisca\\\/funkcije-modula-za-upravljanje-skladisca\\\/nakupi-in-prodaje-kreditne-menice\\\/\",\"url\":\"https:\\\/\\\/www.1tool.com\\\/sl\\\/moduli\\\/upravljanje-z-blagom-in-trgovina\\\/upravljanje-skladisca\\\/funkcije-modula-za-upravljanje-skladisca\\\/nakupi-in-prodaje-kreditne-menice\\\/\",\"name\":\"Nakupi in prodaje\\\/kreditne menice - 1Tool\",\"isPartOf\":{\"@id\":\"https:\\\/\\\/www.1tool.com\\\/sl\\\/#website\"},\"datePublished\":\"2022-03-30T16:16:14+00:00\",\"dateModified\":\"2026-04-30T14:37:16+00:00\",\"breadcrumb\":{\"@id\":\"https:\\\/\\\/www.1tool.com\\\/sl\\\/moduli\\\/upravljanje-z-blagom-in-trgovina\\\/upravljanje-skladisca\\\/funkcije-modula-za-upravljanje-skladisca\\\/nakupi-in-prodaje-kreditne-menice\\\/#breadcrumb\"},\"inLanguage\":\"sl-SI\",\"potentialAction\":[{\"@type\":\"ReadAction\",\"target\":[\"https:\\\/\\\/www.1tool.com\\\/sl\\\/moduli\\\/upravljanje-z-blagom-in-trgovina\\\/upravljanje-skladisca\\\/funkcije-modula-za-upravljanje-skladisca\\\/nakupi-in-prodaje-kreditne-menice\\\/\"]}]},{\"@type\":\"BreadcrumbList\",\"@id\":\"https:\\\/\\\/www.1tool.com\\\/sl\\\/moduli\\\/upravljanje-z-blagom-in-trgovina\\\/upravljanje-skladisca\\\/funkcije-modula-za-upravljanje-skladisca\\\/nakupi-in-prodaje-kreditne-menice\\\/#breadcrumb\",\"itemListElement\":[{\"@type\":\"ListItem\",\"position\":1,\"name\":\"Home\",\"item\":\"https:\\\/\\\/www.1tool.com\\\/sl\\\/\"},{\"@type\":\"ListItem\",\"position\":2,\"name\":\"Moduli\",\"item\":\"https:\\\/\\\/www.1tool.com\\\/sl\\\/module\\\/\"},{\"@type\":\"ListItem\",\"position\":3,\"name\":\"Upravljanje z blagom in trgovina\",\"item\":\"https:\\\/\\\/www.1tool.com\\\/sl\\\/moduli\\\/upravljanje-z-blagom-in-trgovina\\\/\"},{\"@type\":\"ListItem\",\"position\":4,\"name\":\"Upravljanje skladi\u0161\u010da\",\"item\":\"https:\\\/\\\/www.1tool.com\\\/sl\\\/moduli\\\/upravljanje-z-blagom-in-trgovina\\\/upravljanje-skladisca\\\/\"},{\"@type\":\"ListItem\",\"position\":5,\"name\":\"Funkcije modula za upravljanje skladi\u0161\u010da\",\"item\":\"https:\\\/\\\/www.1tool.com\\\/sl\\\/moduli\\\/upravljanje-z-blagom-in-trgovina\\\/upravljanje-skladisca\\\/funkcije-modula-za-upravljanje-skladisca\\\/\"},{\"@type\":\"ListItem\",\"position\":6,\"name\":\"Nakupi in prodaje\\\/kreditne menice\"}]},{\"@type\":\"WebSite\",\"@id\":\"https:\\\/\\\/www.1tool.com\\\/sl\\\/#website\",\"url\":\"https:\\\/\\\/www.1tool.com\\\/sl\\\/\",\"name\":\"1Tool\",\"description\":\"CRM\",\"publisher\":{\"@id\":\"https:\\\/\\\/www.1tool.com\\\/sl\\\/#organization\"},\"potentialAction\":[{\"@type\":\"SearchAction\",\"target\":{\"@type\":\"EntryPoint\",\"urlTemplate\":\"https:\\\/\\\/www.1tool.com\\\/sl\\\/?s={search_term_string}\"},\"query-input\":{\"@type\":\"PropertyValueSpecification\",\"valueRequired\":true,\"valueName\":\"search_term_string\"}}],\"inLanguage\":\"sl-SI\"},{\"@type\":\"Organization\",\"@id\":\"https:\\\/\\\/www.1tool.com\\\/sl\\\/#organization\",\"name\":\"1Tool\",\"url\":\"https:\\\/\\\/www.1tool.com\\\/sl\\\/\",\"logo\":{\"@type\":\"ImageObject\",\"inLanguage\":\"sl-SI\",\"@id\":\"https:\\\/\\\/www.1tool.com\\\/sl\\\/#\\\/schema\\\/logo\\\/image\\\/\",\"url\":\"https:\\\/\\\/www.1tool.com\\\/wp-content\\\/uploads\\\/2022\\\/04\\\/1tool-1.png\",\"contentUrl\":\"https:\\\/\\\/www.1tool.com\\\/wp-content\\\/uploads\\\/2022\\\/04\\\/1tool-1.png\",\"width\":400,\"height\":150,\"caption\":\"1Tool\"},\"image\":{\"@id\":\"https:\\\/\\\/www.1tool.com\\\/sl\\\/#\\\/schema\\\/logo\\\/image\\\/\"}}]}<\/script>\n<!-- \/ Yoast SEO plugin. -->","yoast_head_json":{"title":"Nakupi in prodaje\/kreditne menice - 1Tool","robots":{"index":"index","follow":"follow","max-snippet":"max-snippet:-1","max-image-preview":"max-image-preview:large","max-video-preview":"max-video-preview:-1"},"canonical":"https:\/\/www.1tool.com\/sl\/moduli\/upravljanje-z-blagom-in-trgovina\/upravljanje-skladisca\/funkcije-modula-za-upravljanje-skladisca\/nakupi-in-prodaje-kreditne-menice\/","og_locale":"sl_SI","og_type":"article","og_title":"Nakupi in prodaje\/kreditne menice - 1Tool","og_description":"Nakupi in prodaje\/kreditne menice Programska oprema za skladi\u0161\u010de 1Tool omogo\u010da hitro obdelavo nakupov in prodaje blaga. Aktualni podatki so takoj na voljo Prihranite si zamudno in podvojeno vna\u0161anje podatkov, saj se ustrezne informacije o strankah in izdelkih prevzamejo neposredno iz drugih modulov v sistemu. Ena najve\u010djih te\u017eav pri upravljanju blaga je razpolo\u017eljivost posodobljenih in potrebnih [&hellip;]","og_url":"https:\/\/www.1tool.com\/sl\/moduli\/upravljanje-z-blagom-in-trgovina\/upravljanje-skladisca\/funkcije-modula-za-upravljanje-skladisca\/nakupi-in-prodaje-kreditne-menice\/","og_site_name":"1Tool","article_modified_time":"2026-04-30T14:37:16+00:00","twitter_card":"summary_large_image","twitter_misc":{"Est. reading time":"2 minuti"},"schema":{"@context":"https:\/\/schema.org","@graph":[{"@type":"WebPage","@id":"https:\/\/www.1tool.com\/sl\/moduli\/upravljanje-z-blagom-in-trgovina\/upravljanje-skladisca\/funkcije-modula-za-upravljanje-skladisca\/nakupi-in-prodaje-kreditne-menice\/","url":"https:\/\/www.1tool.com\/sl\/moduli\/upravljanje-z-blagom-in-trgovina\/upravljanje-skladisca\/funkcije-modula-za-upravljanje-skladisca\/nakupi-in-prodaje-kreditne-menice\/","name":"Nakupi in prodaje\/kreditne menice - 1Tool","isPartOf":{"@id":"https:\/\/www.1tool.com\/sl\/#website"},"datePublished":"2022-03-30T16:16:14+00:00","dateModified":"2026-04-30T14:37:16+00:00","breadcrumb":{"@id":"https:\/\/www.1tool.com\/sl\/moduli\/upravljanje-z-blagom-in-trgovina\/upravljanje-skladisca\/funkcije-modula-za-upravljanje-skladisca\/nakupi-in-prodaje-kreditne-menice\/#breadcrumb"},"inLanguage":"sl-SI","potentialAction":[{"@type":"ReadAction","target":["https:\/\/www.1tool.com\/sl\/moduli\/upravljanje-z-blagom-in-trgovina\/upravljanje-skladisca\/funkcije-modula-za-upravljanje-skladisca\/nakupi-in-prodaje-kreditne-menice\/"]}]},{"@type":"BreadcrumbList","@id":"https:\/\/www.1tool.com\/sl\/moduli\/upravljanje-z-blagom-in-trgovina\/upravljanje-skladisca\/funkcije-modula-za-upravljanje-skladisca\/nakupi-in-prodaje-kreditne-menice\/#breadcrumb","itemListElement":[{"@type":"ListItem","position":1,"name":"Home","item":"https:\/\/www.1tool.com\/sl\/"},{"@type":"ListItem","position":2,"name":"Moduli","item":"https:\/\/www.1tool.com\/sl\/module\/"},{"@type":"ListItem","position":3,"name":"Upravljanje z blagom in trgovina","item":"https:\/\/www.1tool.com\/sl\/moduli\/upravljanje-z-blagom-in-trgovina\/"},{"@type":"ListItem","position":4,"name":"Upravljanje skladi\u0161\u010da","item":"https:\/\/www.1tool.com\/sl\/moduli\/upravljanje-z-blagom-in-trgovina\/upravljanje-skladisca\/"},{"@type":"ListItem","position":5,"name":"Funkcije modula za upravljanje skladi\u0161\u010da","item":"https:\/\/www.1tool.com\/sl\/moduli\/upravljanje-z-blagom-in-trgovina\/upravljanje-skladisca\/funkcije-modula-za-upravljanje-skladisca\/"},{"@type":"ListItem","position":6,"name":"Nakupi in prodaje\/kreditne menice"}]},{"@type":"WebSite","@id":"https:\/\/www.1tool.com\/sl\/#website","url":"https:\/\/www.1tool.com\/sl\/","name":"1Tool","description":"CRM","publisher":{"@id":"https:\/\/www.1tool.com\/sl\/#organization"},"potentialAction":[{"@type":"SearchAction","target":{"@type":"EntryPoint","urlTemplate":"https:\/\/www.1tool.com\/sl\/?s={search_term_string}"},"query-input":{"@type":"PropertyValueSpecification","valueRequired":true,"valueName":"search_term_string"}}],"inLanguage":"sl-SI"},{"@type":"Organization","@id":"https:\/\/www.1tool.com\/sl\/#organization","name":"1Tool","url":"https:\/\/www.1tool.com\/sl\/","logo":{"@type":"ImageObject","inLanguage":"sl-SI","@id":"https:\/\/www.1tool.com\/sl\/#\/schema\/logo\/image\/","url":"https:\/\/www.1tool.com\/wp-content\/uploads\/2022\/04\/1tool-1.png","contentUrl":"https:\/\/www.1tool.com\/wp-content\/uploads\/2022\/04\/1tool-1.png","width":400,"height":150,"caption":"1Tool"},"image":{"@id":"https:\/\/www.1tool.com\/sl\/#\/schema\/logo\/image\/"}}]}},"_links":{"self":[{"href":"https:\/\/www.1tool.com\/sl\/wp-json\/wp\/v2\/pages\/72548","targetHints":{"allow":["GET"]}}],"collection":[{"href":"https:\/\/www.1tool.com\/sl\/wp-json\/wp\/v2\/pages"}],"about":[{"href":"https:\/\/www.1tool.com\/sl\/wp-json\/wp\/v2\/types\/page"}],"author":[{"embeddable":true,"href":"https:\/\/www.1tool.com\/sl\/wp-json\/wp\/v2\/users\/1"}],"replies":[{"embeddable":true,"href":"https:\/\/www.1tool.com\/sl\/wp-json\/wp\/v2\/comments?post=72548"}],"version-history":[{"count":1,"href":"https:\/\/www.1tool.com\/sl\/wp-json\/wp\/v2\/pages\/72548\/revisions"}],"predecessor-version":[{"id":72549,"href":"https:\/\/www.1tool.com\/sl\/wp-json\/wp\/v2\/pages\/72548\/revisions\/72549"}],"up":[{"embeddable":true,"href":"https:\/\/www.1tool.com\/sl\/wp-json\/wp\/v2\/pages\/72677"}],"wp:attachment":[{"href":"https:\/\/www.1tool.com\/sl\/wp-json\/wp\/v2\/media?parent=72548"}],"curies":[{"name":"wp","href":"https:\/\/api.w.org\/{rel}","templated":true}]}}