{"id":72550,"date":"2022-03-30T18:02:53","date_gmt":"2022-03-30T16:02:53","guid":{"rendered":"https:\/\/www.1tool.com\/upravljanje-narocnin\/"},"modified":"2026-04-30T16:37:17","modified_gmt":"2026-04-30T14:37:17","slug":"upravljanje-narocnin","status":"publish","type":"page","link":"https:\/\/www.1tool.com\/sl\/moduli\/upravljanje-z-blagom-in-trgovina\/izdelki\/funkcije-modula-izdelka\/upravljanje-narocnin\/","title":{"rendered":"Upravljanje naro\u010dnin"},"content":{"rendered":"\t\t<div data-elementor-type=\"wp-page\" data-elementor-id=\"72550\" class=\"elementor elementor-72550 elementor-49325\" data-elementor-post-type=\"page\">\n\t\t\t\t\t\t<section class=\"elementor-section elementor-top-section elementor-element elementor-element-8a1ca16 elementor-section-boxed elementor-section-height-default elementor-section-height-default shadepro-adv-gradient-no shadepro-sticky-no\" data-id=\"8a1ca16\" data-element_type=\"section\" data-e-type=\"section\" data-settings=\"{&quot;shadepro_sticky&quot;:&quot;no&quot;}\">\n\t\t\t\t\t\t<div class=\"elementor-container elementor-column-gap-default\">\n\t\t\t\t\t<div class=\"elementor-column elementor-col-100 elementor-top-column elementor-element elementor-element-f0d6528\" data-id=\"f0d6528\" data-element_type=\"column\" data-e-type=\"column\">\n\t\t\t<div class=\"elementor-widget-wrap elementor-element-populated\">\n\t\t\t\t\t\t<div class=\"elementor-element elementor-element-171318d shadepro-sticky-no elementor-widget elementor-widget-heading\" data-id=\"171318d\" data-element_type=\"widget\" data-e-type=\"widget\" data-settings=\"{&quot;shadepro_sticky&quot;:&quot;no&quot;}\" data-widget_type=\"heading.default\">\n\t\t\t\t<div class=\"elementor-widget-container\">\n\t\t\t\t\t<h1 class=\"elementor-heading-title elementor-size-default\">Upravljanje naro\u010dnin<\/h1>\t\t\t\t<\/div>\n\t\t\t\t<\/div>\n\t\t\t\t<div class=\"elementor-element elementor-element-9b107cf shadepro-sticky-no elementor-widget elementor-widget-text-editor\" data-id=\"9b107cf\" data-element_type=\"widget\" data-e-type=\"widget\" data-settings=\"{&quot;shadepro_sticky&quot;:&quot;no&quot;}\" data-widget_type=\"text-editor.default\">\n\t\t\t\t<div class=\"elementor-widget-container\">\n\t\t\t\t\t\t\t\t\t<p>Z orodjem 1Tool lahko upravljanje naro\u010dnin in ponavljajo\u010dih se izdelkov opravite na najpreprostej\u0161i mo\u017eni na\u010din.<\/p>\t\t\t\t\t\t\t\t<\/div>\n\t\t\t\t<\/div>\n\t\t\t\t<section class=\"elementor-section elementor-inner-section elementor-element elementor-element-7cd53fe elementor-section-boxed elementor-section-height-default elementor-section-height-default shadepro-adv-gradient-no shadepro-sticky-no\" data-id=\"7cd53fe\" data-element_type=\"section\" data-e-type=\"section\" data-settings=\"{&quot;shadepro_sticky&quot;:&quot;no&quot;}\">\n\t\t\t\t\t\t<div class=\"elementor-container elementor-column-gap-default\">\n\t\t\t\t\t<div class=\"elementor-column elementor-col-100 elementor-inner-column elementor-element elementor-element-8c5db6d\" data-id=\"8c5db6d\" data-element_type=\"column\" data-e-type=\"column\">\n\t\t\t<div class=\"elementor-widget-wrap elementor-element-populated\">\n\t\t\t\t\t\t<div class=\"elementor-element elementor-element-e061882 shadepro-sticky-no elementor-widget elementor-widget-text-editor\" data-id=\"e061882\" data-element_type=\"widget\" data-e-type=\"widget\" data-settings=\"{&quot;shadepro_sticky&quot;:&quot;no&quot;}\" data-widget_type=\"text-editor.default\">\n\t\t\t\t<div class=\"elementor-widget-container\">\n\t\t\t\t\t\t\t\t\t<h3>Samodejno generiranje ra\u010dunov za naro\u010dnine<\/h3><p>\u010ce va\u0161e stranke naro\u010dijo naro\u010dnino ali ponavljajo\u010de se izdelke, jim ni treba vsaki\u010d posebej izstaviti ra\u010duna. V modulu trgovina lahko jasno dolo\u010dite, ali gre za enkratna pla\u010dila ali za mese\u010dne ali letne zneske pla\u010dil. To vam prihrani zamudno izdajanje ra\u010dunov, saj se za naro\u010dnine ali ponavljajo\u010de se izdelke samodejno ustvari in po\u0161lje ra\u010dun z ustreznim zneskom.  <\/p>\t\t\t\t\t\t\t\t<\/div>\n\t\t\t\t<\/div>\n\t\t\t\t\t<\/div>\n\t\t<\/div>\n\t\t\t\t\t<\/div>\n\t\t<\/section>\n\t\t\t\t\t<\/div>\n\t\t<\/div>\n\t\t\t\t\t<\/div>\n\t\t<\/section>\n\t\t\t\t<\/div>\n\t\t","protected":false},"excerpt":{"rendered":"<p>Upravljanje naro\u010dnin Z orodjem 1Tool lahko upravljanje naro\u010dnin in ponavljajo\u010dih se izdelkov opravite na najpreprostej\u0161i mo\u017eni na\u010din. Samodejno generiranje ra\u010dunov za naro\u010dnine \u010ce va\u0161e stranke naro\u010dijo naro\u010dnino ali ponavljajo\u010de se izdelke, jim ni treba vsaki\u010d posebej izstaviti ra\u010duna. V modulu trgovina lahko jasno dolo\u010dite, ali gre za enkratna pla\u010dila ali za mese\u010dne ali letne zneske [&hellip;]<\/p>\n","protected":false},"author":1,"featured_media":0,"parent":72684,"menu_order":0,"comment_status":"closed","ping_status":"closed","template":"","meta":{"inline_featured_image":false,"footnotes":""},"class_list":["post-72550","page","type-page","status-publish","hentry"],"acf":[],"yoast_head":"<!-- This site is optimized with the Yoast SEO plugin v27.5 - https:\/\/yoast.com\/product\/yoast-seo-wordpress\/ -->\n<title>Upravljanje naro\u010dnin - 1Tool<\/title>\n<meta name=\"robots\" content=\"index, follow, max-snippet:-1, max-image-preview:large, max-video-preview:-1\" \/>\n<link rel=\"canonical\" href=\"https:\/\/www.1tool.com\/sl\/moduli\/upravljanje-z-blagom-in-trgovina\/izdelki\/funkcije-modula-izdelka\/upravljanje-narocnin\/\" \/>\n<meta property=\"og:locale\" content=\"sl_SI\" \/>\n<meta property=\"og:type\" content=\"article\" \/>\n<meta property=\"og:title\" content=\"Upravljanje naro\u010dnin - 1Tool\" \/>\n<meta property=\"og:description\" content=\"Upravljanje naro\u010dnin Z orodjem 1Tool lahko upravljanje naro\u010dnin in ponavljajo\u010dih se izdelkov opravite na najpreprostej\u0161i mo\u017eni na\u010din. Samodejno generiranje ra\u010dunov za naro\u010dnine \u010ce va\u0161e stranke naro\u010dijo naro\u010dnino ali ponavljajo\u010de se izdelke, jim ni treba vsaki\u010d posebej izstaviti ra\u010duna. V modulu trgovina lahko jasno dolo\u010dite, ali gre za enkratna pla\u010dila ali za mese\u010dne ali letne zneske [&hellip;]\" \/>\n<meta property=\"og:url\" content=\"https:\/\/www.1tool.com\/sl\/moduli\/upravljanje-z-blagom-in-trgovina\/izdelki\/funkcije-modula-izdelka\/upravljanje-narocnin\/\" \/>\n<meta property=\"og:site_name\" content=\"1Tool\" \/>\n<meta property=\"article:modified_time\" content=\"2026-04-30T14:37:17+00:00\" \/>\n<meta name=\"twitter:card\" content=\"summary_large_image\" \/>\n<meta name=\"twitter:label1\" content=\"Est. reading time\" \/>\n\t<meta name=\"twitter:data1\" content=\"1 minuta\" \/>\n<script type=\"application\/ld+json\" class=\"yoast-schema-graph\">{\"@context\":\"https:\\\/\\\/schema.org\",\"@graph\":[{\"@type\":\"WebPage\",\"@id\":\"https:\\\/\\\/www.1tool.com\\\/sl\\\/moduli\\\/upravljanje-z-blagom-in-trgovina\\\/izdelki\\\/funkcije-modula-izdelka\\\/upravljanje-narocnin\\\/\",\"url\":\"https:\\\/\\\/www.1tool.com\\\/sl\\\/moduli\\\/upravljanje-z-blagom-in-trgovina\\\/izdelki\\\/funkcije-modula-izdelka\\\/upravljanje-narocnin\\\/\",\"name\":\"Upravljanje naro\u010dnin - 1Tool\",\"isPartOf\":{\"@id\":\"https:\\\/\\\/www.1tool.com\\\/sl\\\/#website\"},\"datePublished\":\"2022-03-30T16:02:53+00:00\",\"dateModified\":\"2026-04-30T14:37:17+00:00\",\"breadcrumb\":{\"@id\":\"https:\\\/\\\/www.1tool.com\\\/sl\\\/moduli\\\/upravljanje-z-blagom-in-trgovina\\\/izdelki\\\/funkcije-modula-izdelka\\\/upravljanje-narocnin\\\/#breadcrumb\"},\"inLanguage\":\"sl-SI\",\"potentialAction\":[{\"@type\":\"ReadAction\",\"target\":[\"https:\\\/\\\/www.1tool.com\\\/sl\\\/moduli\\\/upravljanje-z-blagom-in-trgovina\\\/izdelki\\\/funkcije-modula-izdelka\\\/upravljanje-narocnin\\\/\"]}]},{\"@type\":\"BreadcrumbList\",\"@id\":\"https:\\\/\\\/www.1tool.com\\\/sl\\\/moduli\\\/upravljanje-z-blagom-in-trgovina\\\/izdelki\\\/funkcije-modula-izdelka\\\/upravljanje-narocnin\\\/#breadcrumb\",\"itemListElement\":[{\"@type\":\"ListItem\",\"position\":1,\"name\":\"Home\",\"item\":\"https:\\\/\\\/www.1tool.com\\\/sl\\\/\"},{\"@type\":\"ListItem\",\"position\":2,\"name\":\"Moduli\",\"item\":\"https:\\\/\\\/www.1tool.com\\\/sl\\\/module\\\/\"},{\"@type\":\"ListItem\",\"position\":3,\"name\":\"Upravljanje z blagom in trgovina\",\"item\":\"https:\\\/\\\/www.1tool.com\\\/sl\\\/moduli\\\/upravljanje-z-blagom-in-trgovina\\\/\"},{\"@type\":\"ListItem\",\"position\":4,\"name\":\"Izdelki\",\"item\":\"https:\\\/\\\/www.1tool.com\\\/sl\\\/moduli\\\/upravljanje-z-blagom-in-trgovina\\\/izdelki\\\/\"},{\"@type\":\"ListItem\",\"position\":5,\"name\":\"Funkcije modula izdelka\",\"item\":\"https:\\\/\\\/www.1tool.com\\\/sl\\\/moduli\\\/upravljanje-z-blagom-in-trgovina\\\/izdelki\\\/funkcije-modula-izdelka\\\/\"},{\"@type\":\"ListItem\",\"position\":6,\"name\":\"Upravljanje naro\u010dnin\"}]},{\"@type\":\"WebSite\",\"@id\":\"https:\\\/\\\/www.1tool.com\\\/sl\\\/#website\",\"url\":\"https:\\\/\\\/www.1tool.com\\\/sl\\\/\",\"name\":\"1Tool\",\"description\":\"CRM\",\"publisher\":{\"@id\":\"https:\\\/\\\/www.1tool.com\\\/sl\\\/#organization\"},\"potentialAction\":[{\"@type\":\"SearchAction\",\"target\":{\"@type\":\"EntryPoint\",\"urlTemplate\":\"https:\\\/\\\/www.1tool.com\\\/sl\\\/?s={search_term_string}\"},\"query-input\":{\"@type\":\"PropertyValueSpecification\",\"valueRequired\":true,\"valueName\":\"search_term_string\"}}],\"inLanguage\":\"sl-SI\"},{\"@type\":\"Organization\",\"@id\":\"https:\\\/\\\/www.1tool.com\\\/sl\\\/#organization\",\"name\":\"1Tool\",\"url\":\"https:\\\/\\\/www.1tool.com\\\/sl\\\/\",\"logo\":{\"@type\":\"ImageObject\",\"inLanguage\":\"sl-SI\",\"@id\":\"https:\\\/\\\/www.1tool.com\\\/sl\\\/#\\\/schema\\\/logo\\\/image\\\/\",\"url\":\"https:\\\/\\\/www.1tool.com\\\/wp-content\\\/uploads\\\/2022\\\/04\\\/1tool-1.png\",\"contentUrl\":\"https:\\\/\\\/www.1tool.com\\\/wp-content\\\/uploads\\\/2022\\\/04\\\/1tool-1.png\",\"width\":400,\"height\":150,\"caption\":\"1Tool\"},\"image\":{\"@id\":\"https:\\\/\\\/www.1tool.com\\\/sl\\\/#\\\/schema\\\/logo\\\/image\\\/\"}}]}<\/script>\n<!-- \/ Yoast SEO plugin. -->","yoast_head_json":{"title":"Upravljanje naro\u010dnin - 1Tool","robots":{"index":"index","follow":"follow","max-snippet":"max-snippet:-1","max-image-preview":"max-image-preview:large","max-video-preview":"max-video-preview:-1"},"canonical":"https:\/\/www.1tool.com\/sl\/moduli\/upravljanje-z-blagom-in-trgovina\/izdelki\/funkcije-modula-izdelka\/upravljanje-narocnin\/","og_locale":"sl_SI","og_type":"article","og_title":"Upravljanje naro\u010dnin - 1Tool","og_description":"Upravljanje naro\u010dnin Z orodjem 1Tool lahko upravljanje naro\u010dnin in ponavljajo\u010dih se izdelkov opravite na najpreprostej\u0161i mo\u017eni na\u010din. Samodejno generiranje ra\u010dunov za naro\u010dnine \u010ce va\u0161e stranke naro\u010dijo naro\u010dnino ali ponavljajo\u010de se izdelke, jim ni treba vsaki\u010d posebej izstaviti ra\u010duna. V modulu trgovina lahko jasno dolo\u010dite, ali gre za enkratna pla\u010dila ali za mese\u010dne ali letne zneske [&hellip;]","og_url":"https:\/\/www.1tool.com\/sl\/moduli\/upravljanje-z-blagom-in-trgovina\/izdelki\/funkcije-modula-izdelka\/upravljanje-narocnin\/","og_site_name":"1Tool","article_modified_time":"2026-04-30T14:37:17+00:00","twitter_card":"summary_large_image","twitter_misc":{"Est. reading time":"1 minuta"},"schema":{"@context":"https:\/\/schema.org","@graph":[{"@type":"WebPage","@id":"https:\/\/www.1tool.com\/sl\/moduli\/upravljanje-z-blagom-in-trgovina\/izdelki\/funkcije-modula-izdelka\/upravljanje-narocnin\/","url":"https:\/\/www.1tool.com\/sl\/moduli\/upravljanje-z-blagom-in-trgovina\/izdelki\/funkcije-modula-izdelka\/upravljanje-narocnin\/","name":"Upravljanje naro\u010dnin - 1Tool","isPartOf":{"@id":"https:\/\/www.1tool.com\/sl\/#website"},"datePublished":"2022-03-30T16:02:53+00:00","dateModified":"2026-04-30T14:37:17+00:00","breadcrumb":{"@id":"https:\/\/www.1tool.com\/sl\/moduli\/upravljanje-z-blagom-in-trgovina\/izdelki\/funkcije-modula-izdelka\/upravljanje-narocnin\/#breadcrumb"},"inLanguage":"sl-SI","potentialAction":[{"@type":"ReadAction","target":["https:\/\/www.1tool.com\/sl\/moduli\/upravljanje-z-blagom-in-trgovina\/izdelki\/funkcije-modula-izdelka\/upravljanje-narocnin\/"]}]},{"@type":"BreadcrumbList","@id":"https:\/\/www.1tool.com\/sl\/moduli\/upravljanje-z-blagom-in-trgovina\/izdelki\/funkcije-modula-izdelka\/upravljanje-narocnin\/#breadcrumb","itemListElement":[{"@type":"ListItem","position":1,"name":"Home","item":"https:\/\/www.1tool.com\/sl\/"},{"@type":"ListItem","position":2,"name":"Moduli","item":"https:\/\/www.1tool.com\/sl\/module\/"},{"@type":"ListItem","position":3,"name":"Upravljanje z blagom in trgovina","item":"https:\/\/www.1tool.com\/sl\/moduli\/upravljanje-z-blagom-in-trgovina\/"},{"@type":"ListItem","position":4,"name":"Izdelki","item":"https:\/\/www.1tool.com\/sl\/moduli\/upravljanje-z-blagom-in-trgovina\/izdelki\/"},{"@type":"ListItem","position":5,"name":"Funkcije modula izdelka","item":"https:\/\/www.1tool.com\/sl\/moduli\/upravljanje-z-blagom-in-trgovina\/izdelki\/funkcije-modula-izdelka\/"},{"@type":"ListItem","position":6,"name":"Upravljanje naro\u010dnin"}]},{"@type":"WebSite","@id":"https:\/\/www.1tool.com\/sl\/#website","url":"https:\/\/www.1tool.com\/sl\/","name":"1Tool","description":"CRM","publisher":{"@id":"https:\/\/www.1tool.com\/sl\/#organization"},"potentialAction":[{"@type":"SearchAction","target":{"@type":"EntryPoint","urlTemplate":"https:\/\/www.1tool.com\/sl\/?s={search_term_string}"},"query-input":{"@type":"PropertyValueSpecification","valueRequired":true,"valueName":"search_term_string"}}],"inLanguage":"sl-SI"},{"@type":"Organization","@id":"https:\/\/www.1tool.com\/sl\/#organization","name":"1Tool","url":"https:\/\/www.1tool.com\/sl\/","logo":{"@type":"ImageObject","inLanguage":"sl-SI","@id":"https:\/\/www.1tool.com\/sl\/#\/schema\/logo\/image\/","url":"https:\/\/www.1tool.com\/wp-content\/uploads\/2022\/04\/1tool-1.png","contentUrl":"https:\/\/www.1tool.com\/wp-content\/uploads\/2022\/04\/1tool-1.png","width":400,"height":150,"caption":"1Tool"},"image":{"@id":"https:\/\/www.1tool.com\/sl\/#\/schema\/logo\/image\/"}}]}},"_links":{"self":[{"href":"https:\/\/www.1tool.com\/sl\/wp-json\/wp\/v2\/pages\/72550","targetHints":{"allow":["GET"]}}],"collection":[{"href":"https:\/\/www.1tool.com\/sl\/wp-json\/wp\/v2\/pages"}],"about":[{"href":"https:\/\/www.1tool.com\/sl\/wp-json\/wp\/v2\/types\/page"}],"author":[{"embeddable":true,"href":"https:\/\/www.1tool.com\/sl\/wp-json\/wp\/v2\/users\/1"}],"replies":[{"embeddable":true,"href":"https:\/\/www.1tool.com\/sl\/wp-json\/wp\/v2\/comments?post=72550"}],"version-history":[{"count":1,"href":"https:\/\/www.1tool.com\/sl\/wp-json\/wp\/v2\/pages\/72550\/revisions"}],"predecessor-version":[{"id":72554,"href":"https:\/\/www.1tool.com\/sl\/wp-json\/wp\/v2\/pages\/72550\/revisions\/72554"}],"up":[{"embeddable":true,"href":"https:\/\/www.1tool.com\/sl\/wp-json\/wp\/v2\/pages\/72684"}],"wp:attachment":[{"href":"https:\/\/www.1tool.com\/sl\/wp-json\/wp\/v2\/media?parent=72550"}],"curies":[{"name":"wp","href":"https:\/\/api.w.org\/{rel}","templated":true}]}}