{"id":72555,"date":"2022-03-30T17:59:36","date_gmt":"2022-03-30T15:59:36","guid":{"rendered":"https:\/\/www.1tool.com\/trgovinski-sistem\/"},"modified":"2026-04-30T16:37:19","modified_gmt":"2026-04-30T14:37:19","slug":"trgovinski-sistem","status":"publish","type":"page","link":"https:\/\/www.1tool.com\/sl\/moduli\/upravljanje-z-blagom-in-trgovina\/trgovina\/funkcije-modula-trgovina\/trgovinski-sistem\/","title":{"rendered":"Trgovinski sistem"},"content":{"rendered":"\t\t<div data-elementor-type=\"wp-page\" data-elementor-id=\"72555\" class=\"elementor elementor-72555 elementor-49295\" data-elementor-post-type=\"page\">\n\t\t\t\t\t\t<section class=\"elementor-section elementor-top-section elementor-element elementor-element-c6ca3ff elementor-section-boxed elementor-section-height-default elementor-section-height-default shadepro-adv-gradient-no shadepro-sticky-no\" data-id=\"c6ca3ff\" data-element_type=\"section\" data-e-type=\"section\" data-settings=\"{&quot;shadepro_sticky&quot;:&quot;no&quot;}\">\n\t\t\t\t\t\t<div class=\"elementor-container elementor-column-gap-default\">\n\t\t\t\t\t<div class=\"elementor-column elementor-col-100 elementor-top-column elementor-element elementor-element-2480353\" data-id=\"2480353\" data-element_type=\"column\" data-e-type=\"column\">\n\t\t\t<div class=\"elementor-widget-wrap elementor-element-populated\">\n\t\t\t\t\t\t<div class=\"elementor-element elementor-element-34da83a shadepro-sticky-no elementor-widget elementor-widget-heading\" data-id=\"34da83a\" data-element_type=\"widget\" data-e-type=\"widget\" data-settings=\"{&quot;shadepro_sticky&quot;:&quot;no&quot;}\" data-widget_type=\"heading.default\">\n\t\t\t\t<div class=\"elementor-widget-container\">\n\t\t\t\t\t<h1 class=\"elementor-heading-title elementor-size-default\">Trgovinski sistem<\/h1>\t\t\t\t<\/div>\n\t\t\t\t<\/div>\n\t\t\t\t<div class=\"elementor-element elementor-element-9429b90 shadepro-sticky-no elementor-widget elementor-widget-text-editor\" data-id=\"9429b90\" data-element_type=\"widget\" data-e-type=\"widget\" data-settings=\"{&quot;shadepro_sticky&quot;:&quot;no&quot;}\" data-widget_type=\"text-editor.default\">\n\t\t\t\t<div class=\"elementor-widget-container\">\n\t\t\t\t\t\t\t\t\t<p>S sistemom trgovine 1Tool lahko uspe\u0161no prodajate svoje izdelke in storitve na internetu.<\/p>\t\t\t\t\t\t\t\t<\/div>\n\t\t\t\t<\/div>\n\t\t\t\t<section class=\"elementor-section elementor-inner-section elementor-element elementor-element-98845c7 elementor-section-boxed elementor-section-height-default elementor-section-height-default shadepro-adv-gradient-no shadepro-sticky-no\" data-id=\"98845c7\" data-element_type=\"section\" data-e-type=\"section\" data-settings=\"{&quot;shadepro_sticky&quot;:&quot;no&quot;}\">\n\t\t\t\t\t\t<div class=\"elementor-container elementor-column-gap-default\">\n\t\t\t\t\t<div class=\"elementor-column elementor-col-100 elementor-inner-column elementor-element elementor-element-cb889b8\" data-id=\"cb889b8\" data-element_type=\"column\" data-e-type=\"column\">\n\t\t\t<div class=\"elementor-widget-wrap elementor-element-populated\">\n\t\t\t\t\t\t<div class=\"elementor-element elementor-element-8f4121b shadepro-sticky-no elementor-widget elementor-widget-text-editor\" data-id=\"8f4121b\" data-element_type=\"widget\" data-e-type=\"widget\" data-settings=\"{&quot;shadepro_sticky&quot;:&quot;no&quot;}\" data-widget_type=\"text-editor.default\">\n\t\t\t\t<div class=\"elementor-widget-container\">\n\t\t\t\t\t\t\t\t\t<h3>Prilagodljiva programska oprema za spletno trgovino<\/h3><p>Z na\u0161o profesionalno programsko opremo za spletno trgovino lahko preprosto upravljate in prodajate svoje izdelke in storitve na spletu. Brez znanja programiranja lahko sami izvedete vse korake v sistemu trgovine 1Tool, od naro\u010danja do izdajanja ra\u010dunov in dobavnic. Zaradi uporabniku prijaznega vmesnika programske opreme trgovine lahko spletno trgovino nastavite tako, da ustreza va\u0161im individualnim \u017eeljam in zahtevam. Ne glede na to, ali ste majhno podjetje, velika korporacija, nacionalno ali mednarodno podjetje, s programsko opremo za spletno trgovino 1Tool ni omejitev. Funkcije va\u0161e trgovine lahko prilagodljivo prilagajate rasto\u010demu asortimanu izdelkov in zahtevam v spletni trgovini na drobno.    <\/p><p> <\/p><h4>Enostavna integracija spletnega mesta s programsko opremo spletne trgovine 1Tool<\/h4><p>Sistem trgovine 1Tool lahko preprosto in enostavno vklju\u010dite v svoje spletno mesto ali ga upravljate neposredno prek orodja 1Tool. Izdelke, vklju\u010dno s slikami izdelkov in cenami, lahko v programski opremi samostojno ustvari kateri koli odgovorni uslu\u017ebenec in jih samodejno prenese na sprednji del va\u0161e spletne trgovine. S tem ne prihranite le \u010dasa in denarja, temve\u010d tudi zagotovite strukturirano predstavitev izdelkov in drugih dejavnosti v va\u0161i spletni trgovini.  <\/p><p>Poleg tega programska oprema spletne trgovine v osrednji zbirki podatkov v pregledni obliki zdru\u017euje vse pomembne podatke, ki jih potrebujete za vzpostavljanje dolgoro\u010dnih odnosov s strankami. Prodajne in tr\u017ene dejavnosti, prilagojene nakupnim navadam, kot je po\u0161iljanje ciljnim skupinam prilagojenih glasil ali besedilnih sporo\u010dil, je zato mogo\u010de veliko bolje na\u010drtovati in izvajati. <\/p><p> <\/p><h4>Predstavitev izdelkov in spremljanje uspeha v sistemu trgovine<\/h4><p>V programski opremi trgovine 1Tool lahko za vsak izdelek dolo\u010dite \u0161tevilne nastavitve. Poleg informacij o izdelkih, kot sta velikost ali te\u017ea, lahko svojo spletno trgovino zaradi ve\u010djezi\u010dnosti in razli\u010dnih stro\u0161kov dostave naredite dostopno tudi mednarodnim strankam. Z lo\u010deno funkcijo kombiniranih izdelkov lahko s pritiskom na gumb sestavite tudi prilagojene pakete izdelkov ali darilne ko\u0161are.  <\/p><p>1Tool ima tudi lastno orodje za uspe\u0161nost, s katerim lahko analizirate prodajo in promet s strankami ter preverite stanje zalog v le nekaj korakih z uporabo lastnega sistema za upravljanje zalog.<\/p><p> <\/p><h4>Udobno obdelujte naro\u010dila in pla\u010dila s programsko opremo za e-trgovino<\/h4><p>Na\u0161a e-trgovina va\u0161im strankam zagotavlja popolno varnost pri pla\u010dilu in po\u0161iljanju. Na\u0161i lastni varnostni ukrepi zagotavljajo, da va\u0161a spletna trgovina izpolnjuje zahteve spletnega trgovanja. \u0160ifriranje SSL in optimizacija za potrditveni znak Trusted Shop pove\u010dujeta zaupanje in zadovoljstvo va\u0161ih strank. Mo\u017enosti pla\u010dila lahko s programsko opremo za spletne trgovine individualno dolo\u010dite prek lastnih pla\u010dilnih vmesnikov (kreditna kartica, PayPal, takoj\u0161nje ban\u010dno nakazilo itd.).   <\/p>\t\t\t\t\t\t\t\t<\/div>\n\t\t\t\t<\/div>\n\t\t\t\t\t<\/div>\n\t\t<\/div>\n\t\t\t\t\t<\/div>\n\t\t<\/section>\n\t\t\t\t\t<\/div>\n\t\t<\/div>\n\t\t\t\t\t<\/div>\n\t\t<\/section>\n\t\t\t\t<\/div>\n\t\t","protected":false},"excerpt":{"rendered":"<p>Trgovinski sistem S sistemom trgovine 1Tool lahko uspe\u0161no prodajate svoje izdelke in storitve na internetu. Prilagodljiva programska oprema za spletno trgovino Z na\u0161o profesionalno programsko opremo za spletno trgovino lahko preprosto upravljate in prodajate svoje izdelke in storitve na spletu. Brez znanja programiranja lahko sami izvedete vse korake v sistemu trgovine 1Tool, od naro\u010danja do [&hellip;]<\/p>\n","protected":false},"author":1,"featured_media":0,"parent":72690,"menu_order":0,"comment_status":"closed","ping_status":"closed","template":"","meta":{"inline_featured_image":false,"footnotes":""},"class_list":["post-72555","page","type-page","status-publish","hentry"],"acf":[],"yoast_head":"<!-- This site is optimized with the Yoast SEO plugin v27.5 - https:\/\/yoast.com\/product\/yoast-seo-wordpress\/ -->\n<title>Trgovinski sistem - 1Tool<\/title>\n<meta name=\"robots\" content=\"index, follow, max-snippet:-1, max-image-preview:large, max-video-preview:-1\" \/>\n<link rel=\"canonical\" href=\"https:\/\/www.1tool.com\/sl\/moduli\/upravljanje-z-blagom-in-trgovina\/trgovina\/funkcije-modula-trgovina\/trgovinski-sistem\/\" \/>\n<meta property=\"og:locale\" content=\"sl_SI\" \/>\n<meta property=\"og:type\" content=\"article\" \/>\n<meta property=\"og:title\" content=\"Trgovinski sistem - 1Tool\" \/>\n<meta property=\"og:description\" content=\"Trgovinski sistem S sistemom trgovine 1Tool lahko uspe\u0161no prodajate svoje izdelke in storitve na internetu. Prilagodljiva programska oprema za spletno trgovino Z na\u0161o profesionalno programsko opremo za spletno trgovino lahko preprosto upravljate in prodajate svoje izdelke in storitve na spletu. Brez znanja programiranja lahko sami izvedete vse korake v sistemu trgovine 1Tool, od naro\u010danja do [&hellip;]\" \/>\n<meta property=\"og:url\" content=\"https:\/\/www.1tool.com\/sl\/moduli\/upravljanje-z-blagom-in-trgovina\/trgovina\/funkcije-modula-trgovina\/trgovinski-sistem\/\" \/>\n<meta property=\"og:site_name\" content=\"1Tool\" \/>\n<meta property=\"article:modified_time\" content=\"2026-04-30T14:37:19+00:00\" \/>\n<meta name=\"twitter:card\" content=\"summary_large_image\" \/>\n<meta name=\"twitter:label1\" content=\"Est. reading time\" \/>\n\t<meta name=\"twitter:data1\" content=\"2 minuti\" \/>\n<script type=\"application\/ld+json\" class=\"yoast-schema-graph\">{\"@context\":\"https:\\\/\\\/schema.org\",\"@graph\":[{\"@type\":\"WebPage\",\"@id\":\"https:\\\/\\\/www.1tool.com\\\/sl\\\/moduli\\\/upravljanje-z-blagom-in-trgovina\\\/trgovina\\\/funkcije-modula-trgovina\\\/trgovinski-sistem\\\/\",\"url\":\"https:\\\/\\\/www.1tool.com\\\/sl\\\/moduli\\\/upravljanje-z-blagom-in-trgovina\\\/trgovina\\\/funkcije-modula-trgovina\\\/trgovinski-sistem\\\/\",\"name\":\"Trgovinski sistem - 1Tool\",\"isPartOf\":{\"@id\":\"https:\\\/\\\/www.1tool.com\\\/sl\\\/#website\"},\"datePublished\":\"2022-03-30T15:59:36+00:00\",\"dateModified\":\"2026-04-30T14:37:19+00:00\",\"breadcrumb\":{\"@id\":\"https:\\\/\\\/www.1tool.com\\\/sl\\\/moduli\\\/upravljanje-z-blagom-in-trgovina\\\/trgovina\\\/funkcije-modula-trgovina\\\/trgovinski-sistem\\\/#breadcrumb\"},\"inLanguage\":\"sl-SI\",\"potentialAction\":[{\"@type\":\"ReadAction\",\"target\":[\"https:\\\/\\\/www.1tool.com\\\/sl\\\/moduli\\\/upravljanje-z-blagom-in-trgovina\\\/trgovina\\\/funkcije-modula-trgovina\\\/trgovinski-sistem\\\/\"]}]},{\"@type\":\"BreadcrumbList\",\"@id\":\"https:\\\/\\\/www.1tool.com\\\/sl\\\/moduli\\\/upravljanje-z-blagom-in-trgovina\\\/trgovina\\\/funkcije-modula-trgovina\\\/trgovinski-sistem\\\/#breadcrumb\",\"itemListElement\":[{\"@type\":\"ListItem\",\"position\":1,\"name\":\"Home\",\"item\":\"https:\\\/\\\/www.1tool.com\\\/sl\\\/\"},{\"@type\":\"ListItem\",\"position\":2,\"name\":\"Moduli\",\"item\":\"https:\\\/\\\/www.1tool.com\\\/sl\\\/module\\\/\"},{\"@type\":\"ListItem\",\"position\":3,\"name\":\"Upravljanje z blagom in trgovina\",\"item\":\"https:\\\/\\\/www.1tool.com\\\/sl\\\/moduli\\\/upravljanje-z-blagom-in-trgovina\\\/\"},{\"@type\":\"ListItem\",\"position\":4,\"name\":\"Trgovina\",\"item\":\"https:\\\/\\\/www.1tool.com\\\/sl\\\/moduli\\\/upravljanje-z-blagom-in-trgovina\\\/trgovina\\\/\"},{\"@type\":\"ListItem\",\"position\":5,\"name\":\"Funkcije modula Trgovina\",\"item\":\"https:\\\/\\\/www.1tool.com\\\/sl\\\/moduli\\\/upravljanje-z-blagom-in-trgovina\\\/trgovina\\\/funkcije-modula-trgovina\\\/\"},{\"@type\":\"ListItem\",\"position\":6,\"name\":\"Trgovinski sistem\"}]},{\"@type\":\"WebSite\",\"@id\":\"https:\\\/\\\/www.1tool.com\\\/sl\\\/#website\",\"url\":\"https:\\\/\\\/www.1tool.com\\\/sl\\\/\",\"name\":\"1Tool\",\"description\":\"CRM\",\"publisher\":{\"@id\":\"https:\\\/\\\/www.1tool.com\\\/sl\\\/#organization\"},\"potentialAction\":[{\"@type\":\"SearchAction\",\"target\":{\"@type\":\"EntryPoint\",\"urlTemplate\":\"https:\\\/\\\/www.1tool.com\\\/sl\\\/?s={search_term_string}\"},\"query-input\":{\"@type\":\"PropertyValueSpecification\",\"valueRequired\":true,\"valueName\":\"search_term_string\"}}],\"inLanguage\":\"sl-SI\"},{\"@type\":\"Organization\",\"@id\":\"https:\\\/\\\/www.1tool.com\\\/sl\\\/#organization\",\"name\":\"1Tool\",\"url\":\"https:\\\/\\\/www.1tool.com\\\/sl\\\/\",\"logo\":{\"@type\":\"ImageObject\",\"inLanguage\":\"sl-SI\",\"@id\":\"https:\\\/\\\/www.1tool.com\\\/sl\\\/#\\\/schema\\\/logo\\\/image\\\/\",\"url\":\"https:\\\/\\\/www.1tool.com\\\/wp-content\\\/uploads\\\/2022\\\/04\\\/1tool-1.png\",\"contentUrl\":\"https:\\\/\\\/www.1tool.com\\\/wp-content\\\/uploads\\\/2022\\\/04\\\/1tool-1.png\",\"width\":400,\"height\":150,\"caption\":\"1Tool\"},\"image\":{\"@id\":\"https:\\\/\\\/www.1tool.com\\\/sl\\\/#\\\/schema\\\/logo\\\/image\\\/\"}}]}<\/script>\n<!-- \/ Yoast SEO plugin. -->","yoast_head_json":{"title":"Trgovinski sistem - 1Tool","robots":{"index":"index","follow":"follow","max-snippet":"max-snippet:-1","max-image-preview":"max-image-preview:large","max-video-preview":"max-video-preview:-1"},"canonical":"https:\/\/www.1tool.com\/sl\/moduli\/upravljanje-z-blagom-in-trgovina\/trgovina\/funkcije-modula-trgovina\/trgovinski-sistem\/","og_locale":"sl_SI","og_type":"article","og_title":"Trgovinski sistem - 1Tool","og_description":"Trgovinski sistem S sistemom trgovine 1Tool lahko uspe\u0161no prodajate svoje izdelke in storitve na internetu. Prilagodljiva programska oprema za spletno trgovino Z na\u0161o profesionalno programsko opremo za spletno trgovino lahko preprosto upravljate in prodajate svoje izdelke in storitve na spletu. Brez znanja programiranja lahko sami izvedete vse korake v sistemu trgovine 1Tool, od naro\u010danja do [&hellip;]","og_url":"https:\/\/www.1tool.com\/sl\/moduli\/upravljanje-z-blagom-in-trgovina\/trgovina\/funkcije-modula-trgovina\/trgovinski-sistem\/","og_site_name":"1Tool","article_modified_time":"2026-04-30T14:37:19+00:00","twitter_card":"summary_large_image","twitter_misc":{"Est. reading time":"2 minuti"},"schema":{"@context":"https:\/\/schema.org","@graph":[{"@type":"WebPage","@id":"https:\/\/www.1tool.com\/sl\/moduli\/upravljanje-z-blagom-in-trgovina\/trgovina\/funkcije-modula-trgovina\/trgovinski-sistem\/","url":"https:\/\/www.1tool.com\/sl\/moduli\/upravljanje-z-blagom-in-trgovina\/trgovina\/funkcije-modula-trgovina\/trgovinski-sistem\/","name":"Trgovinski sistem - 1Tool","isPartOf":{"@id":"https:\/\/www.1tool.com\/sl\/#website"},"datePublished":"2022-03-30T15:59:36+00:00","dateModified":"2026-04-30T14:37:19+00:00","breadcrumb":{"@id":"https:\/\/www.1tool.com\/sl\/moduli\/upravljanje-z-blagom-in-trgovina\/trgovina\/funkcije-modula-trgovina\/trgovinski-sistem\/#breadcrumb"},"inLanguage":"sl-SI","potentialAction":[{"@type":"ReadAction","target":["https:\/\/www.1tool.com\/sl\/moduli\/upravljanje-z-blagom-in-trgovina\/trgovina\/funkcije-modula-trgovina\/trgovinski-sistem\/"]}]},{"@type":"BreadcrumbList","@id":"https:\/\/www.1tool.com\/sl\/moduli\/upravljanje-z-blagom-in-trgovina\/trgovina\/funkcije-modula-trgovina\/trgovinski-sistem\/#breadcrumb","itemListElement":[{"@type":"ListItem","position":1,"name":"Home","item":"https:\/\/www.1tool.com\/sl\/"},{"@type":"ListItem","position":2,"name":"Moduli","item":"https:\/\/www.1tool.com\/sl\/module\/"},{"@type":"ListItem","position":3,"name":"Upravljanje z blagom in trgovina","item":"https:\/\/www.1tool.com\/sl\/moduli\/upravljanje-z-blagom-in-trgovina\/"},{"@type":"ListItem","position":4,"name":"Trgovina","item":"https:\/\/www.1tool.com\/sl\/moduli\/upravljanje-z-blagom-in-trgovina\/trgovina\/"},{"@type":"ListItem","position":5,"name":"Funkcije modula Trgovina","item":"https:\/\/www.1tool.com\/sl\/moduli\/upravljanje-z-blagom-in-trgovina\/trgovina\/funkcije-modula-trgovina\/"},{"@type":"ListItem","position":6,"name":"Trgovinski sistem"}]},{"@type":"WebSite","@id":"https:\/\/www.1tool.com\/sl\/#website","url":"https:\/\/www.1tool.com\/sl\/","name":"1Tool","description":"CRM","publisher":{"@id":"https:\/\/www.1tool.com\/sl\/#organization"},"potentialAction":[{"@type":"SearchAction","target":{"@type":"EntryPoint","urlTemplate":"https:\/\/www.1tool.com\/sl\/?s={search_term_string}"},"query-input":{"@type":"PropertyValueSpecification","valueRequired":true,"valueName":"search_term_string"}}],"inLanguage":"sl-SI"},{"@type":"Organization","@id":"https:\/\/www.1tool.com\/sl\/#organization","name":"1Tool","url":"https:\/\/www.1tool.com\/sl\/","logo":{"@type":"ImageObject","inLanguage":"sl-SI","@id":"https:\/\/www.1tool.com\/sl\/#\/schema\/logo\/image\/","url":"https:\/\/www.1tool.com\/wp-content\/uploads\/2022\/04\/1tool-1.png","contentUrl":"https:\/\/www.1tool.com\/wp-content\/uploads\/2022\/04\/1tool-1.png","width":400,"height":150,"caption":"1Tool"},"image":{"@id":"https:\/\/www.1tool.com\/sl\/#\/schema\/logo\/image\/"}}]}},"_links":{"self":[{"href":"https:\/\/www.1tool.com\/sl\/wp-json\/wp\/v2\/pages\/72555","targetHints":{"allow":["GET"]}}],"collection":[{"href":"https:\/\/www.1tool.com\/sl\/wp-json\/wp\/v2\/pages"}],"about":[{"href":"https:\/\/www.1tool.com\/sl\/wp-json\/wp\/v2\/types\/page"}],"author":[{"embeddable":true,"href":"https:\/\/www.1tool.com\/sl\/wp-json\/wp\/v2\/users\/1"}],"replies":[{"embeddable":true,"href":"https:\/\/www.1tool.com\/sl\/wp-json\/wp\/v2\/comments?post=72555"}],"version-history":[{"count":1,"href":"https:\/\/www.1tool.com\/sl\/wp-json\/wp\/v2\/pages\/72555\/revisions"}],"predecessor-version":[{"id":72556,"href":"https:\/\/www.1tool.com\/sl\/wp-json\/wp\/v2\/pages\/72555\/revisions\/72556"}],"up":[{"embeddable":true,"href":"https:\/\/www.1tool.com\/sl\/wp-json\/wp\/v2\/pages\/72690"}],"wp:attachment":[{"href":"https:\/\/www.1tool.com\/sl\/wp-json\/wp\/v2\/media?parent=72555"}],"curies":[{"name":"wp","href":"https:\/\/api.w.org\/{rel}","templated":true}]}}