{"id":72558,"date":"2022-03-30T15:02:12","date_gmt":"2022-03-30T13:02:12","guid":{"rendered":"https:\/\/www.1tool.com\/nacrtovanje\/"},"modified":"2026-04-30T16:37:20","modified_gmt":"2026-04-30T14:37:20","slug":"nacrtovanje","status":"publish","type":"page","link":"https:\/\/www.1tool.com\/sl\/moduli\/organizacija-in-storitve\/koledar\/funkcije-koledarskega-modula\/nacrtovanje\/","title":{"rendered":"Na\u010drtovanje"},"content":{"rendered":"\t\t<div data-elementor-type=\"wp-page\" data-elementor-id=\"72558\" class=\"elementor elementor-72558 elementor-49275\" data-elementor-post-type=\"page\">\n\t\t\t\t\t\t<section class=\"elementor-section elementor-top-section elementor-element elementor-element-4d09cb6 elementor-section-boxed elementor-section-height-default elementor-section-height-default shadepro-adv-gradient-no shadepro-sticky-no\" data-id=\"4d09cb6\" data-element_type=\"section\" data-e-type=\"section\" data-settings=\"{&quot;shadepro_sticky&quot;:&quot;no&quot;}\">\n\t\t\t\t\t\t<div class=\"elementor-container elementor-column-gap-default\">\n\t\t\t\t\t<div class=\"elementor-column elementor-col-100 elementor-top-column elementor-element elementor-element-c95d4ff\" data-id=\"c95d4ff\" data-element_type=\"column\" data-e-type=\"column\">\n\t\t\t<div class=\"elementor-widget-wrap elementor-element-populated\">\n\t\t\t\t\t\t<div class=\"elementor-element elementor-element-98a3aa3 shadepro-sticky-no elementor-widget elementor-widget-heading\" data-id=\"98a3aa3\" data-element_type=\"widget\" data-e-type=\"widget\" data-settings=\"{&quot;shadepro_sticky&quot;:&quot;no&quot;}\" data-widget_type=\"heading.default\">\n\t\t\t\t<div class=\"elementor-widget-container\">\n\t\t\t\t\t<h1 class=\"elementor-heading-title elementor-size-default\">Na\u010drtovanje<\/h1>\t\t\t\t<\/div>\n\t\t\t\t<\/div>\n\t\t\t\t<div class=\"elementor-element elementor-element-60eb146 shadepro-sticky-no elementor-widget elementor-widget-text-editor\" data-id=\"60eb146\" data-element_type=\"widget\" data-e-type=\"widget\" data-settings=\"{&quot;shadepro_sticky&quot;:&quot;no&quot;}\" data-widget_type=\"text-editor.default\">\n\t\t\t\t<div class=\"elementor-widget-container\">\n\t\t\t\t\t\t\t\t\t<p>Programska oprema za profesionalno na\u010drtovanje sestankov &#8211; Upravljajte poslovne in zasebne sestanke s pritiskom na gumb.<\/p>\t\t\t\t\t\t\t\t<\/div>\n\t\t\t\t<\/div>\n\t\t\t\t<section class=\"elementor-section elementor-inner-section elementor-element elementor-element-9d7f8cc elementor-section-boxed elementor-section-height-default elementor-section-height-default shadepro-adv-gradient-no shadepro-sticky-no\" data-id=\"9d7f8cc\" data-element_type=\"section\" data-e-type=\"section\" data-settings=\"{&quot;shadepro_sticky&quot;:&quot;no&quot;}\">\n\t\t\t\t\t\t<div class=\"elementor-container elementor-column-gap-default\">\n\t\t\t\t\t<div class=\"elementor-column elementor-col-100 elementor-inner-column elementor-element elementor-element-574f115\" data-id=\"574f115\" data-element_type=\"column\" data-e-type=\"column\">\n\t\t\t<div class=\"elementor-widget-wrap elementor-element-populated\">\n\t\t\t\t\t\t<div class=\"elementor-element elementor-element-0618079 shadepro-sticky-no elementor-widget elementor-widget-text-editor\" data-id=\"0618079\" data-element_type=\"widget\" data-e-type=\"widget\" data-settings=\"{&quot;shadepro_sticky&quot;:&quot;no&quot;}\" data-widget_type=\"text-editor.default\">\n\t\t\t\t<div class=\"elementor-widget-container\">\n\t\t\t\t\t\t\t\t\t<h3>Programska oprema za na\u010drtovanje urnika &#8211; Vsi dogodki na enem mestu<\/h3><p>Programska oprema za na\u010drtovanje sestankov 1Tool vklju\u010duje pregleden koledar, s katerim lahko centralno upravljate vse sestanke in dogodke v zbirki podatkov. Intuitivne funkcije spletnega razporejanja terminov vam pomagajo pri uspe\u0161ni organizaciji in usklajevanju poizvedb, sestankov in konferenc. Zahvaljujo\u010d programski opremi za na\u010drtovanje sestankov v oblaku lahko tudi osebje na terenu kadar koli evidentira svoje sestanke prek pametnega telefona ali tabli\u010dnega ra\u010dunalnika.  <\/p><p> <\/p><h3>Orodje za na\u010drtovanje sestankov za pametni telefon in tabli\u010dni ra\u010dunalnik<\/h3><p>Orodje za na\u010drtovanje sestankov 1Tool podpira program Caldav, kar pomeni, da se va\u0161i sestanki samodejno sinhronizirajo v osebnih napravah. To pomeni, da lahko na\u010drtovanje sestankov uspe\u0161no upravljate tudi kot prodajni predstavnik. Sinhronizacija na\u010drtovanja sestankov je na voljo za naslednje naprave:  <\/p><ul><li>Apple iPad<\/li><li>Apple iCal<\/li><li>Apple iPhone<\/li><li>Mozilla Sunbird<\/li><li>Pametni telefoni z operacijskim sistemom Android<\/li><\/ul><p>Sinhronizacija poteka v realnem \u010dasu, kar pomeni, da ko v koledar 1Tool vnesete nove sestanke, jih takoj najdete v svoji osebni napravi. Z va\u0161imi osebnimi napravami lahko sinhroniziramo tudi razli\u010dne koledarje, na primer koledar programa Outlook. <\/p><p> <\/p><h4>Izkori\u0161\u010danje terminov zaradi u\u010dinkovitega upravljanja terminov<\/h4><p>S preglednim na\u010drtovalnikom sestankov v programu 1Tool imate vedno pregled nad dogodki in prostimi zmogljivostmi. U\u010dinkovito upravljanje sestankov vam pomaga uskladiti zasebne in poslovne sestanke ter olaj\u0161a tudi notranje sodelovanje v podjetju s sodelavci in zaposlenimi. V digitalnem na\u010drtovalniku sestankov v programu 1Tool lahko s pritiskom na gumb ustvarite razli\u010dne kategorije koledarja in vrste sestankov. Zahvaljujo\u010d razli\u010dnim barvam jih lahko v pregledu upravljanja sestankov takoj lo\u010dite. Glede na pooblastila so va\u0161i sestanki vidni tudi drugim zaposlenim &#8211; razlikujete lahko med pooblastili za branje in pisanje. In obratno, tudi vi imate dostop do upravljanja sestankov drugih uporabnikov, takoj ko z vami delijo svoj koledar.     <\/p><p>Poleg tega ima programska oprema 1Tool za na\u010drtovanje sestankov u\u010dinkovito funkcijo upravljanja udele\u017eencev, vklju\u010dno z opomniki. To pomeni, da va\u0161e stranke samodejno prejmejo opomnik po e-po\u0161ti pred dogovorjenim sre\u010danjem. Neaktivni \u010dasi in pozabljeni sestanki so tako stvar preteklosti &#8211; 1Tool zagotavlja popolno izkori\u0161\u010denost terminov.  <\/p><p><em>V na\u0161em priro\u010dniku preberite, kako nastaviti <strong><a href=\"https:\/\/www.1tool.com\/manual\/synchronisation\/caldav-integration\/\" target=\"_blank\" rel=\"noreferrer noopener\">integracijo CalDAV<\/a><\/strong>.<\/em><\/p>\t\t\t\t\t\t\t\t<\/div>\n\t\t\t\t<\/div>\n\t\t\t\t\t<\/div>\n\t\t<\/div>\n\t\t\t\t\t<\/div>\n\t\t<\/section>\n\t\t\t\t\t<\/div>\n\t\t<\/div>\n\t\t\t\t\t<\/div>\n\t\t<\/section>\n\t\t\t\t<\/div>\n\t\t","protected":false},"excerpt":{"rendered":"<p>Na\u010drtovanje Programska oprema za profesionalno na\u010drtovanje sestankov &#8211; Upravljajte poslovne in zasebne sestanke s pritiskom na gumb. Programska oprema za na\u010drtovanje urnika &#8211; Vsi dogodki na enem mestu Programska oprema za na\u010drtovanje sestankov 1Tool vklju\u010duje pregleden koledar, s katerim lahko centralno upravljate vse sestanke in dogodke v zbirki podatkov. Intuitivne funkcije spletnega razporejanja terminov vam [&hellip;]<\/p>\n","protected":false},"author":1,"featured_media":0,"parent":72697,"menu_order":0,"comment_status":"closed","ping_status":"closed","template":"","meta":{"inline_featured_image":false,"footnotes":""},"class_list":["post-72558","page","type-page","status-publish","hentry"],"acf":[],"yoast_head":"<!-- This site is optimized with the Yoast SEO plugin v27.5 - https:\/\/yoast.com\/product\/yoast-seo-wordpress\/ -->\n<title>Na\u010drtovanje - 1Tool<\/title>\n<meta name=\"robots\" content=\"index, follow, max-snippet:-1, max-image-preview:large, max-video-preview:-1\" \/>\n<link rel=\"canonical\" href=\"https:\/\/www.1tool.com\/sl\/moduli\/organizacija-in-storitve\/koledar\/funkcije-koledarskega-modula\/nacrtovanje\/\" \/>\n<meta property=\"og:locale\" content=\"sl_SI\" \/>\n<meta property=\"og:type\" content=\"article\" \/>\n<meta property=\"og:title\" content=\"Na\u010drtovanje - 1Tool\" \/>\n<meta property=\"og:description\" content=\"Na\u010drtovanje Programska oprema za profesionalno na\u010drtovanje sestankov &#8211; Upravljajte poslovne in zasebne sestanke s pritiskom na gumb. Programska oprema za na\u010drtovanje urnika &#8211; Vsi dogodki na enem mestu Programska oprema za na\u010drtovanje sestankov 1Tool vklju\u010duje pregleden koledar, s katerim lahko centralno upravljate vse sestanke in dogodke v zbirki podatkov. Intuitivne funkcije spletnega razporejanja terminov vam [&hellip;]\" \/>\n<meta property=\"og:url\" content=\"https:\/\/www.1tool.com\/sl\/moduli\/organizacija-in-storitve\/koledar\/funkcije-koledarskega-modula\/nacrtovanje\/\" \/>\n<meta property=\"og:site_name\" content=\"1Tool\" \/>\n<meta property=\"article:modified_time\" content=\"2026-04-30T14:37:20+00:00\" \/>\n<meta name=\"twitter:card\" content=\"summary_large_image\" \/>\n<meta name=\"twitter:label1\" content=\"Est. reading time\" \/>\n\t<meta name=\"twitter:data1\" content=\"2 minuti\" \/>\n<script type=\"application\/ld+json\" class=\"yoast-schema-graph\">{\"@context\":\"https:\\\/\\\/schema.org\",\"@graph\":[{\"@type\":\"WebPage\",\"@id\":\"https:\\\/\\\/www.1tool.com\\\/sl\\\/moduli\\\/organizacija-in-storitve\\\/koledar\\\/funkcije-koledarskega-modula\\\/nacrtovanje\\\/\",\"url\":\"https:\\\/\\\/www.1tool.com\\\/sl\\\/moduli\\\/organizacija-in-storitve\\\/koledar\\\/funkcije-koledarskega-modula\\\/nacrtovanje\\\/\",\"name\":\"Na\u010drtovanje - 1Tool\",\"isPartOf\":{\"@id\":\"https:\\\/\\\/www.1tool.com\\\/sl\\\/#website\"},\"datePublished\":\"2022-03-30T13:02:12+00:00\",\"dateModified\":\"2026-04-30T14:37:20+00:00\",\"breadcrumb\":{\"@id\":\"https:\\\/\\\/www.1tool.com\\\/sl\\\/moduli\\\/organizacija-in-storitve\\\/koledar\\\/funkcije-koledarskega-modula\\\/nacrtovanje\\\/#breadcrumb\"},\"inLanguage\":\"sl-SI\",\"potentialAction\":[{\"@type\":\"ReadAction\",\"target\":[\"https:\\\/\\\/www.1tool.com\\\/sl\\\/moduli\\\/organizacija-in-storitve\\\/koledar\\\/funkcije-koledarskega-modula\\\/nacrtovanje\\\/\"]}]},{\"@type\":\"BreadcrumbList\",\"@id\":\"https:\\\/\\\/www.1tool.com\\\/sl\\\/moduli\\\/organizacija-in-storitve\\\/koledar\\\/funkcije-koledarskega-modula\\\/nacrtovanje\\\/#breadcrumb\",\"itemListElement\":[{\"@type\":\"ListItem\",\"position\":1,\"name\":\"Home\",\"item\":\"https:\\\/\\\/www.1tool.com\\\/sl\\\/\"},{\"@type\":\"ListItem\",\"position\":2,\"name\":\"Moduli\",\"item\":\"https:\\\/\\\/www.1tool.com\\\/sl\\\/module\\\/\"},{\"@type\":\"ListItem\",\"position\":3,\"name\":\"Organizacija in storitve\",\"item\":\"https:\\\/\\\/www.1tool.com\\\/sl\\\/moduli\\\/organizacija-in-storitve\\\/\"},{\"@type\":\"ListItem\",\"position\":4,\"name\":\"Koledar\",\"item\":\"https:\\\/\\\/www.1tool.com\\\/sl\\\/moduli\\\/organizacija-in-storitve\\\/koledar\\\/\"},{\"@type\":\"ListItem\",\"position\":5,\"name\":\"Funkcije koledarskega modula\",\"item\":\"https:\\\/\\\/www.1tool.com\\\/sl\\\/moduli\\\/organizacija-in-storitve\\\/koledar\\\/funkcije-koledarskega-modula\\\/\"},{\"@type\":\"ListItem\",\"position\":6,\"name\":\"Na\u010drtovanje\"}]},{\"@type\":\"WebSite\",\"@id\":\"https:\\\/\\\/www.1tool.com\\\/sl\\\/#website\",\"url\":\"https:\\\/\\\/www.1tool.com\\\/sl\\\/\",\"name\":\"1Tool\",\"description\":\"CRM\",\"publisher\":{\"@id\":\"https:\\\/\\\/www.1tool.com\\\/sl\\\/#organization\"},\"potentialAction\":[{\"@type\":\"SearchAction\",\"target\":{\"@type\":\"EntryPoint\",\"urlTemplate\":\"https:\\\/\\\/www.1tool.com\\\/sl\\\/?s={search_term_string}\"},\"query-input\":{\"@type\":\"PropertyValueSpecification\",\"valueRequired\":true,\"valueName\":\"search_term_string\"}}],\"inLanguage\":\"sl-SI\"},{\"@type\":\"Organization\",\"@id\":\"https:\\\/\\\/www.1tool.com\\\/sl\\\/#organization\",\"name\":\"1Tool\",\"url\":\"https:\\\/\\\/www.1tool.com\\\/sl\\\/\",\"logo\":{\"@type\":\"ImageObject\",\"inLanguage\":\"sl-SI\",\"@id\":\"https:\\\/\\\/www.1tool.com\\\/sl\\\/#\\\/schema\\\/logo\\\/image\\\/\",\"url\":\"https:\\\/\\\/www.1tool.com\\\/wp-content\\\/uploads\\\/2022\\\/04\\\/1tool-1.png\",\"contentUrl\":\"https:\\\/\\\/www.1tool.com\\\/wp-content\\\/uploads\\\/2022\\\/04\\\/1tool-1.png\",\"width\":400,\"height\":150,\"caption\":\"1Tool\"},\"image\":{\"@id\":\"https:\\\/\\\/www.1tool.com\\\/sl\\\/#\\\/schema\\\/logo\\\/image\\\/\"}}]}<\/script>\n<!-- \/ Yoast SEO plugin. -->","yoast_head_json":{"title":"Na\u010drtovanje - 1Tool","robots":{"index":"index","follow":"follow","max-snippet":"max-snippet:-1","max-image-preview":"max-image-preview:large","max-video-preview":"max-video-preview:-1"},"canonical":"https:\/\/www.1tool.com\/sl\/moduli\/organizacija-in-storitve\/koledar\/funkcije-koledarskega-modula\/nacrtovanje\/","og_locale":"sl_SI","og_type":"article","og_title":"Na\u010drtovanje - 1Tool","og_description":"Na\u010drtovanje Programska oprema za profesionalno na\u010drtovanje sestankov &#8211; Upravljajte poslovne in zasebne sestanke s pritiskom na gumb. Programska oprema za na\u010drtovanje urnika &#8211; Vsi dogodki na enem mestu Programska oprema za na\u010drtovanje sestankov 1Tool vklju\u010duje pregleden koledar, s katerim lahko centralno upravljate vse sestanke in dogodke v zbirki podatkov. Intuitivne funkcije spletnega razporejanja terminov vam [&hellip;]","og_url":"https:\/\/www.1tool.com\/sl\/moduli\/organizacija-in-storitve\/koledar\/funkcije-koledarskega-modula\/nacrtovanje\/","og_site_name":"1Tool","article_modified_time":"2026-04-30T14:37:20+00:00","twitter_card":"summary_large_image","twitter_misc":{"Est. reading time":"2 minuti"},"schema":{"@context":"https:\/\/schema.org","@graph":[{"@type":"WebPage","@id":"https:\/\/www.1tool.com\/sl\/moduli\/organizacija-in-storitve\/koledar\/funkcije-koledarskega-modula\/nacrtovanje\/","url":"https:\/\/www.1tool.com\/sl\/moduli\/organizacija-in-storitve\/koledar\/funkcije-koledarskega-modula\/nacrtovanje\/","name":"Na\u010drtovanje - 1Tool","isPartOf":{"@id":"https:\/\/www.1tool.com\/sl\/#website"},"datePublished":"2022-03-30T13:02:12+00:00","dateModified":"2026-04-30T14:37:20+00:00","breadcrumb":{"@id":"https:\/\/www.1tool.com\/sl\/moduli\/organizacija-in-storitve\/koledar\/funkcije-koledarskega-modula\/nacrtovanje\/#breadcrumb"},"inLanguage":"sl-SI","potentialAction":[{"@type":"ReadAction","target":["https:\/\/www.1tool.com\/sl\/moduli\/organizacija-in-storitve\/koledar\/funkcije-koledarskega-modula\/nacrtovanje\/"]}]},{"@type":"BreadcrumbList","@id":"https:\/\/www.1tool.com\/sl\/moduli\/organizacija-in-storitve\/koledar\/funkcije-koledarskega-modula\/nacrtovanje\/#breadcrumb","itemListElement":[{"@type":"ListItem","position":1,"name":"Home","item":"https:\/\/www.1tool.com\/sl\/"},{"@type":"ListItem","position":2,"name":"Moduli","item":"https:\/\/www.1tool.com\/sl\/module\/"},{"@type":"ListItem","position":3,"name":"Organizacija in storitve","item":"https:\/\/www.1tool.com\/sl\/moduli\/organizacija-in-storitve\/"},{"@type":"ListItem","position":4,"name":"Koledar","item":"https:\/\/www.1tool.com\/sl\/moduli\/organizacija-in-storitve\/koledar\/"},{"@type":"ListItem","position":5,"name":"Funkcije koledarskega modula","item":"https:\/\/www.1tool.com\/sl\/moduli\/organizacija-in-storitve\/koledar\/funkcije-koledarskega-modula\/"},{"@type":"ListItem","position":6,"name":"Na\u010drtovanje"}]},{"@type":"WebSite","@id":"https:\/\/www.1tool.com\/sl\/#website","url":"https:\/\/www.1tool.com\/sl\/","name":"1Tool","description":"CRM","publisher":{"@id":"https:\/\/www.1tool.com\/sl\/#organization"},"potentialAction":[{"@type":"SearchAction","target":{"@type":"EntryPoint","urlTemplate":"https:\/\/www.1tool.com\/sl\/?s={search_term_string}"},"query-input":{"@type":"PropertyValueSpecification","valueRequired":true,"valueName":"search_term_string"}}],"inLanguage":"sl-SI"},{"@type":"Organization","@id":"https:\/\/www.1tool.com\/sl\/#organization","name":"1Tool","url":"https:\/\/www.1tool.com\/sl\/","logo":{"@type":"ImageObject","inLanguage":"sl-SI","@id":"https:\/\/www.1tool.com\/sl\/#\/schema\/logo\/image\/","url":"https:\/\/www.1tool.com\/wp-content\/uploads\/2022\/04\/1tool-1.png","contentUrl":"https:\/\/www.1tool.com\/wp-content\/uploads\/2022\/04\/1tool-1.png","width":400,"height":150,"caption":"1Tool"},"image":{"@id":"https:\/\/www.1tool.com\/sl\/#\/schema\/logo\/image\/"}}]}},"_links":{"self":[{"href":"https:\/\/www.1tool.com\/sl\/wp-json\/wp\/v2\/pages\/72558","targetHints":{"allow":["GET"]}}],"collection":[{"href":"https:\/\/www.1tool.com\/sl\/wp-json\/wp\/v2\/pages"}],"about":[{"href":"https:\/\/www.1tool.com\/sl\/wp-json\/wp\/v2\/types\/page"}],"author":[{"embeddable":true,"href":"https:\/\/www.1tool.com\/sl\/wp-json\/wp\/v2\/users\/1"}],"replies":[{"embeddable":true,"href":"https:\/\/www.1tool.com\/sl\/wp-json\/wp\/v2\/comments?post=72558"}],"version-history":[{"count":1,"href":"https:\/\/www.1tool.com\/sl\/wp-json\/wp\/v2\/pages\/72558\/revisions"}],"predecessor-version":[{"id":72560,"href":"https:\/\/www.1tool.com\/sl\/wp-json\/wp\/v2\/pages\/72558\/revisions\/72560"}],"up":[{"embeddable":true,"href":"https:\/\/www.1tool.com\/sl\/wp-json\/wp\/v2\/pages\/72697"}],"wp:attachment":[{"href":"https:\/\/www.1tool.com\/sl\/wp-json\/wp\/v2\/media?parent=72558"}],"curies":[{"name":"wp","href":"https:\/\/api.w.org\/{rel}","templated":true}]}}