{"id":72559,"date":"2022-03-30T14:52:24","date_gmt":"2022-03-30T12:52:24","guid":{"rendered":"https:\/\/www.1tool.com\/pregled-nalog\/"},"modified":"2026-04-30T16:37:16","modified_gmt":"2026-04-30T14:37:16","slug":"pregled-nalog","status":"publish","type":"page","link":"https:\/\/www.1tool.com\/sl\/moduli\/organizacija-in-storitve\/naloge\/funkcije-modul-naloge\/pregled-nalog\/","title":{"rendered":"Pregled nalog"},"content":{"rendered":"\t\t<div data-elementor-type=\"wp-page\" data-elementor-id=\"72559\" class=\"elementor elementor-72559 elementor-49207\" data-elementor-post-type=\"page\">\n\t\t\t\t\t\t<section class=\"elementor-section elementor-top-section elementor-element elementor-element-551a6fc elementor-section-boxed elementor-section-height-default elementor-section-height-default shadepro-adv-gradient-no shadepro-sticky-no\" data-id=\"551a6fc\" data-element_type=\"section\" data-e-type=\"section\" data-settings=\"{&quot;shadepro_sticky&quot;:&quot;no&quot;}\">\n\t\t\t\t\t\t<div class=\"elementor-container elementor-column-gap-default\">\n\t\t\t\t\t<div class=\"elementor-column elementor-col-100 elementor-top-column elementor-element elementor-element-4df2dc3\" data-id=\"4df2dc3\" data-element_type=\"column\" data-e-type=\"column\">\n\t\t\t<div class=\"elementor-widget-wrap elementor-element-populated\">\n\t\t\t\t\t\t<div class=\"elementor-element elementor-element-2d67326 shadepro-sticky-no elementor-widget elementor-widget-heading\" data-id=\"2d67326\" data-element_type=\"widget\" data-e-type=\"widget\" data-settings=\"{&quot;shadepro_sticky&quot;:&quot;no&quot;}\" data-widget_type=\"heading.default\">\n\t\t\t\t<div class=\"elementor-widget-container\">\n\t\t\t\t\t<h1 class=\"elementor-heading-title elementor-size-default\">Pregled nalog<\/h1>\t\t\t\t<\/div>\n\t\t\t\t<\/div>\n\t\t\t\t<div class=\"elementor-element elementor-element-340654a shadepro-sticky-no elementor-widget elementor-widget-text-editor\" data-id=\"340654a\" data-element_type=\"widget\" data-e-type=\"widget\" data-settings=\"{&quot;shadepro_sticky&quot;:&quot;no&quot;}\" data-widget_type=\"text-editor.default\">\n\t\t\t\t<div class=\"elementor-widget-container\">\n\t\t\t\t\t\t\t\t\t<p>Spremljajte pomembne naloge in dolo\u010dite prednostne naloge.<\/p>\t\t\t\t\t\t\t\t<\/div>\n\t\t\t\t<\/div>\n\t\t\t\t<section class=\"elementor-section elementor-inner-section elementor-element elementor-element-3d21384 elementor-section-boxed elementor-section-height-default elementor-section-height-default shadepro-adv-gradient-no shadepro-sticky-no\" data-id=\"3d21384\" data-element_type=\"section\" data-e-type=\"section\" data-settings=\"{&quot;shadepro_sticky&quot;:&quot;no&quot;}\">\n\t\t\t\t\t\t<div class=\"elementor-container elementor-column-gap-default\">\n\t\t\t\t\t<div class=\"elementor-column elementor-col-100 elementor-inner-column elementor-element elementor-element-5b4d88a\" data-id=\"5b4d88a\" data-element_type=\"column\" data-e-type=\"column\">\n\t\t\t<div class=\"elementor-widget-wrap elementor-element-populated\">\n\t\t\t\t\t\t<div class=\"elementor-element elementor-element-e5ff330 shadepro-sticky-no elementor-widget elementor-widget-text-editor\" data-id=\"e5ff330\" data-element_type=\"widget\" data-e-type=\"widget\" data-settings=\"{&quot;shadepro_sticky&quot;:&quot;no&quot;}\" data-widget_type=\"text-editor.default\">\n\t\t\t\t<div class=\"elementor-widget-container\">\n\t\t\t\t\t\t\t\t\t<h3>Nadzorna plo\u0161\u010da z nalogami<\/h3><p>Na nadzorni plo\u0161\u010di nalog so jasno navedene va\u0161e naloge in vam omogo\u010dajo jasen pregled nad doslej porabljenimi delovnimi urami, napredkom naloge in kon\u010dnim rokom. Z orodjem 1Tool lahko optimalno na\u010drtujete in organizirate svoje vsakodnevno poslovanje. <\/p><h4>Kategorije nalog<\/h4><ul><li>Danes<br>Stvari, ki so na vrhu va\u0161ega seznama opravil. Naloge, ki so zapadle v pla\u010dilo, se samodejno odlo\u010dijo tukaj. <\/li><li>Naslednje<br>Naloge, ki se jih boste lotili takoj, ko bodo opravljene naloge &#8220;Danes&#8221;.<\/li><li>Na\u010drtovano<br>\u010ce \u017eelite delo za\u010deti \u0161ele v dolo\u010denem trenutku, ga vpi\u0161ite pod &#8220;Na\u010drtovano&#8221;.<\/li><li>Sometime<br>&#8220;Sometime&#8221; je kategorija za delo, ki ga \u017eelite opraviti, ko imate veliko \u010dasa.<\/li><\/ul><p>Na datum roka se naloga samodejno premakne v kategorijo &#8220;Danes&#8221;, tako da boste opomnjeni, da morate nalogo opraviti pravo\u010dasno.<\/p><h3>Pregled nalog<\/h3><p>Naloge zaposlenih so prikazane v pregledu nalog. S filtri lahko izberete zaposlenega, ki so mu naloge dodeljene, in status naloge. Za iskanje v besedilu naloge se lahko uporabi tudi iskalno polje. Vsako nalogo je mogo\u010de obdelati z enim klikom.   <\/p><p><em>Ve\u010d informacij o pregledu opravil najdete v na\u0161em priro\u010dniku <a href=\"https:\/\/www.1tool.com\/manual\/aufgabenverwaltung-2\/aufgaben-uebersicht\/\" target=\"_blank\" rel=\"noreferrer noopener\">.<\/a> <\/em><\/p><div class=\"wp-block-spacer\" aria-hidden=\"true\"> <\/div><h3>Pogled podrobnosti opravila<\/h3><p>Opis opravila je prikazan v podrobnem pogledu opravila. Vsak zaposleni ima tukaj mo\u017enost, da nalogi doda dodatne opombe in dokumente. <\/p><p><em>V na\u0161em priro\u010dniku boste izvedeli, katere informacije lahko najdete v <a href=\"https:\/\/www.1tool.com\/manual\/aufgabenverwaltung-2\/aufgabendetailansicht\/\" target=\"_blank\" rel=\"noreferrer noopener\">pogledu podrobnosti opravila <\/a>.<\/em><\/p><h3>Vodnik za naloge<\/h3><p>Oglejte si na\u0161 predstavitveni videoposnetek in ugotovite, kako z modulom za naloge optimizirati ustvarjanje in upravljanje nalog!<\/p>\t\t\t\t\t\t\t\t<\/div>\n\t\t\t\t<\/div>\n\t\t\t\t\t<\/div>\n\t\t<\/div>\n\t\t\t\t\t<\/div>\n\t\t<\/section>\n\t\t\t\t\t<\/div>\n\t\t<\/div>\n\t\t\t\t\t<\/div>\n\t\t<\/section>\n\t\t\t\t<\/div>\n\t\t","protected":false},"excerpt":{"rendered":"<p>Pregled nalog Spremljajte pomembne naloge in dolo\u010dite prednostne naloge. Nadzorna plo\u0161\u010da z nalogami Na nadzorni plo\u0161\u010di nalog so jasno navedene va\u0161e naloge in vam omogo\u010dajo jasen pregled nad doslej porabljenimi delovnimi urami, napredkom naloge in kon\u010dnim rokom. Z orodjem 1Tool lahko optimalno na\u010drtujete in organizirate svoje vsakodnevno poslovanje. Kategorije nalog DanesStvari, ki so na vrhu [&hellip;]<\/p>\n","protected":false},"author":1,"featured_media":0,"parent":72679,"menu_order":0,"comment_status":"closed","ping_status":"closed","template":"","meta":{"inline_featured_image":false,"footnotes":""},"class_list":["post-72559","page","type-page","status-publish","hentry"],"acf":[],"yoast_head":"<!-- This site is optimized with the Yoast SEO plugin v27.5 - https:\/\/yoast.com\/product\/yoast-seo-wordpress\/ -->\n<title>Pregled nalog - 1Tool<\/title>\n<meta name=\"robots\" content=\"index, follow, max-snippet:-1, max-image-preview:large, max-video-preview:-1\" \/>\n<link rel=\"canonical\" href=\"https:\/\/www.1tool.com\/sl\/moduli\/organizacija-in-storitve\/naloge\/funkcije-modul-naloge\/pregled-nalog\/\" \/>\n<meta property=\"og:locale\" content=\"sl_SI\" \/>\n<meta property=\"og:type\" content=\"article\" \/>\n<meta property=\"og:title\" content=\"Pregled nalog - 1Tool\" \/>\n<meta property=\"og:description\" content=\"Pregled nalog Spremljajte pomembne naloge in dolo\u010dite prednostne naloge. Nadzorna plo\u0161\u010da z nalogami Na nadzorni plo\u0161\u010di nalog so jasno navedene va\u0161e naloge in vam omogo\u010dajo jasen pregled nad doslej porabljenimi delovnimi urami, napredkom naloge in kon\u010dnim rokom. Z orodjem 1Tool lahko optimalno na\u010drtujete in organizirate svoje vsakodnevno poslovanje. Kategorije nalog DanesStvari, ki so na vrhu [&hellip;]\" \/>\n<meta property=\"og:url\" content=\"https:\/\/www.1tool.com\/sl\/moduli\/organizacija-in-storitve\/naloge\/funkcije-modul-naloge\/pregled-nalog\/\" \/>\n<meta property=\"og:site_name\" content=\"1Tool\" \/>\n<meta property=\"article:modified_time\" content=\"2026-04-30T14:37:16+00:00\" \/>\n<meta name=\"twitter:card\" content=\"summary_large_image\" \/>\n<meta name=\"twitter:label1\" content=\"Est. reading time\" \/>\n\t<meta name=\"twitter:data1\" content=\"1 minuta\" \/>\n<script type=\"application\/ld+json\" class=\"yoast-schema-graph\">{\"@context\":\"https:\\\/\\\/schema.org\",\"@graph\":[{\"@type\":\"WebPage\",\"@id\":\"https:\\\/\\\/www.1tool.com\\\/sl\\\/moduli\\\/organizacija-in-storitve\\\/naloge\\\/funkcije-modul-naloge\\\/pregled-nalog\\\/\",\"url\":\"https:\\\/\\\/www.1tool.com\\\/sl\\\/moduli\\\/organizacija-in-storitve\\\/naloge\\\/funkcije-modul-naloge\\\/pregled-nalog\\\/\",\"name\":\"Pregled nalog - 1Tool\",\"isPartOf\":{\"@id\":\"https:\\\/\\\/www.1tool.com\\\/sl\\\/#website\"},\"datePublished\":\"2022-03-30T12:52:24+00:00\",\"dateModified\":\"2026-04-30T14:37:16+00:00\",\"breadcrumb\":{\"@id\":\"https:\\\/\\\/www.1tool.com\\\/sl\\\/moduli\\\/organizacija-in-storitve\\\/naloge\\\/funkcije-modul-naloge\\\/pregled-nalog\\\/#breadcrumb\"},\"inLanguage\":\"sl-SI\",\"potentialAction\":[{\"@type\":\"ReadAction\",\"target\":[\"https:\\\/\\\/www.1tool.com\\\/sl\\\/moduli\\\/organizacija-in-storitve\\\/naloge\\\/funkcije-modul-naloge\\\/pregled-nalog\\\/\"]}]},{\"@type\":\"BreadcrumbList\",\"@id\":\"https:\\\/\\\/www.1tool.com\\\/sl\\\/moduli\\\/organizacija-in-storitve\\\/naloge\\\/funkcije-modul-naloge\\\/pregled-nalog\\\/#breadcrumb\",\"itemListElement\":[{\"@type\":\"ListItem\",\"position\":1,\"name\":\"Home\",\"item\":\"https:\\\/\\\/www.1tool.com\\\/sl\\\/\"},{\"@type\":\"ListItem\",\"position\":2,\"name\":\"Moduli\",\"item\":\"https:\\\/\\\/www.1tool.com\\\/sl\\\/module\\\/\"},{\"@type\":\"ListItem\",\"position\":3,\"name\":\"Organizacija in storitve\",\"item\":\"https:\\\/\\\/www.1tool.com\\\/sl\\\/moduli\\\/organizacija-in-storitve\\\/\"},{\"@type\":\"ListItem\",\"position\":4,\"name\":\"Naloge\",\"item\":\"https:\\\/\\\/www.1tool.com\\\/sl\\\/moduli\\\/organizacija-in-storitve\\\/naloge\\\/\"},{\"@type\":\"ListItem\",\"position\":5,\"name\":\"Funkcije Modul Naloge\",\"item\":\"https:\\\/\\\/www.1tool.com\\\/sl\\\/moduli\\\/organizacija-in-storitve\\\/naloge\\\/funkcije-modul-naloge\\\/\"},{\"@type\":\"ListItem\",\"position\":6,\"name\":\"Pregled nalog\"}]},{\"@type\":\"WebSite\",\"@id\":\"https:\\\/\\\/www.1tool.com\\\/sl\\\/#website\",\"url\":\"https:\\\/\\\/www.1tool.com\\\/sl\\\/\",\"name\":\"1Tool\",\"description\":\"CRM\",\"publisher\":{\"@id\":\"https:\\\/\\\/www.1tool.com\\\/sl\\\/#organization\"},\"potentialAction\":[{\"@type\":\"SearchAction\",\"target\":{\"@type\":\"EntryPoint\",\"urlTemplate\":\"https:\\\/\\\/www.1tool.com\\\/sl\\\/?s={search_term_string}\"},\"query-input\":{\"@type\":\"PropertyValueSpecification\",\"valueRequired\":true,\"valueName\":\"search_term_string\"}}],\"inLanguage\":\"sl-SI\"},{\"@type\":\"Organization\",\"@id\":\"https:\\\/\\\/www.1tool.com\\\/sl\\\/#organization\",\"name\":\"1Tool\",\"url\":\"https:\\\/\\\/www.1tool.com\\\/sl\\\/\",\"logo\":{\"@type\":\"ImageObject\",\"inLanguage\":\"sl-SI\",\"@id\":\"https:\\\/\\\/www.1tool.com\\\/sl\\\/#\\\/schema\\\/logo\\\/image\\\/\",\"url\":\"https:\\\/\\\/www.1tool.com\\\/wp-content\\\/uploads\\\/2022\\\/04\\\/1tool-1.png\",\"contentUrl\":\"https:\\\/\\\/www.1tool.com\\\/wp-content\\\/uploads\\\/2022\\\/04\\\/1tool-1.png\",\"width\":400,\"height\":150,\"caption\":\"1Tool\"},\"image\":{\"@id\":\"https:\\\/\\\/www.1tool.com\\\/sl\\\/#\\\/schema\\\/logo\\\/image\\\/\"}}]}<\/script>\n<!-- \/ Yoast SEO plugin. -->","yoast_head_json":{"title":"Pregled nalog - 1Tool","robots":{"index":"index","follow":"follow","max-snippet":"max-snippet:-1","max-image-preview":"max-image-preview:large","max-video-preview":"max-video-preview:-1"},"canonical":"https:\/\/www.1tool.com\/sl\/moduli\/organizacija-in-storitve\/naloge\/funkcije-modul-naloge\/pregled-nalog\/","og_locale":"sl_SI","og_type":"article","og_title":"Pregled nalog - 1Tool","og_description":"Pregled nalog Spremljajte pomembne naloge in dolo\u010dite prednostne naloge. Nadzorna plo\u0161\u010da z nalogami Na nadzorni plo\u0161\u010di nalog so jasno navedene va\u0161e naloge in vam omogo\u010dajo jasen pregled nad doslej porabljenimi delovnimi urami, napredkom naloge in kon\u010dnim rokom. Z orodjem 1Tool lahko optimalno na\u010drtujete in organizirate svoje vsakodnevno poslovanje. Kategorije nalog DanesStvari, ki so na vrhu [&hellip;]","og_url":"https:\/\/www.1tool.com\/sl\/moduli\/organizacija-in-storitve\/naloge\/funkcije-modul-naloge\/pregled-nalog\/","og_site_name":"1Tool","article_modified_time":"2026-04-30T14:37:16+00:00","twitter_card":"summary_large_image","twitter_misc":{"Est. reading time":"1 minuta"},"schema":{"@context":"https:\/\/schema.org","@graph":[{"@type":"WebPage","@id":"https:\/\/www.1tool.com\/sl\/moduli\/organizacija-in-storitve\/naloge\/funkcije-modul-naloge\/pregled-nalog\/","url":"https:\/\/www.1tool.com\/sl\/moduli\/organizacija-in-storitve\/naloge\/funkcije-modul-naloge\/pregled-nalog\/","name":"Pregled nalog - 1Tool","isPartOf":{"@id":"https:\/\/www.1tool.com\/sl\/#website"},"datePublished":"2022-03-30T12:52:24+00:00","dateModified":"2026-04-30T14:37:16+00:00","breadcrumb":{"@id":"https:\/\/www.1tool.com\/sl\/moduli\/organizacija-in-storitve\/naloge\/funkcije-modul-naloge\/pregled-nalog\/#breadcrumb"},"inLanguage":"sl-SI","potentialAction":[{"@type":"ReadAction","target":["https:\/\/www.1tool.com\/sl\/moduli\/organizacija-in-storitve\/naloge\/funkcije-modul-naloge\/pregled-nalog\/"]}]},{"@type":"BreadcrumbList","@id":"https:\/\/www.1tool.com\/sl\/moduli\/organizacija-in-storitve\/naloge\/funkcije-modul-naloge\/pregled-nalog\/#breadcrumb","itemListElement":[{"@type":"ListItem","position":1,"name":"Home","item":"https:\/\/www.1tool.com\/sl\/"},{"@type":"ListItem","position":2,"name":"Moduli","item":"https:\/\/www.1tool.com\/sl\/module\/"},{"@type":"ListItem","position":3,"name":"Organizacija in storitve","item":"https:\/\/www.1tool.com\/sl\/moduli\/organizacija-in-storitve\/"},{"@type":"ListItem","position":4,"name":"Naloge","item":"https:\/\/www.1tool.com\/sl\/moduli\/organizacija-in-storitve\/naloge\/"},{"@type":"ListItem","position":5,"name":"Funkcije Modul Naloge","item":"https:\/\/www.1tool.com\/sl\/moduli\/organizacija-in-storitve\/naloge\/funkcije-modul-naloge\/"},{"@type":"ListItem","position":6,"name":"Pregled nalog"}]},{"@type":"WebSite","@id":"https:\/\/www.1tool.com\/sl\/#website","url":"https:\/\/www.1tool.com\/sl\/","name":"1Tool","description":"CRM","publisher":{"@id":"https:\/\/www.1tool.com\/sl\/#organization"},"potentialAction":[{"@type":"SearchAction","target":{"@type":"EntryPoint","urlTemplate":"https:\/\/www.1tool.com\/sl\/?s={search_term_string}"},"query-input":{"@type":"PropertyValueSpecification","valueRequired":true,"valueName":"search_term_string"}}],"inLanguage":"sl-SI"},{"@type":"Organization","@id":"https:\/\/www.1tool.com\/sl\/#organization","name":"1Tool","url":"https:\/\/www.1tool.com\/sl\/","logo":{"@type":"ImageObject","inLanguage":"sl-SI","@id":"https:\/\/www.1tool.com\/sl\/#\/schema\/logo\/image\/","url":"https:\/\/www.1tool.com\/wp-content\/uploads\/2022\/04\/1tool-1.png","contentUrl":"https:\/\/www.1tool.com\/wp-content\/uploads\/2022\/04\/1tool-1.png","width":400,"height":150,"caption":"1Tool"},"image":{"@id":"https:\/\/www.1tool.com\/sl\/#\/schema\/logo\/image\/"}}]}},"_links":{"self":[{"href":"https:\/\/www.1tool.com\/sl\/wp-json\/wp\/v2\/pages\/72559","targetHints":{"allow":["GET"]}}],"collection":[{"href":"https:\/\/www.1tool.com\/sl\/wp-json\/wp\/v2\/pages"}],"about":[{"href":"https:\/\/www.1tool.com\/sl\/wp-json\/wp\/v2\/types\/page"}],"author":[{"embeddable":true,"href":"https:\/\/www.1tool.com\/sl\/wp-json\/wp\/v2\/users\/1"}],"replies":[{"embeddable":true,"href":"https:\/\/www.1tool.com\/sl\/wp-json\/wp\/v2\/comments?post=72559"}],"version-history":[{"count":1,"href":"https:\/\/www.1tool.com\/sl\/wp-json\/wp\/v2\/pages\/72559\/revisions"}],"predecessor-version":[{"id":72561,"href":"https:\/\/www.1tool.com\/sl\/wp-json\/wp\/v2\/pages\/72559\/revisions\/72561"}],"up":[{"embeddable":true,"href":"https:\/\/www.1tool.com\/sl\/wp-json\/wp\/v2\/pages\/72679"}],"wp:attachment":[{"href":"https:\/\/www.1tool.com\/sl\/wp-json\/wp\/v2\/media?parent=72559"}],"curies":[{"name":"wp","href":"https:\/\/api.w.org\/{rel}","templated":true}]}}