{"id":72562,"date":"2022-03-30T15:00:05","date_gmt":"2022-03-30T13:00:05","guid":{"rendered":"https:\/\/www.1tool.com\/nacrtovanje-obiska\/"},"modified":"2026-04-30T16:37:20","modified_gmt":"2026-04-30T14:37:20","slug":"nacrtovanje-obiska","status":"publish","type":"page","link":"https:\/\/www.1tool.com\/sl\/moduli\/organizacija-in-storitve\/koledar\/funkcije-koledarskega-modula\/nacrtovanje-obiska\/","title":{"rendered":"Na\u010drtovanje obiska"},"content":{"rendered":"\t\t<div data-elementor-type=\"wp-page\" data-elementor-id=\"72562\" class=\"elementor elementor-72562 elementor-49258\" data-elementor-post-type=\"page\">\n\t\t\t\t\t\t<section class=\"elementor-section elementor-top-section elementor-element elementor-element-a4920be elementor-section-boxed elementor-section-height-default elementor-section-height-default shadepro-adv-gradient-no shadepro-sticky-no\" data-id=\"a4920be\" data-element_type=\"section\" data-e-type=\"section\" data-settings=\"{&quot;shadepro_sticky&quot;:&quot;no&quot;}\">\n\t\t\t\t\t\t<div class=\"elementor-container elementor-column-gap-default\">\n\t\t\t\t\t<div class=\"elementor-column elementor-col-100 elementor-top-column elementor-element elementor-element-d7626a1\" data-id=\"d7626a1\" data-element_type=\"column\" data-e-type=\"column\">\n\t\t\t<div class=\"elementor-widget-wrap elementor-element-populated\">\n\t\t\t\t\t\t<div class=\"elementor-element elementor-element-a08b73a shadepro-sticky-no elementor-widget elementor-widget-heading\" data-id=\"a08b73a\" data-element_type=\"widget\" data-e-type=\"widget\" data-settings=\"{&quot;shadepro_sticky&quot;:&quot;no&quot;}\" data-widget_type=\"heading.default\">\n\t\t\t\t<div class=\"elementor-widget-container\">\n\t\t\t\t\t<h1 class=\"elementor-heading-title elementor-size-default\">Na\u010drtovanje obiska<\/h1>\t\t\t\t<\/div>\n\t\t\t\t<\/div>\n\t\t\t\t<div class=\"elementor-element elementor-element-c7836d6 shadepro-sticky-no elementor-widget elementor-widget-text-editor\" data-id=\"c7836d6\" data-element_type=\"widget\" data-e-type=\"widget\" data-settings=\"{&quot;shadepro_sticky&quot;:&quot;no&quot;}\" data-widget_type=\"text-editor.default\">\n\t\t\t\t<div class=\"elementor-widget-container\">\n\t\t\t\t\t\t\t\t\t<p>1Tool &#8211; Programska oprema CRM za uspe\u0161no spletno na\u010drtovanje obiskov na podro\u010dju storitev na terenu<\/p>\t\t\t\t\t\t\t\t<\/div>\n\t\t\t\t<\/div>\n\t\t\t\t<section class=\"elementor-section elementor-inner-section elementor-element elementor-element-3eecf8b elementor-section-boxed elementor-section-height-default elementor-section-height-default shadepro-adv-gradient-no shadepro-sticky-no\" data-id=\"3eecf8b\" data-element_type=\"section\" data-e-type=\"section\" data-settings=\"{&quot;shadepro_sticky&quot;:&quot;no&quot;}\">\n\t\t\t\t\t\t<div class=\"elementor-container elementor-column-gap-default\">\n\t\t\t\t\t<div class=\"elementor-column elementor-col-100 elementor-inner-column elementor-element elementor-element-cb0b766\" data-id=\"cb0b766\" data-element_type=\"column\" data-e-type=\"column\">\n\t\t\t<div class=\"elementor-widget-wrap elementor-element-populated\">\n\t\t\t\t\t\t<div class=\"elementor-element elementor-element-387c559 shadepro-sticky-no elementor-widget elementor-widget-text-editor\" data-id=\"387c559\" data-element_type=\"widget\" data-e-type=\"widget\" data-settings=\"{&quot;shadepro_sticky&quot;:&quot;no&quot;}\" data-widget_type=\"text-editor.default\">\n\t\t\t\t<div class=\"elementor-widget-container\">\n\t\t\t\t\t\t\t\t\t<h3>Programska oprema za na\u010drtovanje obiskov in upravljanje storitev na terenu<\/h3><p>Prodajna programska oprema 1Tool ima \u0161tevilne funkcije za optimizacijo na\u010drtovanja obiskov strank in sestankov. Koristi vam preglednost podro\u010dij delovanja, natan\u010dno na\u010drtovanje \u010dasa in ob\u010duten prihranek kilometrov. Prav tako se lahko izognete zamujenim obiskom na strani strank in dose\u017eete visoko stopnjo upo\u0161tevanja sestankov s strankami. Z na\u0161im profesionalnim na\u010drtovanjem obiskov iz programa 1Tool vam ponujamo celovito orodje, s katerim lahko optimizirate svoje prodajne dejavnosti, ki ustrezajo celotni strukturi va\u0161e prodajne slu\u017ebe.   <\/p><div class=\"wp-block-spacer\" aria-hidden=\"true\"> <\/div><h3>U\u010dinkovito na\u010drtovanje sestankov in ogledov<\/h3><p>Za optimalno na\u010drtovanje obiskov in prodajnih sestankov vam 1Tool ponuja integriran zemljevid kontaktov. Na tem zemljevidu so vizualizirani podatki o na\u010drtovanju obiskov in stikov, tako da lahko samodejno organizira va\u0161e obiske pri strankah. Zemljevid GoogleMaps je neposredno povezan z va\u0161im upravljanjem stikov in se ustvarja dinami\u010dno. To pomeni, da podatkov GPS ni treba vna\u0161ati ro\u010dno, saj se va\u0161i stiki samodejno prika\u017eejo na zemljevidu stikov na podlagi shranjenih podatkov o naslovu (ulica, hi\u0161na \u0161tevilka, po\u0161tna \u0161tevilka, mesto itd.).   <\/p><p> <\/p><h4>Na\u010drtovanje obiska z iskanjem bli\u017eine v orodju 1Tool (pot)<\/h4><p>Z namenskim iskanjem po radiju ali radiju poti imate vedno pregled nad regijo, v kateri se nahajajo va\u0161e stranke, partnerji ali dobavitelji. Vsak stik je na zemljevidu stikov 1Tool prikazan kot posamezna to\u010dka, kar vam omogo\u010da natan\u010dno na\u010drtovanje prodajnih potovanj. <\/p><p><strong>Na\u010drtovanje obiska v orodju 1Tool poteka takole: <\/strong>izberete \u017eelene skupine stikov za prodajno pot (npr. stranke, stranke A, partnerji itd.) in nato dolo\u010dite dolo\u010deno lokacijo ali dolo\u010deno pot od to\u010dke A do to\u010dke B. S polmerom dolo\u010dite natan\u010den polmer, v katerem naj bodo va\u0161i stiki prikazani na zemljevidu. S pritiskom na gumb zemljevid prika\u017ee, koliko va\u0161ih stikov je v bli\u017eini, tako da lahko jasno dolo\u010dite najkraj\u0161o in najbolj\u0161o pot za obisk strank. <\/p><p>Izognite se nepotrebnim potem z na\u010drtovanjem obiskov v orodju 1Tool in ustvarite optimalno pot za svoje prodajne sestanke &#8211; s tem ne samo prihranite pomemben \u010das, temve\u010d lahko z bolj\u0161o pripravo na sestanke tudi znatno optimizirate upravljanje odnosov s strankami.<\/p>\t\t\t\t\t\t\t\t<\/div>\n\t\t\t\t<\/div>\n\t\t\t\t\t<\/div>\n\t\t<\/div>\n\t\t\t\t\t<\/div>\n\t\t<\/section>\n\t\t\t\t\t<\/div>\n\t\t<\/div>\n\t\t\t\t\t<\/div>\n\t\t<\/section>\n\t\t\t\t<\/div>\n\t\t","protected":false},"excerpt":{"rendered":"<p>Na\u010drtovanje obiska 1Tool &#8211; Programska oprema CRM za uspe\u0161no spletno na\u010drtovanje obiskov na podro\u010dju storitev na terenu Programska oprema za na\u010drtovanje obiskov in upravljanje storitev na terenu Prodajna programska oprema 1Tool ima \u0161tevilne funkcije za optimizacijo na\u010drtovanja obiskov strank in sestankov. Koristi vam preglednost podro\u010dij delovanja, natan\u010dno na\u010drtovanje \u010dasa in ob\u010duten prihranek kilometrov. Prav tako [&hellip;]<\/p>\n","protected":false},"author":1,"featured_media":0,"parent":72697,"menu_order":0,"comment_status":"closed","ping_status":"closed","template":"","meta":{"inline_featured_image":false,"footnotes":""},"class_list":["post-72562","page","type-page","status-publish","hentry"],"acf":[],"yoast_head":"<!-- This site is optimized with the Yoast SEO plugin v27.5 - https:\/\/yoast.com\/product\/yoast-seo-wordpress\/ -->\n<title>Na\u010drtovanje obiska - 1Tool<\/title>\n<meta name=\"robots\" content=\"index, follow, max-snippet:-1, max-image-preview:large, max-video-preview:-1\" \/>\n<link rel=\"canonical\" href=\"https:\/\/www.1tool.com\/sl\/moduli\/organizacija-in-storitve\/koledar\/funkcije-koledarskega-modula\/nacrtovanje-obiska\/\" \/>\n<meta property=\"og:locale\" content=\"sl_SI\" \/>\n<meta property=\"og:type\" content=\"article\" \/>\n<meta property=\"og:title\" content=\"Na\u010drtovanje obiska - 1Tool\" \/>\n<meta property=\"og:description\" content=\"Na\u010drtovanje obiska 1Tool &#8211; Programska oprema CRM za uspe\u0161no spletno na\u010drtovanje obiskov na podro\u010dju storitev na terenu Programska oprema za na\u010drtovanje obiskov in upravljanje storitev na terenu Prodajna programska oprema 1Tool ima \u0161tevilne funkcije za optimizacijo na\u010drtovanja obiskov strank in sestankov. Koristi vam preglednost podro\u010dij delovanja, natan\u010dno na\u010drtovanje \u010dasa in ob\u010duten prihranek kilometrov. Prav tako [&hellip;]\" \/>\n<meta property=\"og:url\" content=\"https:\/\/www.1tool.com\/sl\/moduli\/organizacija-in-storitve\/koledar\/funkcije-koledarskega-modula\/nacrtovanje-obiska\/\" \/>\n<meta property=\"og:site_name\" content=\"1Tool\" \/>\n<meta property=\"article:modified_time\" content=\"2026-04-30T14:37:20+00:00\" \/>\n<meta name=\"twitter:card\" content=\"summary_large_image\" \/>\n<meta name=\"twitter:label1\" content=\"Est. reading time\" \/>\n\t<meta name=\"twitter:data1\" content=\"2 minuti\" \/>\n<script type=\"application\/ld+json\" class=\"yoast-schema-graph\">{\"@context\":\"https:\\\/\\\/schema.org\",\"@graph\":[{\"@type\":\"WebPage\",\"@id\":\"https:\\\/\\\/www.1tool.com\\\/sl\\\/moduli\\\/organizacija-in-storitve\\\/koledar\\\/funkcije-koledarskega-modula\\\/nacrtovanje-obiska\\\/\",\"url\":\"https:\\\/\\\/www.1tool.com\\\/sl\\\/moduli\\\/organizacija-in-storitve\\\/koledar\\\/funkcije-koledarskega-modula\\\/nacrtovanje-obiska\\\/\",\"name\":\"Na\u010drtovanje obiska - 1Tool\",\"isPartOf\":{\"@id\":\"https:\\\/\\\/www.1tool.com\\\/sl\\\/#website\"},\"datePublished\":\"2022-03-30T13:00:05+00:00\",\"dateModified\":\"2026-04-30T14:37:20+00:00\",\"breadcrumb\":{\"@id\":\"https:\\\/\\\/www.1tool.com\\\/sl\\\/moduli\\\/organizacija-in-storitve\\\/koledar\\\/funkcije-koledarskega-modula\\\/nacrtovanje-obiska\\\/#breadcrumb\"},\"inLanguage\":\"sl-SI\",\"potentialAction\":[{\"@type\":\"ReadAction\",\"target\":[\"https:\\\/\\\/www.1tool.com\\\/sl\\\/moduli\\\/organizacija-in-storitve\\\/koledar\\\/funkcije-koledarskega-modula\\\/nacrtovanje-obiska\\\/\"]}]},{\"@type\":\"BreadcrumbList\",\"@id\":\"https:\\\/\\\/www.1tool.com\\\/sl\\\/moduli\\\/organizacija-in-storitve\\\/koledar\\\/funkcije-koledarskega-modula\\\/nacrtovanje-obiska\\\/#breadcrumb\",\"itemListElement\":[{\"@type\":\"ListItem\",\"position\":1,\"name\":\"Home\",\"item\":\"https:\\\/\\\/www.1tool.com\\\/sl\\\/\"},{\"@type\":\"ListItem\",\"position\":2,\"name\":\"Moduli\",\"item\":\"https:\\\/\\\/www.1tool.com\\\/sl\\\/module\\\/\"},{\"@type\":\"ListItem\",\"position\":3,\"name\":\"Organizacija in storitve\",\"item\":\"https:\\\/\\\/www.1tool.com\\\/sl\\\/moduli\\\/organizacija-in-storitve\\\/\"},{\"@type\":\"ListItem\",\"position\":4,\"name\":\"Koledar\",\"item\":\"https:\\\/\\\/www.1tool.com\\\/sl\\\/moduli\\\/organizacija-in-storitve\\\/koledar\\\/\"},{\"@type\":\"ListItem\",\"position\":5,\"name\":\"Funkcije koledarskega modula\",\"item\":\"https:\\\/\\\/www.1tool.com\\\/sl\\\/moduli\\\/organizacija-in-storitve\\\/koledar\\\/funkcije-koledarskega-modula\\\/\"},{\"@type\":\"ListItem\",\"position\":6,\"name\":\"Na\u010drtovanje obiska\"}]},{\"@type\":\"WebSite\",\"@id\":\"https:\\\/\\\/www.1tool.com\\\/sl\\\/#website\",\"url\":\"https:\\\/\\\/www.1tool.com\\\/sl\\\/\",\"name\":\"1Tool\",\"description\":\"CRM\",\"publisher\":{\"@id\":\"https:\\\/\\\/www.1tool.com\\\/sl\\\/#organization\"},\"potentialAction\":[{\"@type\":\"SearchAction\",\"target\":{\"@type\":\"EntryPoint\",\"urlTemplate\":\"https:\\\/\\\/www.1tool.com\\\/sl\\\/?s={search_term_string}\"},\"query-input\":{\"@type\":\"PropertyValueSpecification\",\"valueRequired\":true,\"valueName\":\"search_term_string\"}}],\"inLanguage\":\"sl-SI\"},{\"@type\":\"Organization\",\"@id\":\"https:\\\/\\\/www.1tool.com\\\/sl\\\/#organization\",\"name\":\"1Tool\",\"url\":\"https:\\\/\\\/www.1tool.com\\\/sl\\\/\",\"logo\":{\"@type\":\"ImageObject\",\"inLanguage\":\"sl-SI\",\"@id\":\"https:\\\/\\\/www.1tool.com\\\/sl\\\/#\\\/schema\\\/logo\\\/image\\\/\",\"url\":\"https:\\\/\\\/www.1tool.com\\\/wp-content\\\/uploads\\\/2022\\\/04\\\/1tool-1.png\",\"contentUrl\":\"https:\\\/\\\/www.1tool.com\\\/wp-content\\\/uploads\\\/2022\\\/04\\\/1tool-1.png\",\"width\":400,\"height\":150,\"caption\":\"1Tool\"},\"image\":{\"@id\":\"https:\\\/\\\/www.1tool.com\\\/sl\\\/#\\\/schema\\\/logo\\\/image\\\/\"}}]}<\/script>\n<!-- \/ Yoast SEO plugin. -->","yoast_head_json":{"title":"Na\u010drtovanje obiska - 1Tool","robots":{"index":"index","follow":"follow","max-snippet":"max-snippet:-1","max-image-preview":"max-image-preview:large","max-video-preview":"max-video-preview:-1"},"canonical":"https:\/\/www.1tool.com\/sl\/moduli\/organizacija-in-storitve\/koledar\/funkcije-koledarskega-modula\/nacrtovanje-obiska\/","og_locale":"sl_SI","og_type":"article","og_title":"Na\u010drtovanje obiska - 1Tool","og_description":"Na\u010drtovanje obiska 1Tool &#8211; Programska oprema CRM za uspe\u0161no spletno na\u010drtovanje obiskov na podro\u010dju storitev na terenu Programska oprema za na\u010drtovanje obiskov in upravljanje storitev na terenu Prodajna programska oprema 1Tool ima \u0161tevilne funkcije za optimizacijo na\u010drtovanja obiskov strank in sestankov. Koristi vam preglednost podro\u010dij delovanja, natan\u010dno na\u010drtovanje \u010dasa in ob\u010duten prihranek kilometrov. Prav tako [&hellip;]","og_url":"https:\/\/www.1tool.com\/sl\/moduli\/organizacija-in-storitve\/koledar\/funkcije-koledarskega-modula\/nacrtovanje-obiska\/","og_site_name":"1Tool","article_modified_time":"2026-04-30T14:37:20+00:00","twitter_card":"summary_large_image","twitter_misc":{"Est. reading time":"2 minuti"},"schema":{"@context":"https:\/\/schema.org","@graph":[{"@type":"WebPage","@id":"https:\/\/www.1tool.com\/sl\/moduli\/organizacija-in-storitve\/koledar\/funkcije-koledarskega-modula\/nacrtovanje-obiska\/","url":"https:\/\/www.1tool.com\/sl\/moduli\/organizacija-in-storitve\/koledar\/funkcije-koledarskega-modula\/nacrtovanje-obiska\/","name":"Na\u010drtovanje obiska - 1Tool","isPartOf":{"@id":"https:\/\/www.1tool.com\/sl\/#website"},"datePublished":"2022-03-30T13:00:05+00:00","dateModified":"2026-04-30T14:37:20+00:00","breadcrumb":{"@id":"https:\/\/www.1tool.com\/sl\/moduli\/organizacija-in-storitve\/koledar\/funkcije-koledarskega-modula\/nacrtovanje-obiska\/#breadcrumb"},"inLanguage":"sl-SI","potentialAction":[{"@type":"ReadAction","target":["https:\/\/www.1tool.com\/sl\/moduli\/organizacija-in-storitve\/koledar\/funkcije-koledarskega-modula\/nacrtovanje-obiska\/"]}]},{"@type":"BreadcrumbList","@id":"https:\/\/www.1tool.com\/sl\/moduli\/organizacija-in-storitve\/koledar\/funkcije-koledarskega-modula\/nacrtovanje-obiska\/#breadcrumb","itemListElement":[{"@type":"ListItem","position":1,"name":"Home","item":"https:\/\/www.1tool.com\/sl\/"},{"@type":"ListItem","position":2,"name":"Moduli","item":"https:\/\/www.1tool.com\/sl\/module\/"},{"@type":"ListItem","position":3,"name":"Organizacija in storitve","item":"https:\/\/www.1tool.com\/sl\/moduli\/organizacija-in-storitve\/"},{"@type":"ListItem","position":4,"name":"Koledar","item":"https:\/\/www.1tool.com\/sl\/moduli\/organizacija-in-storitve\/koledar\/"},{"@type":"ListItem","position":5,"name":"Funkcije koledarskega modula","item":"https:\/\/www.1tool.com\/sl\/moduli\/organizacija-in-storitve\/koledar\/funkcije-koledarskega-modula\/"},{"@type":"ListItem","position":6,"name":"Na\u010drtovanje obiska"}]},{"@type":"WebSite","@id":"https:\/\/www.1tool.com\/sl\/#website","url":"https:\/\/www.1tool.com\/sl\/","name":"1Tool","description":"CRM","publisher":{"@id":"https:\/\/www.1tool.com\/sl\/#organization"},"potentialAction":[{"@type":"SearchAction","target":{"@type":"EntryPoint","urlTemplate":"https:\/\/www.1tool.com\/sl\/?s={search_term_string}"},"query-input":{"@type":"PropertyValueSpecification","valueRequired":true,"valueName":"search_term_string"}}],"inLanguage":"sl-SI"},{"@type":"Organization","@id":"https:\/\/www.1tool.com\/sl\/#organization","name":"1Tool","url":"https:\/\/www.1tool.com\/sl\/","logo":{"@type":"ImageObject","inLanguage":"sl-SI","@id":"https:\/\/www.1tool.com\/sl\/#\/schema\/logo\/image\/","url":"https:\/\/www.1tool.com\/wp-content\/uploads\/2022\/04\/1tool-1.png","contentUrl":"https:\/\/www.1tool.com\/wp-content\/uploads\/2022\/04\/1tool-1.png","width":400,"height":150,"caption":"1Tool"},"image":{"@id":"https:\/\/www.1tool.com\/sl\/#\/schema\/logo\/image\/"}}]}},"_links":{"self":[{"href":"https:\/\/www.1tool.com\/sl\/wp-json\/wp\/v2\/pages\/72562","targetHints":{"allow":["GET"]}}],"collection":[{"href":"https:\/\/www.1tool.com\/sl\/wp-json\/wp\/v2\/pages"}],"about":[{"href":"https:\/\/www.1tool.com\/sl\/wp-json\/wp\/v2\/types\/page"}],"author":[{"embeddable":true,"href":"https:\/\/www.1tool.com\/sl\/wp-json\/wp\/v2\/users\/1"}],"replies":[{"embeddable":true,"href":"https:\/\/www.1tool.com\/sl\/wp-json\/wp\/v2\/comments?post=72562"}],"version-history":[{"count":1,"href":"https:\/\/www.1tool.com\/sl\/wp-json\/wp\/v2\/pages\/72562\/revisions"}],"predecessor-version":[{"id":72564,"href":"https:\/\/www.1tool.com\/sl\/wp-json\/wp\/v2\/pages\/72562\/revisions\/72564"}],"up":[{"embeddable":true,"href":"https:\/\/www.1tool.com\/sl\/wp-json\/wp\/v2\/pages\/72697"}],"wp:attachment":[{"href":"https:\/\/www.1tool.com\/sl\/wp-json\/wp\/v2\/media?parent=72562"}],"curies":[{"name":"wp","href":"https:\/\/api.w.org\/{rel}","templated":true}]}}