{"id":72597,"date":"2022-03-30T14:32:40","date_gmt":"2022-03-30T12:32:40","guid":{"rendered":"https:\/\/www.1tool.com\/podrocja-uporabe-trzenja-sms\/"},"modified":"2026-04-30T16:37:22","modified_gmt":"2026-04-30T14:37:22","slug":"podrocja-uporabe-trzenja-sms","status":"publish","type":"page","link":"https:\/\/www.1tool.com\/sl\/moduli\/trzenje-in-prodaja\/sms\/funkcije-modula-sms\/podrocja-uporabe-trzenja-sms\/","title":{"rendered":"Podro\u010dja uporabe tr\u017eenja SMS"},"content":{"rendered":"\t\t<div data-elementor-type=\"wp-page\" data-elementor-id=\"72597\" class=\"elementor elementor-72597 elementor-49125\" data-elementor-post-type=\"page\">\n\t\t\t\t\t\t<section class=\"elementor-section elementor-top-section elementor-element elementor-element-235412e elementor-section-boxed elementor-section-height-default elementor-section-height-default shadepro-adv-gradient-no shadepro-sticky-no\" data-id=\"235412e\" data-element_type=\"section\" data-e-type=\"section\" data-settings=\"{&quot;shadepro_sticky&quot;:&quot;no&quot;}\">\n\t\t\t\t\t\t<div class=\"elementor-container elementor-column-gap-default\">\n\t\t\t\t\t<div class=\"elementor-column elementor-col-100 elementor-top-column elementor-element elementor-element-190a26c\" data-id=\"190a26c\" data-element_type=\"column\" data-e-type=\"column\">\n\t\t\t<div class=\"elementor-widget-wrap elementor-element-populated\">\n\t\t\t\t\t\t<div class=\"elementor-element elementor-element-1657845 shadepro-sticky-no elementor-widget elementor-widget-heading\" data-id=\"1657845\" data-element_type=\"widget\" data-e-type=\"widget\" data-settings=\"{&quot;shadepro_sticky&quot;:&quot;no&quot;}\" data-widget_type=\"heading.default\">\n\t\t\t\t<div class=\"elementor-widget-container\">\n\t\t\t\t\t<h1 class=\"elementor-heading-title elementor-size-default\">Podro\u010dja uporabe tr\u017eenja SMS<\/h1>\t\t\t\t<\/div>\n\t\t\t\t<\/div>\n\t\t\t\t<div class=\"elementor-element elementor-element-2290725 shadepro-sticky-no elementor-widget elementor-widget-text-editor\" data-id=\"2290725\" data-element_type=\"widget\" data-e-type=\"widget\" data-settings=\"{&quot;shadepro_sticky&quot;:&quot;no&quot;}\" data-widget_type=\"text-editor.default\">\n\t\t\t\t<div class=\"elementor-widget-container\">\n\t\t\t\t\t\t\t\t\t<p>Tr\u017eenje SMS je primerno za vse vrste organizacij in panog. 1Tool vam ponuja ve\u010d na\u010dinov za idealno uporabo tega tr\u017eenjskega instrumenta za va\u0161e podjetje. <\/p>\t\t\t\t\t\t\t\t<\/div>\n\t\t\t\t<\/div>\n\t\t\t\t<section class=\"elementor-section elementor-inner-section elementor-element elementor-element-26fc022 elementor-section-boxed elementor-section-height-default elementor-section-height-default shadepro-adv-gradient-no shadepro-sticky-no\" data-id=\"26fc022\" data-element_type=\"section\" data-e-type=\"section\" data-settings=\"{&quot;shadepro_sticky&quot;:&quot;no&quot;}\">\n\t\t\t\t\t\t<div class=\"elementor-container elementor-column-gap-default\">\n\t\t\t\t\t<div class=\"elementor-column elementor-col-100 elementor-inner-column elementor-element elementor-element-9ddc5b3\" data-id=\"9ddc5b3\" data-element_type=\"column\" data-e-type=\"column\">\n\t\t\t<div class=\"elementor-widget-wrap elementor-element-populated\">\n\t\t\t\t\t\t<div class=\"elementor-element elementor-element-cbade0e shadepro-sticky-no elementor-widget elementor-widget-text-editor\" data-id=\"cbade0e\" data-element_type=\"widget\" data-e-type=\"widget\" data-settings=\"{&quot;shadepro_sticky&quot;:&quot;no&quot;}\" data-widget_type=\"text-editor.default\">\n\t\t\t\t<div class=\"elementor-widget-container\">\n\t\t\t\t\t\t\t\t\t<h3>1Tool vam ponuja vse mo\u017enosti za uporabo SMS za va\u0161 CRM.<\/h3>\n<h4 id=\"h-einsatzgebiete\">Podro\u010dja uporabe<\/h4>\nNe glede na to, ali ste turisti\u010dno zdru\u017eenje, hotel, gostilna, organizator koncerta, klub ali maloprodajno podjetje, lahko re\u0161itev SMS 1Tool v va\u0161em podjetju uporabite na razli\u010dne na\u010dine. S tem se ne pove\u010da le zadovoljstvo strank, temve\u010d tudi \u0161tevilo njihovih obiskov. \n<h4 id=\"h-ein-sms-letter-ist-die-ideale-l-sung\">Pismo SMS je idealna re\u0161itev<\/h4>\n<ul>\n \t<li>Za gostince in turisti\u010dna podjetja: stranke prejmejo va\u0161 meni za kosilo neposredno na svoj mobilni telefon (dnevno\/tedensko).<\/li>\n \t<li>Za organizatorje dogodkov, ob\u010dine in turisti\u010dne regije: Informacije o programu kina, aktualnih zanimivostih in dogodkih v okolici ter informacije o posebnih temah ali va\u0161i najljub\u0161i diskoteki dobite neposredno na svoj mobilni telefon.<\/li>\n \t<li>Za glasbene skupine, kulturne organizatorje: datumi koncertov, novice in trendi se lahko zelo hitro raz\u0161irijo.<\/li>\n \t<li>Za trgovce in trgovce na drobno: poudarki iz trenutne ponudbe izdelkov se neposredno in hitro po\u0161ljejo na mobilni telefon stranke.<\/li>\n \t<li>Osebno obve\u0161\u010danje stikov o novostih in dogodkih prek SMS-sporo\u010dil lahko preprosto upravljate in nadzorujete z orodjem 1Tool.<\/li>\n<\/ul>\t\t\t\t\t\t\t\t<\/div>\n\t\t\t\t<\/div>\n\t\t\t\t\t<\/div>\n\t\t<\/div>\n\t\t\t\t\t<\/div>\n\t\t<\/section>\n\t\t\t\t\t<\/div>\n\t\t<\/div>\n\t\t\t\t\t<\/div>\n\t\t<\/section>\n\t\t\t\t<\/div>\n\t\t","protected":false},"excerpt":{"rendered":"<p>Podro\u010dja uporabe tr\u017eenja SMS Tr\u017eenje SMS je primerno za vse vrste organizacij in panog. 1Tool vam ponuja ve\u010d na\u010dinov za idealno uporabo tega tr\u017eenjskega instrumenta za va\u0161e podjetje. 1Tool vam ponuja vse mo\u017enosti za uporabo SMS za va\u0161 CRM. Podro\u010dja uporabe Ne glede na to, ali ste turisti\u010dno zdru\u017eenje, hotel, gostilna, organizator koncerta, klub ali [&hellip;]<\/p>\n","protected":false},"author":1,"featured_media":0,"parent":72698,"menu_order":0,"comment_status":"closed","ping_status":"closed","template":"","meta":{"inline_featured_image":false,"footnotes":""},"class_list":["post-72597","page","type-page","status-publish","hentry"],"acf":[],"yoast_head":"<!-- This site is optimized with the Yoast SEO plugin v27.5 - https:\/\/yoast.com\/product\/yoast-seo-wordpress\/ -->\n<title>Podro\u010dja uporabe tr\u017eenja SMS - 1Tool<\/title>\n<meta name=\"robots\" content=\"index, follow, max-snippet:-1, max-image-preview:large, max-video-preview:-1\" \/>\n<link rel=\"canonical\" href=\"https:\/\/www.1tool.com\/sl\/moduli\/trzenje-in-prodaja\/sms\/funkcije-modula-sms\/podrocja-uporabe-trzenja-sms\/\" \/>\n<meta property=\"og:locale\" content=\"sl_SI\" \/>\n<meta property=\"og:type\" content=\"article\" \/>\n<meta property=\"og:title\" content=\"Podro\u010dja uporabe tr\u017eenja SMS - 1Tool\" \/>\n<meta property=\"og:description\" content=\"Podro\u010dja uporabe tr\u017eenja SMS Tr\u017eenje SMS je primerno za vse vrste organizacij in panog. 1Tool vam ponuja ve\u010d na\u010dinov za idealno uporabo tega tr\u017eenjskega instrumenta za va\u0161e podjetje. 1Tool vam ponuja vse mo\u017enosti za uporabo SMS za va\u0161 CRM. Podro\u010dja uporabe Ne glede na to, ali ste turisti\u010dno zdru\u017eenje, hotel, gostilna, organizator koncerta, klub ali [&hellip;]\" \/>\n<meta property=\"og:url\" content=\"https:\/\/www.1tool.com\/sl\/moduli\/trzenje-in-prodaja\/sms\/funkcije-modula-sms\/podrocja-uporabe-trzenja-sms\/\" \/>\n<meta property=\"og:site_name\" content=\"1Tool\" \/>\n<meta property=\"article:modified_time\" content=\"2026-04-30T14:37:22+00:00\" \/>\n<meta name=\"twitter:card\" content=\"summary_large_image\" \/>\n<meta name=\"twitter:label1\" content=\"Est. reading time\" \/>\n\t<meta name=\"twitter:data1\" content=\"1 minuta\" \/>\n<script type=\"application\/ld+json\" class=\"yoast-schema-graph\">{\"@context\":\"https:\\\/\\\/schema.org\",\"@graph\":[{\"@type\":\"WebPage\",\"@id\":\"https:\\\/\\\/www.1tool.com\\\/sl\\\/moduli\\\/trzenje-in-prodaja\\\/sms\\\/funkcije-modula-sms\\\/podrocja-uporabe-trzenja-sms\\\/\",\"url\":\"https:\\\/\\\/www.1tool.com\\\/sl\\\/moduli\\\/trzenje-in-prodaja\\\/sms\\\/funkcije-modula-sms\\\/podrocja-uporabe-trzenja-sms\\\/\",\"name\":\"Podro\u010dja uporabe tr\u017eenja SMS - 1Tool\",\"isPartOf\":{\"@id\":\"https:\\\/\\\/www.1tool.com\\\/sl\\\/#website\"},\"datePublished\":\"2022-03-30T12:32:40+00:00\",\"dateModified\":\"2026-04-30T14:37:22+00:00\",\"breadcrumb\":{\"@id\":\"https:\\\/\\\/www.1tool.com\\\/sl\\\/moduli\\\/trzenje-in-prodaja\\\/sms\\\/funkcije-modula-sms\\\/podrocja-uporabe-trzenja-sms\\\/#breadcrumb\"},\"inLanguage\":\"sl-SI\",\"potentialAction\":[{\"@type\":\"ReadAction\",\"target\":[\"https:\\\/\\\/www.1tool.com\\\/sl\\\/moduli\\\/trzenje-in-prodaja\\\/sms\\\/funkcije-modula-sms\\\/podrocja-uporabe-trzenja-sms\\\/\"]}]},{\"@type\":\"BreadcrumbList\",\"@id\":\"https:\\\/\\\/www.1tool.com\\\/sl\\\/moduli\\\/trzenje-in-prodaja\\\/sms\\\/funkcije-modula-sms\\\/podrocja-uporabe-trzenja-sms\\\/#breadcrumb\",\"itemListElement\":[{\"@type\":\"ListItem\",\"position\":1,\"name\":\"Home\",\"item\":\"https:\\\/\\\/www.1tool.com\\\/sl\\\/\"},{\"@type\":\"ListItem\",\"position\":2,\"name\":\"Moduli\",\"item\":\"https:\\\/\\\/www.1tool.com\\\/sl\\\/module\\\/\"},{\"@type\":\"ListItem\",\"position\":3,\"name\":\"Tr\u017eenje in prodaja\",\"item\":\"https:\\\/\\\/www.1tool.com\\\/sl\\\/moduli\\\/trzenje-in-prodaja\\\/\"},{\"@type\":\"ListItem\",\"position\":4,\"name\":\"SMS\",\"item\":\"https:\\\/\\\/www.1tool.com\\\/sl\\\/moduli\\\/trzenje-in-prodaja\\\/sms\\\/\"},{\"@type\":\"ListItem\",\"position\":5,\"name\":\"Funkcije modula SMS\",\"item\":\"https:\\\/\\\/www.1tool.com\\\/sl\\\/moduli\\\/trzenje-in-prodaja\\\/sms\\\/funkcije-modula-sms\\\/\"},{\"@type\":\"ListItem\",\"position\":6,\"name\":\"Podro\u010dja uporabe tr\u017eenja SMS\"}]},{\"@type\":\"WebSite\",\"@id\":\"https:\\\/\\\/www.1tool.com\\\/sl\\\/#website\",\"url\":\"https:\\\/\\\/www.1tool.com\\\/sl\\\/\",\"name\":\"1Tool\",\"description\":\"CRM\",\"publisher\":{\"@id\":\"https:\\\/\\\/www.1tool.com\\\/sl\\\/#organization\"},\"potentialAction\":[{\"@type\":\"SearchAction\",\"target\":{\"@type\":\"EntryPoint\",\"urlTemplate\":\"https:\\\/\\\/www.1tool.com\\\/sl\\\/?s={search_term_string}\"},\"query-input\":{\"@type\":\"PropertyValueSpecification\",\"valueRequired\":true,\"valueName\":\"search_term_string\"}}],\"inLanguage\":\"sl-SI\"},{\"@type\":\"Organization\",\"@id\":\"https:\\\/\\\/www.1tool.com\\\/sl\\\/#organization\",\"name\":\"1Tool\",\"url\":\"https:\\\/\\\/www.1tool.com\\\/sl\\\/\",\"logo\":{\"@type\":\"ImageObject\",\"inLanguage\":\"sl-SI\",\"@id\":\"https:\\\/\\\/www.1tool.com\\\/sl\\\/#\\\/schema\\\/logo\\\/image\\\/\",\"url\":\"https:\\\/\\\/www.1tool.com\\\/wp-content\\\/uploads\\\/2022\\\/04\\\/1tool-1.png\",\"contentUrl\":\"https:\\\/\\\/www.1tool.com\\\/wp-content\\\/uploads\\\/2022\\\/04\\\/1tool-1.png\",\"width\":400,\"height\":150,\"caption\":\"1Tool\"},\"image\":{\"@id\":\"https:\\\/\\\/www.1tool.com\\\/sl\\\/#\\\/schema\\\/logo\\\/image\\\/\"}}]}<\/script>\n<!-- \/ Yoast SEO plugin. -->","yoast_head_json":{"title":"Podro\u010dja uporabe tr\u017eenja SMS - 1Tool","robots":{"index":"index","follow":"follow","max-snippet":"max-snippet:-1","max-image-preview":"max-image-preview:large","max-video-preview":"max-video-preview:-1"},"canonical":"https:\/\/www.1tool.com\/sl\/moduli\/trzenje-in-prodaja\/sms\/funkcije-modula-sms\/podrocja-uporabe-trzenja-sms\/","og_locale":"sl_SI","og_type":"article","og_title":"Podro\u010dja uporabe tr\u017eenja SMS - 1Tool","og_description":"Podro\u010dja uporabe tr\u017eenja SMS Tr\u017eenje SMS je primerno za vse vrste organizacij in panog. 1Tool vam ponuja ve\u010d na\u010dinov za idealno uporabo tega tr\u017eenjskega instrumenta za va\u0161e podjetje. 1Tool vam ponuja vse mo\u017enosti za uporabo SMS za va\u0161 CRM. Podro\u010dja uporabe Ne glede na to, ali ste turisti\u010dno zdru\u017eenje, hotel, gostilna, organizator koncerta, klub ali [&hellip;]","og_url":"https:\/\/www.1tool.com\/sl\/moduli\/trzenje-in-prodaja\/sms\/funkcije-modula-sms\/podrocja-uporabe-trzenja-sms\/","og_site_name":"1Tool","article_modified_time":"2026-04-30T14:37:22+00:00","twitter_card":"summary_large_image","twitter_misc":{"Est. reading time":"1 minuta"},"schema":{"@context":"https:\/\/schema.org","@graph":[{"@type":"WebPage","@id":"https:\/\/www.1tool.com\/sl\/moduli\/trzenje-in-prodaja\/sms\/funkcije-modula-sms\/podrocja-uporabe-trzenja-sms\/","url":"https:\/\/www.1tool.com\/sl\/moduli\/trzenje-in-prodaja\/sms\/funkcije-modula-sms\/podrocja-uporabe-trzenja-sms\/","name":"Podro\u010dja uporabe tr\u017eenja SMS - 1Tool","isPartOf":{"@id":"https:\/\/www.1tool.com\/sl\/#website"},"datePublished":"2022-03-30T12:32:40+00:00","dateModified":"2026-04-30T14:37:22+00:00","breadcrumb":{"@id":"https:\/\/www.1tool.com\/sl\/moduli\/trzenje-in-prodaja\/sms\/funkcije-modula-sms\/podrocja-uporabe-trzenja-sms\/#breadcrumb"},"inLanguage":"sl-SI","potentialAction":[{"@type":"ReadAction","target":["https:\/\/www.1tool.com\/sl\/moduli\/trzenje-in-prodaja\/sms\/funkcije-modula-sms\/podrocja-uporabe-trzenja-sms\/"]}]},{"@type":"BreadcrumbList","@id":"https:\/\/www.1tool.com\/sl\/moduli\/trzenje-in-prodaja\/sms\/funkcije-modula-sms\/podrocja-uporabe-trzenja-sms\/#breadcrumb","itemListElement":[{"@type":"ListItem","position":1,"name":"Home","item":"https:\/\/www.1tool.com\/sl\/"},{"@type":"ListItem","position":2,"name":"Moduli","item":"https:\/\/www.1tool.com\/sl\/module\/"},{"@type":"ListItem","position":3,"name":"Tr\u017eenje in prodaja","item":"https:\/\/www.1tool.com\/sl\/moduli\/trzenje-in-prodaja\/"},{"@type":"ListItem","position":4,"name":"SMS","item":"https:\/\/www.1tool.com\/sl\/moduli\/trzenje-in-prodaja\/sms\/"},{"@type":"ListItem","position":5,"name":"Funkcije modula SMS","item":"https:\/\/www.1tool.com\/sl\/moduli\/trzenje-in-prodaja\/sms\/funkcije-modula-sms\/"},{"@type":"ListItem","position":6,"name":"Podro\u010dja uporabe tr\u017eenja SMS"}]},{"@type":"WebSite","@id":"https:\/\/www.1tool.com\/sl\/#website","url":"https:\/\/www.1tool.com\/sl\/","name":"1Tool","description":"CRM","publisher":{"@id":"https:\/\/www.1tool.com\/sl\/#organization"},"potentialAction":[{"@type":"SearchAction","target":{"@type":"EntryPoint","urlTemplate":"https:\/\/www.1tool.com\/sl\/?s={search_term_string}"},"query-input":{"@type":"PropertyValueSpecification","valueRequired":true,"valueName":"search_term_string"}}],"inLanguage":"sl-SI"},{"@type":"Organization","@id":"https:\/\/www.1tool.com\/sl\/#organization","name":"1Tool","url":"https:\/\/www.1tool.com\/sl\/","logo":{"@type":"ImageObject","inLanguage":"sl-SI","@id":"https:\/\/www.1tool.com\/sl\/#\/schema\/logo\/image\/","url":"https:\/\/www.1tool.com\/wp-content\/uploads\/2022\/04\/1tool-1.png","contentUrl":"https:\/\/www.1tool.com\/wp-content\/uploads\/2022\/04\/1tool-1.png","width":400,"height":150,"caption":"1Tool"},"image":{"@id":"https:\/\/www.1tool.com\/sl\/#\/schema\/logo\/image\/"}}]}},"_links":{"self":[{"href":"https:\/\/www.1tool.com\/sl\/wp-json\/wp\/v2\/pages\/72597","targetHints":{"allow":["GET"]}}],"collection":[{"href":"https:\/\/www.1tool.com\/sl\/wp-json\/wp\/v2\/pages"}],"about":[{"href":"https:\/\/www.1tool.com\/sl\/wp-json\/wp\/v2\/types\/page"}],"author":[{"embeddable":true,"href":"https:\/\/www.1tool.com\/sl\/wp-json\/wp\/v2\/users\/1"}],"replies":[{"embeddable":true,"href":"https:\/\/www.1tool.com\/sl\/wp-json\/wp\/v2\/comments?post=72597"}],"version-history":[{"count":1,"href":"https:\/\/www.1tool.com\/sl\/wp-json\/wp\/v2\/pages\/72597\/revisions"}],"predecessor-version":[{"id":72604,"href":"https:\/\/www.1tool.com\/sl\/wp-json\/wp\/v2\/pages\/72597\/revisions\/72604"}],"up":[{"embeddable":true,"href":"https:\/\/www.1tool.com\/sl\/wp-json\/wp\/v2\/pages\/72698"}],"wp:attachment":[{"href":"https:\/\/www.1tool.com\/sl\/wp-json\/wp\/v2\/media?parent=72597"}],"curies":[{"name":"wp","href":"https:\/\/api.w.org\/{rel}","templated":true}]}}