{"id":72613,"date":"2022-03-30T14:12:43","date_gmt":"2022-03-30T12:12:43","guid":{"rendered":"https:\/\/www.1tool.com\/spremljanje-konkurence\/"},"modified":"2026-04-30T16:37:24","modified_gmt":"2026-04-30T14:37:24","slug":"spremljanje-konkurence","status":"publish","type":"page","link":"https:\/\/www.1tool.com\/sl\/moduli\/trzenje-in-prodaja\/glasilo\/funkcije-modula-za-posiljanje-novic\/spremljanje-konkurence\/","title":{"rendered":"Spremljanje konkurence"},"content":{"rendered":"\t\t<div data-elementor-type=\"wp-page\" data-elementor-id=\"72613\" class=\"elementor elementor-72613 elementor-49052\" data-elementor-post-type=\"page\">\n\t\t\t\t\t\t<section class=\"elementor-section elementor-top-section elementor-element elementor-element-dc80cca elementor-section-boxed elementor-section-height-default elementor-section-height-default shadepro-adv-gradient-no shadepro-sticky-no\" data-id=\"dc80cca\" data-element_type=\"section\" data-e-type=\"section\" data-settings=\"{&quot;shadepro_sticky&quot;:&quot;no&quot;}\">\n\t\t\t\t\t\t<div class=\"elementor-container elementor-column-gap-default\">\n\t\t\t\t\t<div class=\"elementor-column elementor-col-100 elementor-top-column elementor-element elementor-element-4a8b155\" data-id=\"4a8b155\" data-element_type=\"column\" data-e-type=\"column\">\n\t\t\t<div class=\"elementor-widget-wrap elementor-element-populated\">\n\t\t\t\t\t\t<div class=\"elementor-element elementor-element-51efd38 shadepro-sticky-no elementor-widget elementor-widget-heading\" data-id=\"51efd38\" data-element_type=\"widget\" data-e-type=\"widget\" data-settings=\"{&quot;shadepro_sticky&quot;:&quot;no&quot;}\" data-widget_type=\"heading.default\">\n\t\t\t\t<div class=\"elementor-widget-container\">\n\t\t\t\t\t<h1 class=\"elementor-heading-title elementor-size-default\">Spremljanje konkurence<\/h1>\t\t\t\t<\/div>\n\t\t\t\t<\/div>\n\t\t\t\t<div class=\"elementor-element elementor-element-ed4e65e shadepro-sticky-no elementor-widget elementor-widget-text-editor\" data-id=\"ed4e65e\" data-element_type=\"widget\" data-e-type=\"widget\" data-settings=\"{&quot;shadepro_sticky&quot;:&quot;no&quot;}\" data-widget_type=\"text-editor.default\">\n\t\t\t\t<div class=\"elementor-widget-container\">\n\t\t\t\t\t\t\t\t\t<p>\u010ce \u017eelite biti poslovno uspe\u0161ni, morate ob\u010dasno razmi\u0161ljati izven okvirov. Z na\u0161im spremljanjem konkurence je to veliko la\u017eje. <\/p>\t\t\t\t\t\t\t\t<\/div>\n\t\t\t\t<\/div>\n\t\t\t\t<section class=\"elementor-section elementor-inner-section elementor-element elementor-element-1e8b094 elementor-section-boxed elementor-section-height-default elementor-section-height-default shadepro-adv-gradient-no shadepro-sticky-no\" data-id=\"1e8b094\" data-element_type=\"section\" data-e-type=\"section\" data-settings=\"{&quot;shadepro_sticky&quot;:&quot;no&quot;}\">\n\t\t\t\t\t\t<div class=\"elementor-container elementor-column-gap-default\">\n\t\t\t\t\t<div class=\"elementor-column elementor-col-100 elementor-inner-column elementor-element elementor-element-885b68f\" data-id=\"885b68f\" data-element_type=\"column\" data-e-type=\"column\">\n\t\t\t<div class=\"elementor-widget-wrap elementor-element-populated\">\n\t\t\t\t\t\t<div class=\"elementor-element elementor-element-3378a54 shadepro-sticky-no elementor-widget elementor-widget-text-editor\" data-id=\"3378a54\" data-element_type=\"widget\" data-e-type=\"widget\" data-settings=\"{&quot;shadepro_sticky&quot;:&quot;no&quot;}\" data-widget_type=\"text-editor.default\">\n\t\t\t\t<div class=\"elementor-widget-container\">\n\t\t\t\t\t\t\t\t\t<h3>Bodite konkuren\u010dni z orodjem 1Tool!<\/h3>\n<p>Za vas spremljamo spletna mesta va\u0161ih tekmecev in vas po e-po\u0161ti obvestimo takoj, ko pride do spremembe. To pomeni, da imate vedno pregled nad trenutnimi projekti, inovacijami izdelkov ali \u0161tevilom zaposlenih pri konkurentih. <\/p>\n<p>Preprosto nam sporo\u010dite spletne naslove, za katere \u017eelite, da jih spremljamo, pri \u010demer gre lahko za celotno spletno mesto ali le del spletnega mesta.<\/p>\t\t\t\t\t\t\t\t<\/div>\n\t\t\t\t<\/div>\n\t\t\t\t\t<\/div>\n\t\t<\/div>\n\t\t\t\t\t<\/div>\n\t\t<\/section>\n\t\t\t\t\t<\/div>\n\t\t<\/div>\n\t\t\t\t\t<\/div>\n\t\t<\/section>\n\t\t\t\t<\/div>\n\t\t","protected":false},"excerpt":{"rendered":"<p>Spremljanje konkurence \u010ce \u017eelite biti poslovno uspe\u0161ni, morate ob\u010dasno razmi\u0161ljati izven okvirov. Z na\u0161im spremljanjem konkurence je to veliko la\u017eje. Bodite konkuren\u010dni z orodjem 1Tool! Za vas spremljamo spletna mesta va\u0161ih tekmecev in vas po e-po\u0161ti obvestimo takoj, ko pride do spremembe. To pomeni, da imate vedno pregled nad trenutnimi projekti, inovacijami izdelkov ali \u0161tevilom [&hellip;]<\/p>\n","protected":false},"author":1,"featured_media":0,"parent":72704,"menu_order":0,"comment_status":"closed","ping_status":"closed","template":"","meta":{"inline_featured_image":false,"footnotes":""},"class_list":["post-72613","page","type-page","status-publish","hentry"],"acf":[],"yoast_head":"<!-- This site is optimized with the Yoast SEO plugin v27.5 - https:\/\/yoast.com\/product\/yoast-seo-wordpress\/ -->\n<title>Spremljanje konkurence - 1Tool<\/title>\n<meta name=\"robots\" content=\"index, follow, max-snippet:-1, max-image-preview:large, max-video-preview:-1\" \/>\n<link rel=\"canonical\" href=\"https:\/\/www.1tool.com\/sl\/moduli\/trzenje-in-prodaja\/glasilo\/funkcije-modula-za-posiljanje-novic\/spremljanje-konkurence\/\" \/>\n<meta property=\"og:locale\" content=\"sl_SI\" \/>\n<meta property=\"og:type\" content=\"article\" \/>\n<meta property=\"og:title\" content=\"Spremljanje konkurence - 1Tool\" \/>\n<meta property=\"og:description\" content=\"Spremljanje konkurence \u010ce \u017eelite biti poslovno uspe\u0161ni, morate ob\u010dasno razmi\u0161ljati izven okvirov. Z na\u0161im spremljanjem konkurence je to veliko la\u017eje. Bodite konkuren\u010dni z orodjem 1Tool! Za vas spremljamo spletna mesta va\u0161ih tekmecev in vas po e-po\u0161ti obvestimo takoj, ko pride do spremembe. To pomeni, da imate vedno pregled nad trenutnimi projekti, inovacijami izdelkov ali \u0161tevilom [&hellip;]\" \/>\n<meta property=\"og:url\" content=\"https:\/\/www.1tool.com\/sl\/moduli\/trzenje-in-prodaja\/glasilo\/funkcije-modula-za-posiljanje-novic\/spremljanje-konkurence\/\" \/>\n<meta property=\"og:site_name\" content=\"1Tool\" \/>\n<meta property=\"article:modified_time\" content=\"2026-04-30T14:37:24+00:00\" \/>\n<meta name=\"twitter:card\" content=\"summary_large_image\" \/>\n<script type=\"application\/ld+json\" class=\"yoast-schema-graph\">{\"@context\":\"https:\\\/\\\/schema.org\",\"@graph\":[{\"@type\":\"WebPage\",\"@id\":\"https:\\\/\\\/www.1tool.com\\\/sl\\\/moduli\\\/trzenje-in-prodaja\\\/glasilo\\\/funkcije-modula-za-posiljanje-novic\\\/spremljanje-konkurence\\\/\",\"url\":\"https:\\\/\\\/www.1tool.com\\\/sl\\\/moduli\\\/trzenje-in-prodaja\\\/glasilo\\\/funkcije-modula-za-posiljanje-novic\\\/spremljanje-konkurence\\\/\",\"name\":\"Spremljanje konkurence - 1Tool\",\"isPartOf\":{\"@id\":\"https:\\\/\\\/www.1tool.com\\\/sl\\\/#website\"},\"datePublished\":\"2022-03-30T12:12:43+00:00\",\"dateModified\":\"2026-04-30T14:37:24+00:00\",\"breadcrumb\":{\"@id\":\"https:\\\/\\\/www.1tool.com\\\/sl\\\/moduli\\\/trzenje-in-prodaja\\\/glasilo\\\/funkcije-modula-za-posiljanje-novic\\\/spremljanje-konkurence\\\/#breadcrumb\"},\"inLanguage\":\"sl-SI\",\"potentialAction\":[{\"@type\":\"ReadAction\",\"target\":[\"https:\\\/\\\/www.1tool.com\\\/sl\\\/moduli\\\/trzenje-in-prodaja\\\/glasilo\\\/funkcije-modula-za-posiljanje-novic\\\/spremljanje-konkurence\\\/\"]}]},{\"@type\":\"BreadcrumbList\",\"@id\":\"https:\\\/\\\/www.1tool.com\\\/sl\\\/moduli\\\/trzenje-in-prodaja\\\/glasilo\\\/funkcije-modula-za-posiljanje-novic\\\/spremljanje-konkurence\\\/#breadcrumb\",\"itemListElement\":[{\"@type\":\"ListItem\",\"position\":1,\"name\":\"Home\",\"item\":\"https:\\\/\\\/www.1tool.com\\\/sl\\\/\"},{\"@type\":\"ListItem\",\"position\":2,\"name\":\"Moduli\",\"item\":\"https:\\\/\\\/www.1tool.com\\\/sl\\\/module\\\/\"},{\"@type\":\"ListItem\",\"position\":3,\"name\":\"Tr\u017eenje in prodaja\",\"item\":\"https:\\\/\\\/www.1tool.com\\\/sl\\\/moduli\\\/trzenje-in-prodaja\\\/\"},{\"@type\":\"ListItem\",\"position\":4,\"name\":\"Glasilo\",\"item\":\"https:\\\/\\\/www.1tool.com\\\/sl\\\/moduli\\\/trzenje-in-prodaja\\\/glasilo\\\/\"},{\"@type\":\"ListItem\",\"position\":5,\"name\":\"Funkcije modula za po\u0161iljanje novic\",\"item\":\"https:\\\/\\\/www.1tool.com\\\/sl\\\/moduli\\\/trzenje-in-prodaja\\\/glasilo\\\/funkcije-modula-za-posiljanje-novic\\\/\"},{\"@type\":\"ListItem\",\"position\":6,\"name\":\"Spremljanje konkurence\"}]},{\"@type\":\"WebSite\",\"@id\":\"https:\\\/\\\/www.1tool.com\\\/sl\\\/#website\",\"url\":\"https:\\\/\\\/www.1tool.com\\\/sl\\\/\",\"name\":\"1Tool\",\"description\":\"CRM\",\"publisher\":{\"@id\":\"https:\\\/\\\/www.1tool.com\\\/sl\\\/#organization\"},\"potentialAction\":[{\"@type\":\"SearchAction\",\"target\":{\"@type\":\"EntryPoint\",\"urlTemplate\":\"https:\\\/\\\/www.1tool.com\\\/sl\\\/?s={search_term_string}\"},\"query-input\":{\"@type\":\"PropertyValueSpecification\",\"valueRequired\":true,\"valueName\":\"search_term_string\"}}],\"inLanguage\":\"sl-SI\"},{\"@type\":\"Organization\",\"@id\":\"https:\\\/\\\/www.1tool.com\\\/sl\\\/#organization\",\"name\":\"1Tool\",\"url\":\"https:\\\/\\\/www.1tool.com\\\/sl\\\/\",\"logo\":{\"@type\":\"ImageObject\",\"inLanguage\":\"sl-SI\",\"@id\":\"https:\\\/\\\/www.1tool.com\\\/sl\\\/#\\\/schema\\\/logo\\\/image\\\/\",\"url\":\"https:\\\/\\\/www.1tool.com\\\/wp-content\\\/uploads\\\/2022\\\/04\\\/1tool-1.png\",\"contentUrl\":\"https:\\\/\\\/www.1tool.com\\\/wp-content\\\/uploads\\\/2022\\\/04\\\/1tool-1.png\",\"width\":400,\"height\":150,\"caption\":\"1Tool\"},\"image\":{\"@id\":\"https:\\\/\\\/www.1tool.com\\\/sl\\\/#\\\/schema\\\/logo\\\/image\\\/\"}}]}<\/script>\n<!-- \/ Yoast SEO plugin. -->","yoast_head_json":{"title":"Spremljanje konkurence - 1Tool","robots":{"index":"index","follow":"follow","max-snippet":"max-snippet:-1","max-image-preview":"max-image-preview:large","max-video-preview":"max-video-preview:-1"},"canonical":"https:\/\/www.1tool.com\/sl\/moduli\/trzenje-in-prodaja\/glasilo\/funkcije-modula-za-posiljanje-novic\/spremljanje-konkurence\/","og_locale":"sl_SI","og_type":"article","og_title":"Spremljanje konkurence - 1Tool","og_description":"Spremljanje konkurence \u010ce \u017eelite biti poslovno uspe\u0161ni, morate ob\u010dasno razmi\u0161ljati izven okvirov. Z na\u0161im spremljanjem konkurence je to veliko la\u017eje. Bodite konkuren\u010dni z orodjem 1Tool! Za vas spremljamo spletna mesta va\u0161ih tekmecev in vas po e-po\u0161ti obvestimo takoj, ko pride do spremembe. To pomeni, da imate vedno pregled nad trenutnimi projekti, inovacijami izdelkov ali \u0161tevilom [&hellip;]","og_url":"https:\/\/www.1tool.com\/sl\/moduli\/trzenje-in-prodaja\/glasilo\/funkcije-modula-za-posiljanje-novic\/spremljanje-konkurence\/","og_site_name":"1Tool","article_modified_time":"2026-04-30T14:37:24+00:00","twitter_card":"summary_large_image","schema":{"@context":"https:\/\/schema.org","@graph":[{"@type":"WebPage","@id":"https:\/\/www.1tool.com\/sl\/moduli\/trzenje-in-prodaja\/glasilo\/funkcije-modula-za-posiljanje-novic\/spremljanje-konkurence\/","url":"https:\/\/www.1tool.com\/sl\/moduli\/trzenje-in-prodaja\/glasilo\/funkcije-modula-za-posiljanje-novic\/spremljanje-konkurence\/","name":"Spremljanje konkurence - 1Tool","isPartOf":{"@id":"https:\/\/www.1tool.com\/sl\/#website"},"datePublished":"2022-03-30T12:12:43+00:00","dateModified":"2026-04-30T14:37:24+00:00","breadcrumb":{"@id":"https:\/\/www.1tool.com\/sl\/moduli\/trzenje-in-prodaja\/glasilo\/funkcije-modula-za-posiljanje-novic\/spremljanje-konkurence\/#breadcrumb"},"inLanguage":"sl-SI","potentialAction":[{"@type":"ReadAction","target":["https:\/\/www.1tool.com\/sl\/moduli\/trzenje-in-prodaja\/glasilo\/funkcije-modula-za-posiljanje-novic\/spremljanje-konkurence\/"]}]},{"@type":"BreadcrumbList","@id":"https:\/\/www.1tool.com\/sl\/moduli\/trzenje-in-prodaja\/glasilo\/funkcije-modula-za-posiljanje-novic\/spremljanje-konkurence\/#breadcrumb","itemListElement":[{"@type":"ListItem","position":1,"name":"Home","item":"https:\/\/www.1tool.com\/sl\/"},{"@type":"ListItem","position":2,"name":"Moduli","item":"https:\/\/www.1tool.com\/sl\/module\/"},{"@type":"ListItem","position":3,"name":"Tr\u017eenje in prodaja","item":"https:\/\/www.1tool.com\/sl\/moduli\/trzenje-in-prodaja\/"},{"@type":"ListItem","position":4,"name":"Glasilo","item":"https:\/\/www.1tool.com\/sl\/moduli\/trzenje-in-prodaja\/glasilo\/"},{"@type":"ListItem","position":5,"name":"Funkcije modula za po\u0161iljanje novic","item":"https:\/\/www.1tool.com\/sl\/moduli\/trzenje-in-prodaja\/glasilo\/funkcije-modula-za-posiljanje-novic\/"},{"@type":"ListItem","position":6,"name":"Spremljanje konkurence"}]},{"@type":"WebSite","@id":"https:\/\/www.1tool.com\/sl\/#website","url":"https:\/\/www.1tool.com\/sl\/","name":"1Tool","description":"CRM","publisher":{"@id":"https:\/\/www.1tool.com\/sl\/#organization"},"potentialAction":[{"@type":"SearchAction","target":{"@type":"EntryPoint","urlTemplate":"https:\/\/www.1tool.com\/sl\/?s={search_term_string}"},"query-input":{"@type":"PropertyValueSpecification","valueRequired":true,"valueName":"search_term_string"}}],"inLanguage":"sl-SI"},{"@type":"Organization","@id":"https:\/\/www.1tool.com\/sl\/#organization","name":"1Tool","url":"https:\/\/www.1tool.com\/sl\/","logo":{"@type":"ImageObject","inLanguage":"sl-SI","@id":"https:\/\/www.1tool.com\/sl\/#\/schema\/logo\/image\/","url":"https:\/\/www.1tool.com\/wp-content\/uploads\/2022\/04\/1tool-1.png","contentUrl":"https:\/\/www.1tool.com\/wp-content\/uploads\/2022\/04\/1tool-1.png","width":400,"height":150,"caption":"1Tool"},"image":{"@id":"https:\/\/www.1tool.com\/sl\/#\/schema\/logo\/image\/"}}]}},"_links":{"self":[{"href":"https:\/\/www.1tool.com\/sl\/wp-json\/wp\/v2\/pages\/72613","targetHints":{"allow":["GET"]}}],"collection":[{"href":"https:\/\/www.1tool.com\/sl\/wp-json\/wp\/v2\/pages"}],"about":[{"href":"https:\/\/www.1tool.com\/sl\/wp-json\/wp\/v2\/types\/page"}],"author":[{"embeddable":true,"href":"https:\/\/www.1tool.com\/sl\/wp-json\/wp\/v2\/users\/1"}],"replies":[{"embeddable":true,"href":"https:\/\/www.1tool.com\/sl\/wp-json\/wp\/v2\/comments?post=72613"}],"version-history":[{"count":1,"href":"https:\/\/www.1tool.com\/sl\/wp-json\/wp\/v2\/pages\/72613\/revisions"}],"predecessor-version":[{"id":72618,"href":"https:\/\/www.1tool.com\/sl\/wp-json\/wp\/v2\/pages\/72613\/revisions\/72618"}],"up":[{"embeddable":true,"href":"https:\/\/www.1tool.com\/sl\/wp-json\/wp\/v2\/pages\/72704"}],"wp:attachment":[{"href":"https:\/\/www.1tool.com\/sl\/wp-json\/wp\/v2\/media?parent=72613"}],"curies":[{"name":"wp","href":"https:\/\/api.w.org\/{rel}","templated":true}]}}