{"id":73566,"date":"2022-05-04T14:05:45","date_gmt":"2022-05-04T12:05:45","guid":{"rendered":"https:\/\/www.1tool.com\/pisite-nam\/odtis\/"},"modified":"2026-04-30T16:45:27","modified_gmt":"2026-04-30T14:45:27","slug":"odtis","status":"publish","type":"page","link":"https:\/\/www.1tool.com\/sl\/pisite-nam\/odtis\/","title":{"rendered":"Odtis"},"content":{"rendered":"\t\t<div data-elementor-type=\"wp-page\" data-elementor-id=\"73566\" class=\"elementor elementor-73566 elementor-57741\" data-elementor-post-type=\"page\">\n\t\t\t\t\t\t<section class=\"elementor-section elementor-top-section elementor-element elementor-element-ac99afb elementor-section-content-middle elementor-section-boxed elementor-section-height-default elementor-section-height-default shadepro-adv-gradient-no shadepro-sticky-no\" data-id=\"ac99afb\" data-element_type=\"section\" data-e-type=\"section\" data-settings=\"{&quot;background_background&quot;:&quot;classic&quot;,&quot;shadepro_sticky&quot;:&quot;no&quot;}\">\n\t\t\t\t\t\t<div class=\"elementor-container elementor-column-gap-default\">\n\t\t\t\t\t<div class=\"elementor-column elementor-col-33 elementor-top-column elementor-element elementor-element-290e19f\" data-id=\"290e19f\" data-element_type=\"column\" data-e-type=\"column\">\n\t\t\t<div class=\"elementor-widget-wrap elementor-element-populated\">\n\t\t\t\t\t\t<div class=\"elementor-element elementor-element-ef7e50d shadepro-sticky-no elementor-widget elementor-widget-heading\" data-id=\"ef7e50d\" data-element_type=\"widget\" data-e-type=\"widget\" data-settings=\"{&quot;shadepro_sticky&quot;:&quot;no&quot;}\" data-widget_type=\"heading.default\">\n\t\t\t\t<div class=\"elementor-widget-container\">\n\t\t\t\t\t<h1 class=\"elementor-heading-title elementor-size-default\">Odtis<\/h1>\t\t\t\t<\/div>\n\t\t\t\t<\/div>\n\t\t\t\t<div class=\"elementor-element elementor-element-3e73ab3 shadepro-sticky-no elementor-widget elementor-widget-text-editor\" data-id=\"3e73ab3\" data-element_type=\"widget\" data-e-type=\"widget\" data-settings=\"{&quot;shadepro_sticky&quot;:&quot;no&quot;}\" data-widget_type=\"text-editor.default\">\n\t\t\t\t<div class=\"elementor-widget-container\">\n\t\t\t\t\t\t\t\t\t<p>K\u00f6rbler GmbH<br>FN: 403057 g | Landesgericht f\u00fcr ZRS Graz<br>UID \u0161tevilka: ATU68180014<\/p>\n<p><strong>Direktor<\/strong><br>Ing. Dipl-Ing. (FH) Mario K\u00f6rbler, MBA   <\/p>\n<p><strong>Poobla\u0161\u010deni zastopniki<\/strong><br>Mag. Kerstin K\u00f6rbler, Bakk<br>Ing. Stefan Denk, Bakk<br>Hans-Peter Wolf <\/p>\n<p><strong>AGB &#8211; Splo\u0161ni pogoji poslovanja<\/strong><br><a href=\"https:\/\/www.1tool.com\/sl\/pisite-nam\/gtc\/\">Za AGB-je&#8230;<\/a><\/p>\n<p><strong>Pravilnik o zasebnosti<\/strong><br><a href=\"https:\/\/www.1tool.com\/sl\/pisite-nam\/politika-zasebnosti\/\">Na politiko zasebnosti..<\/a><\/p>\t\t\t\t\t\t\t\t<\/div>\n\t\t\t\t<\/div>\n\t\t\t\t<div class=\"elementor-element elementor-element-a2f6ed1 shadepro-sticky-no elementor-widget elementor-widget-shadepro-btn\" data-id=\"a2f6ed1\" data-element_type=\"widget\" data-e-type=\"widget\" data-settings=\"{&quot;shadepro_sticky&quot;:&quot;no&quot;}\" data-widget_type=\"shadepro-btn.default\">\n\t\t\t\t<div class=\"elementor-widget-container\">\n\t\t\t\t\t        <div class=\"shadepro-btn-wrapper enable-icon-box-no\">\n                            <a class=\"shadepro-btn btn-type-boxed elementor-animation-float\" href=\"https:\/\/www.1tool.com\/kontakt\"  >\n            \n                    \n                    Kontakt aufnehmen\n                                                        <\/a>\n                <\/div>\n\t\t\t\t<\/div>\n\t\t\t\t<\/div>\n\t\t\t\t\t<\/div>\n\t\t<\/div>\n\t\t\t\t<div class=\"elementor-column elementor-col-33 elementor-top-column elementor-element elementor-element-44c59fb\" data-id=\"44c59fb\" data-element_type=\"column\" data-e-type=\"column\">\n\t\t\t<div class=\"elementor-widget-wrap elementor-element-populated\">\n\t\t\t\t\t\t<div class=\"elementor-element elementor-element-66fe2b0 shadepro-sticky-no elementor-widget elementor-widget-image\" data-id=\"66fe2b0\" data-element_type=\"widget\" data-e-type=\"widget\" data-settings=\"{&quot;shadepro_sticky&quot;:&quot;no&quot;}\" data-widget_type=\"image.default\">\n\t\t\t\t<div class=\"elementor-widget-container\">\n\t\t\t\t\t\t\t\t\t\t\t\t\t\t\t<img fetchpriority=\"high\" decoding=\"async\" width=\"308\" height=\"419\" src=\"https:\/\/www.1tool.com\/wp-content\/uploads\/2022\/05\/impressum-1tool.jpg\" class=\"attachment-full size-full wp-image-73567\" alt=\"\" srcset=\"https:\/\/www.1tool.com\/wp-content\/uploads\/2022\/05\/impressum-1tool.jpg 308w, https:\/\/www.1tool.com\/wp-content\/uploads\/2022\/05\/impressum-1tool-221x300.jpg 221w\" sizes=\"(max-width: 308px) 100vw, 308px\" \/>\t\t\t\t\t\t\t\t\t\t\t\t\t\t\t<\/div>\n\t\t\t\t<\/div>\n\t\t\t\t\t<\/div>\n\t\t<\/div>\n\t\t\t\t<div class=\"elementor-column elementor-col-33 elementor-top-column elementor-element elementor-element-4fc2b0d\" data-id=\"4fc2b0d\" data-element_type=\"column\" data-e-type=\"column\">\n\t\t\t<div class=\"elementor-widget-wrap elementor-element-populated\">\n\t\t\t\t\t\t<div class=\"elementor-element elementor-element-691de77 shadepro-sticky-no elementor-widget elementor-widget-text-editor\" data-id=\"691de77\" data-element_type=\"widget\" data-e-type=\"widget\" data-settings=\"{&quot;shadepro_sticky&quot;:&quot;no&quot;}\" data-widget_type=\"text-editor.default\">\n\t\t\t\t<div class=\"elementor-widget-container\">\n\t\t\t\t\t\t\t\t\t<p><strong>Kontakt<\/strong><br>Hofweg 1<br>8435 Leitring<br>Avstrija<\/p><p>Telefon: +43 3452 214 214<br>E-naslov: <a href=\"mailto:office@1tool.com\">office@1tool.com<\/a><\/p><p><strong>\u010clan WKO<\/strong><\/p><p>\u010clan WKO Avstrija, sekcija &#8220;Svetovalci za upravljanje in informacijsko tehnologijo&#8221; in sekcija &#8220;Ogla\u0161evanje in tr\u017eno komuniciranje&#8221;<br><a href=\"https:\/\/firmen.wko.at\/k%c3%b6rbler\/?page=2\" target=\"_blank\" rel=\"noopener\">Za predstavitev podjetja WKO&#8230;<\/a><\/p>\t\t\t\t\t\t\t\t<\/div>\n\t\t\t\t<\/div>\n\t\t\t\t\t<\/div>\n\t\t<\/div>\n\t\t\t\t\t<\/div>\n\t\t<\/section>\n\t\t\t\t<\/div>\n\t\t","protected":false},"excerpt":{"rendered":"<p>Odtis K\u00f6rbler GmbHFN: 403057 g | Landesgericht f\u00fcr ZRS GrazUID \u0161tevilka: ATU68180014 DirektorIng. Dipl-Ing. (FH) Mario K\u00f6rbler, MBA Poobla\u0161\u010deni zastopnikiMag. Kerstin K\u00f6rbler, BakkIng. Stefan Denk, BakkHans-Peter Wolf AGB &#8211; Splo\u0161ni pogoji poslovanjaZa AGB-je&#8230; Pravilnik o zasebnostiNa politiko zasebnosti.. Kontakt aufnehmen KontaktHofweg 18435 LeitringAvstrija Telefon: +43 3452 214 214E-naslov: office@1tool.com \u010clan WKO \u010clan WKO Avstrija, sekcija [&hellip;]<\/p>\n","protected":false},"author":1,"featured_media":0,"parent":66548,"menu_order":32,"comment_status":"closed","ping_status":"closed","template":"elementor_header_footer","meta":{"inline_featured_image":false,"footnotes":""},"class_list":["post-73566","page","type-page","status-publish","hentry"],"acf":[],"yoast_head":"<!-- This site is optimized with the Yoast SEO plugin v27.5 - https:\/\/yoast.com\/product\/yoast-seo-wordpress\/ -->\n<title>Odtis - 1Tool<\/title>\n<meta name=\"robots\" content=\"index, follow, max-snippet:-1, max-image-preview:large, max-video-preview:-1\" \/>\n<link rel=\"canonical\" href=\"https:\/\/www.1tool.com\/sl\/pisite-nam\/odtis\/\" \/>\n<meta property=\"og:locale\" content=\"sl_SI\" \/>\n<meta property=\"og:type\" content=\"article\" \/>\n<meta property=\"og:title\" content=\"Odtis - 1Tool\" \/>\n<meta property=\"og:description\" content=\"Odtis K\u00f6rbler GmbHFN: 403057 g | Landesgericht f\u00fcr ZRS GrazUID \u0161tevilka: ATU68180014 DirektorIng. Dipl-Ing. (FH) Mario K\u00f6rbler, MBA Poobla\u0161\u010deni zastopnikiMag. Kerstin K\u00f6rbler, BakkIng. Stefan Denk, BakkHans-Peter Wolf AGB &#8211; Splo\u0161ni pogoji poslovanjaZa AGB-je&#8230; Pravilnik o zasebnostiNa politiko zasebnosti.. Kontakt aufnehmen KontaktHofweg 18435 LeitringAvstrija Telefon: +43 3452 214 214E-naslov: office@1tool.com \u010clan WKO \u010clan WKO Avstrija, sekcija [&hellip;]\" \/>\n<meta property=\"og:url\" content=\"https:\/\/www.1tool.com\/sl\/pisite-nam\/odtis\/\" \/>\n<meta property=\"og:site_name\" content=\"1Tool\" \/>\n<meta property=\"article:modified_time\" content=\"2026-04-30T14:45:27+00:00\" \/>\n<meta property=\"og:image\" content=\"https:\/\/www.1tool.com\/wp-content\/uploads\/2022\/05\/impressum-1tool.jpg\" \/>\n\t<meta property=\"og:image:width\" content=\"308\" \/>\n\t<meta property=\"og:image:height\" content=\"419\" \/>\n\t<meta property=\"og:image:type\" content=\"image\/jpeg\" \/>\n<meta name=\"twitter:card\" content=\"summary_large_image\" \/>\n<script type=\"application\/ld+json\" class=\"yoast-schema-graph\">{\"@context\":\"https:\\\/\\\/schema.org\",\"@graph\":[{\"@type\":\"WebPage\",\"@id\":\"https:\\\/\\\/www.1tool.com\\\/sl\\\/pisite-nam\\\/odtis\\\/\",\"url\":\"https:\\\/\\\/www.1tool.com\\\/sl\\\/pisite-nam\\\/odtis\\\/\",\"name\":\"Odtis - 1Tool\",\"isPartOf\":{\"@id\":\"https:\\\/\\\/www.1tool.com\\\/sl\\\/#website\"},\"primaryImageOfPage\":{\"@id\":\"https:\\\/\\\/www.1tool.com\\\/sl\\\/pisite-nam\\\/odtis\\\/#primaryimage\"},\"image\":{\"@id\":\"https:\\\/\\\/www.1tool.com\\\/sl\\\/pisite-nam\\\/odtis\\\/#primaryimage\"},\"thumbnailUrl\":\"https:\\\/\\\/www.1tool.com\\\/wp-content\\\/uploads\\\/2022\\\/05\\\/impressum-1tool.jpg\",\"datePublished\":\"2022-05-04T12:05:45+00:00\",\"dateModified\":\"2026-04-30T14:45:27+00:00\",\"breadcrumb\":{\"@id\":\"https:\\\/\\\/www.1tool.com\\\/sl\\\/pisite-nam\\\/odtis\\\/#breadcrumb\"},\"inLanguage\":\"sl-SI\",\"potentialAction\":[{\"@type\":\"ReadAction\",\"target\":[\"https:\\\/\\\/www.1tool.com\\\/sl\\\/pisite-nam\\\/odtis\\\/\"]}]},{\"@type\":\"ImageObject\",\"inLanguage\":\"sl-SI\",\"@id\":\"https:\\\/\\\/www.1tool.com\\\/sl\\\/pisite-nam\\\/odtis\\\/#primaryimage\",\"url\":\"https:\\\/\\\/www.1tool.com\\\/wp-content\\\/uploads\\\/2022\\\/05\\\/impressum-1tool.jpg\",\"contentUrl\":\"https:\\\/\\\/www.1tool.com\\\/wp-content\\\/uploads\\\/2022\\\/05\\\/impressum-1tool.jpg\"},{\"@type\":\"BreadcrumbList\",\"@id\":\"https:\\\/\\\/www.1tool.com\\\/sl\\\/pisite-nam\\\/odtis\\\/#breadcrumb\",\"itemListElement\":[{\"@type\":\"ListItem\",\"position\":1,\"name\":\"Home\",\"item\":\"https:\\\/\\\/www.1tool.com\\\/sl\\\/\"},{\"@type\":\"ListItem\",\"position\":2,\"name\":\"Pi\u0161ite nam\",\"item\":\"https:\\\/\\\/www.1tool.com\\\/sl\\\/kontakt\\\/\"},{\"@type\":\"ListItem\",\"position\":3,\"name\":\"Odtis\"}]},{\"@type\":\"WebSite\",\"@id\":\"https:\\\/\\\/www.1tool.com\\\/sl\\\/#website\",\"url\":\"https:\\\/\\\/www.1tool.com\\\/sl\\\/\",\"name\":\"1Tool\",\"description\":\"CRM\",\"publisher\":{\"@id\":\"https:\\\/\\\/www.1tool.com\\\/sl\\\/#organization\"},\"potentialAction\":[{\"@type\":\"SearchAction\",\"target\":{\"@type\":\"EntryPoint\",\"urlTemplate\":\"https:\\\/\\\/www.1tool.com\\\/sl\\\/?s={search_term_string}\"},\"query-input\":{\"@type\":\"PropertyValueSpecification\",\"valueRequired\":true,\"valueName\":\"search_term_string\"}}],\"inLanguage\":\"sl-SI\"},{\"@type\":\"Organization\",\"@id\":\"https:\\\/\\\/www.1tool.com\\\/sl\\\/#organization\",\"name\":\"1Tool\",\"url\":\"https:\\\/\\\/www.1tool.com\\\/sl\\\/\",\"logo\":{\"@type\":\"ImageObject\",\"inLanguage\":\"sl-SI\",\"@id\":\"https:\\\/\\\/www.1tool.com\\\/sl\\\/#\\\/schema\\\/logo\\\/image\\\/\",\"url\":\"https:\\\/\\\/www.1tool.com\\\/wp-content\\\/uploads\\\/2022\\\/04\\\/1tool-1.png\",\"contentUrl\":\"https:\\\/\\\/www.1tool.com\\\/wp-content\\\/uploads\\\/2022\\\/04\\\/1tool-1.png\",\"width\":400,\"height\":150,\"caption\":\"1Tool\"},\"image\":{\"@id\":\"https:\\\/\\\/www.1tool.com\\\/sl\\\/#\\\/schema\\\/logo\\\/image\\\/\"}}]}<\/script>\n<!-- \/ Yoast SEO plugin. -->","yoast_head_json":{"title":"Odtis - 1Tool","robots":{"index":"index","follow":"follow","max-snippet":"max-snippet:-1","max-image-preview":"max-image-preview:large","max-video-preview":"max-video-preview:-1"},"canonical":"https:\/\/www.1tool.com\/sl\/pisite-nam\/odtis\/","og_locale":"sl_SI","og_type":"article","og_title":"Odtis - 1Tool","og_description":"Odtis K\u00f6rbler GmbHFN: 403057 g | Landesgericht f\u00fcr ZRS GrazUID \u0161tevilka: ATU68180014 DirektorIng. Dipl-Ing. (FH) Mario K\u00f6rbler, MBA Poobla\u0161\u010deni zastopnikiMag. Kerstin K\u00f6rbler, BakkIng. Stefan Denk, BakkHans-Peter Wolf AGB &#8211; Splo\u0161ni pogoji poslovanjaZa AGB-je&#8230; Pravilnik o zasebnostiNa politiko zasebnosti.. Kontakt aufnehmen KontaktHofweg 18435 LeitringAvstrija Telefon: +43 3452 214 214E-naslov: office@1tool.com \u010clan WKO \u010clan WKO Avstrija, sekcija [&hellip;]","og_url":"https:\/\/www.1tool.com\/sl\/pisite-nam\/odtis\/","og_site_name":"1Tool","article_modified_time":"2026-04-30T14:45:27+00:00","og_image":[{"width":308,"height":419,"url":"https:\/\/www.1tool.com\/wp-content\/uploads\/2022\/05\/impressum-1tool.jpg","type":"image\/jpeg"}],"twitter_card":"summary_large_image","schema":{"@context":"https:\/\/schema.org","@graph":[{"@type":"WebPage","@id":"https:\/\/www.1tool.com\/sl\/pisite-nam\/odtis\/","url":"https:\/\/www.1tool.com\/sl\/pisite-nam\/odtis\/","name":"Odtis - 1Tool","isPartOf":{"@id":"https:\/\/www.1tool.com\/sl\/#website"},"primaryImageOfPage":{"@id":"https:\/\/www.1tool.com\/sl\/pisite-nam\/odtis\/#primaryimage"},"image":{"@id":"https:\/\/www.1tool.com\/sl\/pisite-nam\/odtis\/#primaryimage"},"thumbnailUrl":"https:\/\/www.1tool.com\/wp-content\/uploads\/2022\/05\/impressum-1tool.jpg","datePublished":"2022-05-04T12:05:45+00:00","dateModified":"2026-04-30T14:45:27+00:00","breadcrumb":{"@id":"https:\/\/www.1tool.com\/sl\/pisite-nam\/odtis\/#breadcrumb"},"inLanguage":"sl-SI","potentialAction":[{"@type":"ReadAction","target":["https:\/\/www.1tool.com\/sl\/pisite-nam\/odtis\/"]}]},{"@type":"ImageObject","inLanguage":"sl-SI","@id":"https:\/\/www.1tool.com\/sl\/pisite-nam\/odtis\/#primaryimage","url":"https:\/\/www.1tool.com\/wp-content\/uploads\/2022\/05\/impressum-1tool.jpg","contentUrl":"https:\/\/www.1tool.com\/wp-content\/uploads\/2022\/05\/impressum-1tool.jpg"},{"@type":"BreadcrumbList","@id":"https:\/\/www.1tool.com\/sl\/pisite-nam\/odtis\/#breadcrumb","itemListElement":[{"@type":"ListItem","position":1,"name":"Home","item":"https:\/\/www.1tool.com\/sl\/"},{"@type":"ListItem","position":2,"name":"Pi\u0161ite nam","item":"https:\/\/www.1tool.com\/sl\/kontakt\/"},{"@type":"ListItem","position":3,"name":"Odtis"}]},{"@type":"WebSite","@id":"https:\/\/www.1tool.com\/sl\/#website","url":"https:\/\/www.1tool.com\/sl\/","name":"1Tool","description":"CRM","publisher":{"@id":"https:\/\/www.1tool.com\/sl\/#organization"},"potentialAction":[{"@type":"SearchAction","target":{"@type":"EntryPoint","urlTemplate":"https:\/\/www.1tool.com\/sl\/?s={search_term_string}"},"query-input":{"@type":"PropertyValueSpecification","valueRequired":true,"valueName":"search_term_string"}}],"inLanguage":"sl-SI"},{"@type":"Organization","@id":"https:\/\/www.1tool.com\/sl\/#organization","name":"1Tool","url":"https:\/\/www.1tool.com\/sl\/","logo":{"@type":"ImageObject","inLanguage":"sl-SI","@id":"https:\/\/www.1tool.com\/sl\/#\/schema\/logo\/image\/","url":"https:\/\/www.1tool.com\/wp-content\/uploads\/2022\/04\/1tool-1.png","contentUrl":"https:\/\/www.1tool.com\/wp-content\/uploads\/2022\/04\/1tool-1.png","width":400,"height":150,"caption":"1Tool"},"image":{"@id":"https:\/\/www.1tool.com\/sl\/#\/schema\/logo\/image\/"}}]}},"_links":{"self":[{"href":"https:\/\/www.1tool.com\/sl\/wp-json\/wp\/v2\/pages\/73566","targetHints":{"allow":["GET"]}}],"collection":[{"href":"https:\/\/www.1tool.com\/sl\/wp-json\/wp\/v2\/pages"}],"about":[{"href":"https:\/\/www.1tool.com\/sl\/wp-json\/wp\/v2\/types\/page"}],"author":[{"embeddable":true,"href":"https:\/\/www.1tool.com\/sl\/wp-json\/wp\/v2\/users\/1"}],"replies":[{"embeddable":true,"href":"https:\/\/www.1tool.com\/sl\/wp-json\/wp\/v2\/comments?post=73566"}],"version-history":[{"count":1,"href":"https:\/\/www.1tool.com\/sl\/wp-json\/wp\/v2\/pages\/73566\/revisions"}],"predecessor-version":[{"id":73569,"href":"https:\/\/www.1tool.com\/sl\/wp-json\/wp\/v2\/pages\/73566\/revisions\/73569"}],"up":[{"embeddable":true,"href":"https:\/\/www.1tool.com\/sl\/wp-json\/wp\/v2\/pages\/66548"}],"wp:attachment":[{"href":"https:\/\/www.1tool.com\/sl\/wp-json\/wp\/v2\/media?parent=73566"}],"curies":[{"name":"wp","href":"https:\/\/api.w.org\/{rel}","templated":true}]}}