{"id":73574,"date":"2022-04-09T15:36:27","date_gmt":"2022-04-09T13:36:27","guid":{"rendered":"https:\/\/www.1tool.com\/1tool-lexicon\/"},"modified":"2026-04-30T16:45:31","modified_gmt":"2026-04-30T14:45:31","slug":"1tool-lexicon","status":"publish","type":"page","link":"https:\/\/www.1tool.com\/sl\/1tool-lexicon\/","title":{"rendered":"1Tool Lexicon"},"content":{"rendered":"\t\t<div data-elementor-type=\"wp-page\" data-elementor-id=\"73574\" class=\"elementor elementor-73574 elementor-55336\" data-elementor-post-type=\"page\">\n\t\t\t\t\t\t<section class=\"elementor-section elementor-top-section elementor-element elementor-element-03cdb1a elementor-section-boxed elementor-section-height-default elementor-section-height-default shadepro-adv-gradient-no shadepro-sticky-no\" data-id=\"03cdb1a\" data-element_type=\"section\" data-e-type=\"section\" data-settings=\"{&quot;shadepro_sticky&quot;:&quot;no&quot;}\">\n\t\t\t\t\t\t<div class=\"elementor-container elementor-column-gap-default\">\n\t\t\t\t\t<div class=\"elementor-column elementor-col-100 elementor-top-column elementor-element elementor-element-bf6981a\" data-id=\"bf6981a\" data-element_type=\"column\" data-e-type=\"column\">\n\t\t\t<div class=\"elementor-widget-wrap elementor-element-populated\">\n\t\t\t\t\t\t<section class=\"elementor-section elementor-inner-section elementor-element elementor-element-e69e84b elementor-section-boxed elementor-section-height-default elementor-section-height-default shadepro-adv-gradient-no shadepro-sticky-no\" data-id=\"e69e84b\" data-element_type=\"section\" data-e-type=\"section\" data-settings=\"{&quot;shadepro_sticky&quot;:&quot;no&quot;}\">\n\t\t\t\t\t\t<div class=\"elementor-container elementor-column-gap-default\">\n\t\t\t\t\t<div class=\"elementor-column elementor-col-100 elementor-inner-column elementor-element elementor-element-dfde210\" data-id=\"dfde210\" data-element_type=\"column\" data-e-type=\"column\">\n\t\t\t<div class=\"elementor-widget-wrap elementor-element-populated\">\n\t\t\t\t\t\t<div class=\"elementor-element elementor-element-44ff14f shadepro-sticky-no elementor-widget elementor-widget-heading\" data-id=\"44ff14f\" data-element_type=\"widget\" data-e-type=\"widget\" data-settings=\"{&quot;shadepro_sticky&quot;:&quot;no&quot;}\" data-widget_type=\"heading.default\">\n\t\t\t\t<div class=\"elementor-widget-container\">\n\t\t\t\t\t<h1 class=\"elementor-heading-title elementor-size-default\">1Tool Lexicon<\/h1>\t\t\t\t<\/div>\n\t\t\t\t<\/div>\n\t\t\t\t<div class=\"elementor-element elementor-element-bd31624 shadepro-sticky-no elementor-widget elementor-widget-text-editor\" data-id=\"bd31624\" data-element_type=\"widget\" data-e-type=\"widget\" data-settings=\"{&quot;shadepro_sticky&quot;:&quot;no&quot;}\" data-widget_type=\"text-editor.default\">\n\t\t\t\t<div class=\"elementor-widget-container\">\n\t\t\t\t\t\t\t\t\t<p>Tukaj lahko najdete na\u0161e \u010dlanke 1Tool Lexicon<\/p>\t\t\t\t\t\t\t\t<\/div>\n\t\t\t\t<\/div>\n\t\t\t\t\t<\/div>\n\t\t<\/div>\n\t\t\t\t\t<\/div>\n\t\t<\/section>\n\t\t\t\t\t<\/div>\n\t\t<\/div>\n\t\t\t\t\t<\/div>\n\t\t<\/section>\n\t\t\t\t<section class=\"elementor-section elementor-top-section elementor-element elementor-element-62b5ecd elementor-section-stretched elementor-reverse-mobile elementor-section-boxed elementor-section-height-default elementor-section-height-default shadepro-adv-gradient-no shadepro-sticky-no\" data-id=\"62b5ecd\" data-element_type=\"section\" data-e-type=\"section\" data-settings=\"{&quot;stretch_section&quot;:&quot;section-stretched&quot;,&quot;shadepro_sticky&quot;:&quot;no&quot;}\">\n\t\t\t\t\t\t<div class=\"elementor-container elementor-column-gap-default\">\n\t\t\t\t\t<div class=\"elementor-column elementor-col-100 elementor-top-column elementor-element elementor-element-7e36ba8\" data-id=\"7e36ba8\" data-element_type=\"column\" data-e-type=\"column\">\n\t\t\t<div class=\"elementor-widget-wrap elementor-element-populated\">\n\t\t\t\t\t\t<div class=\"elementor-element elementor-element-a5d09a9 shadepro-sticky-no elementor-widget elementor-widget-shadepro-main-menu\" data-id=\"a5d09a9\" data-element_type=\"widget\" data-e-type=\"widget\" data-settings=\"{&quot;shadepro_sticky&quot;:&quot;no&quot;}\" data-widget_type=\"shadepro-main-menu.default\">\n\t\t\t\t<div class=\"elementor-widget-container\">\n\t\t\t\t\t        <div class=\"shadepro-main-menu-wrap navbar menu-align-start megamenu-width-custom\">\n            <button class=\"navbar-toggler d-lg-none\" type=\"button\" data-toggle=\"navbarToggler\" aria-label=\"Toggle navigation\">\n                <span class=\"navbar-toggler-icon\"><\/span>\n            <\/button>\n            <!-- end of Nav toggler -->\n            <div class=\"navbar-inner\">\n                <div class=\"shadepro-mobile-menu\"><\/div>\n                <button class=\"navbar-toggler d-lg-none\" type=\"button\" data-toggle=\"navbarToggler\" aria-label=\"Toggle navigation\">\n                    <span class=\"navbar-toggler-icon\"><\/span>\n                <\/button>\n                <nav id=\"site-navigation\" class=\"main-navigation \">\n                    <div class=\"shadepro-menu-container\"><ul id=\"navbar-nav\" class=\"navbar-nav\"><li id=\"menu-item-67589\" class=\"menu-item menu-item-type-post_type menu-item-object-lexikon menu-item-67589 \"><a href=\"https:\/\/www.1tool.com\/sl\/lexikon\/adressdatenbank\/\">Adressdatenbank<\/a><\/li>\n<li id=\"menu-item-67590\" class=\"menu-item menu-item-type-post_type menu-item-object-lexikon menu-item-67590 \"><a href=\"https:\/\/www.1tool.com\/sl\/lexikon\/adressmanager\/\">Adressmanager<\/a><\/li>\n<li id=\"menu-item-67591\" class=\"menu-item menu-item-type-post_type menu-item-object-lexikon menu-item-67591 \"><a href=\"https:\/\/www.1tool.com\/sl\/lexikon\/adressverwaltung\/\">Adressverwaltung<\/a><\/li>\n<li id=\"menu-item-67592\" class=\"menu-item menu-item-type-post_type menu-item-object-lexikon menu-item-67592 \"><a href=\"https:\/\/www.1tool.com\/sl\/lexikon\/agentur-software\/\">Agentur Software<\/a><\/li>\n<li id=\"menu-item-67593\" class=\"menu-item menu-item-type-post_type menu-item-object-lexikon menu-item-67593 \"><a href=\"https:\/\/www.1tool.com\/sl\/lexikon\/anwendungen\/\">Anwendungen<\/a><\/li>\n<li id=\"menu-item-67660\" class=\"menu-item menu-item-type-post_type menu-item-object-lexikon menu-item-67660 \"><a href=\"https:\/\/www.1tool.com\/sl\/lexikon\/anwendungen\/crm-loesung\/\">CRM-L\u00f6sung<\/a><\/li>\n<li id=\"menu-item-67661\" class=\"menu-item menu-item-type-post_type menu-item-object-lexikon menu-item-67661 \"><a href=\"https:\/\/www.1tool.com\/sl\/lexikon\/anwendungen\/crm-loesung\/analytisches-crm\/\">Analytisches CRM<\/a><\/li>\n<li id=\"menu-item-67662\" class=\"menu-item menu-item-type-post_type menu-item-object-lexikon menu-item-67662 \"><a href=\"https:\/\/www.1tool.com\/sl\/lexikon\/anwendungen\/crm-loesung\/operatives-crm\/\">Operatives CRM<\/a><\/li>\n<li id=\"menu-item-67663\" class=\"menu-item menu-item-type-post_type menu-item-object-lexikon menu-item-67663 \"><a href=\"https:\/\/www.1tool.com\/sl\/lexikon\/anwendungen\/dokumenten-management\/\">Dokumenten Management<\/a><\/li>\n<li id=\"menu-item-67684\" class=\"menu-item menu-item-type-post_type menu-item-object-lexikon menu-item-67684 \"><a href=\"https:\/\/www.1tool.com\/sl\/lexikon\/anwendungen\/e-commerce\/\">E-Commerce<\/a><\/li>\n<li id=\"menu-item-67685\" class=\"menu-item menu-item-type-post_type menu-item-object-lexikon menu-item-67685 \"><a href=\"https:\/\/www.1tool.com\/sl\/lexikon\/anwendungen\/ecm\/\">ECM<\/a><\/li>\n<li id=\"menu-item-67686\" class=\"menu-item menu-item-type-post_type menu-item-object-lexikon menu-item-67686 \"><a href=\"https:\/\/www.1tool.com\/sl\/lexikon\/anwendungen\/intranet-extranet\/\">Intranet\/Extranet<\/a><\/li>\n<li id=\"menu-item-67687\" class=\"menu-item menu-item-type-post_type menu-item-object-lexikon menu-item-67687 \"><a href=\"https:\/\/www.1tool.com\/sl\/lexikon\/aufgabenplaner\/\">Aufgabenplaner<\/a><\/li>\n<li id=\"menu-item-67688\" class=\"menu-item menu-item-type-post_type menu-item-object-lexikon menu-item-67688 \"><a href=\"https:\/\/www.1tool.com\/sl\/lexikon\/aufgabenverwaltung\/\">Aufgabenverwaltung<\/a><\/li>\n<li id=\"menu-item-67756\" class=\"menu-item menu-item-type-post_type menu-item-object-lexikon menu-item-67756 \"><a href=\"https:\/\/www.1tool.com\/sl\/lexikon\/beratung-zur-crm-auswahl\/\">Beratung zur CRM Auswahl<\/a><\/li>\n<li id=\"menu-item-67757\" class=\"menu-item menu-item-type-post_type menu-item-object-lexikon menu-item-67757 \"><a href=\"https:\/\/www.1tool.com\/sl\/lexikon\/bewerbermanagement-software\/\">Bewerbermanagement Software<\/a><\/li>\n<li id=\"menu-item-67758\" class=\"menu-item menu-item-type-post_type menu-item-object-lexikon menu-item-67758 \"><a href=\"https:\/\/www.1tool.com\/sl\/lexikon\/bmd\/\">BMD<\/a><\/li>\n<li id=\"menu-item-67759\" class=\"menu-item menu-item-type-post_type menu-item-object-lexikon menu-item-67759 \"><a href=\"https:\/\/www.1tool.com\/sl\/lexikon\/business-sms\/\">Business SMS<\/a><\/li>\n<li id=\"menu-item-67779\" class=\"menu-item menu-item-type-post_type menu-item-object-lexikon menu-item-67779 \"><a href=\"https:\/\/www.1tool.com\/sl\/lexikon\/caldav\/\">CalDav Schnittstelle<\/a><\/li>\n<li id=\"menu-item-67780\" class=\"menu-item menu-item-type-post_type menu-item-object-lexikon menu-item-67780 \"><a href=\"https:\/\/www.1tool.com\/sl\/lexikon\/infrastruktur\/\">CRM Cloud<\/a><\/li>\n<li id=\"menu-item-67781\" class=\"menu-item menu-item-type-post_type menu-item-object-lexikon menu-item-67781 \"><a href=\"https:\/\/www.1tool.com\/sl\/lexikon\/crm-einfuehrung\/\">CRM Einf\u00fchrung Checkliste<\/a><\/li>\n<li id=\"menu-item-67782\" class=\"menu-item menu-item-type-post_type menu-item-object-lexikon menu-item-67782 \"><a href=\"https:\/\/www.1tool.com\/sl\/lexikon\/gesundheitswesen\/\">CRM f\u00fcr Gesundheitswesen<\/a><\/li>\n<li id=\"menu-item-67783\" class=\"menu-item menu-item-type-post_type menu-item-object-lexikon menu-item-67783 \"><a href=\"https:\/\/www.1tool.com\/sl\/lexikon\/e-mail-verwaltung\/\">CRM mit E-Mail Ablage<\/a><\/li>\n<li id=\"menu-item-67852\" class=\"menu-item menu-item-type-post_type menu-item-object-lexikon menu-item-67852 \"><a href=\"https:\/\/www.1tool.com\/sl\/lexikon\/rzl\/\">CRM mit RZL Schnittstelle\u200b<\/a><\/li>\n<li id=\"menu-item-67853\" class=\"menu-item menu-item-type-post_type menu-item-object-lexikon menu-item-67853 \"><a href=\"https:\/\/www.1tool.com\/sl\/lexikon\/crm-mit-telefonanbindung\/\">CRM mit Telefonanbindung<\/a><\/li>\n<li id=\"menu-item-67854\" class=\"menu-item menu-item-type-post_type menu-item-object-lexikon menu-item-67854 \"><a href=\"https:\/\/www.1tool.com\/sl\/lexikon\/preise\/\">CRM Preise<\/a><\/li>\n<li id=\"menu-item-67855\" class=\"menu-item menu-item-type-post_type menu-item-object-lexikon menu-item-67855 \"><a href=\"https:\/\/www.1tool.com\/sl\/lexikon\/crm-reports\/\">CRM Reports<\/a><\/li>\n<li id=\"menu-item-67874\" class=\"menu-item menu-item-type-post_type menu-item-object-lexikon menu-item-67874 \"><a href=\"https:\/\/www.1tool.com\/sl\/lexikon\/crm-sales-app\/\">CRM Sales App<\/a><\/li>\n<li id=\"menu-item-67875\" class=\"menu-item menu-item-type-post_type menu-item-object-lexikon menu-item-67875 \"><a href=\"https:\/\/www.1tool.com\/sl\/lexikon\/crm-strategie\/\">CRM Strategie<\/a><\/li>\n<li id=\"menu-item-67876\" class=\"menu-item menu-item-type-post_type menu-item-object-lexikon menu-item-67876 \"><a href=\"https:\/\/www.1tool.com\/sl\/lexikon\/csv-in-kundenmeister\/\">CSV in 1Tool<\/a><\/li>\n<li id=\"menu-item-67877\" class=\"menu-item menu-item-type-post_type menu-item-object-lexikon menu-item-67877 \"><a href=\"https:\/\/www.1tool.com\/sl\/lexikon\/dashboard\/\">CRM Dashboard<\/a><\/li>\n<li id=\"menu-item-67878\" class=\"menu-item menu-item-type-post_type menu-item-object-lexikon menu-item-67878 \"><a href=\"https:\/\/www.1tool.com\/sl\/lexikon\/datenschutzerklaerung\/\">Datenschutzerkl\u00e4rung<\/a><\/li>\n<li id=\"menu-item-67948\" class=\"menu-item menu-item-type-post_type menu-item-object-lexikon menu-item-67948 \"><a href=\"https:\/\/www.1tool.com\/sl\/lexikon\/dokumente\/\">Dokumente<\/a><\/li>\n<li id=\"menu-item-67949\" class=\"menu-item menu-item-type-post_type menu-item-object-lexikon menu-item-67949 \"><a href=\"https:\/\/www.1tool.com\/sl\/lexikon\/e-mail\/\">E-Mail Synchronisierung mit CRM<\/a><\/li>\n<li id=\"menu-item-67950\" class=\"menu-item menu-item-type-post_type menu-item-object-lexikon menu-item-67950 \"><a href=\"https:\/\/www.1tool.com\/sl\/lexikon\/geburtstags-newsletter\/\">Geburtstags-Newsletter<\/a><\/li>\n<li id=\"menu-item-67951\" class=\"menu-item menu-item-type-post_type menu-item-object-lexikon menu-item-67951 \"><a href=\"https:\/\/www.1tool.com\/sl\/lexikon\/implementierung\/\">Implementierung<\/a><\/li>\n<li id=\"menu-item-67969\" class=\"menu-item menu-item-type-post_type menu-item-object-lexikon menu-item-67969 \"><a href=\"https:\/\/www.1tool.com\/sl\/lexikon\/kalendersynchronisation\/\">Kalendersynchronisation<\/a><\/li>\n<li id=\"menu-item-67970\" class=\"menu-item menu-item-type-post_type menu-item-object-lexikon menu-item-67970 \"><a href=\"https:\/\/www.1tool.com\/sl\/lexikon\/kontakte-stammdaten\/\">Kontakte Stammdaten<\/a><\/li>\n<li id=\"menu-item-67971\" class=\"menu-item menu-item-type-post_type menu-item-object-lexikon menu-item-67971 \"><a href=\"https:\/\/www.1tool.com\/sl\/lexikon\/kontaktsynchronisation\/\">Kontaktsynchronisation<\/a><\/li>\n<li id=\"menu-item-67972\" class=\"menu-item menu-item-type-post_type menu-item-object-lexikon menu-item-67972 \"><a href=\"https:\/\/www.1tool.com\/sl\/lexikon\/kontaktverwaltung\/\">Kontaktverwaltung Software<\/a><\/li>\n<li id=\"menu-item-67973\" class=\"menu-item menu-item-type-post_type menu-item-object-lexikon menu-item-67973 \"><a href=\"https:\/\/www.1tool.com\/sl\/lexikon\/kundenakquisition\/\">Kundenakquisition Software<\/a><\/li>\n<li id=\"menu-item-68044\" class=\"menu-item menu-item-type-post_type menu-item-object-lexikon menu-item-68044 \"><a href=\"https:\/\/www.1tool.com\/sl\/lexikon\/kundendatenbank\/\">Kundendatenbank<\/a><\/li>\n<li id=\"menu-item-68045\" class=\"menu-item menu-item-type-post_type menu-item-object-lexikon menu-item-68045 \"><a href=\"https:\/\/www.1tool.com\/sl\/lexikon\/kundenkartei\/\">Kundenkartei<\/a><\/li>\n<li id=\"menu-item-68046\" class=\"menu-item menu-item-type-post_type menu-item-object-lexikon menu-item-68046 \"><a href=\"https:\/\/www.1tool.com\/sl\/lexikon\/kundenmanagement-software\/\">Kundenmanagement Software<\/a><\/li>\n<li id=\"menu-item-68047\" class=\"menu-item menu-item-type-post_type menu-item-object-lexikon menu-item-68047 \"><a href=\"https:\/\/www.1tool.com\/sl\/lexikon\/kundenverwaltung\/\">Kundenverwaltung Software<\/a><\/li>\n<li id=\"menu-item-68064\" class=\"menu-item menu-item-type-post_type menu-item-object-lexikon menu-item-68064 \"><a href=\"https:\/\/www.1tool.com\/sl\/lexikon\/lagerverwaltung\/\">Lagerverwaltung Software<\/a><\/li>\n<li id=\"menu-item-68065\" class=\"menu-item menu-item-type-post_type menu-item-object-lexikon menu-item-68065 \"><a href=\"https:\/\/www.1tool.com\/sl\/lexikon\/newsletter-erstellen\/\">Newsletter mit Vorlage einfach erstellen<\/a><\/li>\n<li id=\"menu-item-68066\" class=\"menu-item menu-item-type-post_type menu-item-object-lexikon menu-item-68066 \"><a href=\"https:\/\/www.1tool.com\/sl\/lexikon\/newsletter-stammdaten\/\">Newsletter Stammdaten<\/a><\/li>\n<li id=\"menu-item-68067\" class=\"menu-item menu-item-type-post_type menu-item-object-lexikon menu-item-68067 \"><a href=\"https:\/\/www.1tool.com\/sl\/lexikon\/massen-sms\/\">Per Knopfdruck Massen SMS versenden<\/a><\/li>\n<li id=\"menu-item-68068\" class=\"menu-item menu-item-type-post_type menu-item-object-lexikon menu-item-68068 \"><a href=\"https:\/\/www.1tool.com\/sl\/lexikon\/personalisierung\/newsletter-software\/\">Newsletter Software<\/a><\/li>\n<\/ul><\/div>                <\/nav><!-- #site-navigation -->\n            <\/div>\n        <\/div>\n\t\t\t\t<\/div>\n\t\t\t\t<\/div>\n\t\t\t\t\t<\/div>\n\t\t<\/div>\n\t\t\t\t\t<\/div>\n\t\t<\/section>\n\t\t\t\t<\/div>\n\t\t","protected":false},"excerpt":{"rendered":"<p>1Tool Lexicon Tukaj lahko najdete na\u0161e \u010dlanke 1Tool Lexicon Adressdatenbank Adressmanager Adressverwaltung Agentur Software Anwendungen CRM-L\u00f6sung Analytisches CRM Operatives CRM Dokumenten Management E-Commerce ECM Intranet\/Extranet Aufgabenplaner Aufgabenverwaltung Beratung zur CRM Auswahl Bewerbermanagement Software BMD Business SMS CalDav Schnittstelle CRM Cloud CRM Einf\u00fchrung Checkliste CRM f\u00fcr Gesundheitswesen CRM mit E-Mail Ablage CRM mit RZL Schnittstelle\u200b CRM [&hellip;]<\/p>\n","protected":false},"author":1,"featured_media":0,"parent":0,"menu_order":20,"comment_status":"closed","ping_status":"closed","template":"elementor_header_footer","meta":{"inline_featured_image":false,"footnotes":""},"class_list":["post-73574","page","type-page","status-publish","hentry"],"acf":[],"yoast_head":"<!-- This site is optimized with the Yoast SEO plugin v27.5 - https:\/\/yoast.com\/product\/yoast-seo-wordpress\/ -->\n<title>1Tool Lexicon - 1Tool<\/title>\n<meta name=\"robots\" content=\"index, follow, max-snippet:-1, max-image-preview:large, max-video-preview:-1\" \/>\n<link rel=\"canonical\" href=\"https:\/\/www.1tool.com\/sl\/1tool-lexicon\/\" \/>\n<meta property=\"og:locale\" content=\"sl_SI\" \/>\n<meta property=\"og:type\" content=\"article\" \/>\n<meta property=\"og:title\" content=\"1Tool Lexicon - 1Tool\" \/>\n<meta property=\"og:description\" content=\"1Tool Lexicon Tukaj lahko najdete na\u0161e \u010dlanke 1Tool Lexicon Adressdatenbank Adressmanager Adressverwaltung Agentur Software Anwendungen CRM-L\u00f6sung Analytisches CRM Operatives CRM Dokumenten Management E-Commerce ECM Intranet\/Extranet Aufgabenplaner Aufgabenverwaltung Beratung zur CRM Auswahl Bewerbermanagement Software BMD Business SMS CalDav Schnittstelle CRM Cloud CRM Einf\u00fchrung Checkliste CRM f\u00fcr Gesundheitswesen CRM mit E-Mail Ablage CRM mit RZL Schnittstelle\u200b CRM [&hellip;]\" \/>\n<meta property=\"og:url\" content=\"https:\/\/www.1tool.com\/sl\/1tool-lexicon\/\" \/>\n<meta property=\"og:site_name\" content=\"1Tool\" \/>\n<meta property=\"article:modified_time\" content=\"2026-04-30T14:45:31+00:00\" \/>\n<meta name=\"twitter:card\" content=\"summary_large_image\" \/>\n<meta name=\"twitter:label1\" content=\"Est. reading time\" \/>\n\t<meta name=\"twitter:data1\" content=\"1 minuta\" \/>\n<script type=\"application\/ld+json\" class=\"yoast-schema-graph\">{\"@context\":\"https:\\\/\\\/schema.org\",\"@graph\":[{\"@type\":\"WebPage\",\"@id\":\"https:\\\/\\\/www.1tool.com\\\/sl\\\/1tool-lexicon\\\/\",\"url\":\"https:\\\/\\\/www.1tool.com\\\/sl\\\/1tool-lexicon\\\/\",\"name\":\"1Tool Lexicon - 1Tool\",\"isPartOf\":{\"@id\":\"https:\\\/\\\/www.1tool.com\\\/sl\\\/#website\"},\"datePublished\":\"2022-04-09T13:36:27+00:00\",\"dateModified\":\"2026-04-30T14:45:31+00:00\",\"breadcrumb\":{\"@id\":\"https:\\\/\\\/www.1tool.com\\\/sl\\\/1tool-lexicon\\\/#breadcrumb\"},\"inLanguage\":\"sl-SI\",\"potentialAction\":[{\"@type\":\"ReadAction\",\"target\":[\"https:\\\/\\\/www.1tool.com\\\/sl\\\/1tool-lexicon\\\/\"]}]},{\"@type\":\"BreadcrumbList\",\"@id\":\"https:\\\/\\\/www.1tool.com\\\/sl\\\/1tool-lexicon\\\/#breadcrumb\",\"itemListElement\":[{\"@type\":\"ListItem\",\"position\":1,\"name\":\"Home\",\"item\":\"https:\\\/\\\/www.1tool.com\\\/sl\\\/\"},{\"@type\":\"ListItem\",\"position\":2,\"name\":\"1Tool Lexicon\"}]},{\"@type\":\"WebSite\",\"@id\":\"https:\\\/\\\/www.1tool.com\\\/sl\\\/#website\",\"url\":\"https:\\\/\\\/www.1tool.com\\\/sl\\\/\",\"name\":\"1Tool\",\"description\":\"CRM\",\"publisher\":{\"@id\":\"https:\\\/\\\/www.1tool.com\\\/sl\\\/#organization\"},\"potentialAction\":[{\"@type\":\"SearchAction\",\"target\":{\"@type\":\"EntryPoint\",\"urlTemplate\":\"https:\\\/\\\/www.1tool.com\\\/sl\\\/?s={search_term_string}\"},\"query-input\":{\"@type\":\"PropertyValueSpecification\",\"valueRequired\":true,\"valueName\":\"search_term_string\"}}],\"inLanguage\":\"sl-SI\"},{\"@type\":\"Organization\",\"@id\":\"https:\\\/\\\/www.1tool.com\\\/sl\\\/#organization\",\"name\":\"1Tool\",\"url\":\"https:\\\/\\\/www.1tool.com\\\/sl\\\/\",\"logo\":{\"@type\":\"ImageObject\",\"inLanguage\":\"sl-SI\",\"@id\":\"https:\\\/\\\/www.1tool.com\\\/sl\\\/#\\\/schema\\\/logo\\\/image\\\/\",\"url\":\"https:\\\/\\\/www.1tool.com\\\/wp-content\\\/uploads\\\/2022\\\/04\\\/1tool-1.png\",\"contentUrl\":\"https:\\\/\\\/www.1tool.com\\\/wp-content\\\/uploads\\\/2022\\\/04\\\/1tool-1.png\",\"width\":400,\"height\":150,\"caption\":\"1Tool\"},\"image\":{\"@id\":\"https:\\\/\\\/www.1tool.com\\\/sl\\\/#\\\/schema\\\/logo\\\/image\\\/\"}}]}<\/script>\n<!-- \/ Yoast SEO plugin. -->","yoast_head_json":{"title":"1Tool Lexicon - 1Tool","robots":{"index":"index","follow":"follow","max-snippet":"max-snippet:-1","max-image-preview":"max-image-preview:large","max-video-preview":"max-video-preview:-1"},"canonical":"https:\/\/www.1tool.com\/sl\/1tool-lexicon\/","og_locale":"sl_SI","og_type":"article","og_title":"1Tool Lexicon - 1Tool","og_description":"1Tool Lexicon Tukaj lahko najdete na\u0161e \u010dlanke 1Tool Lexicon Adressdatenbank Adressmanager Adressverwaltung Agentur Software Anwendungen CRM-L\u00f6sung Analytisches CRM Operatives CRM Dokumenten Management E-Commerce ECM Intranet\/Extranet Aufgabenplaner Aufgabenverwaltung Beratung zur CRM Auswahl Bewerbermanagement Software BMD Business SMS CalDav Schnittstelle CRM Cloud CRM Einf\u00fchrung Checkliste CRM f\u00fcr Gesundheitswesen CRM mit E-Mail Ablage CRM mit RZL Schnittstelle\u200b CRM [&hellip;]","og_url":"https:\/\/www.1tool.com\/sl\/1tool-lexicon\/","og_site_name":"1Tool","article_modified_time":"2026-04-30T14:45:31+00:00","twitter_card":"summary_large_image","twitter_misc":{"Est. reading time":"1 minuta"},"schema":{"@context":"https:\/\/schema.org","@graph":[{"@type":"WebPage","@id":"https:\/\/www.1tool.com\/sl\/1tool-lexicon\/","url":"https:\/\/www.1tool.com\/sl\/1tool-lexicon\/","name":"1Tool Lexicon - 1Tool","isPartOf":{"@id":"https:\/\/www.1tool.com\/sl\/#website"},"datePublished":"2022-04-09T13:36:27+00:00","dateModified":"2026-04-30T14:45:31+00:00","breadcrumb":{"@id":"https:\/\/www.1tool.com\/sl\/1tool-lexicon\/#breadcrumb"},"inLanguage":"sl-SI","potentialAction":[{"@type":"ReadAction","target":["https:\/\/www.1tool.com\/sl\/1tool-lexicon\/"]}]},{"@type":"BreadcrumbList","@id":"https:\/\/www.1tool.com\/sl\/1tool-lexicon\/#breadcrumb","itemListElement":[{"@type":"ListItem","position":1,"name":"Home","item":"https:\/\/www.1tool.com\/sl\/"},{"@type":"ListItem","position":2,"name":"1Tool Lexicon"}]},{"@type":"WebSite","@id":"https:\/\/www.1tool.com\/sl\/#website","url":"https:\/\/www.1tool.com\/sl\/","name":"1Tool","description":"CRM","publisher":{"@id":"https:\/\/www.1tool.com\/sl\/#organization"},"potentialAction":[{"@type":"SearchAction","target":{"@type":"EntryPoint","urlTemplate":"https:\/\/www.1tool.com\/sl\/?s={search_term_string}"},"query-input":{"@type":"PropertyValueSpecification","valueRequired":true,"valueName":"search_term_string"}}],"inLanguage":"sl-SI"},{"@type":"Organization","@id":"https:\/\/www.1tool.com\/sl\/#organization","name":"1Tool","url":"https:\/\/www.1tool.com\/sl\/","logo":{"@type":"ImageObject","inLanguage":"sl-SI","@id":"https:\/\/www.1tool.com\/sl\/#\/schema\/logo\/image\/","url":"https:\/\/www.1tool.com\/wp-content\/uploads\/2022\/04\/1tool-1.png","contentUrl":"https:\/\/www.1tool.com\/wp-content\/uploads\/2022\/04\/1tool-1.png","width":400,"height":150,"caption":"1Tool"},"image":{"@id":"https:\/\/www.1tool.com\/sl\/#\/schema\/logo\/image\/"}}]}},"_links":{"self":[{"href":"https:\/\/www.1tool.com\/sl\/wp-json\/wp\/v2\/pages\/73574","targetHints":{"allow":["GET"]}}],"collection":[{"href":"https:\/\/www.1tool.com\/sl\/wp-json\/wp\/v2\/pages"}],"about":[{"href":"https:\/\/www.1tool.com\/sl\/wp-json\/wp\/v2\/types\/page"}],"author":[{"embeddable":true,"href":"https:\/\/www.1tool.com\/sl\/wp-json\/wp\/v2\/users\/1"}],"replies":[{"embeddable":true,"href":"https:\/\/www.1tool.com\/sl\/wp-json\/wp\/v2\/comments?post=73574"}],"version-history":[{"count":2,"href":"https:\/\/www.1tool.com\/sl\/wp-json\/wp\/v2\/pages\/73574\/revisions"}],"predecessor-version":[{"id":73629,"href":"https:\/\/www.1tool.com\/sl\/wp-json\/wp\/v2\/pages\/73574\/revisions\/73629"}],"wp:attachment":[{"href":"https:\/\/www.1tool.com\/sl\/wp-json\/wp\/v2\/media?parent=73574"}],"curies":[{"name":"wp","href":"https:\/\/api.w.org\/{rel}","templated":true}]}}